{"id":21539,"date":"2023-12-27T17:20:40","date_gmt":"2023-12-27T15:20:40","guid":{"rendered":"https:\/\/quecartucho.es\/blog\/?page_id=21539"},"modified":"2023-12-27T17:20:40","modified_gmt":"2023-12-27T15:20:40","slug":"como-resetear-una-impresora-brother","status":"publish","type":"page","link":"https:\/\/quecartucho.es\/blog\/impresora-necesita-reset\/como-resetear-una-impresora-brother\/","title":{"rendered":"C\u00f3mo resetear una impresora Brother"},"content":{"rendered":"\n<p>Una impresora Brother o de cualquier otra marca podr\u00eda dar algunos problemas que requieran de un reinicio. Este problema podr\u00eda estar referido a una configuraci\u00f3n incorrecta, o bien deberse a alguno referido a los <strong><a href=\"https:\/\/quecartucho.es\/\">cartuchos<\/a><\/strong>.<\/p>\n\n\n\n<p>A lo largo de este art\u00edculo vamos a estudiar las causas m\u00e1s probables que pueden necesitar un <strong><a href=\"https:\/\/quecartucho.es\/blog\/impresora-necesita-reset\/\">reseteo de la impresora<\/a><\/strong> del fabricante Brother, as\u00ed como las posibles soluciones:<\/p>\n\n\n\n<h2 class=\"wp-block-heading\"><strong>\u00bfCu\u00e1ndo se necesita resetear una impresora Brother?<\/strong><\/h2>\n\n\n\n<div class=\"wp-block-columns is-layout-flex wp-container-core-columns-is-layout-9d6595d7 wp-block-columns-is-layout-flex\">\n<div class=\"wp-block-column is-vertically-aligned-center is-layout-flow wp-block-column-is-layout-flow\">\n<ul class=\"wp-block-list\">\n<li> Cuando\u00a0se haya producido una <strong>mala configuraci\u00f3n<\/strong> de la impresora y la \u00fanica soluci\u00f3n sea reiniciarla.<\/li>\n\n\n\n<li> Cuando los cartuchos no funcionen (puede aparecer o no una notificaci\u00f3n que nos alerte de ello). Incluso aunque los acabemos de cambiar y est\u00e9n en buen estado, podr\u00eda darse el caso de que sea necesario hacer el <strong>reseteo de cartuchos<\/strong>.<\/li>\n\n\n\n<li> Tu impresora te informa de que es el momento de sustituir los consumibles, pero estos est\u00e1n llenos y correctamente colocados. Tambi\u00e9n podr\u00eda indicarte que los niveles de tinta son bajos (no sincroniza bien la informaci\u00f3n).<\/li>\n<\/ul>\n\n\n\n<p><\/p>\n\n\n\n<p>Sin m\u00e1s dilaci\u00f3n, vamos a profundizar en las principales soluciones a este problema:<\/p>\n<\/div>\n\n\n\n<div class=\"wp-block-column is-layout-flow wp-block-column-is-layout-flow\">\n<figure class=\"wp-block-image size-full\"><img loading=\"lazy\" decoding=\"async\" width=\"960\" height=\"960\" src=\"https:\/\/quecartucho.es\/blog\/wp-content\/uploads\/2023\/12\/Como-resetear-una-impresora-Brother.webp\" alt=\"C\u00f3mo resetear una impresora Brother\" class=\"wp-image-21543\" title=\"\" srcset=\"https:\/\/quecartucho.es\/blog\/wp-content\/uploads\/2023\/12\/Como-resetear-una-impresora-Brother.webp 960w, https:\/\/quecartucho.es\/blog\/wp-content\/uploads\/2023\/12\/Como-resetear-una-impresora-Brother-300x300.webp 300w, https:\/\/quecartucho.es\/blog\/wp-content\/uploads\/2023\/12\/Como-resetear-una-impresora-Brother-150x150.webp 150w, https:\/\/quecartucho.es\/blog\/wp-content\/uploads\/2023\/12\/Como-resetear-una-impresora-Brother-768x768.webp 768w, https:\/\/quecartucho.es\/blog\/wp-content\/uploads\/2023\/12\/Como-resetear-una-impresora-Brother-120x120.webp 120w\" sizes=\"auto, (max-width: 960px) 100vw, 960px\" \/><\/figure>\n<\/div>\n<\/div>\n\n\n\n<h2 class=\"wp-block-heading\"><strong>\u00bfC\u00f3mo reiniciar los niveles de tinta Brother?<\/strong><\/h2>\n\n\n\n<p>En primer lugar, nos vamos a centrar en el <strong>reseteo de los cartuchos de impresi\u00f3n<\/strong>. El proceso puede variar bastante, dependiendo del modelo que tengamos, as\u00ed que estas son las configuraciones m\u00e1s comunes.<\/p>\n\n\n\n<p>Lo primero que debes hacer es comprobar que los niveles de tinta son adecuados y que los consumibles no tienen ning\u00fan precinto o elemento extra\u00f1o que est\u00e9 impidiendo que funcione correctamente.&nbsp; Comprueba tambi\u00e9n que est\u00e9n bien colocados.<\/p>\n\n\n\n<p>Cuando lo hayas hecho, busca la referencia de tu impresora y aseg\u00farate de seguir el apartado correcto:<\/p>\n\n\n\n<h3 class=\"wp-block-heading\"><strong>Impresoras serie MFC o DC<\/strong><\/h3>\n\n\n\n<div class=\"wp-block-columns are-vertically-aligned-center is-layout-flex wp-container-core-columns-is-layout-9d6595d7 wp-block-columns-is-layout-flex\">\n<div class=\"wp-block-column is-vertically-aligned-center is-layout-flow wp-block-column-is-layout-flow\">\n<p>Estas impresoras suelen tener una pantalla, por lo que haremos toda la configuraci\u00f3n directamente desde el equipo y no har\u00e1 falta recurrir al software del equipo.<\/p>\n\n\n\n<p>1) &nbsp; &nbsp; Pulsa en el bot\u00f3n de <strong>Men\u00fa<\/strong> y ve desplaz\u00e1ndote usando las fechas para pulsar en <strong>Configuraci\u00f3n General o en Par\u00e1metros Generales<\/strong>. Una vez hayas encontrado esta opci\u00f3n, pulsa en <strong>OK<\/strong> para confirmar la elecci\u00f3n.<\/p>\n\n\n\n<p>2) &nbsp; &nbsp; Ahora tendr\u00e1s que bajar hasta la opci\u00f3n de <strong>Sustituir T\u00f3ner<\/strong> (tambi\u00e9n podr\u00eda aparecer como <strong>Reemplazar T\u00f3ner<\/strong>). Pulsa de nuevo en aceptar.<\/p>\n\n\n\n<p>3) &nbsp; &nbsp; Ser\u00e1 entonces cuando empezar\u00e1 a ejecutarse el proceso. Una vez haya terminado, ser\u00e1 cuesti\u00f3n de pulsar en <strong>STOP<\/strong> o en <strong>Exit<\/strong> para salir de la configuraci\u00f3n.<\/p>\n<\/div>\n\n\n\n<div class=\"wp-block-column is-vertically-aligned-center is-layout-flow wp-block-column-is-layout-flow\">\n<figure class=\"wp-block-image size-full\"><img loading=\"lazy\" decoding=\"async\" width=\"600\" height=\"572\" src=\"https:\/\/quecartucho.es\/blog\/wp-content\/uploads\/2023\/12\/niveles-tinta-brother.webp\" alt=\"\" class=\"wp-image-21544\" title=\"\" srcset=\"https:\/\/quecartucho.es\/blog\/wp-content\/uploads\/2023\/12\/niveles-tinta-brother.webp 600w, https:\/\/quecartucho.es\/blog\/wp-content\/uploads\/2023\/12\/niveles-tinta-brother-300x286.webp 300w\" sizes=\"auto, (max-width: 600px) 100vw, 600px\" \/><\/figure>\n<\/div>\n<\/div>\n\n\n\n<h3 class=\"wp-block-heading\"><strong>Impresoras serie HL<\/strong><\/h3>\n\n\n\n<p>El gran problema de las impresoras Brother de esta serie es que no disponen de una pantalla, as\u00ed que tendremos que hacer el proceso de forma manual. No es que sea mucho m\u00e1s dif\u00edcil, pero es importante seguir los pasos con detalle:<\/p>\n\n\n\n<p>1) &nbsp; &nbsp; Abre la tapa de la impresora y se ejecutar\u00e1 un proceso autom\u00e1tico para que puedas tener acceso a los cartuchos. Ser\u00e1 en ese momento cuando debes pulsar la tecla de <strong>apagado\/encendido<\/strong> para que el perif\u00e9rico se apague.<\/p>\n\n\n\n<p>2) &nbsp; &nbsp; A continuaci\u00f3n, <strong>pulsa al mismo tiempo el bot\u00f3n de encendido\/apagado con el de GO<\/strong> y espera varios segundos para que se active la opci\u00f3n correspondiente.<\/p>\n\n\n\n<p>3) &nbsp; &nbsp; Despu\u00e9s <strong>deja pulsado el bot\u00f3n GO durante 3 segundos<\/strong>. Sabr\u00e1s que ha pasado el tiempo estipulado en el momento en el que las luces de la impresora se apaguen. Despu\u00e9s pulsa el <strong>bot\u00f3n GO 10 veces seguidas<\/strong> y las luces volver\u00e1n a encenderse.<\/p>\n\n\n\n<p>4) &nbsp; &nbsp; Terminaremos el proceso de reseteo de la impresora Brother <strong>pulsando el bot\u00f3n GO 5 veces<\/strong>.<\/p>\n\n\n\n<p><strong>Importante: <\/strong>conviene revisar el manual de instrucciones de tu impresora, ya que el n\u00famero de veces que hay que pulsar el bot\u00f3n de GO puede ser muy variable.<\/p>\n\n\n<div class=\"wp-block-image\">\n<figure class=\"aligncenter size-full\"><img loading=\"lazy\" decoding=\"async\" width=\"960\" height=\"960\" src=\"https:\/\/quecartucho.es\/blog\/wp-content\/uploads\/2023\/12\/como-se-hace-el-reset-a-una-impresora-brothe.webp\" alt=\"como se hace el reset a una impresora Brothe HL\" class=\"wp-image-21545\" title=\"\" srcset=\"https:\/\/quecartucho.es\/blog\/wp-content\/uploads\/2023\/12\/como-se-hace-el-reset-a-una-impresora-brothe.webp 960w, https:\/\/quecartucho.es\/blog\/wp-content\/uploads\/2023\/12\/como-se-hace-el-reset-a-una-impresora-brothe-300x300.webp 300w, https:\/\/quecartucho.es\/blog\/wp-content\/uploads\/2023\/12\/como-se-hace-el-reset-a-una-impresora-brothe-150x150.webp 150w, https:\/\/quecartucho.es\/blog\/wp-content\/uploads\/2023\/12\/como-se-hace-el-reset-a-una-impresora-brothe-768x768.webp 768w, https:\/\/quecartucho.es\/blog\/wp-content\/uploads\/2023\/12\/como-se-hace-el-reset-a-una-impresora-brothe-120x120.webp 120w\" sizes=\"auto, (max-width: 960px) 100vw, 960px\" \/><\/figure>\n<\/div>\n\n\n<h2 class=\"wp-block-heading\"><strong>Gu\u00eda para resetear una impresora Brother paso a paso<\/strong><\/h2>\n\n\n\n<p>Si el error se refiere a una mala configuraci\u00f3n, este problema podr\u00eda haberse producido por una incorrecta manipulaci\u00f3n por parte del usuario, por un proceso inacabado del sistema operativo o por causa de la propia impresora. En cualquier caso, es muy posible que el reinicio sea la soluci\u00f3n.<\/p>\n\n\n\n<p>En este sentido, tenemos dos tipos de reinicio: <strong>reinicio est\u00e1ndar y de f\u00e1brica<\/strong>.<\/p>\n\n\n\n<h3 class=\"wp-block-heading\"><strong>Reinicio convencional<\/strong><\/h3>\n\n\n\n<p>Es el m\u00e1s f\u00e1cil de hacer y el que estamos acostumbrados a llevar a cabo cuando un dispositivo empieza a ir lento y a presentar problemas inesperados (por ejemplo, con nuestro tel\u00e9fono m\u00f3vil).<\/p>\n\n\n\n<p>Lo \u00fanico que tendr\u00e1s que hacer es <strong>pulsar el bot\u00f3n de apagado, esperar unos segundos y volver a encender<\/strong>. Tambi\u00e9n se recomienda hacer lo mismo con el sistema inform\u00e1tico por si alguna configuraci\u00f3n impidiese imprimir con normalidad.<\/p>\n\n\n\n<p><strong>*Importante: <\/strong>no siempre basta con un simple reinicio, ya que la mala configuraci\u00f3n podr\u00eda resistir hasta que la impresora vuelva a estar disponible. Un truco que puede servirnos y evitar que nos tengamos que complicar m\u00e1s es apagar la impresora y desconectarla de la corriente durante algunos minutos. Con esto evitamos que quede cualquier rastro del error en la memoria.<\/p>\n\n\n\n<p>Si esto falla, tocar\u00e1 hacer un <strong>reinicio de f\u00e1brica<\/strong>.<\/p>\n\n\n\n<h3 class=\"wp-block-heading\"><strong>Reinicio de f\u00e1brica<\/strong><\/h3>\n\n\n\n<p><\/p>\n\n\n\n<p>Ten en cuenta que el <strong>reinicio de f\u00e1brica<\/strong> <strong>debe ser siempre el \u00faltimo recurso por las siguientes razones:<\/strong><\/p>\n\n\n\n<ul class=\"wp-block-list\">\n<li>&nbsp; &nbsp; &nbsp; <strong>P\u00e9rdida de configuraci\u00f3n personalizada: <\/strong>Al restaurar a la configuraci\u00f3n de f\u00e1brica, se borran ajustes personalizados, como configuraciones de red, preferencias de impresi\u00f3n y otros par\u00e1metros adaptados a las necesidades de cada usuario.<\/li>\n\n\n\n<li>&nbsp; &nbsp; &nbsp; <strong>Riesgo de p\u00e9rdida de datos:<\/strong> Tambi\u00e9n es posible que se pierdan datos almacenados en la memoria de la impresora, como registros de impresiones anteriores o trabajos en cola.<\/li>\n\n\n\n<li>&nbsp; &nbsp; &nbsp; <strong>Requiere de tiempo adicional de configuraci\u00f3n<\/strong>: volver a configurar la impresora puede ser un proceso que consume tiempo, especialmente si se necesitan de ajustes complejos o si hay muchos dispositivos dentro de la propia red.<\/li>\n\n\n\n<li>&nbsp; &nbsp; &nbsp; <strong>Posible eliminaci\u00f3n de las actualizaciones (poco habitual<\/strong>): las actualizaciones de firmware o software que se hayan aplicado a lo largo del tiempo pueden perderse, lo que podr\u00eda afectar el rendimiento, la seguridad o la compatibilidad con dispositivos.<\/li>\n\n\n\n<li>&nbsp; &nbsp; &nbsp; <strong>No siempre resuelve el problema: A<\/strong> veces, el reinicio de f\u00e1brica no soluciona el problema subyacente. Si hay un problema de hardware o de software m\u00e1s grave, simplemente restablecer la impresora tan solo te har\u00e1 perder el tiempo.<\/li>\n<\/ul>\n\n\n\n<p>Pero si ya lo tienes claro y piensas que el reseteo de f\u00e1brica es la \u00fanica soluci\u00f3n, tan solo sigue estos pasos.<\/p>\n\n\n\n<h4 class=\"wp-block-heading\"><strong>1.<\/strong>&nbsp; &nbsp; &nbsp; <strong>Apaga la impresora<\/strong><\/h4>\n\n\n\n<p>El primer paso es apagar la impresora. Nosotros te recomendamos quitar el cable USB o de red, pero no hagas lo mismo con el de la electricidad porque necesitamos que el perif\u00e9rico tenga corriente.<\/p>\n\n\n\n<h4 class=\"wp-block-heading\"><strong>2.<\/strong>&nbsp; &nbsp; &nbsp; <strong>Combinaci\u00f3n de botones<\/strong><\/h4>\n\n\n\n<p>Deja pulsado el bot\u00f3n GO (debe estar presente en el frontal de la impresora o, por lo menos, lo estar\u00e1 su equivalente).<\/p>\n\n\n\n<p>Despu\u00e9s vuelve a encender la impresora, sin dejar de pulsar el bot\u00f3n GO. Sigue pulsando hasta que se encienda la luz LED de t\u00f3ner.<\/p>\n\n\n\n<p>Vuelve a pulsar el bot\u00f3n GO y mantenlo hasta que la luz LED de \u201cPaper\u201d se encienda.<\/p>\n\n\n\n<h4 class=\"wp-block-heading\"><strong>3.<\/strong>&nbsp; &nbsp; &nbsp; <strong>Proceso completado<\/strong><\/h4>\n\n\n\n<p>Llegados a este punto ya deber\u00edamos haber hecho un <strong>reinicio de f\u00e1brica<\/strong><em>, <\/em>pero el tiempo de procesamiento final var\u00eda mucho entre cada tipo de impresora Brother.<\/p>\n\n\n\n<p>Si tienes una impresora, es muy importante conocer los procesos para reiniciar el equipo o los cartuchos, ya que te puede ahorrar mucho dinero y tiempo al no necesitar tener que llamar al t\u00e9cnico cada vez que algo salga mal. Sigue nuestros tutoriales, echa un vistazo al manual de instrucciones y ver\u00e1s como no tardas en lograrlo.<\/p>\n\n\n\n<p><a href=\"https:\/\/quecartucho.es\/blog\/la-impresora-brother-no-imprime-como-solucionarlo\/\">\u00bfTu impresora Brother no imprime? Aqu\u00ed tienes algunas posibles soluciones.<\/a><\/p>\n","protected":false},"excerpt":{"rendered":"<p>Una impresora Brother o de cualquier otra marca podr\u00eda dar algunos problemas que requieran de un reinicio. Este problema podr\u00eda estar referido a una configuraci\u00f3n incorrecta, o bien deberse a alguno referido a los cartuchos. A lo largo de este art\u00edculo vamos a estudiar las causas m\u00e1s probables que pueden necesitar un reseteo de la&hellip;&nbsp;<a href=\"https:\/\/quecartucho.es\/blog\/impresora-necesita-reset\/como-resetear-una-impresora-brother\/\" rel=\"bookmark\">Leer m\u00e1s &raquo;<span class=\"screen-reader-text\">C\u00f3mo resetear una impresora Brother<\/span><\/a><\/p>\n","protected":false},"author":1,"featured_media":21542,"parent":1689,"menu_order":0,"comment_status":"open","ping_status":"closed","template":"","meta":{"neve_meta_sidebar":"","neve_meta_container":"","neve_meta_enable_content_width":"","neve_meta_content_width":0,"neve_meta_title_alignment":"","neve_meta_author_avatar":"","neve_post_elements_order":"","neve_meta_disable_header":"","neve_meta_disable_footer":"","neve_meta_disable_title":"","episode_type":"","audio_file":"","podmotor_file_id":"","podmotor_episode_id":"","cover_image":"","cover_image_id":"","duration":"","filesize":"","filesize_raw":"","date_recorded":"","explicit":"","block":"","footnotes":""},"class_list":["post-21539","page","type-page","status-publish","has-post-thumbnail","hentry"],"_links":{"self":[{"href":"https:\/\/quecartucho.es\/blog\/wp-json\/wp\/v2\/pages\/21539","targetHints":{"allow":["GET"]}}],"collection":[{"href":"https:\/\/quecartucho.es\/blog\/wp-json\/wp\/v2\/pages"}],"about":[{"href":"https:\/\/quecartucho.es\/blog\/wp-json\/wp\/v2\/types\/page"}],"author":[{"embeddable":true,"href":"https:\/\/quecartucho.es\/blog\/wp-json\/wp\/v2\/users\/1"}],"replies":[{"embeddable":true,"href":"https:\/\/quecartucho.es\/blog\/wp-json\/wp\/v2\/comments?post=21539"}],"version-history":[{"count":3,"href":"https:\/\/quecartucho.es\/blog\/wp-json\/wp\/v2\/pages\/21539\/revisions"}],"predecessor-version":[{"id":21546,"href":"https:\/\/quecartucho.es\/blog\/wp-json\/wp\/v2\/pages\/21539\/revisions\/21546"}],"up":[{"embeddable":true,"href":"https:\/\/quecartucho.es\/blog\/wp-json\/wp\/v2\/pages\/1689"}],"wp:featuredmedia":[{"embeddable":true,"href":"https:\/\/quecartucho.es\/blog\/wp-json\/wp\/v2\/media\/21542"}],"wp:attachment":[{"href":"https:\/\/quecartucho.es\/blog\/wp-json\/wp\/v2\/media?parent=21539"}],"curies":[{"name":"wp","href":"https:\/\/api.w.org\/{rel}","templated":true}]}}