{"id":21562,"date":"2024-01-03T11:37:56","date_gmt":"2024-01-03T09:37:56","guid":{"rendered":"https:\/\/quecartucho.es\/blog\/?page_id=21562"},"modified":"2024-01-03T11:39:23","modified_gmt":"2024-01-03T09:39:23","slug":"si-quieres-limones-dulces-%f0%9f%8d%8b-planta-una-higuera-no-no-vamos-a-abrir-un-centro-de-jardineria","status":"publish","type":"page","link":"https:\/\/quecartucho.es\/blog\/quehistoria\/si-quieres-limones-dulces-%f0%9f%8d%8b-planta-una-higuera-no-no-vamos-a-abrir-un-centro-de-jardineria\/","title":{"rendered":"Si quieres limones dulces \ud83c\udf4b, planta una higuera. No, no vamos a abrir un centro de jardiner\u00eda"},"content":{"rendered":"\n<p>\u00a1Ya eso nos faltaba! Abrir un <em>garden center<\/em>, como si con el mundo cartuchil no tuvi\u00e9ramos bastante.<\/p>\n\n\n\n<p>No\u2026 Hoy te hablamos de limones e higueras porque queremos contarte una historia. La historia de Juanito \ud83d\udc68\ud83c\udffb y Miguelito \ud83d\udc71\ud83c\udffd<\/p>\n\n\n\n<p>\ud83d\udc68\ud83c\udffb Juanito ten\u00eda plantada una higuera \ud83c\udf33 en su jard\u00edn que era\u2026 \u00a1vamos, la repanocha de las higueras! Daba unos higos m\u00e1s dulces y m\u00e1s sabrosotes que la misma miel <strong>\ud83c\udf6f<\/strong><\/p>\n\n\n\n<p>\ud83d\udc71\ud83c\udffd Miguelito, su vecino, ten\u00eda un limonero. Y los limones \ud83c\udf4b que daba eran amargos y m\u00e1s secos que la mojama. No val\u00edan ni para echar unas gotitas en la paella.<\/p>\n\n\n\n<p>\ud83d\udc71\ud83c\udffd Miguelito siempre le com\u00eda la cabeza a Juanito \ud83d\udc68\ud83c\udffb:<\/p>\n\n\n\n<div class=\"wp-block-columns is-layout-flex wp-container-core-columns-is-layout-9d6595d7 wp-block-columns-is-layout-flex\">\n<div class=\"wp-block-column is-layout-flow wp-block-column-is-layout-flow\">\n<p><\/p>\n\n\n\n<ul class=\"wp-block-list\">\n<li>\u00a1Ay, Juanito! Si mis limones fueran dulces como tus higos\u2026<\/li>\n<\/ul>\n\n\n\n<p>\ud83d\ude11 Y todos los d\u00edas la misma murga con los limones. Hasta que un d\u00eda a Juanito \ud83d\udc68\ud83c\udffb se le hincharon los\u2026 ejem\u2026 higos. Y le dijo a Miguelito \ud83d\udc71\ud83c\udffd:<\/p>\n\n\n\n<ul class=\"wp-block-list\">\n<li>A ver, campe\u00f3n, si esperas que un d\u00eda tus limones se vuelvan dulces, mejor espera sentado, porque lament\u00e1ndote no vas a llegar a ninguna parte. \u00bfQu\u00e9 tal si pruebas a arrancar el limonero y plantar una higuera?<\/li>\n<\/ul>\n\n\n\n<p>\ud83d\ude44 \u201cJolines\u2026 qu\u00e9 historia m\u00e1s tonta\u201d, estar\u00e1s pensando.<\/p>\n\n\n\n<p>Pues mira, nosotros sacamos una moraleja importante:<\/p>\n\n\n\n<p>Si quieres cambios en tu vida, como por ejemplo ahorrar m\u00e1s, no vale de nada que est\u00e9s todo el d\u00eda quej\u00e1ndote de lo caro que est\u00e1 todo, y diciendo que no sabes c\u00f3mo hace Fulanito para poder irse de vacaciones, y tal y tal y tal.<\/p>\n\n\n\n<p>\u270a \u00a1Toma acci\u00f3n! Un primer pasito puede ser ahorrarte un dinerillo en tus suministros para la impresora. Dinerillo\u2026 o dinerazo, depende de qu\u00e9 cartuchos y qu\u00e9 cantidad gastes.<\/p>\n<\/div>\n\n\n\n<div class=\"wp-block-column is-layout-flow wp-block-column-is-layout-flow\">\n<figure class=\"wp-block-image size-full\"><img loading=\"lazy\" decoding=\"async\" width=\"1024\" height=\"1024\" src=\"https:\/\/quecartucho.es\/blog\/wp-content\/uploads\/2024\/01\/cbe675c4-b075-4640-aa32-2bf14aab87da.jpg\" alt=\"\" class=\"wp-image-21563\" title=\"\" srcset=\"https:\/\/quecartucho.es\/blog\/wp-content\/uploads\/2024\/01\/cbe675c4-b075-4640-aa32-2bf14aab87da.jpg 1024w, https:\/\/quecartucho.es\/blog\/wp-content\/uploads\/2024\/01\/cbe675c4-b075-4640-aa32-2bf14aab87da-300x300.jpg 300w, https:\/\/quecartucho.es\/blog\/wp-content\/uploads\/2024\/01\/cbe675c4-b075-4640-aa32-2bf14aab87da-150x150.jpg 150w, https:\/\/quecartucho.es\/blog\/wp-content\/uploads\/2024\/01\/cbe675c4-b075-4640-aa32-2bf14aab87da-768x768.jpg 768w, https:\/\/quecartucho.es\/blog\/wp-content\/uploads\/2024\/01\/cbe675c4-b075-4640-aa32-2bf14aab87da-120x120.jpg 120w\" sizes=\"auto, (max-width: 1024px) 100vw, 1024px\" \/><\/figure>\n<\/div>\n<\/div>\n\n\n\n<p>Y por la calidad no te preocupes, que nuestros <strong><a href=\"https:\/\/quecartucho.es\/\">cartuchos<\/a><\/strong> son como los higos de Juanito \ud83d\udc68\ud83c\udffb: buenos y hermosos (si son dulces no lo sabemos, porque no somos muy de comer tinta).<\/p>\n\n\n\n<p>S\u00famate a la comunidad de gente que imprime bien, ahorra pasta y se facilita la vida.<\/p>\n\n\n\n<p>Ya sabes\u2026 La felicidad se imprime con <strong><a href=\"https:\/\/quecartucho.es\/\">Quecartucho<\/a><\/strong>.<\/p>\n","protected":false},"excerpt":{"rendered":"<p>\u00a1Ya eso nos faltaba! Abrir un garden center, como si con el mundo cartuchil no tuvi\u00e9ramos bastante. No\u2026 Hoy te hablamos de limones e higueras porque queremos contarte una historia. La historia de Juanito \ud83d\udc68\ud83c\udffb y Miguelito \ud83d\udc71\ud83c\udffd \ud83d\udc68\ud83c\udffb Juanito ten\u00eda plantada una higuera \ud83c\udf33 en su jard\u00edn que era\u2026 \u00a1vamos, la repanocha de las&hellip;&nbsp;<a href=\"https:\/\/quecartucho.es\/blog\/quehistoria\/si-quieres-limones-dulces-%f0%9f%8d%8b-planta-una-higuera-no-no-vamos-a-abrir-un-centro-de-jardineria\/\" rel=\"bookmark\">Leer m\u00e1s &raquo;<span class=\"screen-reader-text\">Si quieres limones dulces \ud83c\udf4b, planta una higuera. No, no vamos a abrir un centro de jardiner\u00eda<\/span><\/a><\/p>\n","protected":false},"author":1,"featured_media":21564,"parent":13922,"menu_order":0,"comment_status":"open","ping_status":"closed","template":"","meta":{"neve_meta_sidebar":"","neve_meta_container":"","neve_meta_enable_content_width":"","neve_meta_content_width":0,"neve_meta_title_alignment":"","neve_meta_author_avatar":"","neve_post_elements_order":"","neve_meta_disable_header":"","neve_meta_disable_footer":"","neve_meta_disable_title":"","episode_type":"","audio_file":"","podmotor_file_id":"","podmotor_episode_id":"","cover_image":"","cover_image_id":"","duration":"","filesize":"","filesize_raw":"","date_recorded":"","explicit":"","block":"","footnotes":""},"class_list":["post-21562","page","type-page","status-publish","has-post-thumbnail","hentry"],"_links":{"self":[{"href":"https:\/\/quecartucho.es\/blog\/wp-json\/wp\/v2\/pages\/21562","targetHints":{"allow":["GET"]}}],"collection":[{"href":"https:\/\/quecartucho.es\/blog\/wp-json\/wp\/v2\/pages"}],"about":[{"href":"https:\/\/quecartucho.es\/blog\/wp-json\/wp\/v2\/types\/page"}],"author":[{"embeddable":true,"href":"https:\/\/quecartucho.es\/blog\/wp-json\/wp\/v2\/users\/1"}],"replies":[{"embeddable":true,"href":"https:\/\/quecartucho.es\/blog\/wp-json\/wp\/v2\/comments?post=21562"}],"version-history":[{"count":2,"href":"https:\/\/quecartucho.es\/blog\/wp-json\/wp\/v2\/pages\/21562\/revisions"}],"predecessor-version":[{"id":21566,"href":"https:\/\/quecartucho.es\/blog\/wp-json\/wp\/v2\/pages\/21562\/revisions\/21566"}],"up":[{"embeddable":true,"href":"https:\/\/quecartucho.es\/blog\/wp-json\/wp\/v2\/pages\/13922"}],"wp:featuredmedia":[{"embeddable":true,"href":"https:\/\/quecartucho.es\/blog\/wp-json\/wp\/v2\/media\/21564"}],"wp:attachment":[{"href":"https:\/\/quecartucho.es\/blog\/wp-json\/wp\/v2\/media?parent=21562"}],"curies":[{"name":"wp","href":"https:\/\/api.w.org\/{rel}","templated":true}]}}