{"id":21567,"date":"2024-01-15T05:46:00","date_gmt":"2024-01-15T03:46:00","guid":{"rendered":"https:\/\/quecartucho.es\/blog\/?page_id=21567"},"modified":"2024-03-14T17:54:31","modified_gmt":"2024-03-14T15:54:31","slug":"blue-monday-oferta-en-cartuchos-cian-%f0%9f%92%99-azul-que-te-quiero-azul-%f0%9f%92%99","status":"publish","type":"page","link":"https:\/\/quecartucho.es\/blog\/ofertas\/blue-monday-oferta-en-cartuchos-cian-%f0%9f%92%99-azul-que-te-quiero-azul-%f0%9f%92%99\/","title":{"rendered":"Blue Monday, 50% oferta en cartuchos cian \ud83d\udc99 Azul que te quiero azul \ud83d\udc99"},"content":{"rendered":"\n<p>\u00a1Te alegramos el Blue Monday!<\/p>\n\n\n\n<p>Hoy es el <em>Blue Monday<\/em>, y lo llaman as\u00ed porque dicen que es el d\u00eda m\u00e1s triste del a\u00f1o\u2026 \ud83d\ude14<\/p>\n\n\n\n<p>Por aquello de que estar <em>blue<\/em>, en<em> inglis pitinglis<\/em> significa estar triste \ud83d\ude15<\/p>\n\n\n\n<p>\u00a1Anda ya! \u00bfTristuras en Quecartucho?<em> \u00a1Par favarrrrr!<\/em> \ud83d\ude04<\/p>\n\n\n\n<p>\ud83d\udc99 Aqu\u00ed nos encanta el azul: los Pitufos, el mar \ud83c\udf0a, los ar\u00e1ndanos \ud83e\uded0, las plumas de los pavos reales \ud83e\udd9a, Stitch\u2026<\/p>\n\n\n\n<div class=\"wp-block-columns is-layout-flex wp-container-core-columns-is-layout-9d6595d7 wp-block-columns-is-layout-flex\">\n<div class=\"wp-block-column is-layout-flow wp-block-column-is-layout-flow\">\n<figure class=\"wp-block-image size-full\"><img loading=\"lazy\" decoding=\"async\" width=\"1024\" height=\"1024\" src=\"https:\/\/quecartucho.es\/blog\/wp-content\/uploads\/2024\/01\/OIG.Dxak2bGUwo.jpg\" alt=\"Tintas cian baratas en Blue Monday\" class=\"wp-image-21570\" title=\"\" srcset=\"https:\/\/quecartucho.es\/blog\/wp-content\/uploads\/2024\/01\/OIG.Dxak2bGUwo.jpg 1024w, https:\/\/quecartucho.es\/blog\/wp-content\/uploads\/2024\/01\/OIG.Dxak2bGUwo-300x300.jpg 300w, https:\/\/quecartucho.es\/blog\/wp-content\/uploads\/2024\/01\/OIG.Dxak2bGUwo-150x150.jpg 150w, https:\/\/quecartucho.es\/blog\/wp-content\/uploads\/2024\/01\/OIG.Dxak2bGUwo-768x768.jpg 768w, https:\/\/quecartucho.es\/blog\/wp-content\/uploads\/2024\/01\/OIG.Dxak2bGUwo-120x120.jpg 120w\" sizes=\"auto, (max-width: 1024px) 100vw, 1024px\" \/><\/figure>\n<\/div>\n<\/div>\n\n\n\n<p>Adem\u00e1s, con lo salaos que somos, con lo que hacemos re\u00edr, con la alegr\u00eda que derrochamos por todas partes, ni lunes triste, ni martes malhumorado, ni nada de nada \ud83d\ude01<\/p>\n\n\n\n<p>Pero mira, por si est\u00e1s en el <em>mood <\/em>de este d\u00eda (que esto de <em>mood <\/em>se lleva mucho ahora, est\u00e1 de <em>mooda <\/em>\u00a1juas! \ud83e\udd23), y te sientes tan depre que ni este email tan rebosante de humor te ha levantado el \u00e1nimo, tenemos algo que seguro que te va a quitar todas las penas del alma en un plis:<\/p>\n\n\n\n<p>\ud83d\udc40 Un descuentazo del 50% en tooooodos nuestros <strong><a href=\"https:\/\/quecartucho.es\/\">cartuchos<\/a><\/strong> azules con el c\u00f3digo:<\/p>\n\n\n\n<p>PONUNPITUFOENTUVIDA50 \ud83d\udc99\ud83d\uded2 (mejor lo ponemos sin c\u00f3digos ni nada que estas cosas, luego siempre fallan t\u00fa a\u00f1ade a la cesta y el descuento ya sale directamente)<\/p>\n\n\n\n<p>\ud83d\udd35 En los azules y solo en los azules \u00bfeh? \ud83d\udd35<\/p>\n\n\n\n<p>Que vamos, como ya son bastante baratos, si encima les aplicas el 50% de descuento\u2026 En fin, somos los kamikazes de los precios, pero oye, qu\u00e9 le vamos a hacer, nos gusta hacerte feliz por encima de todo.<\/p>\n\n\n\n<p>\u00a1Venga! Sac\u00fadete la tristeza de encima, entra en nuestra tienda online y ponte azul de felicidad.<\/p>\n\n\n\n<p>El equipo de <strong><a href=\"https:\/\/quecartucho.es\/\">Quecartucho<\/a><\/strong>.<\/p>\n","protected":false},"excerpt":{"rendered":"<p>\u00a1Te alegramos el Blue Monday! Hoy es el Blue Monday, y lo llaman as\u00ed porque dicen que es el d\u00eda m\u00e1s triste del a\u00f1o\u2026 \ud83d\ude14 Por aquello de que estar blue, en inglis pitinglis significa estar triste \ud83d\ude15 \u00a1Anda ya! \u00bfTristuras en Quecartucho? \u00a1Par favarrrrr! \ud83d\ude04 \ud83d\udc99 Aqu\u00ed nos encanta el azul: los Pitufos, el&hellip;&nbsp;<a href=\"https:\/\/quecartucho.es\/blog\/ofertas\/blue-monday-oferta-en-cartuchos-cian-%f0%9f%92%99-azul-que-te-quiero-azul-%f0%9f%92%99\/\" rel=\"bookmark\">Leer m\u00e1s &raquo;<span class=\"screen-reader-text\">Blue Monday, 50% oferta en cartuchos cian \ud83d\udc99 Azul que te quiero azul \ud83d\udc99<\/span><\/a><\/p>\n","protected":false},"author":1,"featured_media":21569,"parent":2121,"menu_order":0,"comment_status":"open","ping_status":"closed","template":"","meta":{"neve_meta_sidebar":"","neve_meta_container":"","neve_meta_enable_content_width":"","neve_meta_content_width":0,"neve_meta_title_alignment":"","neve_meta_author_avatar":"","neve_post_elements_order":"","neve_meta_disable_header":"","neve_meta_disable_footer":"","neve_meta_disable_title":"","episode_type":"","audio_file":"","podmotor_file_id":"","podmotor_episode_id":"","cover_image":"","cover_image_id":"","duration":"","filesize":"","filesize_raw":"","date_recorded":"","explicit":"","block":"","footnotes":""},"class_list":["post-21567","page","type-page","status-publish","has-post-thumbnail","hentry"],"_links":{"self":[{"href":"https:\/\/quecartucho.es\/blog\/wp-json\/wp\/v2\/pages\/21567","targetHints":{"allow":["GET"]}}],"collection":[{"href":"https:\/\/quecartucho.es\/blog\/wp-json\/wp\/v2\/pages"}],"about":[{"href":"https:\/\/quecartucho.es\/blog\/wp-json\/wp\/v2\/types\/page"}],"author":[{"embeddable":true,"href":"https:\/\/quecartucho.es\/blog\/wp-json\/wp\/v2\/users\/1"}],"replies":[{"embeddable":true,"href":"https:\/\/quecartucho.es\/blog\/wp-json\/wp\/v2\/comments?post=21567"}],"version-history":[{"count":4,"href":"https:\/\/quecartucho.es\/blog\/wp-json\/wp\/v2\/pages\/21567\/revisions"}],"predecessor-version":[{"id":22120,"href":"https:\/\/quecartucho.es\/blog\/wp-json\/wp\/v2\/pages\/21567\/revisions\/22120"}],"up":[{"embeddable":true,"href":"https:\/\/quecartucho.es\/blog\/wp-json\/wp\/v2\/pages\/2121"}],"wp:featuredmedia":[{"embeddable":true,"href":"https:\/\/quecartucho.es\/blog\/wp-json\/wp\/v2\/media\/21569"}],"wp:attachment":[{"href":"https:\/\/quecartucho.es\/blog\/wp-json\/wp\/v2\/media?parent=21567"}],"curies":[{"name":"wp","href":"https:\/\/api.w.org\/{rel}","templated":true}]}}