{"id":21842,"date":"2024-02-07T19:30:03","date_gmt":"2024-02-07T17:30:03","guid":{"rendered":"https:\/\/quecartucho.es\/blog\/?page_id=21842"},"modified":"2024-02-07T19:37:57","modified_gmt":"2024-02-07T17:37:57","slug":"como-limpiar-los-cartuchos-de-tinta","status":"publish","type":"page","link":"https:\/\/quecartucho.es\/blog\/cartuchos\/como-limpiar-los-cartuchos-de-tinta\/","title":{"rendered":"\u00bfC\u00f3mo limpiar los cartuchos de tinta?"},"content":{"rendered":"\n<p>\u00bfTe aparecen los textos con l\u00edneas en blanco por la mitad, con las letras desdibujadas o manchas de tinta? Es posible que la situaci\u00f3n se resuelva con una <strong>limpieza de cartuchos de tinta<\/strong>.<\/p>\n\n\n\n<p>Es uno de los mantenimientos regulares que hay que darles a las impresoras para que tus impresiones sigan saliendo n\u00edtidas, con gran calidad y evites muchos otros problemas que podr\u00edan producirse (por ejemplo, que se embocen los cartuchos).<\/p>\n\n\n\n<p>A lo largo de este art\u00edculo te ense\u00f1amos c\u00f3mo hacerlo, as\u00ed como algunas de las cuestiones m\u00e1s frecuentes a plantearse:<\/p>\n\n\n\n<h2 class=\"wp-block-heading\">Limpiar los cartuchos de tinta paso a paso<\/h2>\n\n\n\n<p>La forma m\u00e1s f\u00e1cil de limpiar los cartuchos es utilizando la funci\u00f3n propia que tienen todos los fabricantes de impresora y modelos. Se suele llamar <strong><a href=\"https:\/\/quecartucho.es\/blog\/que-es-un-cabezal-de-impresion\/como-limpiar-un-cabezal-de-impresion\/\">limpieza de inyecci\u00f3n de cabezales<\/a><\/strong> se activa siguiendo estos pasos:<\/p>\n\n\n\n<h3 class=\"wp-block-heading\">Desde el software de la impresora<\/h3>\n\n\n\n<ul class=\"wp-block-list\">\n<li>Enciende tu ordenador y ejecuta el software de la impresora (dependiendo de lo moderna que sea, tambi\u00e9n podr\u00eda existir una app para dispositivos m\u00f3viles desde donde hacer la limpieza de cabezales).<\/li>\n\n\n\n<li>Busca el apartado <strong>limpieza o de mantenimiento<\/strong> y localiza la opci\u00f3n de <strong>limpieza de cabezales<\/strong>.<\/li>\n\n\n\n<li>Aseg\u00farate de que la impresora est\u00e1 encendida y pulsa en <strong>ejecutar<\/strong>. As\u00ed es como se iniciar\u00e1 el proceso para la limpieza de cabezales, que puede durar m\u00e1s o menos tiempo dependiendo de cada equipo.<\/li>\n\n\n\n<li>Una vez que recibas el mensaje de que la limpieza ha terminado, puedes hacer una <strong>prueba de inyectores e imprimir patr\u00f3n de prueba<\/strong>.<\/li>\n<\/ul>\n\n\n\n<h3 class=\"wp-block-heading\">Desde la pantalla t\u00e1ctil<\/h3>\n\n\n\n<p>En las impresoras modernas que tienen pantalla t\u00e1ctil no ser\u00e1 necesario ni tan siquiera encender el ordenador o el tel\u00e9fono m\u00f3vil para activar esta opci\u00f3n, ya que estar\u00e1 disponible desde dicha pantalla.<\/p>\n\n\n\n<ul class=\"wp-block-list\">\n<li>Desbloquea la pantalla (por lo general, tendr\u00e1s que tocar un bot\u00f3n o la propia pantalla).<\/li>\n\n\n\n<li>Busca el apartado de <strong>mantenimiento\/limpieza<\/strong> y dir\u00edgete a <strong>limpieza de cabezales<\/strong>.<\/li>\n\n\n\n<li>Al pulsar en <strong>Ok<\/strong>, la impresora gestionar\u00e1 todo el proceso de la misma manera que si lo hicieses desde el software.<\/li>\n\n\n\n<li>Tambi\u00e9n podr\u00e1s lanzar a imprimir una p\u00e1gina de prueba.<\/li>\n<\/ul>\n\n\n\n<p><strong>Importante: <\/strong>podr\u00eda darse el caso de que tengas que hacer varias veces la limpieza si el cartucho est\u00e1 muy atascado. De igual forma, algunas impresoras tienen la opci\u00f3n de <strong>limpieza profunda<\/strong> que puede ayudar con esto. &nbsp;Si tampoco funciona, pasa al siguiente apartado:<\/p>\n\n\n\n<h2 class=\"wp-block-heading\">C\u00f3mo limpiar los cartuchos de tinta de forma manual<\/h2>\n\n\n\n<p>Estos son los pasos que debemos dar para limpiar los <strong><a href=\"https:\/\/quecartucho.es\/\">cartuchos de tinta<\/a><\/strong> de manera manual.<\/p>\n\n\n\n<h3 class=\"wp-block-heading\">1)&nbsp;&nbsp;&nbsp;&nbsp; Desconexi\u00f3n de la impresora<\/h3>\n\n\n\n<p>El primer paso consiste en <strong>desconectar la impresora y desenchufar el cable de alimentaci\u00f3n<\/strong> antes de comenzar cualquier proceso de limpieza.<\/p>\n\n\n\n<p>Esto es importante para evitar cualquier cortocircuito que pudiera producir un da\u00f1o irreparable en el equipo.<\/p>\n\n\n\n<h3 class=\"wp-block-heading\">2)&nbsp;&nbsp;&nbsp;&nbsp; Limpieza del cartucho<\/h3>\n\n\n\n<p>Ahora sigue las instrucciones espec\u00edficas de tu impresora para extraer el cartucho. Usa un pa\u00f1o h\u00famedo, o una toallita ligeramente h\u00fameda, con el objetivo de limpiarlo. Es de vital importancia que el pa\u00f1o o la toallita no est\u00e9 demasiado h\u00fameda, ya que se podr\u00eda estropear el perif\u00e9rico.<\/p>\n\n\n<div class=\"wp-block-image\">\n<figure class=\"aligncenter size-full\"><img loading=\"lazy\" decoding=\"async\" width=\"985\" height=\"910\" src=\"https:\/\/quecartucho.es\/blog\/wp-content\/uploads\/2024\/02\/Limpieza-de-los-cartuchos-de-impresion-HP.jpg\" alt=\"Limpieza de los cartuchos de impresi\u00f3n HP\" class=\"wp-image-21849\" title=\"\" srcset=\"https:\/\/quecartucho.es\/blog\/wp-content\/uploads\/2024\/02\/Limpieza-de-los-cartuchos-de-impresion-HP.jpg 985w, https:\/\/quecartucho.es\/blog\/wp-content\/uploads\/2024\/02\/Limpieza-de-los-cartuchos-de-impresion-HP-300x277.jpg 300w, https:\/\/quecartucho.es\/blog\/wp-content\/uploads\/2024\/02\/Limpieza-de-los-cartuchos-de-impresion-HP-768x710.jpg 768w\" sizes=\"auto, (max-width: 985px) 100vw, 985px\" \/><\/figure>\n<\/div>\n\n\n<h3 class=\"wp-block-heading\">3)&nbsp;&nbsp;&nbsp;&nbsp; Revisi\u00f3n del papel atascado<\/h3>\n\n\n\n<p>Tambi\u00e9n es un buen momento para hacer una revisi\u00f3n de la impresora y detectar cualquier tipo de anomal\u00eda, como un trozo de papel atascado. Para ello, <strong>abre la bandeja de papel y haz una inspecci\u00f3n ocular<\/strong>.<\/p>\n\n\n\n<p>Retira cualquier resto de papel atascado o residuo que haya podido quedar acumulado.<\/p>\n\n\n\n<h3 class=\"wp-block-heading\">4)&nbsp;&nbsp;&nbsp;&nbsp; Limpieza de la estructura del perif\u00e9rico<\/h3>\n\n\n\n<p>Aprovecha tambi\u00e9n para limpiar la estructura de la impresora con un pa\u00f1o h\u00famedo, como puede ser la pantalla t\u00e1ctil. As\u00ed evitaremos que el polvo pueda volver a afectar a los cartuchos o a cualquier otra parte del equipo.<\/p>\n\n\n\n<h3 class=\"wp-block-heading\">5)&nbsp;&nbsp;&nbsp;&nbsp; Conecta la impresora<\/h3>\n\n\n\n<p>Solo una vez hayas terminado, es el momento de volver a enchufar el cable de corriente y de conectar la impresora. Prueba a imprimir y el problema deber\u00eda haberse solucionado.<\/p>\n\n\n\n<h2 class=\"wp-block-heading\">\u00bfQu\u00e9 pasa si mi impresora sigue teniendo problemas de calidad de impresi\u00f3n despu\u00e9s de limpiarla?<\/h2>\n\n\n<div class=\"wp-block-image\">\n<figure class=\"aligncenter size-large\"><img loading=\"lazy\" decoding=\"async\" width=\"1024\" height=\"576\" src=\"https:\/\/quecartucho.es\/blog\/wp-content\/uploads\/2024\/02\/\u00bfQue-pasa-si-mi-impresora-sigue-teniendo-problemas-de-calidad-de-impresion-despues-de-limpiarla--1024x576.webp\" alt=\"\u00bfQu\u00e9 pasa si mi impresora sigue teniendo problemas de calidad de impresi\u00f3n despu\u00e9s de limpiarla?\" class=\"wp-image-21845\" title=\"\" srcset=\"https:\/\/quecartucho.es\/blog\/wp-content\/uploads\/2024\/02\/\u00bfQue-pasa-si-mi-impresora-sigue-teniendo-problemas-de-calidad-de-impresion-despues-de-limpiarla--1024x576.webp 1024w, https:\/\/quecartucho.es\/blog\/wp-content\/uploads\/2024\/02\/\u00bfQue-pasa-si-mi-impresora-sigue-teniendo-problemas-de-calidad-de-impresion-despues-de-limpiarla--300x169.webp 300w, https:\/\/quecartucho.es\/blog\/wp-content\/uploads\/2024\/02\/\u00bfQue-pasa-si-mi-impresora-sigue-teniendo-problemas-de-calidad-de-impresion-despues-de-limpiarla--768x432.webp 768w, https:\/\/quecartucho.es\/blog\/wp-content\/uploads\/2024\/02\/\u00bfQue-pasa-si-mi-impresora-sigue-teniendo-problemas-de-calidad-de-impresion-despues-de-limpiarla--1536x864.webp 1536w, https:\/\/quecartucho.es\/blog\/wp-content\/uploads\/2024\/02\/\u00bfQue-pasa-si-mi-impresora-sigue-teniendo-problemas-de-calidad-de-impresion-despues-de-limpiarla-.webp 1920w\" sizes=\"auto, (max-width: 1024px) 100vw, 1024px\" \/><\/figure>\n<\/div>\n\n\n<p>&nbsp;Si has seguido los pasos anteriores y tu impresora sigue teniendo problemas de calidad de impresi\u00f3n despu\u00e9s de limpiarla, hay varias razones que podr\u00edan explicar el problema:<\/p>\n\n\n\n<ul class=\"wp-block-list\">\n<li><strong>Comprueba los niveles de tinta: <\/strong>revisa que los niveles tienen la suficiente cantidad de tinta para imprimir. Si son bajos, o est\u00e1n vac\u00edos, puede que el software de la impresora no lo est\u00e9 detectando, pero tendr\u00e1s problemas de calidad de impresi\u00f3n o directamente saldr\u00e1 la hoja en blanco.<\/li>\n\n\n\n<li><strong>Calibraci\u00f3n de la impresora: <\/strong>algunas impresoras disponen de una opci\u00f3n de <strong>calibraci\u00f3n<\/strong> para poder ajustar la configuraci\u00f3n de la impresi\u00f3n de forma autom\u00e1tica para mejorar la calidad. Revisa en el manual de tu impresora, por si dicha opci\u00f3n est\u00e1 disponible.<\/li>\n\n\n\n<li><strong>Revisa la configuraci\u00f3n del papel: <\/strong>tambi\u00e9n deber\u00edas evaluar que el tipo de papel que est\u00e1s utilizando sea compatible con la impresora y que se haya introducido de la forma correcta en la bandeja de papel. Adem\u00e1s de esto, comprueba que la bandeja de papel est\u00e1 bien colocada.<\/li>\n\n\n\n<li><strong>Prueba con un nuevo cartucho de tinta: <\/strong>si sigues teniendo problemas de calidad despu\u00e9s de haber probado esto, ser\u00eda interesante probar con otro cartucho de tinta. As\u00ed podr\u00edas descartar cualquier problema con el perif\u00e9rico en cuesti\u00f3n.<\/li>\n<\/ul>\n\n\n\n<h2 class=\"wp-block-heading\">Preguntas frecuentes<\/h2>\n\n\n<div id=\"rank-math-faq\" class=\"rank-math-block\">\n<div class=\"rank-math-list \">\n<div id=\"faq-question-1707326761873\" class=\"rank-math-list-item\">\n<h3 class=\"rank-math-question \">\u00bfQu\u00e9 hago si los cartuchos de tinta no imprimen?<\/h3>\n<div class=\"rank-math-answer \">\n\n<p>Lo primero que debes hacer es comprobar que est\u00e1n correctamente instalados y que tengan la suficiente cantidad de tinta. Despu\u00e9s, haz una limpieza de cabezales de impresi\u00f3n desde el software y, si la situaci\u00f3n no mejora, de forma manual. Prueba a cambiar a cambiar los cartuchos si con el proceso anterior sigues teniendo problemas de calidad.<\/p>\n\n<\/div>\n<\/div>\n<div id=\"faq-question-1707326768071\" class=\"rank-math-list-item\">\n<h3 class=\"rank-math-question \">\u00bfC\u00f3mo puedo evitar que los cartuchos de tinta se obstruyan?<\/h3>\n<div class=\"rank-math-answer \">\n\n<p>La mejor forma de evitarlo es utilizar la impresora de forma regular para que los cabezales de impresi\u00f3n est\u00e9n siempre en funcionamiento. Adem\u00e1s, nunca dejes cartuchos abiertos fuera de la impresora durante largos periodos de tiempo, ya que esto puede provocar que la tinta se seque y obstruya los cabezales.<\/p>\n\n<\/div>\n<\/div>\n<div id=\"faq-question-1707326777809\" class=\"rank-math-list-item\">\n<h3 class=\"rank-math-question \">\u00bfEs seguro utilizar alcohol isoprop\u00edlico para limpiar los cartuchos de tinta?<\/h3>\n<div class=\"rank-math-answer \">\n\n<p>Si, es seguro, siempre y cuando se utilice en la cantidad adecuada. La concentraci\u00f3n debe ser la correcta para evitar que pueda da\u00f1ar los componentes de pl\u00e1stico que tienen los cartuchos.<\/p>\n\n<\/div>\n<\/div>\n<div id=\"faq-question-1707326791669\" class=\"rank-math-list-item\">\n<h3 class=\"rank-math-question \">\u00bfQu\u00e9 productos de limpieza no debo usar para limpiar los cartuchos de tinta?<\/h3>\n<div class=\"rank-math-answer \">\n\n<p>Sobre todo, es importante evitar el uso de productos de limpieza corrosivos o abrasivos (como podr\u00eda ser la acetona o los limpiadores de ventanas). El problema de dichos productos es que disponen de elementos que podr\u00edan causar importantes da\u00f1os en los consumibles y en la propia impresora.<\/p>\n\n<\/div>\n<\/div>\n<div id=\"faq-question-1707326809919\" class=\"rank-math-list-item\">\n<h3 class=\"rank-math-question \">\u00bfC\u00f3mo evitar que los cartuchos de tinta se obstruyan?<\/h3>\n<div class=\"rank-math-answer \">\n\n<p>La mejor manera es no dejar la impresora mucho tiempo sin utilizarla.<\/p>\n\n<\/div>\n<\/div>\n<div id=\"faq-question-1707326836956\" class=\"rank-math-list-item\">\n<h3 class=\"rank-math-question \">\u00bfLa limpieza de los cartuchos anula la garant\u00eda?<\/h3>\n<div class=\"rank-math-answer \">\n\n<p>Por lo general, la limpieza de los cartuchos no anula la garant\u00eda, pero es importante verificar que dice el fabricante al respecto, para evitar cualquier tipo de problema.<\/p>\n\n<\/div>\n<\/div>\n<div id=\"faq-question-1707326844225\" class=\"rank-math-list-item\">\n<h3 class=\"rank-math-question \">\u00bfPuedo limpiar el cabezal de impresi\u00f3n del interior de la impresora?<\/h3>\n<div class=\"rank-math-answer \">\n\n<p>S\u00ed, pero debes hacerlo con cuidado y prestando especial atenci\u00f3n a las indicaciones del fabricante. Tambi\u00e9n es importante apagar la impresora y desconectarla de la corriente antes de limpiar el interior, evitando as\u00ed lesiones o da\u00f1os.<\/p>\n<p>En el caso de que no tengas muy claro c\u00f3mo hacerlo, contactanos o ponte en contacto con un equipo t\u00e9cnico especializado.<\/p>\n\n<\/div>\n<\/div>\n<\/div>\n<\/div>\n\n\n<p><\/p>\n","protected":false},"excerpt":{"rendered":"<p>\u00bfTe aparecen los textos con l\u00edneas en blanco por la mitad, con las letras desdibujadas o manchas de tinta? Es posible que la situaci\u00f3n se resuelva con una limpieza de cartuchos de tinta. Es uno de los mantenimientos regulares que hay que darles a las impresoras para que tus impresiones sigan saliendo n\u00edtidas, con gran&hellip;&nbsp;<a href=\"https:\/\/quecartucho.es\/blog\/cartuchos\/como-limpiar-los-cartuchos-de-tinta\/\" rel=\"bookmark\">Leer m\u00e1s &raquo;<span class=\"screen-reader-text\">\u00bfC\u00f3mo limpiar los cartuchos de tinta?<\/span><\/a><\/p>\n","protected":false},"author":1,"featured_media":21844,"parent":461,"menu_order":0,"comment_status":"open","ping_status":"closed","template":"","meta":{"neve_meta_sidebar":"","neve_meta_container":"","neve_meta_enable_content_width":"","neve_meta_content_width":0,"neve_meta_title_alignment":"","neve_meta_author_avatar":"","neve_post_elements_order":"","neve_meta_disable_header":"","neve_meta_disable_footer":"","neve_meta_disable_title":"","episode_type":"","audio_file":"","podmotor_file_id":"","podmotor_episode_id":"","cover_image":"","cover_image_id":"","duration":"","filesize":"","filesize_raw":"","date_recorded":"","explicit":"","block":"","footnotes":""},"class_list":["post-21842","page","type-page","status-publish","has-post-thumbnail","hentry"],"_links":{"self":[{"href":"https:\/\/quecartucho.es\/blog\/wp-json\/wp\/v2\/pages\/21842","targetHints":{"allow":["GET"]}}],"collection":[{"href":"https:\/\/quecartucho.es\/blog\/wp-json\/wp\/v2\/pages"}],"about":[{"href":"https:\/\/quecartucho.es\/blog\/wp-json\/wp\/v2\/types\/page"}],"author":[{"embeddable":true,"href":"https:\/\/quecartucho.es\/blog\/wp-json\/wp\/v2\/users\/1"}],"replies":[{"embeddable":true,"href":"https:\/\/quecartucho.es\/blog\/wp-json\/wp\/v2\/comments?post=21842"}],"version-history":[{"count":5,"href":"https:\/\/quecartucho.es\/blog\/wp-json\/wp\/v2\/pages\/21842\/revisions"}],"predecessor-version":[{"id":21850,"href":"https:\/\/quecartucho.es\/blog\/wp-json\/wp\/v2\/pages\/21842\/revisions\/21850"}],"up":[{"embeddable":true,"href":"https:\/\/quecartucho.es\/blog\/wp-json\/wp\/v2\/pages\/461"}],"wp:featuredmedia":[{"embeddable":true,"href":"https:\/\/quecartucho.es\/blog\/wp-json\/wp\/v2\/media\/21844"}],"wp:attachment":[{"href":"https:\/\/quecartucho.es\/blog\/wp-json\/wp\/v2\/media?parent=21842"}],"curies":[{"name":"wp","href":"https:\/\/api.w.org\/{rel}","templated":true}]}}