{"id":2190,"date":"2018-09-07T11:17:30","date_gmt":"2018-09-07T09:17:30","guid":{"rendered":"https:\/\/quecartucho.es\/blog\/?page_id=2190"},"modified":"2023-05-24T09:44:03","modified_gmt":"2023-05-24T07:44:03","slug":"mayoristas-de-cartuchos-de-tinta-y-toner","status":"publish","type":"page","link":"https:\/\/quecartucho.es\/blog\/mayoristas-de-cartuchos-de-tinta-y-toner\/","title":{"rendered":"Mayoristas de cartuchos de tinta y t\u00f3ner"},"content":{"rendered":"<div class=\"inner-wrap\">\n<div id=\"primary\">\n<div id=\"content\" class=\"clearfix\">\n<article id=\"post-880\" class=\"post-880 page type-page status-publish hentry\">\n<div class=\"entry-content clearfix\">\n<p>\u00bfEres Distribuidor? Comercializa nuestras tintas a tus clientes m\u00e1s cercanos. La felicidad se imprime con QueCartucho<\/p>\n<\/div>\n<\/article>\n<\/div>\n<\/div>\n<\/div>\n<p>Si est\u00e1s buscando un mayorista de consumibles, has llegado a la p\u00e1gina indicada, Quecartucho.es es una empresa mayorista, tinta y t\u00f3ner l\u00edder en Espa\u00f1a.<\/p>\n<p><img loading=\"lazy\" decoding=\"async\" class=\"size-medium wp-image-2194 aligncenter\" src=\"https:\/\/quecartucho.es\/blog\/wp-content\/uploads\/2018\/09\/mayorista-consumibles-compatibles-300x171.png\" alt=\"\" width=\"300\" height=\"171\" title=\"\" srcset=\"https:\/\/quecartucho.es\/blog\/wp-content\/uploads\/2018\/09\/mayorista-consumibles-compatibles-300x171.png 300w, https:\/\/quecartucho.es\/blog\/wp-content\/uploads\/2018\/09\/mayorista-consumibles-compatibles.png 561w\" sizes=\"auto, (max-width: 300px) 100vw, 300px\" \/><\/p>\n<h3>\u00a0<\/h3>\n<p>Tus compatibles en <a href=\"https:\/\/quecartucho.es\/16394-cartuchos-de-tinta\">cartuchos de tinta<\/a> y cartuchos de <a href=\"https:\/\/quecartucho.es\/16393-toners\">t\u00f3ner<\/a> a precios de distribuidor, sin compra m\u00ednima<\/p>\n<p>\u00a0<\/p>\n<p><img loading=\"lazy\" decoding=\"async\" class=\"size-medium wp-image-2192 aligncenter\" src=\"https:\/\/quecartucho.es\/blog\/wp-content\/uploads\/2018\/09\/mayorista-tinta-y-toner-300x135.png\" alt=\"\" width=\"300\" height=\"135\" title=\"\" srcset=\"https:\/\/quecartucho.es\/blog\/wp-content\/uploads\/2018\/09\/mayorista-tinta-y-toner-300x135.png 300w, https:\/\/quecartucho.es\/blog\/wp-content\/uploads\/2018\/09\/mayorista-tinta-y-toner.png 708w\" sizes=\"auto, (max-width: 300px) 100vw, 300px\" \/><\/p>\n<h3>Mayorista consumible<\/h3>\n<p>Encuentra todo lo que necesitas. Te ofrecemos la gama m\u00e1s amplia de tinta y t\u00f3ner para impresoras. Tenemos m\u00e1s de 3000 referencias compatibles para las marcas de impresoras m\u00e1s importantes, consumibles para<\/p>\n<ul>\n<li><a class=\"selected\" title=\" Brother\" href=\"https:\/\/quecartucho.es\/4--brother\">Tinta impresora Brother<\/a><\/li>\n<li><a title=\" Canon\" href=\"https:\/\/quecartucho.es\/8--canon\">Tinta impresora Canon<\/a><\/li>\n<li><a title=\" Dell\" href=\"https:\/\/quecartucho.es\/9--dell\"> Dell<\/a><\/li>\n<li><a title=\" Epson\" href=\"https:\/\/quecartucho.es\/5--epson\"> Epson<\/a><\/li>\n<li><a href=\"https:\/\/quecartucho.es\/4223-cartuchos-de-tinta-epson-compatibles\">Tinta impresora Epson<\/a><\/li>\n<li><a title=\" HP (Hewlett Packard)\" href=\"https:\/\/quecartucho.es\/3--hp-hewlett-packard\">Tinta impresora HP (Hewlett Packard)<\/a><\/li>\n<li><a title=\" IBM\" href=\"https:\/\/quecartucho.es\/9885--ibm\"> IBM<\/a><\/li>\n<li><a title=\" Kodak\" href=\"https:\/\/quecartucho.es\/9767--kodak\"> Kodak<\/a><\/li>\n<li><a title=\" Konica Minolta\" href=\"https:\/\/quecartucho.es\/8006--konica-minolta\"> Konica Minolta<\/a><\/li>\n<li><a title=\" Kyocera\/Mita\" href=\"https:\/\/quecartucho.es\/12--kyoceramita\"> Kyocera\/Mita<\/a><\/li>\n<li><a title=\" Lexmark\" href=\"https:\/\/quecartucho.es\/19--lexmark\"> Lexmark<\/a><\/li>\n<li><a title=\" OKI\" href=\"https:\/\/quecartucho.es\/11--oki\"> OKI<\/a><\/li>\n<li><a title=\" Olivetti\" href=\"https:\/\/quecartucho.es\/13--olivetti\"> Olivetti<\/a><\/li>\n<li><a title=\" Panasonic\" href=\"https:\/\/quecartucho.es\/7015--panasonic\"> Panasonic<\/a><\/li>\n<li><a title=\" Philips\" href=\"https:\/\/quecartucho.es\/14--philips\"> Philips<\/a><\/li>\n<li><a title=\" Ricoh\" href=\"https:\/\/quecartucho.es\/15--ricoh\"> Ricoh<\/a><\/li>\n<li><a title=\" Samsung\" href=\"https:\/\/quecartucho.es\/10--samsung\"> Samsung<\/a><\/li>\n<li><a title=\" Sharp\" href=\"https:\/\/quecartucho.es\/16--sharp\"> Sharp<\/a><\/li>\n<li><a title=\" Toshiba\" href=\"https:\/\/quecartucho.es\/8240--toshiba\"> Toshiba<\/a><\/li>\n<li><a title=\" Utax\" href=\"https:\/\/quecartucho.es\/12787--utax\"> Utax<\/a><\/li>\n<li><a title=\" Xerox\" href=\"https:\/\/quecartucho.es\/18--xerox\"> Xerox<\/a><\/li>\n<li><a title=\"Dymo\" href=\"https:\/\/quecartucho.es\/14216-dymo\">Dymo<\/a><\/li>\n<li><a title=\"Sagem\" href=\"https:\/\/quecartucho.es\/13472-sagem\">Sagem<\/a><\/li>\n<\/ul>\n<p><img loading=\"lazy\" decoding=\"async\" class=\"size-medium wp-image-2193 aligncenter\" src=\"https:\/\/quecartucho.es\/blog\/wp-content\/uploads\/2018\/09\/mayorista-toner-300x179.jpg\" alt=\"\" width=\"300\" height=\"179\" title=\"\" srcset=\"https:\/\/quecartucho.es\/blog\/wp-content\/uploads\/2018\/09\/mayorista-toner-300x179.jpg 300w, https:\/\/quecartucho.es\/blog\/wp-content\/uploads\/2018\/09\/mayorista-toner.jpg 326w\" sizes=\"auto, (max-width: 300px) 100vw, 300px\" \/><br \/>cartuchos de tinta al por mayor<br \/>mayorista t\u00f3ner<br \/>mayorista t\u00f3ner compatible<br \/>mayorista tintas<br \/>mayorista tinta y toner<br \/>mayorista consumibles inform\u00e1tica<br \/>mayoristas cartuchos originales<br \/>mayorista de consumibles<\/p>\n<h2 class=\"list\">Dropshipping cartuchos de tinta y t\u00f3ner<\/h2>\n<p>Una de las ventajas de tener como proveedor o distribuidor a quecartucho es la opci\u00f3n te ofrecemos de dropshipping al mismo precio que se ofrece el env\u00edo normal, la ventaja de este servicio es que le pueden llegar a tu cliente directamente los toners o cartuchos de tinta con un embalaje neutro, sin albar\u00e1n y enviado desde servicios log\u00edsticos sin salir nosotros en ning\u00fan sitio, as\u00ed el cliente no sabe qui\u00e9n es tu proveedor y puedes seguir vendi\u00e9ndole durante mucho tiempo si tener que almacenar o preparar env\u00edos.<\/p>\n<p>Asegurando la continuidad de compra de tu cliente por la calidad del producto y por el anonimato del env\u00edo.<\/p>\n<p><img loading=\"lazy\" decoding=\"async\" class=\"aligncenter wp-image-2202 size-large\" src=\"https:\/\/quecartucho.es\/blog\/wp-content\/uploads\/2018\/09\/dropshipping-de-cartuchos-de-tinta-y-toner-compatibles-1-1024x512.png\" alt=\"\" width=\"1024\" height=\"512\" title=\"\" srcset=\"https:\/\/quecartucho.es\/blog\/wp-content\/uploads\/2018\/09\/dropshipping-de-cartuchos-de-tinta-y-toner-compatibles-1-1024x512.png 1024w, https:\/\/quecartucho.es\/blog\/wp-content\/uploads\/2018\/09\/dropshipping-de-cartuchos-de-tinta-y-toner-compatibles-1-300x150.png 300w, https:\/\/quecartucho.es\/blog\/wp-content\/uploads\/2018\/09\/dropshipping-de-cartuchos-de-tinta-y-toner-compatibles-1-768x384.png 768w\" sizes=\"auto, (max-width: 1024px) 100vw, 1024px\" \/><\/p>\n<p>\u00a0<\/p>\n\n\n<p>Son env\u00edos directos de NUESTRO ALMAC\u00c9N a su CLIENTE.<br>\nDe esta manera consigue tener un ahorro importante en portes de env\u00edo, adem\u00e1s de poder dar un servicio de 24horas de recepci\u00f3n de pedidos a sus clientes.<br>\nLos paquetes del env\u00edo, los realizamos de una manera totalmente AN\u00d3NIMA, lo que nos permite que en el mismo bulto, no introduzcamos ni factura ni albaranes , ni nada referente a nuestra empresa.<\/p>\n","protected":false},"excerpt":{"rendered":"<p>\u00bfEres Distribuidor? Comercializa nuestras tintas a tus clientes m\u00e1s cercanos. La felicidad se imprime con QueCartucho Si est\u00e1s buscando un mayorista de consumibles, has llegado a la p\u00e1gina indicada, Quecartucho.es es una empresa mayorista, tinta y t\u00f3ner l\u00edder en Espa\u00f1a. \u00a0 Tus compatibles en cartuchos de tinta y cartuchos de t\u00f3ner a precios de distribuidor,&hellip;&nbsp;<a href=\"https:\/\/quecartucho.es\/blog\/mayoristas-de-cartuchos-de-tinta-y-toner\/\" rel=\"bookmark\">Leer m\u00e1s &raquo;<span class=\"screen-reader-text\">Mayoristas de cartuchos de tinta y t\u00f3ner<\/span><\/a><\/p>\n","protected":false},"author":1,"featured_media":0,"parent":0,"menu_order":0,"comment_status":"closed","ping_status":"closed","template":"","meta":{"neve_meta_sidebar":"","neve_meta_container":"","neve_meta_enable_content_width":"","neve_meta_content_width":0,"neve_meta_title_alignment":"","neve_meta_author_avatar":"","neve_post_elements_order":"","neve_meta_disable_header":"","neve_meta_disable_footer":"","neve_meta_disable_title":"","episode_type":"","audio_file":"","podmotor_file_id":"","podmotor_episode_id":"","cover_image":"","cover_image_id":"","duration":"","filesize":"","filesize_raw":"","date_recorded":"","explicit":"","block":"","footnotes":""},"class_list":["post-2190","page","type-page","status-publish","hentry"],"_links":{"self":[{"href":"https:\/\/quecartucho.es\/blog\/wp-json\/wp\/v2\/pages\/2190","targetHints":{"allow":["GET"]}}],"collection":[{"href":"https:\/\/quecartucho.es\/blog\/wp-json\/wp\/v2\/pages"}],"about":[{"href":"https:\/\/quecartucho.es\/blog\/wp-json\/wp\/v2\/types\/page"}],"author":[{"embeddable":true,"href":"https:\/\/quecartucho.es\/blog\/wp-json\/wp\/v2\/users\/1"}],"replies":[{"embeddable":true,"href":"https:\/\/quecartucho.es\/blog\/wp-json\/wp\/v2\/comments?post=2190"}],"version-history":[{"count":13,"href":"https:\/\/quecartucho.es\/blog\/wp-json\/wp\/v2\/pages\/2190\/revisions"}],"predecessor-version":[{"id":19299,"href":"https:\/\/quecartucho.es\/blog\/wp-json\/wp\/v2\/pages\/2190\/revisions\/19299"}],"wp:attachment":[{"href":"https:\/\/quecartucho.es\/blog\/wp-json\/wp\/v2\/media?parent=2190"}],"curies":[{"name":"wp","href":"https:\/\/api.w.org\/{rel}","templated":true}]}}