{"id":22109,"date":"2024-03-14T17:59:53","date_gmt":"2024-03-14T15:59:53","guid":{"rendered":"https:\/\/quecartucho.es\/blog\/?page_id=22109"},"modified":"2024-03-14T17:59:53","modified_gmt":"2024-03-14T15:59:53","slug":"dia-de-la-felicidad-oferta-en-cartuchos-amarillos-%f0%9f%90%a4","status":"publish","type":"page","link":"https:\/\/quecartucho.es\/blog\/ofertas\/dia-de-la-felicidad-oferta-en-cartuchos-amarillos-%f0%9f%90%a4\/","title":{"rendered":"D\u00eda de la Felicidad, 50% oferta en cartuchos amarillos \ud83d\udc24"},"content":{"rendered":"\n<p>Qu\u00e9 feliz es Fulgencio, el pollito \ud83d\udc24. Y tiene una cosita para ti. \u00bfSabes qu\u00e9 d\u00eda es hoy?<\/p>\n\n\n\n<p>No, no te acuerdes de que hoy te giran el recibo de la comunidad ni de que tienes que renovar la suscripci\u00f3n a Netflix.<\/p>\n\n\n\n<p>\ud83d\ude04 \u00a1Hoy es el D\u00eda Internacional de la Felicidad \ud83e\udd73! Si pudi\u00e9semos, te mandar\u00edamos un poco de confeti por email, pero como no podemos (al menos de momento), te vamos a contar una historia m\u00e1s amarilla que una convenci\u00f3n de pl\u00e1tanos de Canarias.<\/p>\n\n\n\n<p>Hemos decidido hacer algo tan descaradamente alegre y chachi que hasta el \ud83c\udf1e se ha puesto gafas de \u00eddem para no deslumbrarse.<\/p>\n\n\n\n<p>\u00bfTe hemos hablado alguna vez de nuestra mascota, Fulgencio el pollito \ud83d\udc25?<\/p>\n\n\n\n<p>No cualquier pollito, no, sino uno que piensa que caminar es para los del mont\u00f3n. Y es que nuestro Fulgencio patina. S\u00ed, has le\u00eddo bien. \u00c9l va por la vida sobre un monopat\u00edn \ud83d\udef9, repartiendo felicidad y\u2026 \u00a1tinta amarilla!<\/p>\n\n\n\n<p>\u00bfQue por qu\u00e9 le ha dado por ah\u00ed? Pues mira, el lunes pasado se nos col\u00f3 en una reuni\u00f3n. Entre gr\u00e1ficos \ud83d\udcc8 y tazas de caf\u00e9 \u2615, se dio cuenta de que el mundo est\u00e1 lleno de impresiones en blanco y negro. \u00abPero vamos a ver, \u00bfd\u00f3nde est\u00e1 la fiesta?\u00bb nos pregunt\u00f3.<\/p>\n\n\n\n<p><br><br><\/p>\n\n\n<div class=\"wp-block-image\">\n<figure class=\"aligncenter size-full\"><img loading=\"lazy\" decoding=\"async\" width=\"1024\" height=\"1024\" src=\"https:\/\/quecartucho.es\/blog\/wp-content\/uploads\/2024\/03\/d74bcda7-d66a-4a13-a4cf-4d3ee2392cfc.jpg\" alt=\"\" class=\"wp-image-22125\" title=\"\" srcset=\"https:\/\/quecartucho.es\/blog\/wp-content\/uploads\/2024\/03\/d74bcda7-d66a-4a13-a4cf-4d3ee2392cfc.jpg 1024w, https:\/\/quecartucho.es\/blog\/wp-content\/uploads\/2024\/03\/d74bcda7-d66a-4a13-a4cf-4d3ee2392cfc-300x300.jpg 300w, https:\/\/quecartucho.es\/blog\/wp-content\/uploads\/2024\/03\/d74bcda7-d66a-4a13-a4cf-4d3ee2392cfc-150x150.jpg 150w, https:\/\/quecartucho.es\/blog\/wp-content\/uploads\/2024\/03\/d74bcda7-d66a-4a13-a4cf-4d3ee2392cfc-768x768.jpg 768w, https:\/\/quecartucho.es\/blog\/wp-content\/uploads\/2024\/03\/d74bcda7-d66a-4a13-a4cf-4d3ee2392cfc-120x120.jpg 120w\" sizes=\"auto, (max-width: 1024px) 100vw, 1024px\" \/><\/figure>\n<\/div>\n\n\n<p>Y as\u00ed naci\u00f3 su plan: <strong>regalar un descuentazo del 50% en todos los <a href=\"https:\/\/quecartucho.es\/\">cartuchos de tinta<\/a> amarilla de Quecartucho<\/strong>, para que el mundo tenga ese toque de alegr\u00eda que tanto necesita \ud83d\ude0a<\/p>\n\n\n\n<p>Para que nuestros amados clientes, entre los que te encuentras t\u00fa, <em>of course<\/em>, pod\u00e1is imprimir girasoles, pollitos, yemas de huevo, botes de mostaza o soles de mediod\u00eda.<\/p>\n\n\n\n<p>As\u00ed que para disfrutar este megadescuento, solo tienes que usar el c\u00f3digo POLLITOENMONOPATIN para llenar tu mundo de amarillo y tu coraz\u00f3n de felicidad \ud83d\udc9b<\/p>\n\n\n\n<p>Y comp\u00e1rtelo con tus amigos, familiares, vecinos, compa\u00f1eros de trabajo o con el grupo de WhatsApp de yoga, que la felicidad, cuando se comparte, se multiplica.<\/p>\n\n\n\n<p><\/p>\n","protected":false},"excerpt":{"rendered":"<p>Qu\u00e9 feliz es Fulgencio, el pollito \ud83d\udc24. Y tiene una cosita para ti. \u00bfSabes qu\u00e9 d\u00eda es hoy? No, no te acuerdes de que hoy te giran el recibo de la comunidad ni de que tienes que renovar la suscripci\u00f3n a Netflix. \ud83d\ude04 \u00a1Hoy es el D\u00eda Internacional de la Felicidad \ud83e\udd73! Si pudi\u00e9semos, te&hellip;&nbsp;<a href=\"https:\/\/quecartucho.es\/blog\/ofertas\/dia-de-la-felicidad-oferta-en-cartuchos-amarillos-%f0%9f%90%a4\/\" rel=\"bookmark\">Leer m\u00e1s &raquo;<span class=\"screen-reader-text\">D\u00eda de la Felicidad, 50% oferta en cartuchos amarillos \ud83d\udc24<\/span><\/a><\/p>\n","protected":false},"author":1,"featured_media":22113,"parent":2121,"menu_order":0,"comment_status":"open","ping_status":"closed","template":"","meta":{"neve_meta_sidebar":"","neve_meta_container":"","neve_meta_enable_content_width":"","neve_meta_content_width":0,"neve_meta_title_alignment":"","neve_meta_author_avatar":"","neve_post_elements_order":"","neve_meta_disable_header":"","neve_meta_disable_footer":"","neve_meta_disable_title":"","episode_type":"","audio_file":"","podmotor_file_id":"","podmotor_episode_id":"","cover_image":"","cover_image_id":"","duration":"","filesize":"","filesize_raw":"","date_recorded":"","explicit":"","block":"","footnotes":""},"class_list":["post-22109","page","type-page","status-publish","has-post-thumbnail","hentry"],"_links":{"self":[{"href":"https:\/\/quecartucho.es\/blog\/wp-json\/wp\/v2\/pages\/22109","targetHints":{"allow":["GET"]}}],"collection":[{"href":"https:\/\/quecartucho.es\/blog\/wp-json\/wp\/v2\/pages"}],"about":[{"href":"https:\/\/quecartucho.es\/blog\/wp-json\/wp\/v2\/types\/page"}],"author":[{"embeddable":true,"href":"https:\/\/quecartucho.es\/blog\/wp-json\/wp\/v2\/users\/1"}],"replies":[{"embeddable":true,"href":"https:\/\/quecartucho.es\/blog\/wp-json\/wp\/v2\/comments?post=22109"}],"version-history":[{"count":6,"href":"https:\/\/quecartucho.es\/blog\/wp-json\/wp\/v2\/pages\/22109\/revisions"}],"predecessor-version":[{"id":22115,"href":"https:\/\/quecartucho.es\/blog\/wp-json\/wp\/v2\/pages\/22109\/revisions\/22115"}],"up":[{"embeddable":true,"href":"https:\/\/quecartucho.es\/blog\/wp-json\/wp\/v2\/pages\/2121"}],"wp:featuredmedia":[{"embeddable":true,"href":"https:\/\/quecartucho.es\/blog\/wp-json\/wp\/v2\/media\/22113"}],"wp:attachment":[{"href":"https:\/\/quecartucho.es\/blog\/wp-json\/wp\/v2\/media?parent=22109"}],"curies":[{"name":"wp","href":"https:\/\/api.w.org\/{rel}","templated":true}]}}