{"id":22240,"date":"2024-03-26T12:17:14","date_gmt":"2024-03-26T10:17:14","guid":{"rendered":"https:\/\/quecartucho.es\/blog\/?page_id=22240"},"modified":"2024-03-26T12:27:55","modified_gmt":"2024-03-26T10:27:55","slug":"como-imprimir-tarjetas-de-presentacion","status":"publish","type":"page","link":"https:\/\/quecartucho.es\/blog\/como-imprimir-tarjetas-de-presentacion\/","title":{"rendered":"C\u00f3mo imprimir tarjetas de presentaci\u00f3n"},"content":{"rendered":"\n<p>Es posible imprimir tus propias&nbsp;<strong>tarjetas de presentaci\u00f3n&nbsp;<\/strong>desde casa, ya que lo \u00fanico que necesitar\u00e1s es tener una impresora con una calidad media-alta, adem\u00e1s de los soportes de papel adecuados en base a tus necesidades.<\/p>\n\n\n\n<p>A lo largo de este art\u00edculo te vamos a ense\u00f1ar el proceso detallado para que sepas c\u00f3mo hacerlo:<\/p>\n\n\n\n<h2 class=\"wp-block-heading\"><strong>Imprime tus tarjetas de presentaci\u00f3n paso a paso<\/strong><\/h2>\n\n\n\n<p>No dudes en seguir los pasos y en adaptarlos a las caracter\u00edsticas de tu impresora:<\/p>\n\n\n\n<h3 class=\"wp-block-heading\"><strong>1.<\/strong> <strong>Elige la cartulina<\/strong><\/h3>\n\n\n\n<p>Lo primero que debes hacer es seleccionar la cartulina o el soporte del papel en donde vas a imprimir las tarjetas de presentaci\u00f3n. Ten en cuenta que el&nbsp;<strong>gramaje<\/strong>&nbsp;del papel puede ser muy diferente; por ejemplo, algunas cartulinas son m\u00e1s pesadas (de&nbsp;<strong>215 g x m^2)<\/strong>, pero tambi\u00e9n podemos decantarnos por una opci\u00f3n que tenga mayor duraci\u00f3n (de&nbsp;<strong>200 g x m^2<\/strong>.).<\/p>\n\n\n\n<p><strong>Importante:&nbsp;<\/strong>debes seleccionar una cartulina que sea compatible con tu impresora; de lo contrario, podr\u00eda no pasar correctamente por la bandeja de papel y atascarse a mitad del trabajo, adem\u00e1s de producir otros problemas de importancia.<\/p>\n\n\n\n<p>Otros aspectos que debes considerar en relaci\u00f3n con la cartulina es el&nbsp;<strong>tipo de acabado<\/strong>&nbsp;y&nbsp;<strong>si la cartulina ya est\u00e1 pre-cortada<\/strong>&nbsp;(es recomendable si no tienes los medios para hacerlo por tu cuenta y que quede bien).<\/p>\n\n\n\n<p>Si tienes alguna duda al respecto, consulta el manual del fabricante o ponte en contacto con \u00e9l.<\/p>\n\n\n\n<h3 class=\"wp-block-heading\"><strong>2.<\/strong> <strong>Dise\u00f1o<\/strong><\/h3>\n\n\n\n<p>El siguiente paso puede ser el m\u00e1s laborioso, ya que requiere dise\u00f1ar la tarjeta de presentaci\u00f3n.<\/p>\n\n\n\n<p>De entrada, existen unos datos b\u00e1sicos que deben estar incluidos:&nbsp;<strong>nombre de la empresa, logo, cargo, n\u00ba de tel\u00e9fono, e-mail, web, direcci\u00f3n, redes sociales<\/strong>, as\u00ed como cualquier otro dato importante que deber\u00eda conocer tu cliente.<\/p>\n\n\n\n<p>Aqu\u00ed te damos dos opciones de software para que puedas dise\u00f1arlas:<\/p>\n\n\n\n<h4 class=\"wp-block-heading\"><strong>a)<\/strong> <strong>Crear e imprimir tus propias tarjetas de presentaci\u00f3n en Publisher<\/strong><\/h4>\n\n\n\n<p><strong>Microsoft Publisher<\/strong>&nbsp;es uno de los mejores programas para crear tarjetas de presentaci\u00f3n. Una de sus grandes ventajas es que dispone de algunas&nbsp;<strong>plantillas&nbsp;<\/strong>que se pueden personalizar con total detalle. As\u00ed no ser\u00e1 necesario que empieces desde cero, sino que tendr\u00e1s una ayuda en la que basarte para crear un resultado \u00fanico.<\/p>\n\n\n\n<p>Para empezar con este programa, tan solo sigue estos pasos:<\/p>\n\n\n\n<ul class=\"wp-block-list\">\n<li> Inicia el software y marca la pesta\u00f1a de&nbsp;<strong>tarjetas de presentaci\u00f3n<\/strong>. Esta deber\u00eda estar disponible desde el apartado de plantillas, pero, si no la ves, desde archivo -&gt; Nuevo -&gt; tarjetas de presentaci\u00f3n tambi\u00e9n podr\u00e1s empezar.<\/li>\n\n\n\n<li> Revisa que las opciones se adapten a lo que esperas del proyecto y marca en Crear.<\/li>\n\n\n\n<li> Comprueba que el tama\u00f1o de la tarjeta se adaptar\u00e1 al de la cartulina. Esto lo puedes hacer desde la ruta&nbsp;<strong>dise\u00f1o de p\u00e1ginas -&gt; Tama\u00f1o -&gt; M\u00e1s tama\u00f1os de p\u00e1gina<\/strong>.<\/li>\n<\/ul>\n\n\n\n<p>Ahora es el momento de echar un vistazo a las diferentes opciones que te propone el programa. C\u00f3mo podr\u00e1s ver, la interfaz es muy intuitiva, as\u00ed que podr\u00e1s crear e imprimir tus tarjetas de presentaci\u00f3n, aunque no tengas muchos conocimientos sobre dise\u00f1o gr\u00e1fico.<\/p>\n\n\n<div class=\"wp-block-image\">\n<figure class=\"aligncenter size-full\"><img loading=\"lazy\" decoding=\"async\" width=\"640\" height=\"480\" src=\"https:\/\/quecartucho.es\/blog\/wp-content\/uploads\/2024\/03\/Crear-e-imprimir-tus-propias-tarjetas-de-presentacion-en-Publisher.jpg\" alt=\"Crear e imprimir tus propias tarjetas de presentaci\u00f3n en Publisher\" class=\"wp-image-22243\" title=\"\" srcset=\"https:\/\/quecartucho.es\/blog\/wp-content\/uploads\/2024\/03\/Crear-e-imprimir-tus-propias-tarjetas-de-presentacion-en-Publisher.jpg 640w, https:\/\/quecartucho.es\/blog\/wp-content\/uploads\/2024\/03\/Crear-e-imprimir-tus-propias-tarjetas-de-presentacion-en-Publisher-300x225.jpg 300w\" sizes=\"auto, (max-width: 640px) 100vw, 640px\" \/><\/figure>\n<\/div>\n\n\n<h4 class=\"wp-block-heading\"><strong>b)<\/strong> <strong>Generar e imprimir tus propias tarjetas de presentaci\u00f3n en Word<\/strong><\/h4>\n\n\n\n<p>Microsoft Word es otro programa que no necesita de carta de presentaci\u00f3n. Adem\u00e1s de ser un magn\u00edfico procesador de texto, no todo el mundo sabe que es una buena opci\u00f3n para crear tus tarjetas de presentaci\u00f3n, y es que dispone de herramientas espec\u00edficas para ello, adem\u00e1s de&nbsp;<strong>plantillas preestablecidas<\/strong>.<\/p>\n\n\n\n<p>Accede a&nbsp;<strong>Archivo -&gt; Nuevo -&gt; Documento en Blanco<\/strong>&nbsp;y encontrar\u00e1s un listado de las tarjetas de presentaci\u00f3n disponibles. Pulsa en&nbsp;<strong>crear<\/strong>&nbsp;para iniciar tu proyecto totalmente personalizado.<\/p>\n\n\n\n<p>\u00bfNo te terminan de convencer las plantillas establecidas? Otra de las ventajas de Microsoft Word es que puedes encontrar m\u00e1s recursos para descargar en otras p\u00e1ginas.<\/p>\n\n\n\n<figure class=\"wp-block-image size-large\"><img loading=\"lazy\" decoding=\"async\" width=\"1024\" height=\"576\" src=\"https:\/\/quecartucho.es\/blog\/wp-content\/uploads\/2024\/03\/Crear-e-imprimir-tus-propias-tarjetas-de-presentacion-en-Word-y-PowerPoint-1024x576.jpg\" alt=\"Crear e imprimir tus propias tarjetas de presentaci\u00f3n en Word y PowerPoint\" class=\"wp-image-22242\" title=\"\" srcset=\"https:\/\/quecartucho.es\/blog\/wp-content\/uploads\/2024\/03\/Crear-e-imprimir-tus-propias-tarjetas-de-presentacion-en-Word-y-PowerPoint-1024x576.jpg 1024w, https:\/\/quecartucho.es\/blog\/wp-content\/uploads\/2024\/03\/Crear-e-imprimir-tus-propias-tarjetas-de-presentacion-en-Word-y-PowerPoint-300x169.jpg 300w, https:\/\/quecartucho.es\/blog\/wp-content\/uploads\/2024\/03\/Crear-e-imprimir-tus-propias-tarjetas-de-presentacion-en-Word-y-PowerPoint-768x432.jpg 768w, https:\/\/quecartucho.es\/blog\/wp-content\/uploads\/2024\/03\/Crear-e-imprimir-tus-propias-tarjetas-de-presentacion-en-Word-y-PowerPoint.jpg 1280w\" sizes=\"auto, (max-width: 1024px) 100vw, 1024px\" \/><\/figure>\n\n\n\n<h4 class=\"wp-block-heading\"><strong>&nbsp;&nbsp;&nbsp;&nbsp;&nbsp;&nbsp;&nbsp;&nbsp;&nbsp;&nbsp;&nbsp;&nbsp;&nbsp;c)&nbsp;Tarjetas de visita profesionales para dise\u00f1ar e imprimir con Canva<\/strong><\/h4>\n\n\n\n<p>Canva es una potente herramienta online que tambi\u00e9n se presenta con muchas plantillas personalizadas y una interfaz de dise\u00f1o \u00fanica.<\/p>\n\n\n\n<p>Lo \u00fanico que debes hacer es utilizar su buscador para localizar&nbsp;<strong>dise\u00f1os de tarjetas de visita<\/strong>&nbsp;y pulsar sobre la deseada para empezar a trabajar. Todos los elementos se pueden seleccionar y modificar a tu antojo, adem\u00e1s de agregar todo lo que necesites.<\/p>\n\n\n\n<p>Una vez hayas terminado, pulsa en imprimir y personaliza los ajustes.<\/p>\n\n\n\n<figure class=\"wp-block-image size-large\"><img loading=\"lazy\" decoding=\"async\" width=\"1024\" height=\"576\" src=\"https:\/\/quecartucho.es\/blog\/wp-content\/uploads\/2024\/03\/Imprime-tus-tarjetas-de-presentacion-con-canvas-1024x576.jpg\" alt=\"Imprime tus tarjetas de presentaci\u00f3n con canvas\" class=\"wp-image-22241\" title=\"\" srcset=\"https:\/\/quecartucho.es\/blog\/wp-content\/uploads\/2024\/03\/Imprime-tus-tarjetas-de-presentacion-con-canvas-1024x576.jpg 1024w, https:\/\/quecartucho.es\/blog\/wp-content\/uploads\/2024\/03\/Imprime-tus-tarjetas-de-presentacion-con-canvas-300x169.jpg 300w, https:\/\/quecartucho.es\/blog\/wp-content\/uploads\/2024\/03\/Imprime-tus-tarjetas-de-presentacion-con-canvas-768x432.jpg 768w, https:\/\/quecartucho.es\/blog\/wp-content\/uploads\/2024\/03\/Imprime-tus-tarjetas-de-presentacion-con-canvas.jpg 1280w\" sizes=\"auto, (max-width: 1024px) 100vw, 1024px\" \/><\/figure>\n\n\n\n<h3 class=\"wp-block-heading\"><strong>3.<\/strong> <strong>Distribuci\u00f3n<\/strong><\/h3>\n\n\n\n<p>Antes de ponerse con ning\u00fan dise\u00f1o, conviene tener claras algunas pautas sobre la distribuci\u00f3n de los elementos que dar\u00e1n forma a las tarjetas de presentaci\u00f3n.<\/p>\n\n\n\n<p>Ten en cuenta que&nbsp;<strong>la mayor\u00eda de la informaci\u00f3n se debe concentrar en el anverso<\/strong>, as\u00ed que ser\u00e1 la zona del dise\u00f1o que deber\u00e1s trabajar con m\u00e1s detalle. Pero esto no quiere decir que te puedas olvidar del&nbsp;<strong>reverso<\/strong>, ya que aqu\u00ed tienes un espacio que no debe ser desperdiciado. Se puede usar para&nbsp;<strong>colocar un eslogan<\/strong>, o informaci\u00f3n que no sea tan importante.<\/p>\n\n\n\n<p>Si lo quieres agregar en Publisher, puedes hacerlo a trav\u00e9s de la siguiente ruta:&nbsp;<strong>Navegaci\u00f3n de p\u00e1ginas -&gt; Insertar p\u00e1ginas -&gt;Insertar -&gt; P\u00e1gina en blanco<\/strong>&nbsp;y ser\u00e1 desde aqu\u00ed d\u00f3nde iniciar\u00e1s el dise\u00f1o desde cero.<\/p>\n\n\n\n<h3 class=\"wp-block-heading\"><strong>4.<\/strong> <strong>Impresi\u00f3n de las tarjetas de presentaci\u00f3n<\/strong><\/h3>\n\n\n\n<p>Llegados a este punto del tutorial es importante que todos los detalles est\u00e9n agregados en las tarjetas de presentaci\u00f3n y que hayas guardado el archivo por si ocurriese cualquier error y se cerrase el programa. Dicho esto, vamos a empezar a imprimir.<\/p>\n\n\n\n<p>En principio, si has elegido correctamente las&nbsp;<strong>configuraciones de impresi\u00f3n para que cuadren con el tipo de cartulina elegido<\/strong>, y es compatible con la impresora, no deber\u00edas hacer nada m\u00e1s que pulsar en&nbsp;<strong>imprimir<\/strong>, elegir la cantidad de copias y aceptar.<\/p>\n\n\n\n<p>Pero la cosa cambia si quieres agregar algunas opciones adicionales, como estas:<\/p>\n\n\n\n<ul class=\"wp-block-list\">\n<li> <strong>Impresi\u00f3n a doble cara:&nbsp;<\/strong>la localizaci\u00f3n de esta funci\u00f3n depender\u00e1 de tu impresora, pero no suele ser dif\u00edcil de encontrar. Ten en cuenta que, si tu impresora no es capaz de imprimir a doble cara, la \u00fanica soluci\u00f3n ser\u00e1 empezar por imprimir el anverso y despu\u00e9s el reverso. Adem\u00e1s, tendr\u00e1s que asegurarte de que el papel se encuentra correctamente alineado para evitar una mal impresi\u00f3n.<\/li>\n\n\n\n<li>&nbsp;<strong>Calidad:&nbsp;<\/strong>lo m\u00e1s recomendable es que la impresi\u00f3n se haga con la m\u00e1xima calidad posible. Si puedes invertir en un <strong><a href=\"https:\/\/quecartucho.es\/\">cartucho de calidad superior<\/a><\/strong>, esta elecci\u00f3n puede marcar la diferencia en la impresi\u00f3n final. Es fundamental considerar la importancia que tienen estas tarjetas para tu imagen profesional. En este sentido, nuestra recomendaci\u00f3n es utilizar <strong>cartuchos de tinta compatibles<\/strong>, como los que ofrecemos de la <strong>marca ColorPremium<\/strong>. Estos cartuchos no solo garantizan un precio atractivo, sino que tambi\u00e9n ofrecen la mejor calidad en impresiones, asegurando que tus tarjetas de presentaci\u00f3n reflejen la excelencia que deseas transmitir.<\/li>\n<\/ul>\n\n\n\n<h3 class=\"wp-block-heading\"><strong>5.<\/strong> <strong>Comprobaci\u00f3n del resultado final<\/strong><\/h3>\n\n\n\n<p>Tan solo echa un vistazo a c\u00f3mo han quedado y ver si se adaptan a lo que necesitas. Si no es as\u00ed, tendr\u00e1s que volver a imprimir y volver a hacer los ajustes pertinentes. Si no te aclaras o tu impresora no tiene la calidad suficiente, deber\u00edas considerar la posibilidad de solicitar trabajo a un profesional.<\/p>\n\n\n\n<h2 class=\"wp-block-heading\"><strong>Consejos para imprimir tus tarjetas de visita<\/strong><\/h2>\n\n\n\n<p>Adem\u00e1s de los pasos anteriores, te vamos a indicar algunos consejos para conseguir una&nbsp;<strong>impresi\u00f3n profesional de las tarjetas de presentaci\u00f3n<\/strong>:<\/p>\n\n\n\n<h3 class=\"wp-block-heading\"><strong>Deja un margen de seguridad<\/strong><\/h3>\n\n\n\n<p>Trabajar con un margen de seguridad es crucial para evitar cualquier error de impresi\u00f3n de tus tarjetas de presentaci\u00f3n. La idea es&nbsp;<strong>dejar un espacio alrededor del borde para evitar que se recorten partes importantes cuando se corten<\/strong>.<\/p>\n\n\n\n<p>Tambi\u00e9n es muy importante para evitar que se pierda informaci\u00f3n que resulte vital de cara a tus clientes. Por otra parte, dar\u00e1 un mejor aspecto visual, ya que conseguir\u00e1 que el dise\u00f1o quede completamente centrado.<\/p>\n\n\n\n<h3 class=\"wp-block-heading\"><strong>Usa colores profesionales<\/strong><\/h3>\n\n\n\n<p>Cuando elijas los colores para tus tarjetas de presentaci\u00f3n, elige una paleta de colores que&nbsp;<strong>reflejen la identidad de tu marca<\/strong>&nbsp;y que transmita profesionalismo. Eviita colores demasiado llamativos o combinaciones que puedan resultar dif\u00edciles de leer.<\/p>\n\n\n\n<p>&nbsp;Los colores sutiles y elegantes suelen funcionar mejor para una imagen corporativa s\u00f3lida, aunque todo depender\u00e1 de las necesidades de la empresa y de lo que necesites transmitir con cada tarjeta.<\/p>\n\n\n\n<p>Elegir las tonalidades adecuadas para un trabajo de impresi\u00f3n es algo que puede llevar bastante tiempo, as\u00ed que no dudes en dedic\u00e1rselo.<\/p>\n\n\n\n<h3 class=\"wp-block-heading\"><strong>Elige una tipograf\u00eda legible<\/strong><\/h3>\n\n\n\n<p>Otro aspecto importante a la hora de imprimir tarjetas de presentaci\u00f3n es decantarse por una&nbsp;<strong>tipograf\u00eda que sea f\u00e1cil de leer y profesional<\/strong>. Puedes sentirte tentado de elegir una fuente con un estilo demasiado ornamentado o complicado de leer; el gran problema de esto es que, si dificulta la comprensi\u00f3n de cara al usuario, la tarjeta no tendr\u00e1 ning\u00fan tipo de sentido.<\/p>\n\n\n\n<p>En lugar de ello, dec\u00eddete por&nbsp;<strong>fuentes limpias y claras, f\u00e1ciles de leer<\/strong>, incluso aunque sea en tama\u00f1os peque\u00f1os.<\/p>\n\n\n\n<p>Haz una selecci\u00f3n de las mejores tipograf\u00edas seg\u00fan tu estilo y pide opiniones antes de elegir.<\/p>\n\n\n\n<h3 class=\"wp-block-heading\"><strong>Agrega elementos visuales atractivos<\/strong><\/h3>\n\n\n\n<p>No solo es importante el texto, sino que los elementos visuales pueden cambiar por completo el sentido de la tarjeta. Estamos hablando de&nbsp;<strong>gr\u00e1ficos, im\u00e1genes,<\/strong>&nbsp;incluso de algunos&nbsp;<strong>patrones sutiles<\/strong>&nbsp;que pueden adaptarse a la identidad de tu marca.<\/p>\n\n\n\n<p>Esta composici\u00f3n de elementos puede ser muy interesante para captar la atenci\u00f3n y hacer que las tarjetas destaquen entre la competencia. No obstante, debes comprobar que esos elementos sean un complemento del dise\u00f1o general y no lo sobrecarguen; tambi\u00e9n habr\u00e1 que evitar que queden como elementos discordantes que no digan mucho de lo que pretendes transmitir.<\/p>\n\n\n\n<h3 class=\"wp-block-heading\"><strong>Actualizaci\u00f3n<\/strong><\/h3>\n\n\n\n<p>Adem\u00e1s de todo lo anterior, recuerda&nbsp;<strong>actualizar con frecuencia tus tarjetas<\/strong>, especialmente si alguno de tus datos de contacto ha variado. Lo mismo ocurre con el dise\u00f1o de la marca, as\u00ed como con cualquier otro aspecto que se pueda considerar relevante.<\/p>\n\n\n\n<p>No hay nada peor que captar la atenci\u00f3n de un posible cliente y que te intente contactar, pero tus datos est\u00e1n sin actualizar.<\/p>\n\n\n\n<p>Sigue este tutorial para imprimir tus tarjetas de presentaci\u00f3n, aplica los consejos que te hemos dado en el \u00faltimo apartado y ver\u00e1s c\u00f3mo puedes conseguir resultados incre\u00edbles. En el caso de que no consigas el resultado esperado, recuerda pedir ayuda profesional a un dise\u00f1ador e imprenta.<\/p>\n\n\n\n<p><\/p>\n\n\n\n<h3 class=\"wp-block-heading\">6 Consejos + para imprimir tarjetas de visita<\/h3>\n\n\n\n<p>Imprimir tarjetas de visita es una tarea importante para cualquier profesional o negocio. Aqu\u00ed tienes seis consejos \u00fatiles para imprimir tarjetas de visita de calidad:<\/p>\n\n\n\n<ol class=\"wp-block-list\">\n<li><strong>Dise\u00f1o claro y profesional<\/strong>: El dise\u00f1o de tu tarjeta de visita debe ser claro, conciso y reflejar la identidad de tu marca o negocio. Utiliza fuentes legibles, colores apropiados y un dise\u00f1o que resalte la informaci\u00f3n importante, como tu nombre, cargo, logotipo y datos de contacto.<\/li>\n\n\n\n<li><strong>Utiliza papel de calidad<\/strong>: La calidad del papel es crucial para transmitir una impresi\u00f3n profesional. Opta por un papel resistente que no se doble f\u00e1cilmente y que tenga un acabado profesional. El grosor recomendado para las tarjetas de visita suele ser de al menos 300 gramos\/metro cuadrado.<\/li>\n\n\n\n<li><strong>Considera el acabado<\/strong>: El acabado de tus tarjetas puede hacer una gran diferencia en su apariencia final. Puedes optar por acabados mate, brillante o satinado, seg\u00fan tus preferencias y el estilo de tu marca. Adem\u00e1s, puedes considerar a\u00f1adir opciones como laminado o barnizado para una mayor durabilidad y elegancia.<\/li>\n\n\n\n<li><strong>Aseg\u00farate de que la informaci\u00f3n sea precisa<\/strong>: Antes de imprimir tus tarjetas de visita, verifica que toda la informaci\u00f3n est\u00e9 correcta y actualizada. Revisa tu nombre, cargo, direcci\u00f3n de correo electr\u00f3nico, n\u00famero de tel\u00e9fono y cualquier otro dato relevante para evitar errores que puedan perjudicar tu imagen profesional.<\/li>\n\n\n\n<li><strong>Incluye elementos de contacto relevantes<\/strong>: Adem\u00e1s de tu nombre y n\u00famero de tel\u00e9fono, considera incluir otros elementos de contacto relevantes, como tu direcci\u00f3n de correo electr\u00f3nico, sitio web y perfiles en redes sociales. Esto facilitar\u00e1 que las personas se pongan en contacto contigo de diversas formas seg\u00fan sus preferencias.<\/li>\n\n\n\n<li><strong>Mant\u00e9n un equilibrio entre el dise\u00f1o y la informaci\u00f3n<\/strong>: Es importante encontrar un equilibrio entre un dise\u00f1o atractivo y la inclusi\u00f3n de toda la informaci\u00f3n necesaria. Evita sobrecargar tu tarjeta con demasiados elementos gr\u00e1ficos o texto, ya que esto puede dificultar la lectura y hacer que la tarjeta parezca desordenada. Mant\u00e9n el dise\u00f1o limpio y profesional, priorizando la legibilidad y la claridad de la informaci\u00f3n.<\/li>\n<\/ol>\n\n\n\n<p>Siguiendo estos consejos, podr\u00e1s imprimir tarjetas de visita que transmitan una imagen profesional y sean efectivas para promover tu marca o negocio.<\/p>\n","protected":false},"excerpt":{"rendered":"<p>Es posible imprimir tus propias&nbsp;tarjetas de presentaci\u00f3n&nbsp;desde casa, ya que lo \u00fanico que necesitar\u00e1s es tener una impresora con una calidad media-alta, adem\u00e1s de los soportes de papel adecuados en base a tus necesidades. A lo largo de este art\u00edculo te vamos a ense\u00f1ar el proceso detallado para que sepas c\u00f3mo hacerlo: Imprime tus tarjetas&hellip;&nbsp;<a href=\"https:\/\/quecartucho.es\/blog\/como-imprimir-tarjetas-de-presentacion\/\" rel=\"bookmark\">Leer m\u00e1s &raquo;<span class=\"screen-reader-text\">C\u00f3mo imprimir tarjetas de presentaci\u00f3n<\/span><\/a><\/p>\n","protected":false},"author":1,"featured_media":22244,"parent":0,"menu_order":0,"comment_status":"closed","ping_status":"closed","template":"","meta":{"neve_meta_sidebar":"","neve_meta_container":"","neve_meta_enable_content_width":"","neve_meta_content_width":0,"neve_meta_title_alignment":"","neve_meta_author_avatar":"","neve_post_elements_order":"","neve_meta_disable_header":"","neve_meta_disable_footer":"","neve_meta_disable_title":"","episode_type":"","audio_file":"","podmotor_file_id":"","podmotor_episode_id":"","cover_image":"","cover_image_id":"","duration":"","filesize":"","filesize_raw":"","date_recorded":"","explicit":"","block":"","footnotes":""},"class_list":["post-22240","page","type-page","status-publish","has-post-thumbnail","hentry"],"_links":{"self":[{"href":"https:\/\/quecartucho.es\/blog\/wp-json\/wp\/v2\/pages\/22240","targetHints":{"allow":["GET"]}}],"collection":[{"href":"https:\/\/quecartucho.es\/blog\/wp-json\/wp\/v2\/pages"}],"about":[{"href":"https:\/\/quecartucho.es\/blog\/wp-json\/wp\/v2\/types\/page"}],"author":[{"embeddable":true,"href":"https:\/\/quecartucho.es\/blog\/wp-json\/wp\/v2\/users\/1"}],"replies":[{"embeddable":true,"href":"https:\/\/quecartucho.es\/blog\/wp-json\/wp\/v2\/comments?post=22240"}],"version-history":[{"count":4,"href":"https:\/\/quecartucho.es\/blog\/wp-json\/wp\/v2\/pages\/22240\/revisions"}],"predecessor-version":[{"id":22247,"href":"https:\/\/quecartucho.es\/blog\/wp-json\/wp\/v2\/pages\/22240\/revisions\/22247"}],"wp:featuredmedia":[{"embeddable":true,"href":"https:\/\/quecartucho.es\/blog\/wp-json\/wp\/v2\/media\/22244"}],"wp:attachment":[{"href":"https:\/\/quecartucho.es\/blog\/wp-json\/wp\/v2\/media?parent=22240"}],"curies":[{"name":"wp","href":"https:\/\/api.w.org\/{rel}","templated":true}]}}