{"id":22443,"date":"2024-05-16T12:17:46","date_gmt":"2024-05-16T10:17:46","guid":{"rendered":"https:\/\/quecartucho.es\/blog\/?page_id=22443"},"modified":"2024-05-16T12:26:29","modified_gmt":"2024-05-16T10:26:29","slug":"cambiar-la-fuente-puede-ahorrar-tinta","status":"publish","type":"page","link":"https:\/\/quecartucho.es\/blog\/cambiar-la-fuente-puede-ahorrar-tinta\/","title":{"rendered":"\u00bfCambiar la fuente puede ahorrar tinta?"},"content":{"rendered":"\n<p>Encontrar formas de <strong><a href=\"https:\/\/quecartucho.es\/blog\/ahorrar-en-la-tinta-de-la-impresora-en-dos-pasos\/\" target=\"_blank\" rel=\"noreferrer noopener\">ahorrar tinta<\/a><\/strong> puede ser un desaf\u00edo. Desde consejos sobre el mantenimiento de impresoras, ofertas en <a href=\"https:\/\/quecartucho.es\/\" target=\"_blank\" rel=\"noreferrer noopener\"><strong>cartuchos compatibles<\/strong><\/a> e incluso programas de reciclaje, Quecartucho ofrece un servicio completo.<\/p>\n\n\n\n<p>Pero, <strong>\u00bfy si hubiera una fuente tipogr\u00e1fica que permitiera que sus cartuchos de tinta duraran m\u00e1s?<\/strong><\/p>\n\n\n\n<p>En 2015, un estudiante estadounidense propuso al gobierno que un cambio de tipograf\u00eda podr\u00eda ahorrarles hasta 400 millones de d\u00f3lares anuales. <strong><a href=\"https:\/\/suvirpmirchandani.com\/\" rel=\"nofollow noopener\" target=\"_blank\">Suvir Mirchandani<\/a><\/strong>, alumno de secundaria en Pittsburgh, public\u00f3 en el Journal of Emerging Investigators los resultados de sus experimentos sobre el consumo de tinta.<\/p>\n\n\n\n<p><strong><a href=\"https:\/\/edition.cnn.com\/2014\/03\/27\/living\/student-money-saving-typeface-garamond-schools\/index.html\" rel=\"nofollow noopener\" target=\"_blank\">CNN inform\u00f3 c\u00f3mo Suvir<\/a><\/strong>, al recibir cada vez m\u00e1s folletos tras empezar en una nueva escuela, se pregunt\u00f3 c\u00f3mo reducir el uso de tinta.<\/p>\n\n\n\n<p>\u00abAunque el gasto en impresi\u00f3n ha disminuido en los \u00faltimos a\u00f1os, sigue siendo alto y un peque\u00f1o cambio en la fuente podr\u00eda generar ahorros sustanciales\u00bb, explicaron Suvir y el profesor Peter Pinko en su estudio.<\/p>\n\n\n\n<div class=\"wp-block-columns is-layout-flex wp-container-core-columns-is-layout-9d6595d7 wp-block-columns-is-layout-flex\">\n<div class=\"wp-block-column is-vertically-aligned-center is-layout-flow wp-block-column-is-layout-flow\">\n<div class=\"wp-block-columns is-layout-flex wp-container-core-columns-is-layout-9d6595d7 wp-block-columns-is-layout-flex\">\n<div class=\"wp-block-column is-layout-flow wp-block-column-is-layout-flow\">\n<figure class=\"wp-block-image size-full\"><img loading=\"lazy\" decoding=\"async\" width=\"550\" height=\"508\" src=\"https:\/\/quecartucho.es\/blog\/wp-content\/uploads\/2024\/05\/\u00bfCambiar-la-fuente-puede-ahorrar-tinta-tipografia-que-consumen-menos-tinta.jpg\" alt=\"\u00bfCambiar la fuente puede ahorrar tinta tipografia que consumen menos tinta\" class=\"wp-image-22444\" title=\"\" srcset=\"https:\/\/quecartucho.es\/blog\/wp-content\/uploads\/2024\/05\/\u00bfCambiar-la-fuente-puede-ahorrar-tinta-tipografia-que-consumen-menos-tinta.jpg 550w, https:\/\/quecartucho.es\/blog\/wp-content\/uploads\/2024\/05\/\u00bfCambiar-la-fuente-puede-ahorrar-tinta-tipografia-que-consumen-menos-tinta-300x277.jpg 300w\" sizes=\"auto, (max-width: 550px) 100vw, 550px\" \/><\/figure>\n<\/div>\n\n\n\n<div class=\"wp-block-column is-layout-flow wp-block-column-is-layout-flow\">\n<p>Suvir descubri\u00f3 que cambiando a la fuente Garamond, con sus trazos finos y elegantes dise\u00f1ados por el editor franc\u00e9s del siglo XVI Claude Garamond, su distrito escolar podr\u00eda reducir el consumo de tinta en un 24%, ahorrando hasta 21.000 d\u00f3lares al a\u00f1o.<\/p>\n\n\n\n<p>Extendiendo esta cifra, sugiri\u00f3 que los gobiernos federal y estatal podr\u00edan ahorrar 370 millones de d\u00f3lares en total.<\/p>\n\n\n\n<p>A pesar de los enormes ahorros propuestos y los elogios recibidos por Suvir, surgieron dudas sobre sus hallazgos. Thomas Phinney, experto en tipograf\u00eda de Extensis, se\u00f1al\u00f3 en un blog que \u00ablas min\u00fasculas de Garamond son aproximadamente un 15% m\u00e1s peque\u00f1as que el promedio de las fuentes comparadas, mientras que sus may\u00fasculas son un 7,5% m\u00e1s peque\u00f1as\u00bb. Esto explica por qu\u00e9 <strong><a href=\"https:\/\/es.wikipedia.org\/wiki\/Garamond\" rel=\"nofollow noopener\" target=\"_blank\">Garamond<\/a><\/strong> usa menos tinta a igual tama\u00f1o de punto.<\/p>\n\n\n\n<p>Adem\u00e1s, se cuestion\u00f3 cu\u00e1ntas impresiones gubernamentales se realizaban con impresoras de inyecci\u00f3n de tinta o con <strong><a href=\"https:\/\/quecartucho.es\/16393-toneres\">t\u00f3neres<\/a><\/strong> l\u00e1ser en lugar de imprentas.<\/p>\n<\/div>\n<\/div>\n<\/div>\n<\/div>\n\n\n\n<p>La Universidad de Wisconsin tambi\u00e9n abord\u00f3 el tema en 2010, proponiendo que podr\u00edan ahorrar 10.000 d\u00f3lares anuales cambiando de Arial a Century Gothic, que utiliza un 30% menos de tinta. Sin embargo, como Century Gothic es m\u00e1s ancha, algunos documentos que cab\u00edan en una p\u00e1gina con Arial necesitar\u00edan dos con la nueva fuente, aumentando el uso de papel.<\/p>\n\n\n\n<p>En resumen, aunque hay estudios que apoyan el ahorro de tinta con ciertos cambios de fuentes, el impacto en la legibilidad y otros factores pr\u00e1cticos hacen que esta soluci\u00f3n no sea del todo clara. El equilibrio entre la calidad y los costos sigue siendo un desaf\u00edo.<br><br>Lo que s\u00ed te podemos asegurar es que si utilizas la <strong><a href=\"https:\/\/quecartucho.es\/16394-cartuchos-de-tinta\">tinta<\/a><\/strong> de QueCartucho.es, aunque gastes la misma cantidad de tinta con una fuente que con otra, el precio por copia ser\u00e1 mucho m\u00e1s barato. Adem\u00e1s, la calidad de la impresi\u00f3n, as\u00ed como la nitidez y legibilidad del texto, ser\u00e1 igual a la obtenida con tinta original.<\/p>\n\n\n\n<div class=\"wp-block-buttons is-content-justification-center is-layout-flex wp-container-core-buttons-is-layout-16018d1d wp-block-buttons-is-layout-flex\">\n<div class=\"wp-block-button\"><a class=\"wp-block-button__link has-nv-dark-bg-color has-text-color has-background has-link-color wp-element-button\" href=\"https:\/\/quecartucho.es\/\" style=\"background-color:#dbf7bd\">Clic AQU\u00cd para ver cuanto puedes empezar a ahorrar, comprando tu tinta compatible en Quecartucho.es<\/a><\/div>\n<\/div>\n","protected":false},"excerpt":{"rendered":"<p>Encontrar formas de ahorrar tinta puede ser un desaf\u00edo. Desde consejos sobre el mantenimiento de impresoras, ofertas en cartuchos compatibles e incluso programas de reciclaje, Quecartucho ofrece un servicio completo. Pero, \u00bfy si hubiera una fuente tipogr\u00e1fica que permitiera que sus cartuchos de tinta duraran m\u00e1s? En 2015, un estudiante estadounidense propuso al gobierno que&hellip;&nbsp;<a href=\"https:\/\/quecartucho.es\/blog\/cambiar-la-fuente-puede-ahorrar-tinta\/\" rel=\"bookmark\">Leer m\u00e1s &raquo;<span class=\"screen-reader-text\">\u00bfCambiar la fuente puede ahorrar tinta?<\/span><\/a><\/p>\n","protected":false},"author":1,"featured_media":22445,"parent":0,"menu_order":0,"comment_status":"open","ping_status":"closed","template":"","meta":{"neve_meta_sidebar":"","neve_meta_container":"","neve_meta_enable_content_width":"","neve_meta_content_width":0,"neve_meta_title_alignment":"","neve_meta_author_avatar":"","neve_post_elements_order":"","neve_meta_disable_header":"","neve_meta_disable_footer":"","neve_meta_disable_title":"","episode_type":"","audio_file":"","podmotor_file_id":"","podmotor_episode_id":"","cover_image":"","cover_image_id":"","duration":"","filesize":"","filesize_raw":"","date_recorded":"","explicit":"","block":"","footnotes":""},"class_list":["post-22443","page","type-page","status-publish","has-post-thumbnail","hentry"],"_links":{"self":[{"href":"https:\/\/quecartucho.es\/blog\/wp-json\/wp\/v2\/pages\/22443","targetHints":{"allow":["GET"]}}],"collection":[{"href":"https:\/\/quecartucho.es\/blog\/wp-json\/wp\/v2\/pages"}],"about":[{"href":"https:\/\/quecartucho.es\/blog\/wp-json\/wp\/v2\/types\/page"}],"author":[{"embeddable":true,"href":"https:\/\/quecartucho.es\/blog\/wp-json\/wp\/v2\/users\/1"}],"replies":[{"embeddable":true,"href":"https:\/\/quecartucho.es\/blog\/wp-json\/wp\/v2\/comments?post=22443"}],"version-history":[{"count":4,"href":"https:\/\/quecartucho.es\/blog\/wp-json\/wp\/v2\/pages\/22443\/revisions"}],"predecessor-version":[{"id":22448,"href":"https:\/\/quecartucho.es\/blog\/wp-json\/wp\/v2\/pages\/22443\/revisions\/22448"}],"wp:featuredmedia":[{"embeddable":true,"href":"https:\/\/quecartucho.es\/blog\/wp-json\/wp\/v2\/media\/22445"}],"wp:attachment":[{"href":"https:\/\/quecartucho.es\/blog\/wp-json\/wp\/v2\/media?parent=22443"}],"curies":[{"name":"wp","href":"https:\/\/api.w.org\/{rel}","templated":true}]}}