{"id":22453,"date":"2024-05-20T18:45:58","date_gmt":"2024-05-20T16:45:58","guid":{"rendered":"https:\/\/quecartucho.es\/blog\/?page_id=22453"},"modified":"2024-05-21T18:12:08","modified_gmt":"2024-05-21T16:12:08","slug":"por-que-mi-impresora-imprime-cortado","status":"publish","type":"page","link":"https:\/\/quecartucho.es\/blog\/por-que-mi-impresora-imprime-cortado\/","title":{"rendered":"\u00bfPor qu\u00e9 mi impresora imprime cortado?"},"content":{"rendered":"\n<div class=\"wp-block-columns is-layout-flex wp-container-core-columns-is-layout-9d6595d7 wp-block-columns-is-layout-flex\">\n<div class=\"wp-block-column is-vertically-aligned-center is-layout-flow wp-block-column-is-layout-flow\" style=\"flex-basis:66.66%\">\n<p>Imprimir documentos es fundamental tanto a nivel personal, como a nivel profesional. De entre los muchos problemas que se pueden dar durante este proceso, uno de los m\u00e1s habituales y dr\u00e1sticos puede ser cuando <strong>las l\u00edneas salen cortadas, con renglones incompletos.<\/strong><\/p>\n\n\n\n<p>Por supuesto, <strong><a href=\"https:\/\/quecartucho.es\/blog\/cuando-una-impresora-no-imprime-bien\/\">no podemos entregar un trabajo de esa manera, as\u00ed que es vital encontrar la soluci\u00f3n cuanto antes<\/a><\/strong> y aqu\u00ed vamos a intentarlo:<\/p>\n<\/div>\n\n\n\n<div class=\"wp-block-column is-layout-flow wp-block-column-is-layout-flow\" style=\"flex-basis:33.33%\">\n<figure class=\"wp-block-image size-full\"><img loading=\"lazy\" decoding=\"async\" width=\"373\" height=\"162\" src=\"https:\/\/quecartucho.es\/blog\/wp-content\/uploads\/2024\/05\/mi-impresora-imprime-cortado.jpg\" alt=\"mi  Impresora imprime cortado\" class=\"wp-image-22459\" title=\"\" srcset=\"https:\/\/quecartucho.es\/blog\/wp-content\/uploads\/2024\/05\/mi-impresora-imprime-cortado.jpg 373w, https:\/\/quecartucho.es\/blog\/wp-content\/uploads\/2024\/05\/mi-impresora-imprime-cortado-300x130.jpg 300w\" sizes=\"auto, (max-width: 373px) 100vw, 373px\" \/><\/figure>\n<\/div>\n<\/div>\n\n\n\n<p><\/p>\n\n\n\n<h3 class=\"wp-block-heading\">Motivos por los que las impresiones salen cortadas<\/h3>\n\n\n\n<p>Hay muchos posibles problemas que pueden afectar a la calidad de la impresora, como estos:<\/p>\n\n\n\n<h3 class=\"wp-block-heading\">1.&nbsp;&nbsp;&nbsp;&nbsp;&nbsp; Cartuchos de tinta o t\u00f3ner defectuosos<\/h3>\n\n\n\n<p>Si el <strong><a href=\"https:\/\/quecartucho.es\/\">cartucho de tinta<\/a><\/strong> est\u00e1 agotado o presenta alg\u00fan tipo de problema, puede ser la explicaci\u00f3n a que las impresiones salgan cortadas. Tambi\u00e9n podr\u00eda darse el caso de que el <strong>cartucho estuviera obstruido de forma parcial<\/strong>, lo que impedir\u00eda que la tinta se distribuyese de la forma correcta y da lugar a esa sensaci\u00f3n de que parece que haya impreso cortado.<\/p>\n\n\n\n<h3 class=\"wp-block-heading\">2.&nbsp;&nbsp;&nbsp;&nbsp;&nbsp; Cabezal de impresi\u00f3n sucio o da\u00f1ado<\/h3>\n\n\n\n<p>El <strong><a href=\"https:\/\/quecartucho.es\/blog\/que-es-un-cabezal-de-impresion\/\">cabezal de la impresora<\/a><\/strong> es una de las partes m\u00e1s importantes del aparato, por lo que un fallo en el mismo podr\u00eda producir tanto este, como muchos otros fallos.<\/p>\n\n\n\n<ul class=\"wp-block-list\">\n<li>Si est\u00e1 sucio o da\u00f1ado, se podr\u00edan producir impresiones que no se terminan de completar.<\/li>\n\n\n\n<li>En el caso de que se haya acumulado en el mismo trazas de tinta seca, restos de polvo o cualquier otro residuo, podr\u00eda legar a obstruir los inyectores del cabezal, hasta el punto de provocar este problema.<\/li>\n<\/ul>\n\n\n\n<h3 class=\"wp-block-heading\">3.&nbsp;&nbsp;&nbsp;&nbsp;&nbsp; Problemas de alineaci\u00f3n<\/h3>\n\n\n\n<p>Las impresoras necesitan de una alineaci\u00f3n muy precisa para que funcionen como deber\u00edan; en el caso de que los cabezales de impresi\u00f3n no se encuentren alineados, las impresiones podr\u00edan salir cortadas y desfasadas.<\/p>\n\n\n\n<p>As\u00ed que una <strong>simple <a href=\"https:\/\/quecartucho.es\/blog\/que-es-un-cabezal-de-impresion\/que-es-la-alineacion-de-cabezales\/\">alineaci\u00f3n<\/a><\/strong> podr\u00eda ser la soluci\u00f3n a ese problema al que llevas tanto tiempo d\u00e1ndole vueltas.<\/p>\n\n\n\n<h3 class=\"wp-block-heading\">4.&nbsp;&nbsp;&nbsp;&nbsp;&nbsp; Configuraci\u00f3n incorrecta<\/h3>\n\n\n\n<p>Hay muchas razones por las que se ha podido producir una configuraci\u00f3n incorrecta en el software o en el controlador de la impresora y tambi\u00e9n podr\u00edan llegar a causar todo tipo de problema. Por esta raz\u00f3n, es vital confirmar que las configuraciones coincidan con el tipo de papel que se est\u00e1 utilizando y con la calidad de impresi\u00f3n.<\/p>\n\n\n\n<p>Una alteraci\u00f3n de par\u00e1metros por un descuido tambi\u00e9n podr\u00eda responder al problema de <strong>por qu\u00e9 tu impresora imprime cortado<\/strong>.<\/p>\n\n\n\n<h3 class=\"wp-block-heading\">5.&nbsp;&nbsp;&nbsp;&nbsp;&nbsp; Problemas de hardware<\/h3>\n\n\n\n<p>En ciertos casos, el problema podr\u00eda estar relacionado con alguna pieza de hardware que vaya m\u00e1s all\u00e1 que la propia impresora, como cualquier mecanismo interno defectuoso que afecte al movimiento del papel o a los cabezales de impresi\u00f3n.<\/p>\n\n\n\n<h2 class=\"wp-block-heading\">Soluciones si tus impresoras salen cortadas de la impresora<\/h2>\n\n\n\n<p>Ahora que ya conocemos los principales problemas, vamos a estudiar las soluciones para que el problema no se vuelva a repetir:<\/p>\n\n\n\n<h3 class=\"wp-block-heading\">Revisi\u00f3n y reemplazo de los cartuchos de tinta o t\u00f3ner<\/h3>\n\n\n\n<p>El primer paso que te recomendamos seguir es <strong>analizar los cartuchos de tinta o de t\u00f3ner<\/strong>. Si se encuentran bajos de tinta, es el momento de reemplazarlos para solucionar el problema. Lo m\u00e1s recomendable es utilizar cartuchos de alta calidad que sean compatibles con tu modelo de impresora, o los problemas de impresi\u00f3n cortada seguir\u00e1n produci\u00e9ndose.<\/p>\n\n\n\n<p>Tambi\u00e9n podr\u00eda ser que hayas cambiado el cartucho y que tu impresora no lo est\u00e9 detectando o todav\u00eda muestre los niveles de tinta antiguos. En este caso, la mejor soluci\u00f3n es hacer un reseteo o contactar directamente con el servicio t\u00e9cnico para que te echen una mano.<\/p>\n\n\n\n<h3 class=\"wp-block-heading\">Limpieza del cabezal de impresi\u00f3n<\/h3>\n\n\n\n<p>C\u00f3mo ya hemos visto, los cabezales de impresi\u00f3n sucios son una de las causas m\u00e1s habituales de las impresiones cortadas. Para solucionarlo, las impresoras disponen de una <strong>funci\u00f3n de limpieza del cabezal que se puede activar desde el panel de control<\/strong> <strong>o desde el software de la impresora<\/strong>.<\/p>\n\n\n\n<p>Dependiendo del modelo, es posible que puedas hacer una limpieza sencilla o una m\u00e1s profunda. Tambi\u00e9n es posible que sea necesario llevar a cabo varias veces la limpieza para que se solucione el problema.<\/p>\n\n\n\n<h3 class=\"wp-block-heading\">Alineaci\u00f3n de los cabezales de impresi\u00f3n<\/h3>\n\n\n\n<p>Si, despu\u00e9s de haber hecho la limpieza de los cabezales anterior, seguimos en las mismas, es el momento de hacer una <strong>alineaci\u00f3n<\/strong>. Por lo general, esta es una funci\u00f3n que deber\u00eda estar presente desde el men\u00fa de mantenimiento de la impresora (en los modelos modernos se podr\u00e1 activar tanto desde el software, como desde la propia impresora a trav\u00e9s de una combinaci\u00f3n de botones o mediante la configuraci\u00f3n de la pantalla t\u00e1ctil).<\/p>\n\n\n\n<p>Con este proceso se consigue ajustar los cabezales para asegurar que se encuentren en la posici\u00f3n adecuada.<\/p>\n\n\n\n<h3 class=\"wp-block-heading\">Ajuste de las configuraciones de impresi\u00f3n<\/h3>\n\n\n\n<p>Aunque esto es obvio, puede que lo que est\u00e9 fallando en realidad es que no se haya escogido la configuraci\u00f3n correcta a la hora de imprimir. Por ejemplo, que quieras imprimir una fotograf\u00eda de m\u00e1xima calidad en papel fotogr\u00e1fico y hayas elegido papel normal, en A4.<\/p>\n\n\n\n<p>Obviamente, ni la calidad ser\u00e1 la adecuada, ni el formato ser\u00e1 correcto, por lo que es el momento de hacer una revisi\u00f3n y de determinar si no se ha cometido alg\u00fan error ah\u00ed.<\/p>\n\n\n\n<h3 class=\"wp-block-heading\">Revisar problemas de hardware<\/h3>\n\n\n\n<p>Una vez llegados a este punto, el problema puede ser m\u00e1s grave de lo que parece, as\u00ed que alg\u00fan componente interno podr\u00eda estar da\u00f1ado. Aqu\u00ed se pueden hacer varias cosas:<\/p>\n\n\n\n<ul class=\"wp-block-list\">\n<li><strong>Consultar el manual de usuario.<\/strong><\/li>\n\n\n\n<li><strong>Contactar con soporte t\u00e9cnico.<\/strong><\/li>\n\n\n\n<li><strong>Llevarlo al servicio de atenci\u00f3n al cliente.<\/strong><\/li>\n\n\n\n<li><strong>Comprar una nueva.<\/strong><\/li>\n<\/ul>\n\n\n<div id=\"rank-math-faq\" class=\"rank-math-block\">\n<div class=\"rank-math-list \">\n<div id=\"faq-question-1716223674436\" class=\"rank-math-list-item\">\n<h2 class=\"rank-math-question \">\u00bfC\u00f3mo hacer para que la impresi\u00f3n no salga cortada?<\/h2>\n<div class=\"rank-math-answer \">\n<img loading=\"lazy\" decoding=\"async\" width=\"150\" height=\"150\" src=\"https:\/\/quecartucho.es\/blog\/wp-content\/uploads\/2024\/05\/mi-impresora-imprime-cortado-soluci-n-150x150.jpeg\" class=\"alignright\" alt=\"\u00bfPor qu\u00e9 mi impresora imprime cortado?\" title=\"\">\n<p>Es importante distinguir cuando <strong><a href=\"https:\/\/quecartucho.es\/blog\/la-impresora-imprime-con-rayas\/\">la impresora imprime con rayas<\/a><\/strong> a cuando hay una parte de la impresora que no imprime. Determinado esto, ser\u00e1 m\u00e1s f\u00e1cil saber cu\u00e1l es el problema.<\/p>\n<p>Adem\u00e1s, te vamos a dar algunos consejos r\u00e1pidos para hacer que la impresi\u00f3n no salga cortada:<\/p>\n\n<\/div>\n<\/div>\n<\/div>\n<\/div>\n\n\n<p><\/p>\n\n\n\n<ul class=\"wp-block-list\">\n<li><strong>Mantenimiento regular: <\/strong>es importante que la impresora reciba un mantenimiento regular para evitar este tipo de problemas. Esto incluye limpiar de forma regular los cabezales de la impresi\u00f3n, hacer que la impresora est\u00e9 en un ambiente libre de polvo y reemplazarlos cartuchos de tinta en el momento en el que sea necesario.<\/li>\n\n\n\n<li><strong>Uso de papel de calidad: <\/strong>el tipo de papel que se use puede afectar a la calidad de la impresi\u00f3n. Es importante asegurarse de usar papel de la m\u00e1xima calidad para reducir la posibilidad de que aparezcan impresiones cortadas. Adem\u00e1s, tambi\u00e9n debes asegurarte de que <strong>el papel est\u00e1 alineado en la bandeja de entrada<\/strong>.<\/li>\n\n\n\n<li><strong>Actualizaci\u00f3n de controladores y firmware: <\/strong>tener los drivers y el firmware de la impresora actualizado tambi\u00e9n puede resolver muchos problemas de impresi\u00f3n. Los fabricantes suelen lanzar algunas actualizaciones con el objetivo de mejorar tanto la compatibilidad, como el rendimiento de sus perif\u00e9ricos.<\/li>\n<\/ul>\n\n\n\n<p>\u00a1Prep\u00e1rate para convertirte en el maestro de la impresi\u00f3n perfecta! Siguiendo estos simples pasos, podr\u00e1s asegurarte de que tu impresora funcione de maravilla, dejando atr\u00e1s esos molestos problemas de rayas y \u00e1reas en blanco. Y si resulta que el culpable es la <strong>tinta<\/strong>, no te preocupes. En <strong><a href=\"https:\/\/quecartucho.es\">Quecartucho.es<\/a><\/strong>, encontrar\u00e1s cartuchos compatibles que no solo son econ\u00f3micos, sino que tambi\u00e9n vienen con una garant\u00eda de calidad y copias perfectas por nada menos que 5 a\u00f1os. \u00a1As\u00ed que di adi\u00f3s a las impresiones defectuosas y hola a tus documentos impecables!<\/p>\n","protected":false},"excerpt":{"rendered":"<p>Imprimir documentos es fundamental tanto a nivel personal, como a nivel profesional. De entre los muchos problemas que se pueden dar durante este proceso, uno de los m\u00e1s habituales y dr\u00e1sticos puede ser cuando las l\u00edneas salen cortadas, con renglones incompletos. Por supuesto, no podemos entregar un trabajo de esa manera, as\u00ed que es vital&hellip;&nbsp;<a href=\"https:\/\/quecartucho.es\/blog\/por-que-mi-impresora-imprime-cortado\/\" rel=\"bookmark\">Leer m\u00e1s &raquo;<span class=\"screen-reader-text\">\u00bfPor qu\u00e9 mi impresora imprime cortado?<\/span><\/a><\/p>\n","protected":false},"author":1,"featured_media":22462,"parent":0,"menu_order":0,"comment_status":"open","ping_status":"closed","template":"","meta":{"neve_meta_sidebar":"","neve_meta_container":"","neve_meta_enable_content_width":"","neve_meta_content_width":0,"neve_meta_title_alignment":"","neve_meta_author_avatar":"","neve_post_elements_order":"","neve_meta_disable_header":"","neve_meta_disable_footer":"","neve_meta_disable_title":"","episode_type":"","audio_file":"","podmotor_file_id":"","podmotor_episode_id":"","cover_image":"","cover_image_id":"","duration":"","filesize":"","filesize_raw":"","date_recorded":"","explicit":"","block":"","footnotes":""},"class_list":["post-22453","page","type-page","status-publish","has-post-thumbnail","hentry"],"_links":{"self":[{"href":"https:\/\/quecartucho.es\/blog\/wp-json\/wp\/v2\/pages\/22453","targetHints":{"allow":["GET"]}}],"collection":[{"href":"https:\/\/quecartucho.es\/blog\/wp-json\/wp\/v2\/pages"}],"about":[{"href":"https:\/\/quecartucho.es\/blog\/wp-json\/wp\/v2\/types\/page"}],"author":[{"embeddable":true,"href":"https:\/\/quecartucho.es\/blog\/wp-json\/wp\/v2\/users\/1"}],"replies":[{"embeddable":true,"href":"https:\/\/quecartucho.es\/blog\/wp-json\/wp\/v2\/comments?post=22453"}],"version-history":[{"count":4,"href":"https:\/\/quecartucho.es\/blog\/wp-json\/wp\/v2\/pages\/22453\/revisions"}],"predecessor-version":[{"id":22458,"href":"https:\/\/quecartucho.es\/blog\/wp-json\/wp\/v2\/pages\/22453\/revisions\/22458"}],"wp:featuredmedia":[{"embeddable":true,"href":"https:\/\/quecartucho.es\/blog\/wp-json\/wp\/v2\/media\/22462"}],"wp:attachment":[{"href":"https:\/\/quecartucho.es\/blog\/wp-json\/wp\/v2\/media?parent=22453"}],"curies":[{"name":"wp","href":"https:\/\/api.w.org\/{rel}","templated":true}]}}