{"id":22466,"date":"2024-05-23T13:29:40","date_gmt":"2024-05-23T11:29:40","guid":{"rendered":"https:\/\/quecartucho.es\/blog\/?page_id=22466"},"modified":"2024-05-23T13:29:41","modified_gmt":"2024-05-23T11:29:41","slug":"como-se-que-toner-lleva-mi-impresora-y-sin-necesidad-de-recurrir-a-un-adivino","status":"publish","type":"page","link":"https:\/\/quecartucho.es\/blog\/toner-para-impresoras-compatibles\/como-se-que-toner-lleva-mi-impresora-y-sin-necesidad-de-recurrir-a-un-adivino\/","title":{"rendered":"\u00bfC\u00f3mo s\u00e9 qu\u00e9 t\u00f3ner lleva mi impresora? (y sin necesidad de recurrir a un adivino)"},"content":{"rendered":"\n<p>Sabemos que <strong>encontrar el t\u00f3ner adecuado para tu impresora<\/strong> puede ser un verdadero dolor de cabeza, pero no te preocupes, en Quecartucho estamos aqu\u00ed para ayudarte a despejar todas tus dudas con la sencillez y salero que nos caracteriza.<\/p>\n\n\n\n<p>As\u00ed que ya puedes borrar de tu lista de contactos el n\u00ba del adivino (a no ser que le quieras consultar otros temas\u2026). Con nuestros consejos <strong>saber qu\u00e9 <a href=\"https:\/\/quecartucho.es\/16393-toneres\">toner<\/a> lleva la impresora <\/strong>ser\u00e1 coser y cantar.<\/p>\n\n\n\n<h2 class=\"wp-block-heading\"><a><\/a>Conoce tu impresora<\/h2>\n\n\n\n<p>Lo primero que necesitas hacer es conocer bien tu impresora. Y no, con esto no queremos decir que la invites a un caf\u00e9 y trates de entablar una amistosa charla con ella.<\/p>\n\n\n\n<p>Nos referimos a que mires el modelo exacto que tienes. Esto suele aparecer en la parte frontal o trasera de la m\u00e1quina. Si no lo encuentras, busca en el manual de usuario o en la caja donde vino tu impresora. \u00a1S\u00ed, esa caja que probablemente est\u00e1 acumulando polvo en alg\u00fan rinc\u00f3n, esa que no tiras \u201cpor si acaso\u201d!<\/p>\n\n\n<div class=\"wp-block-image\">\n<figure class=\"aligncenter size-large\"><a href=\"https:\/\/quecartucho.es\/16393-toneres\"><img loading=\"lazy\" decoding=\"async\" width=\"1024\" height=\"683\" src=\"https:\/\/quecartucho.es\/blog\/wp-content\/uploads\/2024\/05\/caja-de-la-impresora-para-saber-que-toneres-usa-1024x683.jpg\" alt=\"Caja de la impresora, para saber los t\u00f3neres que usas\" class=\"wp-image-22467\" title=\"\" srcset=\"https:\/\/quecartucho.es\/blog\/wp-content\/uploads\/2024\/05\/caja-de-la-impresora-para-saber-que-toneres-usa-1024x683.jpg 1024w, https:\/\/quecartucho.es\/blog\/wp-content\/uploads\/2024\/05\/caja-de-la-impresora-para-saber-que-toneres-usa-300x200.jpg 300w, https:\/\/quecartucho.es\/blog\/wp-content\/uploads\/2024\/05\/caja-de-la-impresora-para-saber-que-toneres-usa-768x512.jpg 768w, https:\/\/quecartucho.es\/blog\/wp-content\/uploads\/2024\/05\/caja-de-la-impresora-para-saber-que-toneres-usa-1536x1024.jpg 1536w, https:\/\/quecartucho.es\/blog\/wp-content\/uploads\/2024\/05\/caja-de-la-impresora-para-saber-que-toneres-usa-2048x1365.jpg 2048w, https:\/\/quecartucho.es\/blog\/wp-content\/uploads\/2024\/05\/caja-de-la-impresora-para-saber-que-toneres-usa-930x620.jpg 930w\" sizes=\"auto, (max-width: 1024px) 100vw, 1024px\" \/><\/a><\/figure>\n<\/div>\n\n\n<h2 class=\"wp-block-heading\"><a><\/a>Consulta el manual<\/h2>\n\n\n\n<p>Lo sabemos. La frase \u201cconsulta el manual\u201d da palo de por s\u00ed.<\/p>\n\n\n\n<p>Pero haznos caso: el manual de usuario es una mina de oro de informaci\u00f3n. No solo te dice c\u00f3mo configurar tu impresora, sino tambi\u00e9n <strong>qu\u00e9 tipo de t\u00f3ner necesitas<\/strong>. Busca la secci\u00f3n que habla sobre los consumibles y ah\u00ed deber\u00eda estar indicado el modelo exacto del t\u00f3ner compatible con tu impresora.<\/p>\n\n\n\n<h2 class=\"wp-block-heading\"><a><\/a>Busca el t\u00f3ner viejo<\/h2>\n\n\n\n<p>Si ya has cambiado el t\u00f3ner antes, una manera f\u00e1cil de saber cu\u00e1l necesitas es mirar el viejo o su caja si la conservas. S\u00e1calo con cuidado y busca el n\u00famero de modelo. Anota este n\u00famero o t\u00f3male una foto con tu m\u00f3vil para que no se te olvide. \u00a1Y chim pum! Ahora tienes la informaci\u00f3n que necesitas.<\/p>\n\n\n\n<div class=\"wp-block-columns is-layout-flex wp-container-core-columns-is-layout-9d6595d7 wp-block-columns-is-layout-flex\">\n<div class=\"wp-block-column is-layout-flow wp-block-column-is-layout-flow\">\n<figure class=\"wp-block-image size-large\"><img loading=\"lazy\" decoding=\"async\" width=\"1024\" height=\"576\" src=\"https:\/\/quecartucho.es\/blog\/wp-content\/uploads\/2024\/05\/Caja-del-toner-para-saber-la-referencia-1024x576.jpg\" alt=\"Caja del toner para saber la referencia\" class=\"wp-image-22472\" title=\"\" srcset=\"https:\/\/quecartucho.es\/blog\/wp-content\/uploads\/2024\/05\/Caja-del-toner-para-saber-la-referencia-1024x576.jpg 1024w, https:\/\/quecartucho.es\/blog\/wp-content\/uploads\/2024\/05\/Caja-del-toner-para-saber-la-referencia-300x169.jpg 300w, https:\/\/quecartucho.es\/blog\/wp-content\/uploads\/2024\/05\/Caja-del-toner-para-saber-la-referencia-768x432.jpg 768w, https:\/\/quecartucho.es\/blog\/wp-content\/uploads\/2024\/05\/Caja-del-toner-para-saber-la-referencia-1536x864.jpg 1536w, https:\/\/quecartucho.es\/blog\/wp-content\/uploads\/2024\/05\/Caja-del-toner-para-saber-la-referencia-2048x1152.jpg 2048w\" sizes=\"auto, (max-width: 1024px) 100vw, 1024px\" \/><\/figure>\n<\/div>\n\n\n\n<div class=\"wp-block-column is-layout-flow wp-block-column-is-layout-flow\">\n<figure class=\"wp-block-image size-large\"><img loading=\"lazy\" decoding=\"async\" width=\"1024\" height=\"576\" src=\"https:\/\/quecartucho.es\/blog\/wp-content\/uploads\/2024\/05\/Ver-referencia-de-Toner-hp-colorpremium-1024x576.jpg\" alt=\"Ver referencia de Toner hp \" class=\"wp-image-22471\" title=\"\" srcset=\"https:\/\/quecartucho.es\/blog\/wp-content\/uploads\/2024\/05\/Ver-referencia-de-Toner-hp-colorpremium-1024x576.jpg 1024w, https:\/\/quecartucho.es\/blog\/wp-content\/uploads\/2024\/05\/Ver-referencia-de-Toner-hp-colorpremium-300x169.jpg 300w, https:\/\/quecartucho.es\/blog\/wp-content\/uploads\/2024\/05\/Ver-referencia-de-Toner-hp-colorpremium-768x432.jpg 768w, https:\/\/quecartucho.es\/blog\/wp-content\/uploads\/2024\/05\/Ver-referencia-de-Toner-hp-colorpremium-1536x864.jpg 1536w, https:\/\/quecartucho.es\/blog\/wp-content\/uploads\/2024\/05\/Ver-referencia-de-Toner-hp-colorpremium-2048x1152.jpg 2048w\" sizes=\"auto, (max-width: 1024px) 100vw, 1024px\" \/><\/figure>\n<\/div>\n<\/div>\n\n\n\n<h2 class=\"wp-block-heading\">Usa nuestro buscador (es <em>mega chachi<\/em>)<\/h2>\n\n\n\n<p>Lo m\u00e1s r\u00e1pido y c\u00f3modo es que nos preguntes,  (tel\u00e9fono <strong><strong><a href=\"tel:695042909\" target=\"_blank\" rel=\"noreferrer noopener\">695 042 909<\/a><\/strong><\/strong>, chat correo electr\u00f3nico comercial@quecartucho.es o <a href=\"https:\/\/api.whatsapp.com\/send\/?phone=%2B34695042909&amp;text&amp;app_absent=0\" target=\"_blank\" rel=\"noreferrer noopener nofollow\">whatsapp<\/a>) y que cualquier de nosotros, ya sea Pili, Toni, Meri, Jaume, Estela o yo Manuel te vamos a decir en un momento cu\u00e1l es y sin margen de error, pero s\u00ed estas en un horario que no coincide cuando trabajamos  puedes usar nuestro buscador.<\/p>\n\n\n\n<p>\u00bfTus intentos de b\u00fasqueda no han dado frutos?<br><br> No te preocupes. En <a href=\"http:\/\/quecartucho.es\/\"><u>nuestra web<\/u><\/a> tenemos un buscador que es puro amor. Solo necesitas ingresar el modelo de tu impresora y te llevar\u00e1 directamente a la secci\u00f3n donde est\u00e1n los consumibles adecuados para tu m\u00e1quina. Es como tener tu asistente personal de t\u00f3ner disponible las 24 horas.<\/p>\n\n\n\n<p>As\u00ed que ya lo sabes, <strong>saber qu\u00e9 t\u00f3ner lleva tu impresora<\/strong> no tiene por qu\u00e9 ser una tarea digna de <em>Las 12 pruebas de Ast\u00e9rix<\/em>. Conociendo tu modelo, consultando el manual, revisando el t\u00f3ner viejo, pregunt\u00e1ndonos o utilizando nuestro buscador en l\u00ednea, lo tendr\u00e1s solucionado en un <em>plis plas<\/em>.<\/p>\n\n\n\n<p>Y recuerda, en Quecartucho estamos aqu\u00ed para hacerte la vida m\u00e1s f\u00e1cil y para lograr que no imprimas documentos ni fotos\u2026 <strong>\u00a1Que imprimas felicidad!<\/strong><\/p>\n","protected":false},"excerpt":{"rendered":"<p>Sabemos que encontrar el t\u00f3ner adecuado para tu impresora puede ser un verdadero dolor de cabeza, pero no te preocupes, en Quecartucho estamos aqu\u00ed para ayudarte a despejar todas tus dudas con la sencillez y salero que nos caracteriza. As\u00ed que ya puedes borrar de tu lista de contactos el n\u00ba del adivino (a no&hellip;&nbsp;<a href=\"https:\/\/quecartucho.es\/blog\/toner-para-impresoras-compatibles\/como-se-que-toner-lleva-mi-impresora-y-sin-necesidad-de-recurrir-a-un-adivino\/\" rel=\"bookmark\">Leer m\u00e1s &raquo;<span class=\"screen-reader-text\">\u00bfC\u00f3mo s\u00e9 qu\u00e9 t\u00f3ner lleva mi impresora? (y sin necesidad de recurrir a un adivino)<\/span><\/a><\/p>\n","protected":false},"author":1,"featured_media":22476,"parent":464,"menu_order":0,"comment_status":"open","ping_status":"closed","template":"","meta":{"neve_meta_sidebar":"","neve_meta_container":"","neve_meta_enable_content_width":"","neve_meta_content_width":0,"neve_meta_title_alignment":"","neve_meta_author_avatar":"","neve_post_elements_order":"","neve_meta_disable_header":"","neve_meta_disable_footer":"","neve_meta_disable_title":"","episode_type":"","audio_file":"","podmotor_file_id":"","podmotor_episode_id":"","cover_image":"","cover_image_id":"","duration":"","filesize":"","filesize_raw":"","date_recorded":"","explicit":"","block":"","footnotes":""},"class_list":["post-22466","page","type-page","status-publish","has-post-thumbnail","hentry"],"_links":{"self":[{"href":"https:\/\/quecartucho.es\/blog\/wp-json\/wp\/v2\/pages\/22466","targetHints":{"allow":["GET"]}}],"collection":[{"href":"https:\/\/quecartucho.es\/blog\/wp-json\/wp\/v2\/pages"}],"about":[{"href":"https:\/\/quecartucho.es\/blog\/wp-json\/wp\/v2\/types\/page"}],"author":[{"embeddable":true,"href":"https:\/\/quecartucho.es\/blog\/wp-json\/wp\/v2\/users\/1"}],"replies":[{"embeddable":true,"href":"https:\/\/quecartucho.es\/blog\/wp-json\/wp\/v2\/comments?post=22466"}],"version-history":[{"count":2,"href":"https:\/\/quecartucho.es\/blog\/wp-json\/wp\/v2\/pages\/22466\/revisions"}],"predecessor-version":[{"id":22477,"href":"https:\/\/quecartucho.es\/blog\/wp-json\/wp\/v2\/pages\/22466\/revisions\/22477"}],"up":[{"embeddable":true,"href":"https:\/\/quecartucho.es\/blog\/wp-json\/wp\/v2\/pages\/464"}],"wp:featuredmedia":[{"embeddable":true,"href":"https:\/\/quecartucho.es\/blog\/wp-json\/wp\/v2\/media\/22476"}],"wp:attachment":[{"href":"https:\/\/quecartucho.es\/blog\/wp-json\/wp\/v2\/media?parent=22466"}],"curies":[{"name":"wp","href":"https:\/\/api.w.org\/{rel}","templated":true}]}}