{"id":22542,"date":"2024-06-13T15:58:16","date_gmt":"2024-06-13T13:58:16","guid":{"rendered":"https:\/\/quecartucho.es\/blog\/?page_id=22542"},"modified":"2024-06-25T09:35:30","modified_gmt":"2024-06-25T07:35:30","slug":"como-imprimir-barato","status":"publish","type":"page","link":"https:\/\/quecartucho.es\/blog\/como-imprimir-barato\/","title":{"rendered":"C\u00f3mo imprimir barato"},"content":{"rendered":"\n<p>La <strong><a href=\"https:\/\/quecartucho.es\/\">tinta de impresora<\/a><\/strong> es uno de los l\u00edquidos m\u00e1s caros que existen en el mundo, por lo que es muy importante encontrar la manera de ahorrar costes para conseguir que dure lo m\u00e1ximo posible. A lo largo de estas secciones, te vamos a ayudar a conseguirlo con una serie de consejos que te resultar\u00e1n muy \u00fatiles:<\/p>\n\n\n\n<h2 class=\"wp-block-heading\"><strong>No compres una impresora barata<\/strong><\/h2>\n\n\n\n<p><\/p>\n\n\n\n<p>Uno de los mayores errores que cometemos a la hora de comprar una impresora es decantarnos por una muy econ\u00f3mica. Esto no solo afectar\u00e1 a la calidad de la impresi\u00f3n, sino tambi\u00e9n a la <strong>manera de aprovechar el cartucho, es decir, la tinta tendr\u00e1 menos rendimiento<\/strong>. Por otra parte, la mayor\u00eda de las <strong><a href=\"https:\/\/quecartucho.es\/blog\/impresoras-baratas\/\">impresoras baratas<\/a><\/strong> tienen cartuchos caros, as\u00ed que realmente no est\u00e1s ahorrando nada.<\/p>\n\n\n\n<p><\/p>\n\n\n\n<div class=\"wp-block-columns is-layout-flex wp-container-core-columns-is-layout-9d6595d7 wp-block-columns-is-layout-flex\">\n<div class=\"wp-block-column is-layout-flow wp-block-column-is-layout-flow\">\n<p>Tambi\u00e9n debes considerar que las impresoras econ\u00f3micas suelen tener un tiempo de vida \u00fatil mucho m\u00e1s corto y tener problemas de rendimiento de gran importancia: podr\u00edamos estar hablando de <strong>atascos de papel, errores de impresi\u00f3n o problemas de conectividad<\/strong>. Es decir: si lo que <strong>ahorras en tinta<\/strong> te lo tienes que gastar en el servicio t\u00e9cnico, es muy probable que no te merezca la pena hacer la inversi\u00f3n.<\/p>\n\n\n\n<p>Invertir en una impresora de mayor calidad te garantiza que tus impresiones ser\u00e1n m\u00e1s n\u00edtidas y precisas, pero que al mismo tiempo se reducir\u00e1 el consumo a lo m\u00ednimo posible.<\/p>\n\n\n\n<p>Las impresoras de alta gama tambi\u00e9n se presentan con algunas caracter\u00edsticas extra muy \u00fatiles, como impresi\u00f3n a doble cara, conexi\u00f3n WiFi, escaneo, conexi\u00f3n con dispositivos m\u00f3viles, etc.<\/p>\n<\/div>\n\n\n\n<div class=\"wp-block-column is-layout-flow wp-block-column-is-layout-flow\">\n<figure class=\"wp-block-image size-full\"><img loading=\"lazy\" decoding=\"async\" width=\"512\" height=\"384\" src=\"https:\/\/quecartucho.es\/blog\/wp-content\/uploads\/2024\/06\/imprimir-a-buen-precio.jpg\" alt=\"imprimir a buen precio\" class=\"wp-image-22545\" title=\"\" srcset=\"https:\/\/quecartucho.es\/blog\/wp-content\/uploads\/2024\/06\/imprimir-a-buen-precio.jpg 512w, https:\/\/quecartucho.es\/blog\/wp-content\/uploads\/2024\/06\/imprimir-a-buen-precio-300x225.jpg 300w\" sizes=\"auto, (max-width: 512px) 100vw, 512px\" \/><\/figure>\n<\/div>\n<\/div>\n\n\n\n<p><\/p>\n\n\n\n<h2 class=\"wp-block-heading\"><strong>Prescinde del color siempre que puedas<\/strong><\/h2>\n\n\n\n<p>Imprimir a color puede disparar los costes de la impresi\u00f3n y, siendo francos, esto no es siempre necesario.<\/p>\n\n\n\n<ul class=\"wp-block-list\">\n<li>\u00a0 \u00a0 \u00a0 \u00a0 <strong>El precio de los cartuchos de tinta a color es m\u00e1s caro que el de los cartuchos de tinta negra<\/strong>. Pero todav\u00eda es peor: algunas impresoras requieren hacer el cambio del cartucho completo, incluso aunque solo se haya agotado un solo color. Por ejemplo, si se agota el magenta, no podr\u00e1s imprimir con los otros colores, lo que supone un desperdicio de recursos.<\/li>\n\n\n\n<li>\u00a0 \u00a0 \u00a0 \u00a0 <strong>La mayor\u00eda de los documentos que imprimes en casa o en la oficina<\/strong> <strong>no necesitan estar en color<\/strong>; es m\u00e1s, podr\u00edan estar impresos con una calidad baja (<a href=\"https:\/\/quecartucho.es\/blog\/como-imprimir-en-borrador\/\">borrador<\/a>) y no importar\u00eda nada.<\/li>\n<\/ul>\n\n\n\n<div class=\"wp-block-columns are-vertically-aligned-center is-layout-flex wp-container-core-columns-is-layout-9d6595d7 wp-block-columns-is-layout-flex\">\n<div class=\"wp-block-column is-vertically-aligned-center is-layout-flow wp-block-column-is-layout-flow\">\n<p>Por esta raz\u00f3n, nosotros te recomendamos que configures tu impresora para <strong>imprimir en blanco y negro<\/strong> de forma predeterminada (si tuvieses que cambiar a color en alg\u00fan momento, podr\u00e1s hacerlo c\u00f3modamente desde el panel de la impresora). De la misma manera, eval\u00faa siempre el tipo de documento que necesitas imprimir: para la gran mayor\u00eda de los documentos de texto, ser\u00e1 m\u00e1s que suficiente la impresi\u00f3n en blanco y negro. Sin embargo, el color puede ser necesario para presentaciones, gr\u00e1ficos con un alto nivel de detalle o materiales de marketing.<\/p>\n<\/div>\n\n\n\n<div class=\"wp-block-column is-vertically-aligned-center is-layout-flow wp-block-column-is-layout-flow\">\n<figure class=\"wp-block-image size-full\"><img loading=\"lazy\" decoding=\"async\" width=\"572\" height=\"250\" src=\"https:\/\/quecartucho.es\/blog\/wp-content\/uploads\/2024\/06\/imprimir-barato-y-sostenible-en-blanco-y-negro.png\" alt=\"imprimir barato y sostenible en blanco y negro\" class=\"wp-image-22547\" title=\"\" srcset=\"https:\/\/quecartucho.es\/blog\/wp-content\/uploads\/2024\/06\/imprimir-barato-y-sostenible-en-blanco-y-negro.png 572w, https:\/\/quecartucho.es\/blog\/wp-content\/uploads\/2024\/06\/imprimir-barato-y-sostenible-en-blanco-y-negro-300x131.png 300w\" sizes=\"auto, (max-width: 572px) 100vw, 572px\" \/><\/figure>\n<\/div>\n<\/div>\n\n\n\n<h2 class=\"wp-block-heading\"><strong>Cartuchos compatibles de calidad: Colorpremium<\/strong><\/h2>\n\n\n\n<p>Uno de los m\u00e9todos m\u00e1s efectivos para reducir los gastos de impresi\u00f3n sin sacrificar la calidad es el uso de <strong><a href=\"https:\/\/quecartucho.es\/16394-cartuchos-de-tinta\">cartuchos compatibles de alta calidad<\/a><\/strong>, como los de la marca <strong>Colorpremium<\/strong>. A continuaci\u00f3n, te explicamos por qu\u00e9 estos cartuchos son una excelente opci\u00f3n:<\/p>\n\n\n\n<ol class=\"wp-block-list\">\n<li>\u00a0 \u00a0 \u00a0 <strong>Precios m\u00e1s bajos: <\/strong>estos cartuchos compatibles son m\u00e1s econ\u00f3micos que los originales de las marcas, as\u00ed que puedes reducir tus gastos de impresi\u00f3n sin sacrificar calidad.<\/li>\n\n\n\n<li>\u00a0 \u00a0 \u00a0 <strong>Gran calidad: <\/strong>estos cartuchos son sometidos a todo tipo de pruebas de calidad para garantizar que el rendimiento ser\u00e1 \u00f3ptimo y constante.<\/li>\n\n\n\n<li>\u00a0 \u00a0 \u00a0 <strong>Garant\u00edas: <\/strong>Colorpremium ofrece garant\u00eda y soporte t\u00e9cnico para sus productos hasta 5 a\u00f1os; en el caso de que tengas alg\u00fan tipo de problema, podr\u00e1n ofrecerte una soluci\u00f3n.<\/li>\n\n\n\n<li>\u00a0 \u00a0 \u00a0 <strong>Respeto del medio ambiente:<\/strong> El uso de <strong><a href=\"https:\/\/quecartucho.es\/blog\/cartuchos\/\" data-type=\"link\" data-id=\"https:\/\/quecartucho.es\/blog\/cartuchos\/\">cartuchos compatibles<\/a><\/strong> tambi\u00e9n puede ser una opci\u00f3n m\u00e1s ecol\u00f3gica. Usando estos cartuchos estar\u00e1s aportando tu peque\u00f1o granito de arena al medio ambiente.<\/li>\n<\/ol>\n\n\n<div class=\"wp-block-image\">\n<figure class=\"aligncenter size-full\"><img loading=\"lazy\" decoding=\"async\" width=\"928\" height=\"486\" src=\"https:\/\/quecartucho.es\/blog\/wp-content\/uploads\/2024\/06\/Cartuchos-compatibles-de-calidad-Colorpremium.jpg\" alt=\"Cartuchos compatibles de calidad Colorpremium\" class=\"wp-image-22549\" title=\"\" srcset=\"https:\/\/quecartucho.es\/blog\/wp-content\/uploads\/2024\/06\/Cartuchos-compatibles-de-calidad-Colorpremium.jpg 928w, https:\/\/quecartucho.es\/blog\/wp-content\/uploads\/2024\/06\/Cartuchos-compatibles-de-calidad-Colorpremium-300x157.jpg 300w, https:\/\/quecartucho.es\/blog\/wp-content\/uploads\/2024\/06\/Cartuchos-compatibles-de-calidad-Colorpremium-768x402.jpg 768w\" sizes=\"auto, (max-width: 928px) 100vw, 928px\" \/><\/figure>\n<\/div>\n\n\n<h2 class=\"wp-block-heading\"><strong>C\u00f3mo imprimir de manera econ\u00f3mica sin renunciar a la calidad<\/strong><\/h2>\n\n\n\n<p>Aqu\u00ed te podr\u00e1s algunos consejos para imprimir de manera econ\u00f3mica, manteniendo siempre la mejor calidad:<\/p>\n\n\n\n<p>Imprimir de manera econ\u00f3mica sin sacrificar la calidad es posible con algunos ajustes y pr\u00e1cticas recomendadas. Aqu\u00ed te presentamos algunos consejos \u00fatiles.<\/p>\n\n\n\n<ul class=\"wp-block-list\">\n<li>\u00a0 \u00a0 \u00a0 \u00a0 <strong>Ajustes de calidad de impresi\u00f3n:<\/strong> a d\u00eda de hoy, las impresoras permiten ajustar la calidad de impresi\u00f3n. Para documentos de texto o borradores, selecciona la opci\u00f3n de calidad baja o borrador. Esta opci\u00f3n utiliza menos tinta y hace que la impresi\u00f3n sea m\u00e1s r\u00e1pida.<\/li>\n\n\n\n<li>\u00a0 \u00a0 \u00a0 \u00a0 <strong>Usa papel adecuado:<\/strong> el tipo de papel que utilizas puede afectar a la calidad de impresi\u00f3n. Para documentos cotidianos, utiliza papel de un gramaje inferior que es m\u00e1s econ\u00f3mico. Para impresiones de alta calidad, usa papel especial que pueda resaltar los colores y detalles.<\/li>\n\n\n\n<li>\u00a0 \u00a0 \u00a0 \u00a0 <strong>Mant\u00e9n tu impresora en buen estado:<\/strong> realizar mantenimiento regular a tu impresora, como limpiar los cabezales de impresi\u00f3n y asegurarte de que los cartuchos est\u00e9n bien instalados, puede mejorar la calidad de impresi\u00f3n y reducir desperdicios.<\/li>\n\n\n\n<li>\u00a0 \u00a0 \u00a0 \u00a0 <strong>Optimiza el dise\u00f1o del documento:<\/strong> reduce el uso de gr\u00e1ficos y fondos con muchos colores en tus documentos para ahorrar tinta. En lugar de ello, apuesta por dise\u00f1os simples y claros que utilicen menos tinta sin afectar a la calidad de la lectura.<\/li>\n\n\n\n<li>\u00a0 \u00a0 \u00a0 \u00a0 <strong>Software de gesti\u00f3n de impresi\u00f3n:<\/strong> utiliza software de gesti\u00f3n de impresi\u00f3n que te permita controlar y optimizar tus trabajos de impresi\u00f3n. Algunas aplicaciones pueden reducir autom\u00e1ticamente el uso de tinta, agrupar trabajos de impresi\u00f3n y eliminar p\u00e1ginas innecesarias.<\/li>\n\n\n\n<li>\u00a0 \u00a0 \u00a0 \u00a0 <strong>Reutilizaci\u00f3n de papel:<\/strong> Para impresiones que no sean importantes, tambi\u00e9n puedes reutilizar papel impreso por un solo lado. Esta pr\u00e1ctica es especialmente \u00fatil para borradores y notas internas.<\/li>\n<\/ul>\n\n\n\n<p><\/p>\n\n\n\n<h2 class=\"wp-block-heading\"><strong>\u00bfC\u00f3mo imprimir en modo econ\u00f3mico?<\/strong><\/h2>\n\n\n\n<p>En este apartado vamos a detallar, paso a paso, c\u00f3mo hacer impresiones en modo econ\u00f3mico:<\/p>\n\n\n\n<h3 class=\"wp-block-heading\"><strong>a)<\/strong>&nbsp; &nbsp; &nbsp; <strong>Windows<\/strong><\/h3>\n\n\n\n<p>En Windows, tan solo sigue estos pasos:<\/p>\n\n\n\n<ol class=\"wp-block-list\">\n<li>\u00a0 \u00a0 \u00a0 Accede al <strong>Panel de control<\/strong> (puedes escribirlo en la barra de b\u00fasqueda a partir de Windows 7 para que sea m\u00e1s r\u00e1pido) y busca la opci\u00f3n de impresoras o dispositivos de impresoras.<\/li>\n\n\n\n<li>\u00a0 \u00a0 \u00a0 Elige tu impresora (que suele ser la predeterminada). Haz clic derecho sobre la misma.<\/li>\n\n\n\n<li>\u00a0 \u00a0 \u00a0 Ahora pulsa en la pesta\u00f1a de calidad y marca en <strong>Borrador o Econ\u00f3mico.<\/strong><\/li>\n<\/ol>\n\n\n\n<h3 class=\"wp-block-heading\"><strong>b)<\/strong>&nbsp; &nbsp; &nbsp; <strong>MacOS<\/strong><\/h3>\n\n\n\n<p>Aunque el proceso en MacOS es intuitivo, aqu\u00ed vamos a ver tambi\u00e9n los pasos que debes hacer para conseguir que la impresi\u00f3n sea econ\u00f3mica en este S.O:<\/p>\n\n\n\n<ol class=\"wp-block-list\">\n<li>\u00a0 \u00a0 \u00a0 Abre la opci\u00f3n de <strong>preferencias de sistema <\/strong>y busca \u201cImpresoras y esc\u00e1neres\u201d.<\/li>\n\n\n\n<li>\u00a0 \u00a0 \u00a0 Elige tu impresora y marca en \u201cOpciones y suministros\u201d (el nombre exacto de la opci\u00f3n puede variar dependiendo del sistema operativo en cuesti\u00f3n.<\/li>\n\n\n\n<li>\u00a0 \u00a0 \u00a0 Ahora accede al men\u00fa de <strong>calidad de impresi\u00f3n<\/strong> y mara en <strong>borrador o econ\u00f3mico.<\/strong><\/li>\n<\/ol>\n\n\n\n<p>Gracias a este modo, podr\u00e1s reducir la cantidad de tinta que utilices, adem\u00e1s de acelerar el proceso de cada impresi\u00f3n. Como ya hemos indicado, este modo es perfecto para borradores y para documentos que no sean importantes.<\/p>\n\n\n<div class=\"wp-block-image\">\n<figure class=\"aligncenter size-large\"><img loading=\"lazy\" decoding=\"async\" width=\"1024\" height=\"438\" src=\"https:\/\/quecartucho.es\/blog\/wp-content\/uploads\/2024\/06\/la-mejor-forma-de-imprimir-barato-1024x438.webp\" alt=\"la mejor forma de imprimir \" class=\"wp-image-22546\" title=\"\" srcset=\"https:\/\/quecartucho.es\/blog\/wp-content\/uploads\/2024\/06\/la-mejor-forma-de-imprimir-barato-1024x438.webp 1024w, https:\/\/quecartucho.es\/blog\/wp-content\/uploads\/2024\/06\/la-mejor-forma-de-imprimir-barato-300x128.webp 300w, https:\/\/quecartucho.es\/blog\/wp-content\/uploads\/2024\/06\/la-mejor-forma-de-imprimir-barato-768x328.webp 768w, https:\/\/quecartucho.es\/blog\/wp-content\/uploads\/2024\/06\/la-mejor-forma-de-imprimir-barato.webp 1170w\" sizes=\"auto, (max-width: 1024px) 100vw, 1024px\" \/><\/figure>\n<\/div>\n\n\n<h2 class=\"wp-block-heading\"><strong>\u00bfC\u00f3mo bajar la calidad de las impresiones?<\/strong><\/h2>\n\n\n\n<p>El proceso para bajar la calidad de las impresiones es el mismo que hemos indicado en el apartado anterior, siendo la calidad m\u00e1s baja la de Borrador. Lo \u00fanico que tendr\u00e1s que determinar es qu\u00e9 tipo de calidad est\u00e1s utilizando en ese momento y descenderla a la que corresponda.<\/p>\n\n\n\n<p>Por ejemplo, si ahora mismo estabas usando la \u201ccalidad m\u00e1xima\u201d para tus impresiones, estar\u00edas gastando mucho. En lugar de ello, puede probar con la calidad \u201cnormal\u201d o directamente con \u201cborrador\u201d.<\/p>\n\n\n\n<h2 class=\"wp-block-heading\"><strong>\u00bfCu\u00e1l es el principal inconveniente de imprimir en modo econ\u00f3mico?<\/strong><\/h2>\n\n\n\n<p>Sin embargo, el hecho de imprimir en modo econ\u00f3mico entra\u00f1a una serie de inconvenientes que debes considerar. En este punto, nos vamos a centrar en los 4 m\u00e1s importantes:<\/p>\n\n\n\n<h3 class=\"wp-block-heading\"><strong>1. Calidad de impresi\u00f3n reducida<\/strong><\/h3>\n\n\n\n<p>El modo econ\u00f3mico utiliza menos tinta, lo que puede resultar en impresiones de menor calidad y con menor definici\u00f3n. Los detalles finos pueden perderse, y las \u00e1reas con mucho texto o gr\u00e1ficos pueden parecer borrosas o descoloridas.<\/p>\n\n\n\n<p>Ten en cuenta si es la calidad adecuada para el trabajo de ese momento.<\/p>\n\n\n\n<h3 class=\"wp-block-heading\"><strong>2. Uso limitado<\/strong><\/h3>\n\n\n\n<p>Debido a la menor calidad, el modo econ\u00f3mico no es adecuado para documentos que necesitan presentarse de manera profesional, como informes, presentaciones o cualquier material que requiera alta calidad de imagen y texto.<\/p>\n\n\n\n<h3 class=\"wp-block-heading\"><strong>3.<\/strong>\u00a0<strong>Desgaste de la impresora<\/strong><\/h3>\n\n\n\n<p>En algunos casos, el uso continuo del modo econ\u00f3mico puede acelerar el desgaste de los cabezales de impresi\u00f3n, ya que la impresora puede estar trabajando con un rendimiento m\u00e1s elevado para producir impresiones con menos tinta.<\/p>\n\n\n\n<h3 class=\"wp-block-heading\"><strong>4.<\/strong>\u00a0<strong>Problemas de compatibilidad de papel<\/strong><\/h3>\n\n\n\n<p>Al imprimir en modo econ\u00f3mico, la impresora puede tener dificultades para manejar ciertos tipos de papel, especialmente aquellos dise\u00f1ados para impresiones de alta calidad. Esto puede derivar en atascos de papel o impresiones irregulares.<\/p>\n\n\n\n<h2 class=\"wp-block-heading\"><strong>D\u00f3nde comprar T\u00f3ner y Cartuchos Compatibles para imprimir Low Cost.<\/strong> <strong>Quecartucho.es<\/strong><\/h2>\n\n\n\n<p>Si quieres ahorrar de verdad y encontrar la respuesta a la pregunta de <strong>c\u00f3mo imprimir barato<\/strong>, te recomendamos que lo hagas en Low Cost. A trav\u00e9s de nuestra p\u00e1gina podr\u00e1s encontrar cartuchos compatibles que se adaptar\u00e1n a tu tipo y modelo de impresora, a un coste que realmente se adaptar\u00e1 a tu presupuesto.<\/p>\n\n\n\n<p>\u00a1Ahora es el momento de empezar a <strong><a href=\"https:\/\/quecartucho.es\/blog\/ahorrar-en-la-tinta-de-la-impresora-en-dos-pasos\/\">ahorrar en tinta<\/a><\/strong>\u2026 y m\u00e1s teniendo en cuenta los precios que ha alcanzado en los \u00faltimos a\u00f1os! Gracias a Quecartucho.es lo tienes f\u00e1cil: es hora de hacerte con los consumibles que necesitas para cualquier tipo de proyecto.<\/p>\n","protected":false},"excerpt":{"rendered":"<p>La tinta de impresora es uno de los l\u00edquidos m\u00e1s caros que existen en el mundo, por lo que es muy importante encontrar la manera de ahorrar costes para conseguir que dure lo m\u00e1ximo posible. A lo largo de estas secciones, te vamos a ayudar a conseguirlo con una serie de consejos que te resultar\u00e1n&hellip;&nbsp;<a href=\"https:\/\/quecartucho.es\/blog\/como-imprimir-barato\/\" rel=\"bookmark\">Leer m\u00e1s &raquo;<span class=\"screen-reader-text\">C\u00f3mo imprimir barato<\/span><\/a><\/p>\n","protected":false},"author":1,"featured_media":22543,"parent":0,"menu_order":0,"comment_status":"closed","ping_status":"closed","template":"","meta":{"neve_meta_sidebar":"","neve_meta_container":"","neve_meta_enable_content_width":"","neve_meta_content_width":0,"neve_meta_title_alignment":"","neve_meta_author_avatar":"","neve_post_elements_order":"","neve_meta_disable_header":"","neve_meta_disable_footer":"","neve_meta_disable_title":"","episode_type":"","audio_file":"","podmotor_file_id":"","podmotor_episode_id":"","cover_image":"","cover_image_id":"","duration":"","filesize":"","filesize_raw":"","date_recorded":"","explicit":"","block":"","footnotes":""},"class_list":["post-22542","page","type-page","status-publish","has-post-thumbnail","hentry"],"_links":{"self":[{"href":"https:\/\/quecartucho.es\/blog\/wp-json\/wp\/v2\/pages\/22542","targetHints":{"allow":["GET"]}}],"collection":[{"href":"https:\/\/quecartucho.es\/blog\/wp-json\/wp\/v2\/pages"}],"about":[{"href":"https:\/\/quecartucho.es\/blog\/wp-json\/wp\/v2\/types\/page"}],"author":[{"embeddable":true,"href":"https:\/\/quecartucho.es\/blog\/wp-json\/wp\/v2\/users\/1"}],"replies":[{"embeddable":true,"href":"https:\/\/quecartucho.es\/blog\/wp-json\/wp\/v2\/comments?post=22542"}],"version-history":[{"count":4,"href":"https:\/\/quecartucho.es\/blog\/wp-json\/wp\/v2\/pages\/22542\/revisions"}],"predecessor-version":[{"id":22554,"href":"https:\/\/quecartucho.es\/blog\/wp-json\/wp\/v2\/pages\/22542\/revisions\/22554"}],"wp:featuredmedia":[{"embeddable":true,"href":"https:\/\/quecartucho.es\/blog\/wp-json\/wp\/v2\/media\/22543"}],"wp:attachment":[{"href":"https:\/\/quecartucho.es\/blog\/wp-json\/wp\/v2\/media?parent=22542"}],"curies":[{"name":"wp","href":"https:\/\/api.w.org\/{rel}","templated":true}]}}