{"id":22713,"date":"2024-08-16T11:32:34","date_gmt":"2024-08-16T09:32:34","guid":{"rendered":"https:\/\/quecartucho.es\/blog\/?page_id=22713"},"modified":"2024-09-05T09:30:27","modified_gmt":"2024-09-05T07:30:27","slug":"cambiar-toner-hp","status":"publish","type":"page","link":"https:\/\/quecartucho.es\/blog\/toner-para-impresoras-compatibles\/cambiar-toner-hp\/","title":{"rendered":"Cambiar t\u00f3ner HP"},"content":{"rendered":"\n<h2 class=\"wp-block-heading\">\u00bfComo poner un t\u00f3ner en impresora HP?<\/h2>\n\n\n\n<figure class=\"wp-block-embed is-type-video is-provider-youtube wp-block-embed-youtube wp-embed-aspect-16-9 wp-has-aspect-ratio\"><div class=\"wp-block-embed__wrapper\">\n<div class=\"nv-iframe-embed\"><iframe loading=\"lazy\" title=\"Cambiar un t\u00f3ner HP\" width=\"1200\" height=\"675\" src=\"https:\/\/www.youtube.com\/embed\/SKPLOnzyDg4?feature=oembed\" frameborder=\"0\" allow=\"accelerometer; autoplay; clipboard-write; encrypted-media; gyroscope; picture-in-picture; web-share\" referrerpolicy=\"strict-origin-when-cross-origin\" allowfullscreen><\/iframe><\/div>\n<\/div><\/figure>\n\n\n\n<p>\u00a1Cuando tu impresora HP te avisa que es hora de cambiar el t\u00f3ner, ya sea desde la impresora misma o a trav\u00e9s del software, y notas que los colores de tus impresiones empiezan a verse un poco apagados o con fallos, es el momento perfecto para hacer el cambio! Te recomendamos que pruebes el <strong><a href=\"https:\/\/quecartucho.es\/4455-toner-hp-compatible\">t\u00f3ner HP compatible<\/a><\/strong> de nuestra marca ColorPremium. No solo es m\u00e1s econ\u00f3mico, sino que tambi\u00e9n ofrece la misma calidad y fiabilidad. \u00a1Estamos tan seguros de ello que te ofrecemos una devoluci\u00f3n gratuita si no te convence y una garant\u00eda de 5 a\u00f1os para que est\u00e9s tranquilo hasta que lo uses por completo!<\/p>\n\n\n\n<div class=\"wp-block-columns is-layout-flex wp-container-core-columns-is-layout-9d6595d7 wp-block-columns-is-layout-flex\">\n<div class=\"wp-block-column is-vertically-aligned-center is-layout-flow wp-block-column-is-layout-flow\">\n<ul class=\"wp-block-list\">\n<li>Abre la tapa de la impresora.<br><\/li>\n\n\n\n<li>Saca el t\u00f3ner sujet\u00e1ndolo por el asa y desl\u00edzalo hacia afuera por las gu\u00edas.<br><\/li>\n\n\n\n<li>Abre la caja del nuevo t\u00f3ner, retira los precintos y el sello. Ten cuidado de no tocar el tambor, ya que podr\u00eda causar fallos de impresi\u00f3n. Sujeta el t\u00f3ner por los lados y, con suavidad, mu\u00e9velo de lado a lado y de arriba abajo para distribuir el polvo de manera uniforme.<br><\/li>\n\n\n\n<li>Introduce el t\u00f3ner nuevo por las gu\u00edas, asegur\u00e1ndote de que las pesta\u00f1as encajen, hasta que escuches un \u00abclick\u00bb.<br><\/li>\n\n\n\n<li>Cerrar la tapa.<\/li>\n<\/ul>\n<\/div>\n\n\n\n<div class=\"wp-block-column is-layout-flow wp-block-column-is-layout-flow\">\n<figure class=\"wp-block-image size-full\"><img loading=\"lazy\" decoding=\"async\" width=\"772\" height=\"750\" src=\"https:\/\/quecartucho.es\/blog\/wp-content\/uploads\/2024\/08\/Sustitucion-del-cartucho-de-toner.jpg\" alt=\"Sustituci\u00f3n del cartucho de t\u00f3ner\" class=\"wp-image-22721\" title=\"\" srcset=\"https:\/\/quecartucho.es\/blog\/wp-content\/uploads\/2024\/08\/Sustitucion-del-cartucho-de-toner.jpg 772w, https:\/\/quecartucho.es\/blog\/wp-content\/uploads\/2024\/08\/Sustitucion-del-cartucho-de-toner-300x291.jpg 300w, https:\/\/quecartucho.es\/blog\/wp-content\/uploads\/2024\/08\/Sustitucion-del-cartucho-de-toner-768x746.jpg 768w\" sizes=\"auto, (max-width: 772px) 100vw, 772px\" \/><\/figure>\n<\/div>\n<\/div>\n\n\n\n<p>\u00a1Muchas gracias y espero que cambiar el <strong><a href=\"https:\/\/quecartucho.es\/16393-toneres\">t\u00f3ner de impresora<\/a><\/strong> sea una experiencia sencilla y satisfactoria para ti! Puedes<a href=\"https:\/\/quecartucho.es\/blog\/toner-para-impresoras-compatibles\/como-cambiar-el-toner-de-la-impresora\/?srsltid=AfmBOopDEIxh3BX9cKH2LgxhwoWCRgd5n0FI_Ftv5NO-DBxcw3X1NBky\"> AQU\u00cd aprender a como cambiar un t\u00f3ner de impresoras de otros fabricantes<\/a><\/p>\n\n\n<div class=\"wp-block-image\">\n<figure class=\"aligncenter size-large\"><img loading=\"lazy\" decoding=\"async\" width=\"1024\" height=\"576\" src=\"https:\/\/quecartucho.es\/blog\/wp-content\/uploads\/2024\/08\/Como-cambiar-un-cartucho-de-toner-hp-1024x576.png\" alt=\"Como cambiar un cartucho de toner hp\" class=\"wp-image-22737\" title=\"\" srcset=\"https:\/\/quecartucho.es\/blog\/wp-content\/uploads\/2024\/08\/Como-cambiar-un-cartucho-de-toner-hp-1024x576.png 1024w, https:\/\/quecartucho.es\/blog\/wp-content\/uploads\/2024\/08\/Como-cambiar-un-cartucho-de-toner-hp-300x169.png 300w, https:\/\/quecartucho.es\/blog\/wp-content\/uploads\/2024\/08\/Como-cambiar-un-cartucho-de-toner-hp-768x432.png 768w, https:\/\/quecartucho.es\/blog\/wp-content\/uploads\/2024\/08\/Como-cambiar-un-cartucho-de-toner-hp-1536x864.png 1536w, https:\/\/quecartucho.es\/blog\/wp-content\/uploads\/2024\/08\/Como-cambiar-un-cartucho-de-toner-hp-2048x1152.png 2048w\" sizes=\"auto, (max-width: 1024px) 100vw, 1024px\" \/><figcaption class=\"wp-element-caption\">Como cambiar un cartucho de<a href=\"https:\/\/quecartucho.es\/3487-hp-106a-w1106a-toner-compatible.html\"> toner HP 106a<\/a> en impresora <a href=\"https:\/\/quecartucho.es\/15037-hp-laser-107-a-r-w\">HP Laser 107w<\/a><\/figcaption><\/figure>\n<\/div>","protected":false},"excerpt":{"rendered":"<p>\u00bfComo poner un t\u00f3ner en impresora HP? \u00a1Cuando tu impresora HP te avisa que es hora de cambiar el t\u00f3ner, ya sea desde la impresora misma o a trav\u00e9s del software, y notas que los colores de tus impresiones empiezan a verse un poco apagados o con fallos, es el momento perfecto para hacer el&hellip;&nbsp;<a href=\"https:\/\/quecartucho.es\/blog\/toner-para-impresoras-compatibles\/cambiar-toner-hp\/\" rel=\"bookmark\">Leer m\u00e1s &raquo;<span class=\"screen-reader-text\">Cambiar t\u00f3ner HP<\/span><\/a><\/p>\n","protected":false},"author":1,"featured_media":22737,"parent":464,"menu_order":0,"comment_status":"closed","ping_status":"closed","template":"","meta":{"neve_meta_sidebar":"","neve_meta_container":"","neve_meta_enable_content_width":"","neve_meta_content_width":0,"neve_meta_title_alignment":"","neve_meta_author_avatar":"","neve_post_elements_order":"","neve_meta_disable_header":"","neve_meta_disable_footer":"","neve_meta_disable_title":"","episode_type":"","audio_file":"","podmotor_file_id":"","podmotor_episode_id":"","cover_image":"","cover_image_id":"","duration":"","filesize":"","filesize_raw":"","date_recorded":"","explicit":"","block":"","footnotes":""},"class_list":["post-22713","page","type-page","status-publish","has-post-thumbnail","hentry"],"_links":{"self":[{"href":"https:\/\/quecartucho.es\/blog\/wp-json\/wp\/v2\/pages\/22713","targetHints":{"allow":["GET"]}}],"collection":[{"href":"https:\/\/quecartucho.es\/blog\/wp-json\/wp\/v2\/pages"}],"about":[{"href":"https:\/\/quecartucho.es\/blog\/wp-json\/wp\/v2\/types\/page"}],"author":[{"embeddable":true,"href":"https:\/\/quecartucho.es\/blog\/wp-json\/wp\/v2\/users\/1"}],"replies":[{"embeddable":true,"href":"https:\/\/quecartucho.es\/blog\/wp-json\/wp\/v2\/comments?post=22713"}],"version-history":[{"count":10,"href":"https:\/\/quecartucho.es\/blog\/wp-json\/wp\/v2\/pages\/22713\/revisions"}],"predecessor-version":[{"id":22789,"href":"https:\/\/quecartucho.es\/blog\/wp-json\/wp\/v2\/pages\/22713\/revisions\/22789"}],"up":[{"embeddable":true,"href":"https:\/\/quecartucho.es\/blog\/wp-json\/wp\/v2\/pages\/464"}],"wp:featuredmedia":[{"embeddable":true,"href":"https:\/\/quecartucho.es\/blog\/wp-json\/wp\/v2\/media\/22737"}],"wp:attachment":[{"href":"https:\/\/quecartucho.es\/blog\/wp-json\/wp\/v2\/media?parent=22713"}],"curies":[{"name":"wp","href":"https:\/\/api.w.org\/{rel}","templated":true}]}}