{"id":22729,"date":"2024-08-23T17:27:55","date_gmt":"2024-08-23T15:27:55","guid":{"rendered":"https:\/\/quecartucho.es\/blog\/?page_id=22729"},"modified":"2024-09-13T11:14:24","modified_gmt":"2024-09-13T09:14:24","slug":"cambiar-toner-brother","status":"publish","type":"page","link":"https:\/\/quecartucho.es\/blog\/toner-para-impresoras-compatibles\/cambiar-toner-brother\/","title":{"rendered":"Cambiar t\u00f3ner Brother"},"content":{"rendered":"\n<p>\u00a1Muchas gracias y espero que cambiar el <strong><a href=\"https:\/\/quecartucho.es\/16393-toneres\">t\u00f3ners de impresora<\/a><\/strong> sea una experiencia sencilla y satisfactoria para ti!<\/p>\n\n\n\n<p><strong><a href=\"https:\/\/quecartucho.es\/blog\/toner-para-impresoras-compatibles\/como-cambiar-el-toner-de-la-impresora\/\">Sustituci\u00f3n del Cartucho de T\u00f3ner<\/a> en Impresoras Brother<\/strong><\/p>\n\n\n\n<p><strong>Hola a todos, soy Manuel Garrido de Quecartucho.es y en este video les mostraremos c\u00f3mo sustituir el cartucho de t\u00f3ner en las impresoras Brother que utilizan el t\u00f3ner TN2510<\/strong> <em>(<strong>modelos<\/strong> DCP L2620DW; DCP L2627DW; DCP L2627DWE; DCP L2627DWXL; DCP L2660DW; DCP L2665DW; HL L2400DW; HL L2400DWE; HL L2445DW; HL L2447DW; MFC L2800DW; MFC L2827DW; MFC L2827DWXL; MFC L2860DW; MFC L2860DWE; HL-L2865DW, <br>MFC-L2960DW,&nbsp;MFC-L2980DW)<\/em><\/p>\n\n\n\n<figure class=\"wp-block-embed is-type-video is-provider-youtube wp-block-embed-youtube wp-embed-aspect-16-9 wp-has-aspect-ratio\"><div class=\"wp-block-embed__wrapper\">\n<div class=\"nv-iframe-embed\"><iframe loading=\"lazy\" title=\"Cambiar de t\u00f3ner en impresora Brother\" width=\"1200\" height=\"675\" src=\"https:\/\/www.youtube.com\/embed\/hA_cziOAs9I?feature=oembed\" frameborder=\"0\" allow=\"accelerometer; autoplay; clipboard-write; encrypted-media; gyroscope; picture-in-picture; web-share\" referrerpolicy=\"strict-origin-when-cross-origin\" allowfullscreen><\/iframe><\/div>\n<\/div><\/figure>\n\n\n\n<p><strong>Siguiendo estos sencillos pasos, podr\u00e1n realizar el cambio de manera r\u00e1pida y segura. Instrucciones:<\/strong><\/p>\n\n\n\n<ol class=\"wp-block-list\">\n<li><strong>Preparaci\u00f3n:<\/strong>\n<ul class=\"wp-block-list\">\n<li>Aseg\u00farese de que el equipo est\u00e1 encendido.<\/li>\n<\/ul>\n<\/li>\n\n\n\n<li><strong>Acceso al Cartucho:<\/strong>\n<ul class=\"wp-block-list\">\n<li>Abra la cubierta delantera de la impresora.<\/li>\n<\/ul>\n<\/li>\n\n\n\n<li><strong>Retiro del Cartucho Viejo:<\/strong>\n<ul class=\"wp-block-list\">\n<li>Retire el cartucho de t\u00f3ner y el conjunto de la unidad de tambor del equipo.<\/li>\n\n\n\n<li>Presione hacia abajo la palanca de bloqueo verde y saque el cartucho de t\u00f3ner de la unidad de tambor.<\/li>\n<\/ul>\n<\/li>\n\n\n\n<li><strong>Instalaci\u00f3n del Cartucho Nuevo:<\/strong>\n<ul class=\"wp-block-list\">\n<li>Desembale el nuevo cartucho de t\u00f3ner.<\/li>\n\n\n\n<li>Quite la cubierta protectora del cartucho nuevo.<\/li>\n\n\n\n<li>Coloque el nuevo cartucho de t\u00f3ner en la unidad de tambor hasta que oiga un clic de encaje.<\/li>\n<\/ul>\n<\/li>\n\n\n\n<li><strong>Finalizaci\u00f3n:<\/strong>\n<ul class=\"wp-block-list\">\n<li>Instale el cartucho de t\u00f3ner y el conjunto de la unidad de tambor en el equipo.<\/li>\n\n\n\n<li>Cierre la cubierta delantera del equipo.<\/li>\n<\/ul>\n<\/li>\n<\/ol>\n\n\n\n<p><strong>Conclusi\u00f3n:<\/strong><br>Y eso es todo. Ahora su impresora Brother est\u00e1 lista para seguir funcionando con el nuevo cartucho de t\u00f3ner. Gracias por ver este video, y no olviden suscribirse para m\u00e1s tutoriales \u00fatiles.<\/p>\n\n\n<div class=\"wp-block-image\">\n<figure class=\"aligncenter size-large\"><a href=\"https:\/\/quecartucho.es\/4317-brother-tn2510-tn2510xl-toner-compatible.html\"><img loading=\"lazy\" decoding=\"async\" width=\"1024\" height=\"689\" src=\"https:\/\/quecartucho.es\/blog\/wp-content\/uploads\/2024\/05\/toner-tn2510xl-compatible-para-impresora-brother-1024x689.jpg\" alt=\"toner tn2510xl compatible\" class=\"wp-image-22777\" title=\"\" srcset=\"https:\/\/quecartucho.es\/blog\/wp-content\/uploads\/2024\/05\/toner-tn2510xl-compatible-para-impresora-brother-1024x689.jpg 1024w, https:\/\/quecartucho.es\/blog\/wp-content\/uploads\/2024\/05\/toner-tn2510xl-compatible-para-impresora-brother-300x202.jpg 300w, https:\/\/quecartucho.es\/blog\/wp-content\/uploads\/2024\/05\/toner-tn2510xl-compatible-para-impresora-brother-768x516.jpg 768w, https:\/\/quecartucho.es\/blog\/wp-content\/uploads\/2024\/05\/toner-tn2510xl-compatible-para-impresora-brother-1536x1033.jpg 1536w, https:\/\/quecartucho.es\/blog\/wp-content\/uploads\/2024\/05\/toner-tn2510xl-compatible-para-impresora-brother-2048x1377.jpg 2048w\" sizes=\"auto, (max-width: 1024px) 100vw, 1024px\" \/><\/a><\/figure>\n<\/div>\n\n\n<figure class=\"wp-block-image size-large\"><img loading=\"lazy\" decoding=\"async\" width=\"725\" height=\"1024\" src=\"https:\/\/quecartucho.es\/blog\/wp-content\/uploads\/2024\/08\/Sustituir-el-cartucho-de-toner-Brother-1-725x1024.jpg\" alt=\"\" class=\"wp-image-22731\" title=\"\" srcset=\"https:\/\/quecartucho.es\/blog\/wp-content\/uploads\/2024\/08\/Sustituir-el-cartucho-de-toner-Brother-1-725x1024.jpg 725w, https:\/\/quecartucho.es\/blog\/wp-content\/uploads\/2024\/08\/Sustituir-el-cartucho-de-toner-Brother-1-212x300.jpg 212w, https:\/\/quecartucho.es\/blog\/wp-content\/uploads\/2024\/08\/Sustituir-el-cartucho-de-toner-Brother-1-768x1085.jpg 768w, https:\/\/quecartucho.es\/blog\/wp-content\/uploads\/2024\/08\/Sustituir-el-cartucho-de-toner-Brother-1-1087x1536.jpg 1087w, https:\/\/quecartucho.es\/blog\/wp-content\/uploads\/2024\/08\/Sustituir-el-cartucho-de-toner-Brother-1-1450x2048.jpg 1450w\" sizes=\"auto, (max-width: 725px) 100vw, 725px\" \/><\/figure>\n\n\n\n<figure class=\"wp-block-image size-large\"><img decoding=\"async\" src=\"https:\/\/quecartucho.es\/blog\/wp-content\/uploads\/2024\/08\/Sustituir-el-cartucho-de-toner-Brother-2-725x1024.jpg\" alt=\"\" class=\"wp-image-22732\" title=\"\"><\/figure>\n\n\n\n<figure class=\"wp-block-image size-large\"><img loading=\"lazy\" decoding=\"async\" width=\"1024\" height=\"330\" src=\"https:\/\/quecartucho.es\/blog\/wp-content\/uploads\/2024\/08\/Sustituir-el-cartucho-de-toner-Brother-3-1024x330.jpg\" alt=\"\" class=\"wp-image-22730\" title=\"\" srcset=\"https:\/\/quecartucho.es\/blog\/wp-content\/uploads\/2024\/08\/Sustituir-el-cartucho-de-toner-Brother-3-1024x330.jpg 1024w, https:\/\/quecartucho.es\/blog\/wp-content\/uploads\/2024\/08\/Sustituir-el-cartucho-de-toner-Brother-3-300x97.jpg 300w, https:\/\/quecartucho.es\/blog\/wp-content\/uploads\/2024\/08\/Sustituir-el-cartucho-de-toner-Brother-3-768x247.jpg 768w, https:\/\/quecartucho.es\/blog\/wp-content\/uploads\/2024\/08\/Sustituir-el-cartucho-de-toner-Brother-3-1536x495.jpg 1536w, https:\/\/quecartucho.es\/blog\/wp-content\/uploads\/2024\/08\/Sustituir-el-cartucho-de-toner-Brother-3-2048x660.jpg 2048w\" sizes=\"auto, (max-width: 1024px) 100vw, 1024px\" \/><\/figure>\n\n\n\n<figure class=\"wp-block-embed is-type-video is-provider-youtube wp-block-embed-youtube wp-embed-aspect-16-9 wp-has-aspect-ratio\"><div class=\"wp-block-embed__wrapper\">\n<div class=\"nv-iframe-embed\"><iframe loading=\"lazy\" title=\"Cambiar de t\u00f3ner en impresora Brother\" width=\"1200\" height=\"675\" src=\"https:\/\/www.youtube.com\/embed\/hA_cziOAs9I?feature=oembed\" frameborder=\"0\" allow=\"accelerometer; autoplay; clipboard-write; encrypted-media; gyroscope; picture-in-picture; web-share\" referrerpolicy=\"strict-origin-when-cross-origin\" allowfullscreen><\/iframe><\/div>\n<\/div><\/figure>\n","protected":false},"excerpt":{"rendered":"<p>\u00a1Muchas gracias y espero que cambiar el t\u00f3ners de impresora sea una experiencia sencilla y satisfactoria para ti! Sustituci\u00f3n del Cartucho de T\u00f3ner en Impresoras Brother Hola a todos, soy Manuel Garrido de Quecartucho.es y en este video les mostraremos c\u00f3mo sustituir el cartucho de t\u00f3ner en las impresoras Brother que utilizan el t\u00f3ner TN2510&hellip;&nbsp;<a href=\"https:\/\/quecartucho.es\/blog\/toner-para-impresoras-compatibles\/cambiar-toner-brother\/\" rel=\"bookmark\">Leer m\u00e1s &raquo;<span class=\"screen-reader-text\">Cambiar t\u00f3ner Brother<\/span><\/a><\/p>\n","protected":false},"author":1,"featured_media":22826,"parent":464,"menu_order":0,"comment_status":"closed","ping_status":"closed","template":"","meta":{"neve_meta_sidebar":"","neve_meta_container":"","neve_meta_enable_content_width":"","neve_meta_content_width":0,"neve_meta_title_alignment":"","neve_meta_author_avatar":"","neve_post_elements_order":"","neve_meta_disable_header":"","neve_meta_disable_footer":"","neve_meta_disable_title":"","episode_type":"","audio_file":"","podmotor_file_id":"","podmotor_episode_id":"","cover_image":"","cover_image_id":"","duration":"","filesize":"","filesize_raw":"","date_recorded":"","explicit":"","block":"","footnotes":""},"class_list":["post-22729","page","type-page","status-publish","has-post-thumbnail","hentry"],"_links":{"self":[{"href":"https:\/\/quecartucho.es\/blog\/wp-json\/wp\/v2\/pages\/22729","targetHints":{"allow":["GET"]}}],"collection":[{"href":"https:\/\/quecartucho.es\/blog\/wp-json\/wp\/v2\/pages"}],"about":[{"href":"https:\/\/quecartucho.es\/blog\/wp-json\/wp\/v2\/types\/page"}],"author":[{"embeddable":true,"href":"https:\/\/quecartucho.es\/blog\/wp-json\/wp\/v2\/users\/1"}],"replies":[{"embeddable":true,"href":"https:\/\/quecartucho.es\/blog\/wp-json\/wp\/v2\/comments?post=22729"}],"version-history":[{"count":5,"href":"https:\/\/quecartucho.es\/blog\/wp-json\/wp\/v2\/pages\/22729\/revisions"}],"predecessor-version":[{"id":22829,"href":"https:\/\/quecartucho.es\/blog\/wp-json\/wp\/v2\/pages\/22729\/revisions\/22829"}],"up":[{"embeddable":true,"href":"https:\/\/quecartucho.es\/blog\/wp-json\/wp\/v2\/pages\/464"}],"wp:featuredmedia":[{"embeddable":true,"href":"https:\/\/quecartucho.es\/blog\/wp-json\/wp\/v2\/media\/22826"}],"wp:attachment":[{"href":"https:\/\/quecartucho.es\/blog\/wp-json\/wp\/v2\/media?parent=22729"}],"curies":[{"name":"wp","href":"https:\/\/api.w.org\/{rel}","templated":true}]}}