{"id":22772,"date":"2024-09-03T17:28:06","date_gmt":"2024-09-03T15:28:06","guid":{"rendered":"https:\/\/quecartucho.es\/blog\/?page_id=22772"},"modified":"2024-09-05T09:22:19","modified_gmt":"2024-09-05T07:22:19","slug":"guia-de-primeros-auxilios-para-cuando-tu-impresora-no-imprime-o-sea-cuando-te-hace-la-puneta","status":"publish","type":"page","link":"https:\/\/quecartucho.es\/blog\/guia-de-primeros-auxilios-para-cuando-tu-impresora-no-imprime-o-sea-cuando-te-hace-la-puneta\/","title":{"rendered":"Gu\u00eda de primeros auxilios para cuando tu impresora no imprime (o sea, cuando te hace la pu\u00f1eta)"},"content":{"rendered":"\n<p><\/p>\n\n\n\n<p>Ay, las impresoras. Esos aparatitos que parecen tener vida propia y el peculiar talento de fallar justo cuando m\u00e1s las necesitas, al tiempo que despiertan en ti instintos desconocidos.<\/p>\n\n\n\n<p>\u00bfTe suena familiar?<\/p>\n\n\n\n<p>Claro que s\u00ed. Todos hemos estado ah\u00ed, frente a una impresora que decide hacer de las suyas en el peor momento posible.<\/p>\n\n\n\n<p>Pero no te preocupes, est\u00e1s en buenas manos. En Quecartucho te hemos preparado una <strong>gu\u00eda de primeros auxilios para los problemas m\u00e1s comunes de las impresoras<\/strong>, o lo que es lo mismo: <a href=\"https:\/\/quecartucho.es\/blog\/cuando-una-impresora-no-imprime-bien\/\">para cuando <strong>la impresora no imprime<\/strong><\/a><strong>. <\/strong>O lo que es lo mismo:<\/p>\n\n\n\n<p>(cuando la impresora te hace la pu\u00f1eta).<\/p>\n\n\n\n<h2 class=\"wp-block-heading\"><a><\/a> 1. Ese cl\u00e1sico atasco de papel<\/h2>\n\n\n\n<p>\u00bfC\u00f3mo no empezar por este problema tan com\u00fan con las impresoras?<\/p>\n\n\n\n<p>Tu impresora decide que hoy no es el d\u00eda de trabajar y se traga el papel como si fuera una pizza gratis. Lo primero: reprime tus instintos viscerales y mant\u00e9n la calma. Abre la bandeja de papel, busca el papel atrapado y, con delicadeza, s\u00e1calo. No tires bruscamente de \u00e9l si no quieres que el problema se convierta en problem\u00f3n.<\/p>\n\n\n\n<p>Si no ves ning\u00fan papel atascado y ya crees que la impresora te est\u00e1 haciendo \u201cluz de gas\u201d, puedes probar a usar la funci\u00f3n de \u201cExpulsar papel\u201d (si tu impresora la tiene). <\/p>\n\n\n\n<p class=\"has-text-align-center\"><a href=\"https:\/\/quecartucho.es\/blog\/como-solucionar-un-atasco-de-papel-en-la-impresora\/\">\u00bfC\u00f3mo solucionar un atasco de papel en la impresora?<\/a><\/p>\n\n\n\n<div class=\"wp-block-columns is-layout-flex wp-container-core-columns-is-layout-9d6595d7 wp-block-columns-is-layout-flex\">\n<div class=\"wp-block-column is-layout-flow wp-block-column-is-layout-flow\"><div class=\"wp-block-image\">\n<figure class=\"aligncenter\"><a href=\"https:\/\/quecartucho.es\/blog\/como-solucionar-un-atasco-de-papel-en-la-impresora\/\"><img decoding=\"async\" src=\"https:\/\/quecartucho.es\/blog\/wp-content\/uploads\/2022\/11\/\u00bfComo-solucionar-un-atasco-de-papel-en-la-impresora-1024x576.jpg\" alt=\"\u00bfC\u00f3mo solucionar un atasco de papel en la impresora?\" title=\"La impresora no imprime bien \u00bfQu\u00e9 hacer? 11\"\/><\/a><\/figure>\n<\/div><\/div>\n<\/div>\n\n\n\n<h2 class=\"wp-block-heading\"><a><\/a> 2. \u00abSin papel\u00bb (cuando claramente hay papel)<\/h2>\n\n\n\n<p>Nada como esa frustraci\u00f3n cuando tu impresora insiste en que no tiene papel, pero t\u00fa puedes ver claramente que est\u00e1 ah\u00ed y lamentas que no tenga ojos para decirle: \u201cAh\u00ed, ah\u00ed lo tienes, \u00bfno lo ves, pedazo de (bonitos cumplidos)?\u201d.<\/p>\n\n\n\n<p>Prueba a sacudir un poco el papel y vuelve a colocarlo bien ajustado en la bandeja. Si sigue sin funcionar, prueba a apagar y encender la impresora. A veces, el m\u00e9todo del \u00abapaga y vuelve a encender\u00bb es el m\u00e1s eficaz.<\/p>\n\n\n\n<p class=\"has-text-align-center\"><a href=\"https:\/\/quecartucho.es\/blog\/la-impresora-no-recoge-el-papel\/\">La impresora no recoge el papel<\/a><\/p>\n\n\n<div class=\"wp-block-image\">\n<figure class=\"aligncenter\"><a href=\"https:\/\/quecartucho.es\/blog\/la-impresora-no-recoge-el-papel\/\"><img decoding=\"async\" src=\"https:\/\/quecartucho.es\/blog\/wp-content\/uploads\/2022\/07\/La-impresora-no-recoge-el-papel-1024x576.jpg\" alt=\"La impresora no recoge el papel\" title=\"La impresora no imprime bien \u00bfQu\u00e9 hacer? 5\"\/><\/a><\/figure>\n<\/div>\n\n\n<h2 class=\"wp-block-heading\"><a><\/a> 3. Esas dichosas rayas<\/h2>\n\n\n\n<p>Est\u00e1s imprimiendo algo importante y, de repente, aparecen esas rayas que lo arruinan todo. Aqu\u00ed el problema suele estar en los <strong><a href=\"https:\/\/quecartucho.es\" data-type=\"link\" data-id=\"https:\/\/quecartucho.es\">cartuchos de tinta<\/a><\/strong> o en el cabezal de impresi\u00f3n. Abre la impresora y revisa los cartuchos; si est\u00e1n con poca <strong>tinta<\/strong>, c\u00e1mbialos. Si no, puede que necesites limpiar el cabezal de impresi\u00f3n. La mayor\u00eda de las impresoras tienen una funci\u00f3n de limpieza autom\u00e1tica que puedes encontrar en el men\u00fa de configuraci\u00f3n.<\/p>\n\n\n\n<div class=\"wp-block-columns is-layout-flex wp-container-core-columns-is-layout-9d6595d7 wp-block-columns-is-layout-flex\">\n<div class=\"wp-block-column is-layout-flow wp-block-column-is-layout-flow\">\n<p><a href=\"https:\/\/quecartucho.es\/blog\/la-impresora-imprime-con-rayas\/\">La impresora imprime con rayas<\/a><\/p>\n\n\n\n<figure class=\"wp-block-image\"><a href=\"https:\/\/quecartucho.es\/blog\/la-impresora-imprime-con-rayas\/\"><img decoding=\"async\" src=\"https:\/\/quecartucho.es\/blog\/wp-content\/uploads\/2022\/08\/imprime-rayas-1024x576.webp\" alt=\"impresion con tres rayas horizontales de lado a lado\" title=\"La impresora no imprime bien \u00bfQu\u00e9 hacer? 8\"\/><\/a><\/figure>\n<\/div>\n\n\n\n<div class=\"wp-block-column is-layout-flow wp-block-column-is-layout-flow\">\n<p><a href=\"https:\/\/quecartucho.es\/blog\/por-que-mi-impresora-imprime-cortado\/\">\u00bfPor qu\u00e9 mi impresora imprime cortado?<\/a><\/p>\n\n\n\n<figure class=\"wp-block-image\"><a href=\"https:\/\/quecartucho.es\/blog\/por-que-mi-impresora-imprime-cortado\/\"><img decoding=\"async\" src=\"https:\/\/quecartucho.es\/blog\/wp-content\/uploads\/2024\/05\/Por-que-mi-impresora-imprime-cortado-1-1024x576.jpg\" alt=\"Por qu\u00e9 mi impresora imprime cortado\" title=\"La impresora no imprime bien \u00bfQu\u00e9 hacer? 17\"\/><\/a><\/figure>\n<\/div>\n<\/div>\n\n\n\n<h2 class=\"wp-block-heading\"><a><\/a> 4. \u00ab\u00bfD\u00f3nde se ha ido el color?\u00bb<\/h2>\n\n\n\n<p>Tu impresora se pone en plan nost\u00e1lgico y decide que la vida es mejor en blanco y negro, aunque t\u00fa quieras imprimir un unicornio cruzando el arco\u00edris. Esto suele ocurrir cuando uno de los cartuchos de color est\u00e1 con poca tinta o seco. Revisa los niveles de tinta y, si alguno est\u00e1 por debajo de la mitad, considera reemplazarlo.<\/p>\n\n\n\n<p>Otra opci\u00f3n es agitar el cartucho suavemente para redistribuir la tinta, pero ten cuidado, no quieres redecorar tus paredes, ropa y gato con manchas de tinta.<\/p>\n\n\n\n<p class=\"has-text-align-center\"><a href=\"https:\/\/quecartucho.es\/blog\/la-impresora-imprime-rosa-o-verde-azul-amarillo-rojo\/\">La impresora no imprime bien los colores (rosa, verde, azul, amarillo, rojo)<\/a><\/p>\n\n\n<div class=\"wp-block-image\">\n<figure class=\"aligncenter\"><a href=\"https:\/\/quecartucho.es\/blog\/la-impresora-imprime-rosa-o-verde-azul-amarillo-rojo\/\"><img decoding=\"async\" src=\"https:\/\/quecartucho.es\/blog\/wp-content\/uploads\/2022\/05\/La-impresora-imprime-rosa-o-verde-azul-amarillo-rojo-1024x576.jpg\" alt=\"La impresora imprime rosa (o verde, azul, amarillo, rojo)\" title=\"La impresora no imprime bien \u00bfQu\u00e9 hacer? 3\"\/><\/a><\/figure>\n<\/div>\n\n\n<h2 class=\"wp-block-heading\"><a><\/a> 5. Imprimir en zoom o reducir, \u00bfc\u00f3mo se hace eso?<\/h2>\n\n\n\n<p>Necesitas que tu documento ocupe m\u00e1s o menos espacio en la p\u00e1gina, pero el men\u00fa de opciones de impresi\u00f3n parece estar en otro idioma. Te preguntas en qu\u00e9 universidad habr\u00e1 que estudiar el M\u00e1ster en Zooms Impresoriles.<\/p>\n\n\n\n<p>Tranqui. La clave est\u00e1 en la configuraci\u00f3n de la impresi\u00f3n. En el men\u00fa de impresi\u00f3n, busca la opci\u00f3n \u00abEscalar\u00bb o \u00abTama\u00f1o de impresi\u00f3n\u00bb. Desde all\u00ed, puedes ajustar el porcentaje para ampliar o reducir tu documento. Experimenta un poco hasta que encuentres el tama\u00f1o que necesitas.<\/p>\n\n\n\n<h2 class=\"wp-block-heading\"><a><\/a> 6. Error de comunicaci\u00f3n con la impresora<\/h2>\n\n\n\n<p>\u00bfAlguna vez tu ordenador te ha dicho que no puede encontrar la impresora cuando est\u00e1 justo a su lado? Esto puede deberse a un problema de conexi\u00f3n. Aseg\u00farate de que todos los cables est\u00e9n bien conectados y, si es una impresora inal\u00e1mbrica, verifica que est\u00e9 conectada a la misma red Wi-Fi que tu ordenador. A veces, basta con reiniciar el router y la impresora para que todo vuelva a funcionar. S\u00ed, de nuevo el \u201capaga y enciende\u201d al rescate.<\/p>\n\n\n\n<h2 class=\"wp-block-heading\"><a><\/a> 7. \u00abImpresora ocupada\u00bb, pero t\u00fa sabes que no est\u00e1 haciendo nada<\/h2>\n\n\n\n<p>Este mensaje puede ser frustrante, sobre todo cuando la impresora parece estar disfrutando de un descanso no solicitado. Lo primero que puedes hacer es cancelar todos los trabajos de impresi\u00f3n pendientes desde la cola de impresi\u00f3n. Si eso no funciona, un buen reinicio (y de nuevo, apagar y encender) podr\u00eda ser justo lo que necesita.<\/p>\n\n\n\n<p>Con esta gu\u00eda, esperamos que puedas enfrentarte a esos d\u00edas en los que tu impresora parece conspirar contra ti.<\/p>\n\n\n\n<p>Recuerda, aunque a veces parezca que tiene mente propia, con un poco de paciencia (y esta gu\u00eda), podr\u00e1s dominarla.<\/p>\n\n\n\n<p>Y recuerda tambi\u00e9n: las impresoras son pu\u00f1eteras, s\u00ed, y por eso necesitan cartuchos compatibles de calidad y a buen precio que les dificulten ponerse tontas y a ti te faciliten la vida. \u00a1Encu\u00e9ntralos en nuestra <a href=\"https:\/\/quecartucho.es\/?srsltid=AfmBOor2tk3S5A-KBoJGUgVhoQUQoTaPK_mPXKUNryiMsIopvdXsnIOQ\"><u>tienda online<\/u><\/a>!<\/p>\n","protected":false},"excerpt":{"rendered":"<p>Ay, las impresoras. Esos aparatitos que parecen tener vida propia y el peculiar talento de fallar justo cuando m\u00e1s las necesitas, al tiempo que despiertan en ti instintos desconocidos. \u00bfTe suena familiar? Claro que s\u00ed. Todos hemos estado ah\u00ed, frente a una impresora que decide hacer de las suyas en el peor momento posible. Pero&hellip;&nbsp;<a href=\"https:\/\/quecartucho.es\/blog\/guia-de-primeros-auxilios-para-cuando-tu-impresora-no-imprime-o-sea-cuando-te-hace-la-puneta\/\" rel=\"bookmark\">Leer m\u00e1s &raquo;<span class=\"screen-reader-text\">Gu\u00eda de primeros auxilios para cuando tu impresora no imprime (o sea, cuando te hace la pu\u00f1eta)<\/span><\/a><\/p>\n","protected":false},"author":1,"featured_media":22780,"parent":0,"menu_order":0,"comment_status":"closed","ping_status":"closed","template":"","meta":{"neve_meta_sidebar":"","neve_meta_container":"","neve_meta_enable_content_width":"","neve_meta_content_width":0,"neve_meta_title_alignment":"","neve_meta_author_avatar":"","neve_post_elements_order":"","neve_meta_disable_header":"","neve_meta_disable_footer":"","neve_meta_disable_title":"","episode_type":"","audio_file":"","podmotor_file_id":"","podmotor_episode_id":"","cover_image":"","cover_image_id":"","duration":"","filesize":"","filesize_raw":"","date_recorded":"","explicit":"","block":"","footnotes":""},"class_list":["post-22772","page","type-page","status-publish","has-post-thumbnail","hentry"],"_links":{"self":[{"href":"https:\/\/quecartucho.es\/blog\/wp-json\/wp\/v2\/pages\/22772","targetHints":{"allow":["GET"]}}],"collection":[{"href":"https:\/\/quecartucho.es\/blog\/wp-json\/wp\/v2\/pages"}],"about":[{"href":"https:\/\/quecartucho.es\/blog\/wp-json\/wp\/v2\/types\/page"}],"author":[{"embeddable":true,"href":"https:\/\/quecartucho.es\/blog\/wp-json\/wp\/v2\/users\/1"}],"replies":[{"embeddable":true,"href":"https:\/\/quecartucho.es\/blog\/wp-json\/wp\/v2\/comments?post=22772"}],"version-history":[{"count":3,"href":"https:\/\/quecartucho.es\/blog\/wp-json\/wp\/v2\/pages\/22772\/revisions"}],"predecessor-version":[{"id":22775,"href":"https:\/\/quecartucho.es\/blog\/wp-json\/wp\/v2\/pages\/22772\/revisions\/22775"}],"wp:featuredmedia":[{"embeddable":true,"href":"https:\/\/quecartucho.es\/blog\/wp-json\/wp\/v2\/media\/22780"}],"wp:attachment":[{"href":"https:\/\/quecartucho.es\/blog\/wp-json\/wp\/v2\/media?parent=22772"}],"curies":[{"name":"wp","href":"https:\/\/api.w.org\/{rel}","templated":true}]}}