{"id":22833,"date":"2024-09-19T10:40:52","date_gmt":"2024-09-19T08:40:52","guid":{"rendered":"https:\/\/quecartucho.es\/blog\/?page_id=22833"},"modified":"2024-09-19T10:40:52","modified_gmt":"2024-09-19T08:40:52","slug":"purga-de-impresora-epson-ecotank","status":"publish","type":"page","link":"https:\/\/quecartucho.es\/blog\/ecotank\/purga-de-impresora-epson-ecotank\/","title":{"rendered":"Purga de impresora Epson EcoTank"},"content":{"rendered":"\n<p>La <strong>purga del sistema de tinta<\/strong> es un procedimiento importante para mantener el buen funcionamiento de las impresoras <strong>Epson EcoTank<\/strong>. Bas\u00e1ndome en nuestra experiencia con los clientes y en la informaci\u00f3n proporcionada por Epson en sus manuales, te explicar\u00e9 aqu\u00ed de forma f\u00e1cil y r\u00e1pida el proceso de purga de los tubos de tinta para las <strong><a href=\"https:\/\/quecartucho.es\/blog\/ecotank\/\">impresoras EcoTank<\/a><\/strong> as\u00ed como los consejos m\u00e1s \u00fatiles que nos da la experiencia:<\/p>\n\n\n\n<h2 class=\"wp-block-heading\">Cu\u00e1ndo purgar los tubos de tinta<\/h2>\n\n\n\n<p>La purga de los tubos de tinta se recomienda cuando:<\/p>\n\n\n\n<ul class=\"wp-block-list\">\n<li>No se ha utilizado la impresora por un largo per\u00edodo de tiempo.<\/li>\n\n\n\n<li>Se observan l\u00edneas claras u oscuras en las impresiones.<\/li>\n\n\n\n<li>Faltan colores en las impresiones.<\/li>\n\n\n\n<li>La <strong><a href=\"https:\/\/quecartucho.es\/blog\/que-es-un-cabezal-de-impresion\/como-limpiar-un-cabezal-de-impresion\/\">limpieza del cabezal de impresi\u00f3n<\/a><\/strong> varias veces (yo recomiendo hasta 5) no ha mejorado la calidad de impresi\u00f3n.<\/li>\n<\/ul>\n\n\n\n<h2 class=\"wp-block-heading\">Consideraciones importantes<\/h2>\n\n\n\n<p>Antes de realizar la purga, ten en cuenta lo siguiente:<\/p>\n\n\n\n<ul class=\"wp-block-list\">\n<li>Este proceso reemplaza toda la tinta dentro de los tubos.<\/li>\n\n\n\n<li>Solo debe realizarse si la limpieza del cabezal no ha resuelto el problema.<\/li>\n\n\n\n<li>Afecta la vida \u00fatil de las <strong><a href=\"https:\/\/quecartucho.es\/17062-epson-caja-de-mantenimiento\">almohadillas de tinta<\/a><\/strong>, causando que se llenen m\u00e1s r\u00e1pido.<\/li>\n<\/ul>\n\n\n\n<h2 class=\"wp-block-heading\">Proceso de purga de los tubos de tinta<\/h2>\n\n\n\n<ol class=\"wp-block-list\">\n<li>Aseg\u00farate de que no haya errores en la impresora y qu\u00e9 haya suficiente <strong><a href=\"?srsltid=AfmBOoo8tMrwXgx-OSTmiSiAayUqG6fcuZ0dzyzX4ImcLOR8C4NC0M4y\">tinta para Epson Ecotank<\/a><\/strong> en los tanques.<\/li>\n\n\n\n<li>Carga papel normal tama\u00f1o A4 o Carta en el alimentador de hojas.<\/li>\n\n\n\n<li>Accede al panel de control de la impresora y selecciona \u00abConfiguraci\u00f3n\u00bb.<\/li>\n\n\n\n<li>Elige \u00abMantenimiento\u00bb y luego \u00ab<strong>Limpieza a fondo<\/strong>\u00ab.<\/li>\n\n\n\n<li>Sigue las instrucciones en pantalla para iniciar el proceso de purga.<\/li>\n\n\n\n<li>La impresora comenzar\u00e1 a cargar <strong><a href=\"https:\/\/quecartucho.es\/\">tinta<\/a><\/strong>. Este proceso puede tardar hasta 20 minutos.<\/li>\n\n\n\n<li>Cuando termine, se imprimir\u00e1 un patr\u00f3n de prueba. Examina el patr\u00f3n para verificar si hay mejoras en la calidad de impresi\u00f3n. Si no se ve bien se recomienda reiniciar el proceso.<\/li>\n<\/ol>\n\n\n<div class=\"wp-block-image\">\n<figure class=\"aligncenter size-large\"><img loading=\"lazy\" decoding=\"async\" width=\"1024\" height=\"602\" src=\"https:\/\/quecartucho.es\/blog\/wp-content\/uploads\/2024\/09\/Purga-de-impresora-Epson-EcoTank-para-ponerla-en-marcha-la-primera-vez-1024x602.png\" alt=\"Purga de impresora Epson EcoTank para ponerla en marcha la primera vez\" class=\"wp-image-22834\" title=\"\" srcset=\"https:\/\/quecartucho.es\/blog\/wp-content\/uploads\/2024\/09\/Purga-de-impresora-Epson-EcoTank-para-ponerla-en-marcha-la-primera-vez-1024x602.png 1024w, https:\/\/quecartucho.es\/blog\/wp-content\/uploads\/2024\/09\/Purga-de-impresora-Epson-EcoTank-para-ponerla-en-marcha-la-primera-vez-300x176.png 300w, https:\/\/quecartucho.es\/blog\/wp-content\/uploads\/2024\/09\/Purga-de-impresora-Epson-EcoTank-para-ponerla-en-marcha-la-primera-vez-768x452.png 768w, https:\/\/quecartucho.es\/blog\/wp-content\/uploads\/2024\/09\/Purga-de-impresora-Epson-EcoTank-para-ponerla-en-marcha-la-primera-vez.png 1420w\" sizes=\"auto, (max-width: 1024px) 100vw, 1024px\" \/><figcaption class=\"wp-element-caption\">Purga de impresora Epson EcoTank para ponerla en marcha la primera vez<\/figcaption><\/figure>\n<\/div>\n\n\n<h2 class=\"wp-block-heading\">Advertencia<\/h2>\n\n\n\n<p>Si las almohadillas de tinta llegan al final de su vida \u00fatil, la impresora dejar\u00e1 de funcionar. En este caso, contacta a Epson para comprar almohadillas de tinta de repuesto o en Quecartucho.es para comprar las compatibles a un precio mucho m\u00e1s barato.<\/p>\n\n\n\n<p>Recuerda que este procedimiento debe realizarse solo cuando sea absolutamente necesario, ya que consume una cantidad significativa de tinta y afecta la vida \u00fatil de las almohadillas de tinta de la impresora.<\/p>\n\n\n\n<h2 class=\"wp-block-heading\">Purga de impresora Epson EcoTank desde un PC<\/h2>\n\n\n\n<h3 class=\"wp-block-heading\">Pasos para purgar desde un PC<\/h3>\n\n\n\n<ol class=\"wp-block-list\">\n<li>Aseg\u00farate de que la impresora est\u00e9 encendida y conectada al ordenador.<\/li>\n\n\n\n<li>Carga papel normal de tama\u00f1o A4 o Carta en el alimentador de hojas de la impresora[1].<\/li>\n\n\n\n<li>Accede al panel de control de la impresora en tu ordenador:<\/li>\n<\/ol>\n\n\n\n<ul class=\"wp-block-list\">\n<li>Windows: Haz clic en \u00abInicio\u00bb > \u00abDispositivos e impresoras\u00bb y selecciona tu impresora.<\/li>\n\n\n\n<li>Mac: Abre \u00abPreferencias del Sistema\u00bb > \u00abImpresoras y esc\u00e1neres\u00bb y selecciona tu impresora[1].<\/li>\n<\/ul>\n\n\n\n<ol class=\"wp-block-list\">\n<li>Selecciona la opci\u00f3n de mantenimiento o utilidad de la impresora.<\/li>\n\n\n\n<li>Busca y selecciona la opci\u00f3n \u00abLimpieza a fondo\u00bb o \u00abPurga de tubos de tinta\u00bb[1].<\/li>\n\n\n\n<li>Sigue las instrucciones en pantalla para iniciar el proceso de purga.<\/li>\n\n\n\n<li>La impresora comenzar\u00e1 a cargar tinta. Este proceso puede tardar hasta 20 minutos[1].<\/li>\n\n\n\n<li>Una vez finalizado, la impresora imprimir\u00e1 un patr\u00f3n de prueba autom\u00e1ticamente.<\/li>\n\n\n\n<li>Examina el patr\u00f3n de prueba para verificar si la calidad de impresi\u00f3n ha mejorado.<\/li>\n<\/ol>\n\n\n\n<h2 class=\"wp-block-heading\">Referencias:<\/h2>\n\n\n\n<p>https:\/\/files.support.epson.com\/docid\/cpd4\/cpd40325\/source\/printers\/source\/ink_functions\/concepts\/ink_tube_flushing.html<br>https:\/\/files.support.epson.com\/docid\/cpd4\/cpd40325\/source\/printers\/source\/ink_functions\/tasks\/flushing_ink_tubes_utility_l120.html<\/p>\n","protected":false},"excerpt":{"rendered":"<p>La purga del sistema de tinta es un procedimiento importante para mantener el buen funcionamiento de las impresoras Epson EcoTank. Bas\u00e1ndome en nuestra experiencia con los clientes y en la informaci\u00f3n proporcionada por Epson en sus manuales, te explicar\u00e9 aqu\u00ed de forma f\u00e1cil y r\u00e1pida el proceso de purga de los tubos de tinta para&hellip;&nbsp;<a href=\"https:\/\/quecartucho.es\/blog\/ecotank\/purga-de-impresora-epson-ecotank\/\" rel=\"bookmark\">Leer m\u00e1s &raquo;<span class=\"screen-reader-text\">Purga de impresora Epson EcoTank<\/span><\/a><\/p>\n","protected":false},"author":1,"featured_media":22836,"parent":5632,"menu_order":0,"comment_status":"closed","ping_status":"closed","template":"","meta":{"neve_meta_sidebar":"","neve_meta_container":"","neve_meta_enable_content_width":"","neve_meta_content_width":0,"neve_meta_title_alignment":"","neve_meta_author_avatar":"","neve_post_elements_order":"","neve_meta_disable_header":"","neve_meta_disable_footer":"","neve_meta_disable_title":"","episode_type":"","audio_file":"","podmotor_file_id":"","podmotor_episode_id":"","cover_image":"","cover_image_id":"","duration":"","filesize":"","filesize_raw":"","date_recorded":"","explicit":"","block":"","footnotes":""},"class_list":["post-22833","page","type-page","status-publish","has-post-thumbnail","hentry"],"_links":{"self":[{"href":"https:\/\/quecartucho.es\/blog\/wp-json\/wp\/v2\/pages\/22833","targetHints":{"allow":["GET"]}}],"collection":[{"href":"https:\/\/quecartucho.es\/blog\/wp-json\/wp\/v2\/pages"}],"about":[{"href":"https:\/\/quecartucho.es\/blog\/wp-json\/wp\/v2\/types\/page"}],"author":[{"embeddable":true,"href":"https:\/\/quecartucho.es\/blog\/wp-json\/wp\/v2\/users\/1"}],"replies":[{"embeddable":true,"href":"https:\/\/quecartucho.es\/blog\/wp-json\/wp\/v2\/comments?post=22833"}],"version-history":[{"count":2,"href":"https:\/\/quecartucho.es\/blog\/wp-json\/wp\/v2\/pages\/22833\/revisions"}],"predecessor-version":[{"id":22837,"href":"https:\/\/quecartucho.es\/blog\/wp-json\/wp\/v2\/pages\/22833\/revisions\/22837"}],"up":[{"embeddable":true,"href":"https:\/\/quecartucho.es\/blog\/wp-json\/wp\/v2\/pages\/5632"}],"wp:featuredmedia":[{"embeddable":true,"href":"https:\/\/quecartucho.es\/blog\/wp-json\/wp\/v2\/media\/22836"}],"wp:attachment":[{"href":"https:\/\/quecartucho.es\/blog\/wp-json\/wp\/v2\/media?parent=22833"}],"curies":[{"name":"wp","href":"https:\/\/api.w.org\/{rel}","templated":true}]}}