{"id":23143,"date":"2024-11-29T13:38:08","date_gmt":"2024-11-29T11:38:08","guid":{"rendered":"https:\/\/quecartucho.es\/blog\/?page_id=23143"},"modified":"2025-05-26T12:30:33","modified_gmt":"2025-05-26T10:30:33","slug":"7-trucos-para-alargar-la-vida-util-de-tu-impresora","status":"publish","type":"page","link":"https:\/\/quecartucho.es\/blog\/7-trucos-para-alargar-la-vida-util-de-tu-impresora\/","title":{"rendered":"7 trucos para alargar la vida \u00fatil de tu impresora"},"content":{"rendered":"\n<p>\u00bfTu impresora ya tiene sus a\u00f1itos o simplemente no quieres que te deje plantado\/a como aquel ex al que es mejor olvidar? No te preocupes, aqu\u00ed te traemos <strong>7 trucos para alargar la vida \u00fatil de tu impresora. <\/strong>Son mano de santo, cr\u00e9enos. \u00a1Tu bolsillo (y tu paciencia) te lo agradecer\u00e1n!<\/p>\n\n\n\n<div class=\"wp-block-columns is-layout-flex wp-container-core-columns-is-layout-9d6595d7 wp-block-columns-is-layout-flex\">\n<div class=\"wp-block-column is-vertically-aligned-center is-layout-flow wp-block-column-is-layout-flow\">\n<h2 class=\"wp-block-heading\"> 1. Tr\u00e1tala con mimo, no con furia<\/h2>\n\n\n\n<p><\/p>\n\n\n\n<p class=\"has-text-align-left\">Sabemos que hay d\u00edas en los que te tienta lanzarla por la ventana porque <a href=\"https:\/\/quecartucho.es\/blog\/cuando-una-impresora-no-imprime-bien\/\">no imprime ni la hoja de prueba<\/a>. Pero respira hondo y mant\u00e9n la calma, que, en el fondo, no es su culpa. La mayor\u00eda de los problemas se resuelven con un reinicio o un poco de paciencia. M\u00e1s vale mimo que furia. Evita movimientos bruscos que puedan da\u00f1ar sus componentes.<\/p>\n<\/div>\n\n\n\n<div class=\"wp-block-column is-layout-flow wp-block-column-is-layout-flow\">\n<figure class=\"wp-block-image size-full\"><img loading=\"lazy\" decoding=\"async\" width=\"1000\" height=\"650\" src=\"https:\/\/quecartucho.es\/blog\/wp-content\/uploads\/2024\/11\/Trata-la-impresora-con-mimo-no-con-furia.jpg\" alt=\"Tr\u00e1ta la impresora con mimo\" class=\"wp-image-23144\" title=\"\" srcset=\"https:\/\/quecartucho.es\/blog\/wp-content\/uploads\/2024\/11\/Trata-la-impresora-con-mimo-no-con-furia.jpg 1000w, https:\/\/quecartucho.es\/blog\/wp-content\/uploads\/2024\/11\/Trata-la-impresora-con-mimo-no-con-furia-300x195.jpg 300w, https:\/\/quecartucho.es\/blog\/wp-content\/uploads\/2024\/11\/Trata-la-impresora-con-mimo-no-con-furia-768x499.jpg 768w\" sizes=\"auto, (max-width: 1000px) 100vw, 1000px\" \/><\/figure>\n<\/div>\n<\/div>\n\n\n\n<h2 class=\"wp-block-heading\"><a><\/a> 2. El polvo: su archienemigo<\/h2>\n\n\n\n<p>Ese rinconcito donde acumulas papeles y cables no es el mejor lugar para tu impresora. El polvo es como la arena en un engranaje. As\u00ed que coloca tu impresora en el lugar limpio que se merece, y cada tanto, p\u00e1sale un pa\u00f1o suave para evitar que se convierta en un f\u00f3sil de oficina.<\/p>\n\n\n\n<h2 class=\"wp-block-heading\"><a><\/a> 3. \u00bfCartuchos compatibles? Por supuesto, pero de calidad<\/h2>\n\n\n\n<p>A estas alturas del partido, y si eres fiel lector de nuestro <a href=\"https:\/\/quecartucho.es\/blog\/\"><u><strong>blog<\/strong><\/u><\/a>, ya sabr\u00e1s que eso de que \u201clos cartuchos compatibles da\u00f1an la impresora\u201d, es uno de los <em>cu\u00f1adismos<\/em> m\u00e1s grandes del mundo. Los <strong><a href=\"https:\/\/quecartucho.es\">cartuchos compatibles<\/a> <\/strong>van a tratar con mimo tu impresora al tiempo que te dar\u00e1n una calidad <em>espatarrante<\/em> y un ahorro nada despreciable.<\/p>\n\n\n\n<p>Peeeeero, dicho esto, si vas a usar cartuchos compatibles, que sean buenos. Nada de jug\u00e1rtela con ofertas dudosas que podr\u00edan estropear los cabezales. En <a href=\"http:\/\/quecartucho.es\/\"><u>nuestra tienda online<\/u><\/a>, tienes <strong>cartuchos compatibles de primera <\/strong>que cuidan de tu impresora como si fueran originales, pero sin arruinarte.<\/p>\n\n\n<div class=\"wp-block-image\">\n<figure class=\"aligncenter size-large\"><a href=\"https:\/\/quecartucho.es\/\"><img loading=\"lazy\" decoding=\"async\" width=\"1024\" height=\"575\" src=\"https:\/\/quecartucho.es\/blog\/wp-content\/uploads\/2024\/11\/Cartuchos-compatibles-colopremium-1024x575.webp\" alt=\"Cartuchos compatibles Color Premium\" class=\"wp-image-23145\" title=\"\" srcset=\"https:\/\/quecartucho.es\/blog\/wp-content\/uploads\/2024\/11\/Cartuchos-compatibles-colopremium-1024x575.webp 1024w, https:\/\/quecartucho.es\/blog\/wp-content\/uploads\/2024\/11\/Cartuchos-compatibles-colopremium-300x169.webp 300w, https:\/\/quecartucho.es\/blog\/wp-content\/uploads\/2024\/11\/Cartuchos-compatibles-colopremium-768x432.webp 768w, https:\/\/quecartucho.es\/blog\/wp-content\/uploads\/2024\/11\/Cartuchos-compatibles-colopremium.webp 1210w\" sizes=\"auto, (max-width: 1024px) 100vw, 1024px\" \/><\/a><\/figure>\n<\/div>\n\n\n<h2 class=\"wp-block-heading\"><a><\/a> 4. : Ponla a hacer fitness: imprime con regularidad<\/h2>\n\n\n\n<p>Las impresoras no est\u00e1n hechas para hibernar. Si pasas semanas sin imprimir, los cabezales se secan y ah\u00ed empiezan los problemas (solo en las impresoras de tinta, las laser no tienen estos problemas). Aunque no tengas mucho que imprimir, s\u00e1cala a pasear de vez en cuando, aunque sea con una hoja de prueba. Hay impresora como las Epson o la Brother que con simplemente conectarla a la luz ya hace su limpieza para dejarlas a punto.<\/p>\n\n\n\n<h2 class=\"wp-block-heading\"><a><\/a> 5. No la sobrecargues como tu bandeja de entrada<\/h2>\n\n\n\n<p>Evita meter m\u00e1s papel del que puede soportar o usar tipos de papel que no est\u00e1n indicados. Y si se atasca, no metas la mano como si fueras un cirujano y, mucho menos, tires del papel como si te estuvieras depilando a la cera. Consulta el manual antes de hacer un destrozo.<\/p>\n\n\n\n<h2 class=\"wp-block-heading\"><a><\/a> 6. Actualiza los controladores (s\u00ed, esos emails que siempre ignoras)<\/h2>\n\n\n\n<p>De vez en cuando, los fabricantes lanzan actualizaciones para mejorar el funcionamiento de tu impresora. Y aunque parezca un rollo, instalarlas puede ser la diferencia entre imprimir sin problemas o estar pele\u00e1ndote con errores (Si es una Impresora HP no lo hagas, por qu\u00e9 la mayor\u00eda de sus actualizaciones es para que no funcione con tinta compatible, no para hacer tu impresora mejor).<\/p>\n\n\n\n<h2 class=\"wp-block-heading\"><a><\/a> 7. Reg\u00e1lale un d\u00eda de spa con una limpieza interna<\/h2>\n\n\n\n<p>No, no necesitas jabones ni velas arom\u00e1ticas. Pero s\u00ed un programa de <strong><a href=\"https:\/\/quecartucho.es\/blog\/que-es-un-cabezal-de-impresion\/como-limpiar-un-cabezal-de-impresion\/\">limpieza de cabezales<\/a><\/strong> (que la mayor\u00eda de las impresoras tiene) y un poco de dedicaci\u00f3n para que funcione como nueva.<\/p>\n\n\n\n<figure class=\"wp-block-embed is-type-video is-provider-youtube wp-block-embed-youtube wp-embed-aspect-16-9 wp-has-aspect-ratio\"><div class=\"wp-block-embed__wrapper\">\n<div class=\"nv-iframe-embed\"><iframe loading=\"lazy\" title=\"\u00bfComo Limpiar los cabezales de la impresora HP desde aplicaci\u00f3n HP Smart?\" width=\"1200\" height=\"675\" src=\"https:\/\/www.youtube.com\/embed\/7EOe-gQVImE?feature=oembed\" frameborder=\"0\" allow=\"accelerometer; autoplay; clipboard-write; encrypted-media; gyroscope; picture-in-picture; web-share\" referrerpolicy=\"strict-origin-when-cross-origin\" allowfullscreen><\/iframe><\/div>\n<\/div><\/figure>\n\n\n\n<p>Y ya est\u00e1, con estos trucos b\u00e1sicos tu impresora estar\u00e1 en plena forma y t\u00fa te librar\u00e1s de esos momentos en los que piensas \u201c\u00bfPor qu\u00e9 a m\u00ed, Universo?\u201d.<\/p>\n\n\n\n<p>\u00bfEl consejo final? Si necesitas <strong>comprar cartuchos o t\u00f3ner compatibles<\/strong>, en Quecartucho los tenemos de calidad y a unos precios que no dan miedo (<a href=\"http:\/\/quecartucho.es\/\"><u>\u00a1haz clic y mira!<\/u><\/a>).<\/p>\n\n\n\n<p>\u00a1Ah, y recuerda imprimir este art\u00edculo para ponerlo en pr\u00e1ctica! Bueno, si quieres&#8230; \ud83d\ude09<\/p>\n\n\n\n<figure class=\"wp-block-audio\"><audio controls src=\"https:\/\/quecartucho.es\/blog\/wp-content\/uploads\/2025\/05\/Mantenimiento-Clave-Impresora.wav\"><\/audio><figcaption class=\"wp-element-caption\">7 trucos para alargar la vida \u00fatil de tu impresora<\/figcaption><\/figure>\n\n\n\n<p><\/p>\n","protected":false},"excerpt":{"rendered":"<p>\u00bfTu impresora ya tiene sus a\u00f1itos o simplemente no quieres que te deje plantado\/a como aquel ex al que es mejor olvidar? No te preocupes, aqu\u00ed te traemos 7 trucos para alargar la vida \u00fatil de tu impresora. Son mano de santo, cr\u00e9enos. \u00a1Tu bolsillo (y tu paciencia) te lo agradecer\u00e1n! 1. Tr\u00e1tala con mimo,&hellip;&nbsp;<a href=\"https:\/\/quecartucho.es\/blog\/7-trucos-para-alargar-la-vida-util-de-tu-impresora\/\" rel=\"bookmark\">Leer m\u00e1s &raquo;<span class=\"screen-reader-text\">7 trucos para alargar la vida \u00fatil de tu impresora<\/span><\/a><\/p>\n","protected":false},"author":1,"featured_media":23148,"parent":0,"menu_order":0,"comment_status":"closed","ping_status":"closed","template":"","meta":{"neve_meta_sidebar":"","neve_meta_container":"","neve_meta_enable_content_width":"","neve_meta_content_width":0,"neve_meta_title_alignment":"","neve_meta_author_avatar":"","neve_post_elements_order":"","neve_meta_disable_header":"","neve_meta_disable_footer":"","neve_meta_disable_title":"","episode_type":"","audio_file":"","podmotor_file_id":"","podmotor_episode_id":"","cover_image":"","cover_image_id":"","duration":"","filesize":"","filesize_raw":"","date_recorded":"","explicit":"","block":"","footnotes":""},"class_list":["post-23143","page","type-page","status-publish","has-post-thumbnail","hentry"],"_links":{"self":[{"href":"https:\/\/quecartucho.es\/blog\/wp-json\/wp\/v2\/pages\/23143","targetHints":{"allow":["GET"]}}],"collection":[{"href":"https:\/\/quecartucho.es\/blog\/wp-json\/wp\/v2\/pages"}],"about":[{"href":"https:\/\/quecartucho.es\/blog\/wp-json\/wp\/v2\/types\/page"}],"author":[{"embeddable":true,"href":"https:\/\/quecartucho.es\/blog\/wp-json\/wp\/v2\/users\/1"}],"replies":[{"embeddable":true,"href":"https:\/\/quecartucho.es\/blog\/wp-json\/wp\/v2\/comments?post=23143"}],"version-history":[{"count":5,"href":"https:\/\/quecartucho.es\/blog\/wp-json\/wp\/v2\/pages\/23143\/revisions"}],"predecessor-version":[{"id":23466,"href":"https:\/\/quecartucho.es\/blog\/wp-json\/wp\/v2\/pages\/23143\/revisions\/23466"}],"wp:featuredmedia":[{"embeddable":true,"href":"https:\/\/quecartucho.es\/blog\/wp-json\/wp\/v2\/media\/23148"}],"wp:attachment":[{"href":"https:\/\/quecartucho.es\/blog\/wp-json\/wp\/v2\/media?parent=23143"}],"curies":[{"name":"wp","href":"https:\/\/api.w.org\/{rel}","templated":true}]}}