{"id":23434,"date":"2025-04-16T12:34:44","date_gmt":"2025-04-16T10:34:44","guid":{"rendered":"https:\/\/quecartucho.es\/blog\/?page_id=23434"},"modified":"2025-04-16T12:34:45","modified_gmt":"2025-04-16T10:34:45","slug":"dia-de-la-madre","status":"publish","type":"page","link":"https:\/\/quecartucho.es\/blog\/ofertas\/dia-de-la-madre\/","title":{"rendered":"D\u00eda de la madre"},"content":{"rendered":"\n<p>No lo podemos negar ni queriendo.<\/p>\n\n\n\n<p>Tenemos a las madres en boca todo el d\u00eda. \u00abMadre m\u00eda\u00bb, \u00abmadre del amor hermoso\u00bb, \u00ablo juro por mi madre\u00bb, \u00abmadre solo hay una\u00bb&#8230;&nbsp;<\/p>\n\n\n\n<p>\ud83e\udd37\u200d\u2640\ufe0f Y precisamente por eso, porque madre solo hay una, este a\u00f1o deber\u00edas pensar muy bien c\u00f3mo sorprenderla.<\/p>\n\n\n\n<p>&#8211; Ah no, pero si yo ya le tengo pensado el regalito &#8211; nos dir\u00e1s &#8211; La voy a mega sorprender con una caja de bombones y un ramo de flores. \u00a1Y lo mismo le compro un perfume!<\/p>\n\n\n\n<figure class=\"wp-block-image size-full\"><img loading=\"lazy\" decoding=\"async\" width=\"400\" height=\"376\" src=\"https:\/\/quecartucho.es\/blog\/wp-content\/uploads\/2025\/04\/dia-de-la-madre.gif\" alt=\"\" class=\"wp-image-23436\" title=\"\"><\/figure>\n\n\n\n<p>\u00bfEn serio piensas sorprenderla as\u00ed? \ud83e\udd0c\ud83e\udd0c\ud83e\udd0c<\/p>\n\n\n\n<p>Menos mal que aqu\u00ed estamos las cabezas pensantes de Quecartucho para ayudarte a sorprenderla de verdad, pero de verdad de la buena.&nbsp;<\/p>\n\n\n\n<p>\u00bfA que no se te hab\u00eda ocurrido regalarle un <strong><a href=\"https:\/\/quecartucho.es\/\">cartucho para la impresora<\/a><\/strong> \ud83d\udda8\ufe0f?\u00a0<\/p>\n\n\n\n<p>S\u00ed, vale, suena raro, para qu\u00e9 negarlo. Pero pi\u00e9nsalo un momento:<\/p>\n\n\n\n<p>\ud83d\udc69\u200d\ud83d\udcbb \u00bfQui\u00e9n imprime el trabajo escolar que \u00abse te hab\u00eda olvidado\u00bb y es para ma\u00f1ana? La mama&nbsp;<\/p>\n\n\n\n<p>\ud83c\udf70 \u00bfQui\u00e9n imprime recetas, instrucciones de montaje imposibles y manualidades que nunca ver\u00e1n la luz? La mama&nbsp;<\/p>\n\n\n\n<p>\ud83d\udcf8 \u00bfQui\u00e9n imprime esas fotos en las que sales fatal pero ella encuentra \u00abmon\u00edsimas\u00bb? Exacto, la mama.&nbsp;<\/p>\n\n\n\n<p>As\u00ed que, si de verdad quieres ser el favorito de tu mami y sorprenderla en modo leyenda\u2026<\/p>\n\n\n\n<p>\u00a1C\u00f3mprale un cartucho o un t\u00f3ner!<\/p>\n\n\n\n<p>Porque, aunque te diga que ya tiene de todo, cr\u00e9enos: no tiene cartuchos nuevos ni t\u00f3ner compatible nuevo.<\/p>\n\n\n\n<p>As\u00ed que ya sabes:<\/p>\n\n\n\n<p>\u00bfD\u00f3nde est\u00e1 la madre de todos los regalos para tu madre?&nbsp;<\/p>\n\n\n\n<p>\ud83d\udc49 Por <a href=\"http:\/\/quecartucho.es\">aqu\u00ed<\/a>.&nbsp;<\/p>\n\n\n\n<p>PD: De nada \ud83d\ude09<\/p>\n","protected":false},"excerpt":{"rendered":"<p>No lo podemos negar ni queriendo. Tenemos a las madres en boca todo el d\u00eda. \u00abMadre m\u00eda\u00bb, \u00abmadre del amor hermoso\u00bb, \u00ablo juro por mi madre\u00bb, \u00abmadre solo hay una\u00bb&#8230;&nbsp; \ud83e\udd37\u200d\u2640\ufe0f Y precisamente por eso, porque madre solo hay una, este a\u00f1o deber\u00edas pensar muy bien c\u00f3mo sorprenderla. &#8211; Ah no, pero si yo ya&hellip;&nbsp;<a href=\"https:\/\/quecartucho.es\/blog\/ofertas\/dia-de-la-madre\/\" rel=\"bookmark\">Leer m\u00e1s &raquo;<span class=\"screen-reader-text\">D\u00eda de la madre<\/span><\/a><\/p>\n","protected":false},"author":1,"featured_media":23439,"parent":2121,"menu_order":0,"comment_status":"closed","ping_status":"closed","template":"","meta":{"neve_meta_sidebar":"","neve_meta_container":"","neve_meta_enable_content_width":"","neve_meta_content_width":0,"neve_meta_title_alignment":"","neve_meta_author_avatar":"","neve_post_elements_order":"","neve_meta_disable_header":"","neve_meta_disable_footer":"","neve_meta_disable_title":"","episode_type":"","audio_file":"","podmotor_file_id":"","podmotor_episode_id":"","cover_image":"","cover_image_id":"","duration":"","filesize":"","filesize_raw":"","date_recorded":"","explicit":"","block":"","footnotes":""},"class_list":["post-23434","page","type-page","status-publish","has-post-thumbnail","hentry"],"_links":{"self":[{"href":"https:\/\/quecartucho.es\/blog\/wp-json\/wp\/v2\/pages\/23434","targetHints":{"allow":["GET"]}}],"collection":[{"href":"https:\/\/quecartucho.es\/blog\/wp-json\/wp\/v2\/pages"}],"about":[{"href":"https:\/\/quecartucho.es\/blog\/wp-json\/wp\/v2\/types\/page"}],"author":[{"embeddable":true,"href":"https:\/\/quecartucho.es\/blog\/wp-json\/wp\/v2\/users\/1"}],"replies":[{"embeddable":true,"href":"https:\/\/quecartucho.es\/blog\/wp-json\/wp\/v2\/comments?post=23434"}],"version-history":[{"count":3,"href":"https:\/\/quecartucho.es\/blog\/wp-json\/wp\/v2\/pages\/23434\/revisions"}],"predecessor-version":[{"id":23438,"href":"https:\/\/quecartucho.es\/blog\/wp-json\/wp\/v2\/pages\/23434\/revisions\/23438"}],"up":[{"embeddable":true,"href":"https:\/\/quecartucho.es\/blog\/wp-json\/wp\/v2\/pages\/2121"}],"wp:featuredmedia":[{"embeddable":true,"href":"https:\/\/quecartucho.es\/blog\/wp-json\/wp\/v2\/media\/23439"}],"wp:attachment":[{"href":"https:\/\/quecartucho.es\/blog\/wp-json\/wp\/v2\/media?parent=23434"}],"curies":[{"name":"wp","href":"https:\/\/api.w.org\/{rel}","templated":true}]}}