{"id":23440,"date":"2022-04-16T12:42:00","date_gmt":"2022-04-16T10:42:00","guid":{"rendered":"https:\/\/quecartucho.es\/blog\/?page_id=23440"},"modified":"2025-04-16T12:43:40","modified_gmt":"2025-04-16T10:43:40","slug":"codigo-descuento-de-5-e-para-ti-y-tus-amigos-en-quecartucho","status":"publish","type":"page","link":"https:\/\/quecartucho.es\/blog\/ofertas\/codigo-descuento-de-5-e-para-ti-y-tus-amigos-en-quecartucho\/","title":{"rendered":"C\u00f3digo descuento de 5 \u20ac para ti y tus amigos en Quecartucho"},"content":{"rendered":"\n<p>\u2b95 Los hay invisibles, de Facebook y verdaderos.<\/p>\n\n\n\n<h3 class=\"wp-block-heading\">5 \u20ac para ti y tu amigo<\/h3>\n\n\n\n<p><img decoding=\"async\" src=\"https:\/\/fonts.gstatic.com\/s\/e\/notoemoji\/14.0\/1f914\/72.png\" alt=\"\ud83e\udd14\" style=\"width: 20px;\" title=\"\">&nbsp;\u00bfTodav\u00eda no sabes de qu\u00e9 hablamos?<\/p>\n\n\n\n<p><strong>\u00a1De los amigos!<\/strong><\/p>\n\n\n\n<p>Y es que hoy, 30 de julio, NO ES 20, se nos fu\u00e9 la olla en el otro mail&#8230;y si \u00a1es el D\u00eda del Amigo!&nbsp;<img decoding=\"async\" src=\"https:\/\/fonts.gstatic.com\/s\/e\/notoemoji\/14.0\/1f91c\/72.png\" alt=\"\ud83e\udd1c\" style=\"width: 20px;\" title=\"\"><img decoding=\"async\" style=\"width: 20px;\" src=\"https:\/\/fonts.gstatic.com\/s\/e\/notoemoji\/14.0\/1f91b\/72.png\" alt=\"\ud83e\udd1b\" title=\"\">.<\/p>\n\n\n\n<p><img decoding=\"async\" src=\"https:\/\/fonts.gstatic.com\/s\/e\/notoemoji\/14.0\/1f636\/72.png\" alt=\"\ud83d\ude36\" style=\"width: 20px;\" title=\"\">\u200d Est\u00e1 el amigo invisible, esa maravillosa costumbre navide\u00f1a que te pone en el aprieto de \u201c\u00bfY ahora qu\u00e9 le regalo a este por 5\u202f\u20ac?\u201d.<br>&nbsp;<\/p>\n\n\n\n<p><img decoding=\"async\" src=\"https:\/\/fonts.gstatic.com\/s\/e\/notoemoji\/14.0\/1f4f1\/72.png\" alt=\"\ud83d\udcf1\" style=\"width: 20px;\" title=\"\">&nbsp;Est\u00e1 el amigo de Facebook (\u00bfPor qu\u00e9 en Facebook son amigos y en Instagram son followers?<br><br><img decoding=\"async\" src=\"https:\/\/fonts.gstatic.com\/s\/e\/notoemoji\/14.0\/1f937\/72.png\" alt=\"\ud83e\udd37\" style=\"width: 20px;\" title=\"\">), que a veces no sabes ni qui\u00e9n es ni c\u00f3mo ha llegado a ser amigo tuyo.<br>&nbsp;<\/p>\n\n\n\n<p><img decoding=\"async\" src=\"https:\/\/fonts.gstatic.com\/s\/e\/notoemoji\/14.0\/1f917\/72.png\" alt=\"\ud83e\udd17\" style=\"width: 20px;\" title=\"\">&nbsp;Y est\u00e1 el que a nosotros nos gusta m\u00e1s, y seguro que a ti tambi\u00e9n: el amigo o amiga de verdad.<\/p>\n\n\n\n<p>Ese que es tu familia elegida. Que cuando tu madre te dec\u00eda \u201c\u00bfY si Anita se tira por un puente, te vas a tirar t\u00fa tambi\u00e9n?\u201d, t\u00fa pensabas \u201cPues claro que s\u00ed, con Anita al fin del mundo\u201d.<\/p>\n\n\n\n<p>Ese amigo que te aguanta las borracheras, los llantos de tu \u00faltimo desenga\u00f1o, las batallitas de cuando estuviste viviendo en Londres\u2026<\/p>\n\n\n\n<p>Esa amiga con la que te partes de risa recordando al profe de mates, que llevaba el mismo jersey de rombos todo el invierno.<\/p>\n\n\n\n<p>En fin, esos amigos que est\u00e1n ah\u00ed para llorar contigo, re\u00edr contigo, discutir contigo y reconciliarse contigo como si nada hubiera pasado.<\/p>\n\n\n\n<p>Pues oye, en&nbsp;<a href=\"http:\/\/quecartucho.es\/\" target=\"_blank\" rel=\"noreferrer noopener\">quecartucho.es<\/a>&nbsp;hemos cre\u00eddo que\u2026 lo mismo es una buena oportunidad para darles las gracias por estar siempre ah\u00ed, \u00bfno?<\/p>\n\n\n\n<p><strong>D\u00edselo con un descuentazo de 5 euros en su primera compra.<\/strong><\/p>\n\n\n\n<p>Est\u00e1 chupao:<\/p>\n\n\n\n<p><img decoding=\"async\" src=\"https:\/\/fonts.gstatic.com\/s\/e\/notoemoji\/14.0\/0031_fe0f_20e3\/72.png\" alt=\"1\ufe0f\u20e3\" style=\"width: 20px;\" title=\"\">&nbsp;Inv\u00edtale a que haga su primera compra en&nbsp;<a href=\"http:\/\/quecartucho.es\/\" target=\"_blank\" rel=\"noreferrer noopener\">quecartucho.es<\/a>&nbsp;con el c\u00f3digo&nbsp;<em><strong>AMIGOSPARASIEMPRE<\/strong><\/em><\/p>\n\n\n\n<p><img decoding=\"async\" src=\"https:\/\/fonts.gstatic.com\/s\/e\/notoemoji\/14.0\/0032_fe0f_20e3\/72.png\" alt=\"2\ufe0f\u20e3\" style=\"width: 20px;\" title=\"\">&nbsp;Este c\u00f3digo de descuento tambi\u00e9n puedes usarlo t\u00fa, que aqu\u00ed repartimos alegr\u00eda para todos.<\/p>\n\n\n\n<p><img decoding=\"async\" src=\"https:\/\/fonts.gstatic.com\/s\/e\/notoemoji\/14.0\/0033_fe0f_20e3\/72.png\" alt=\"3\ufe0f\u20e3\" style=\"width: 20px;\" title=\"\">&nbsp;Y\u2026 Voil\u00e0! Todos felices con vuestros descuentazos (m\u00e1s barato todav\u00eda vais a comprar\u2026 madre m\u00eda\u2026 a este paso os pagaremos y todo&nbsp;<img decoding=\"async\" src=\"https:\/\/fonts.gstatic.com\/s\/e\/notoemoji\/14.0\/1f61d\/72.png\" alt=\"\ud83d\ude1d\" style=\"width: 20px;\" title=\"\">).<\/p>\n\n\n\n<p>\u00a1Os esperamos!<\/p>\n\n\n\n<p><strong>El equipo de&nbsp;<a href=\"http:\/\/quecartucho.es\/\" target=\"_blank\" rel=\"noreferrer noopener\">quecartucho.es<\/a><\/strong><\/p>\n\n\n\n<p>\u00a1No tardes en pas\u00e1rselo a tu amigo!, el c\u00f3digo descuento es v\u00e1lido hasta el lunes d\u00eda 1 de agosto 2022, incluido.<\/p>\n","protected":false},"excerpt":{"rendered":"<p>\u2b95 Los hay invisibles, de Facebook y verdaderos. 5 \u20ac para ti y tu amigo &nbsp;\u00bfTodav\u00eda no sabes de qu\u00e9 hablamos? \u00a1De los amigos! Y es que hoy, 30 de julio, NO ES 20, se nos fu\u00e9 la olla en el otro mail&#8230;y si \u00a1es el D\u00eda del Amigo!&nbsp;. \u200d Est\u00e1 el amigo invisible, esa&hellip;&nbsp;<a href=\"https:\/\/quecartucho.es\/blog\/ofertas\/codigo-descuento-de-5-e-para-ti-y-tus-amigos-en-quecartucho\/\" rel=\"bookmark\">Leer m\u00e1s &raquo;<span class=\"screen-reader-text\">C\u00f3digo descuento de 5 \u20ac para ti y tus amigos en Quecartucho<\/span><\/a><\/p>\n","protected":false},"author":1,"featured_media":23443,"parent":2121,"menu_order":0,"comment_status":"closed","ping_status":"closed","template":"","meta":{"neve_meta_sidebar":"","neve_meta_container":"","neve_meta_enable_content_width":"","neve_meta_content_width":0,"neve_meta_title_alignment":"","neve_meta_author_avatar":"","neve_post_elements_order":"","neve_meta_disable_header":"","neve_meta_disable_footer":"","neve_meta_disable_title":"","episode_type":"","audio_file":"","podmotor_file_id":"","podmotor_episode_id":"","cover_image":"","cover_image_id":"","duration":"","filesize":"","filesize_raw":"","date_recorded":"","explicit":"","block":"","footnotes":""},"class_list":["post-23440","page","type-page","status-publish","has-post-thumbnail","hentry"],"_links":{"self":[{"href":"https:\/\/quecartucho.es\/blog\/wp-json\/wp\/v2\/pages\/23440","targetHints":{"allow":["GET"]}}],"collection":[{"href":"https:\/\/quecartucho.es\/blog\/wp-json\/wp\/v2\/pages"}],"about":[{"href":"https:\/\/quecartucho.es\/blog\/wp-json\/wp\/v2\/types\/page"}],"author":[{"embeddable":true,"href":"https:\/\/quecartucho.es\/blog\/wp-json\/wp\/v2\/users\/1"}],"replies":[{"embeddable":true,"href":"https:\/\/quecartucho.es\/blog\/wp-json\/wp\/v2\/comments?post=23440"}],"version-history":[{"count":2,"href":"https:\/\/quecartucho.es\/blog\/wp-json\/wp\/v2\/pages\/23440\/revisions"}],"predecessor-version":[{"id":23442,"href":"https:\/\/quecartucho.es\/blog\/wp-json\/wp\/v2\/pages\/23440\/revisions\/23442"}],"up":[{"embeddable":true,"href":"https:\/\/quecartucho.es\/blog\/wp-json\/wp\/v2\/pages\/2121"}],"wp:featuredmedia":[{"embeddable":true,"href":"https:\/\/quecartucho.es\/blog\/wp-json\/wp\/v2\/media\/23443"}],"wp:attachment":[{"href":"https:\/\/quecartucho.es\/blog\/wp-json\/wp\/v2\/media?parent=23440"}],"curies":[{"name":"wp","href":"https:\/\/api.w.org\/{rel}","templated":true}]}}