{"id":23447,"date":"2025-04-29T10:33:41","date_gmt":"2025-04-29T08:33:41","guid":{"rendered":"https:\/\/quecartucho.es\/blog\/?page_id=23447"},"modified":"2025-04-29T10:35:40","modified_gmt":"2025-04-29T08:35:40","slug":"como-imprimir-sobres-sin-morir-en-el-intento-ni-atascar-tu-impresora","status":"publish","type":"page","link":"https:\/\/quecartucho.es\/blog\/como-imprimir-sobres-sin-morir-en-el-intento-ni-atascar-tu-impresora\/","title":{"rendered":"C\u00f3mo imprimir sobres (sin morir en el intento ni atascar tu impresora)"},"content":{"rendered":"\n<p>Adm\u00edtelo: nunca pensaste que<strong> imprimir sobres<\/strong> pudiera convertirse en un episodio digno de Netflix. Sobres que se atascan, impresoras que deciden ignorarte, o direcciones que quedan tan torcidas que parecen hechas por un ni\u00f1o de tres a\u00f1os&#8230; lo que viene siendo un verdadero show.<\/p>\n\n\n\n<p>Pero tranquilo, que estamos aqu\u00ed para ayudarte a salir de esta misi\u00f3n con \u00e9xito y con tu dignidad intacta. Aqu\u00ed tienes unos <strong>consejos infalibles para imprimir sobres<\/strong> como un profesional.<\/p>\n\n\n\n<h2 class=\"wp-block-heading\"><a><\/a> 1. El sobre importa (y mucho)<\/h2>\n\n\n\n<div class=\"wp-block-columns is-layout-flex wp-container-core-columns-is-layout-9d6595d7 wp-block-columns-is-layout-flex\">\n<div class=\"wp-block-column is-layout-flow wp-block-column-is-layout-flow\">\n<p>\u00bfPensando en imprimir ese sobre viejo que encontraste en un caj\u00f3n? Mala idea. Evita:<\/p>\n\n\n\n<ul class=\"wp-block-list\">\n<li><strong>Sobres con ventanilla de pl\u00e1stico<\/strong> (que se funde con el calor y convierte tu impresora en una tostadora).<br><br><\/li>\n\n\n\n<li>Sobres con cierres met\u00e1licos o <strong>autoadhesivos<\/strong> (porque tu impresora no necesita piercings).<br><br><\/li>\n\n\n\n<li><strong>Sobres texturizados<\/strong> o demasiado finos (no queremos papelitos confeti dentro de tu impresora).<\/li>\n<\/ul>\n<\/div>\n\n\n\n<div class=\"wp-block-column is-layout-flow wp-block-column-is-layout-flow\">\n<figure class=\"wp-block-image size-full\"><a href=\"https:\/\/www.fasaworld.com\/searchcat\/216-sobres.html\" target=\"_blank\" rel=\"noopener\"><img loading=\"lazy\" decoding=\"async\" width=\"612\" height=\"408\" src=\"https:\/\/quecartucho.es\/blog\/wp-content\/uploads\/2025\/04\/sobres.jpg\" alt=\"sobres para imprimir\" class=\"wp-image-23448\" title=\"\" srcset=\"https:\/\/quecartucho.es\/blog\/wp-content\/uploads\/2025\/04\/sobres.jpg 612w, https:\/\/quecartucho.es\/blog\/wp-content\/uploads\/2025\/04\/sobres-300x200.jpg 300w\" sizes=\"auto, (max-width: 612px) 100vw, 612px\" \/><\/a><\/figure>\n<\/div>\n<\/div>\n\n\n\n<p>Mejor, elige <strong><a href=\"https:\/\/www.fasaworld.com\/searchcat\/216-sobres.html\" target=\"_blank\" rel=\"noopener\">sobres<\/a><\/strong> normales, lisos y resistentes para no llevarte sorpresas desagradables. Puedes ver sobres al mejor precio en nuestra web de papeler\u00eda barata: <a href=\"https:\/\/www.fasaworld.com\/searchcat\/216-sobres.html\" target=\"_blank\" rel=\"noopener\">https:\/\/www.fasaworld.com\/searchcat\/216-sobres.html<\/a><\/p>\n\n\n\n<h2 class=\"wp-block-heading\"><a><\/a> 2. Configura el documento correctamente (o acabar\u00e1s imprimiendo en cualquier sitio menos en el sobre)<\/h2>\n\n\n\n<p>Si utilizas Word, ve directamente a \u00abCorrespondencia\u00bb y luego a \u00abSobres\u00bb. Introduce la direcci\u00f3n y el remitente como si fueras una persona organizada (tranquilo, solo lo vas a fingir). Luego, dale a \u201cOpciones\u201d para elegir el tama\u00f1o adecuado y ajusta la orientaci\u00f3n, porque aqu\u00ed es donde ocurren la mayor\u00eda de los desastres.<\/p>\n\n\n\n<h2 class=\"wp-block-heading\"><a><\/a> 3. Coloca el sobre en la impresora correctamente (Tetris style)<\/h2>\n\n\n\n<p>Cada impresora es un mundo y tiene sus man\u00edas. Algunas quieren el sobre boca arriba, otras boca abajo; unas por la bandeja principal y otras por la secundaria. Si no tienes claro c\u00f3mo va el tuyo, consulta r\u00e1pidamente el manual (exacto, ese que nunca lees). Con suerte lo har\u00e1s solo una vez, y con un poco m\u00e1s de suerte, lo recordar\u00e1s para siempre.<\/p>\n\n\n\n<h2 class=\"wp-block-heading\"><a><\/a> 4. Haz siempre una prueba en un folio (y ah\u00f3rrate un mont\u00f3n de sobres malgastados)<\/h2>\n\n\n\n<p>Este tip nos encanta porque, cuando lo contamos, nos encontramos con que nos ponen (m\u00e1s o menos) esta cara: \ud83d\ude36. En plan\u2026 \u201c\u00bfPor qu\u00e9 no se me ha ocurrido a m\u00ed?\u201d<\/p>\n\n\n\n<p>Los <a href=\"https:\/\/www.fasaworld.com\/searchcat\/221-papel-fotocopiadora.html\" target=\"_blank\" rel=\"noopener\">folios son m\u00e1s baratos<\/a> que los sobres, eso est\u00e1 claro. As\u00ed que antes de echarle un par de\u2026 bemoles, e imprimir directamente en el sobre, haz una prueba r\u00e1pida en papel normal. Si ves que todo est\u00e1 en orden, ya tienes luz verde para la impresi\u00f3n definitiva.<\/p>\n\n\n\n<h2 class=\"wp-block-heading\"><a><\/a> 5. Imprime y verifica (confiar es guay, pero comprobar es mejor)<\/h2>\n\n\n\n<p>Ya est\u00e1, sobre impreso. \u00bfAcabamos aqu\u00ed? \u00a1Ep! No tan r\u00e1pido. Dale un vistazo para confirmar que no hay fallos raros y que todo ha salido recto, m\u00e1s que nada para que no parezca que lo imprimiste en mitad de un terremoto.<\/p>\n\n\n\n<h2 class=\"wp-block-heading\"><a><\/a> 6. Cuidado con los sobres llenos (porque impresora + cosas dentro = desastre)<\/h2>\n\n\n\n<div class=\"wp-block-columns are-vertically-aligned-center is-layout-flex wp-container-core-columns-is-layout-9d6595d7 wp-block-columns-is-layout-flex\">\n<div class=\"wp-block-column is-vertically-aligned-center is-layout-flow wp-block-column-is-layout-flow\">\n<p>Nunca, jam\u00e1s, pero jam\u00e1s de los jamases, imprimas sobres que ya est\u00e9n llenos de papeles. Por l\u00f3gica, peso y sentido com\u00fan, el sobre debe estar vac\u00edo cuando pasa por la impresora. De lo contrario, prep\u00e1rate para sacar el sobre <a href=\"https:\/\/quecartucho.es\/blog\/como-solucionar-un-atasco-de-papel-en-la-impresora\/\"><strong>atascado<\/strong><\/a> mientras rezas al dios de las impresoras para que no haya da\u00f1os mayores.<\/p>\n<\/div>\n\n\n\n<div class=\"wp-block-column is-vertically-aligned-center is-layout-flow wp-block-column-is-layout-flow\">\n<figure class=\"wp-block-image size-full\"><img loading=\"lazy\" decoding=\"async\" width=\"550\" height=\"343\" src=\"https:\/\/quecartucho.es\/blog\/wp-content\/uploads\/2025\/04\/solucionar-un-atasco-de-papel-de-un-sobre-en-una-impresora.jpg\" alt=\"solucionar un atasco de papel de un sobre en una impresora\" class=\"wp-image-23449\" title=\"\" srcset=\"https:\/\/quecartucho.es\/blog\/wp-content\/uploads\/2025\/04\/solucionar-un-atasco-de-papel-de-un-sobre-en-una-impresora.jpg 550w, https:\/\/quecartucho.es\/blog\/wp-content\/uploads\/2025\/04\/solucionar-un-atasco-de-papel-de-un-sobre-en-una-impresora-300x187.jpg 300w\" sizes=\"auto, (max-width: 550px) 100vw, 550px\" \/><\/figure>\n<\/div>\n<\/div>\n\n\n\n<h2 class=\"wp-block-heading\"><a><\/a> 7. Combina correspondencia si tienes muchos sobres que imprimir (y ah\u00f3rrate aburrimiento)<\/h2>\n\n\n\n<p>Si tienes que enviar invitaciones a todo el pueblo o comunicados masivos, Word tiene una opci\u00f3n llamada \u00abCombinar correspondencia\u00bb que te permite automatizar direcciones y destinatarios. Tu salud mental te lo agradecer\u00e1.<\/p>\n\n\n\n<figure class=\"wp-block-embed is-type-video is-provider-youtube wp-block-embed-youtube wp-embed-aspect-16-9 wp-has-aspect-ratio\"><div class=\"wp-block-embed__wrapper\">\n<div class=\"nv-iframe-embed\"><iframe loading=\"lazy\" title=\"C\u00f3mo imprimir en sobres desde Windows | Impresoras HP | HP Support\" width=\"1200\" height=\"675\" src=\"https:\/\/www.youtube.com\/embed\/9SSlclpuc70?feature=oembed\" frameborder=\"0\" allow=\"accelerometer; autoplay; clipboard-write; encrypted-media; gyroscope; picture-in-picture; web-share\" referrerpolicy=\"strict-origin-when-cross-origin\" allowfullscreen><\/iframe><\/div>\n<\/div><\/figure>\n\n\n\n<h2 class=\"wp-block-heading\"><a><\/a> Resumiendo\u2026<\/h2>\n\n\n\n<p><strong>Imprimir sobres<\/strong> no deber\u00eda ser una aventura de ida sin retorno, pero, <em>for if the flies, <\/em>ya tienes esta peque\u00f1a gu\u00eda de supervivencia. Ahora:<\/p>\n\n\n\n<p>1\ufe0f\u20e3Coge aire.<\/p>\n\n\n\n<p>2\ufe0f\u20e3Coge tus sobres.<\/p>\n\n\n\n<p>3\ufe0f\u20e3 Y coge \u00e1nimo, que lo vas a hacer genial.<\/p>\n\n\n\n<p>Y recuerda, si tu impresora se pone rebelde o te quedas sin tinta justo en mitad del proceso, en <a href=\"http:\/\/quecartucho.es\/\"><u>Quecartucho<\/u><\/a> tenemos la soluci\u00f3n. <strong><a href=\"https:\/\/quecartucho.es\/\">Cartuchos compatibles<\/a><\/strong> de calidad y a buen precio para que las cosas salgan bien a la primera (o a la segunda).<\/p>\n\n\n\n<p>Y si lo que te falta son sobres, <a href=\"https:\/\/www.fasaworld.com\/\" target=\"_blank\" rel=\"noopener\"><u>por aqu\u00ed<\/u><\/a> los tienes de todos los tama\u00f1os y tipos imaginables, como si estuvieras en <em>Sobrelandia.<\/em><\/p>\n","protected":false},"excerpt":{"rendered":"<p>Adm\u00edtelo: nunca pensaste que imprimir sobres pudiera convertirse en un episodio digno de Netflix. Sobres que se atascan, impresoras que deciden ignorarte, o direcciones que quedan tan torcidas que parecen hechas por un ni\u00f1o de tres a\u00f1os&#8230; lo que viene siendo un verdadero show. Pero tranquilo, que estamos aqu\u00ed para ayudarte a salir de esta&hellip;&nbsp;<a href=\"https:\/\/quecartucho.es\/blog\/como-imprimir-sobres-sin-morir-en-el-intento-ni-atascar-tu-impresora\/\" rel=\"bookmark\">Leer m\u00e1s &raquo;<span class=\"screen-reader-text\">C\u00f3mo imprimir sobres (sin morir en el intento ni atascar tu impresora)<\/span><\/a><\/p>\n","protected":false},"author":1,"featured_media":23455,"parent":0,"menu_order":0,"comment_status":"closed","ping_status":"closed","template":"","meta":{"neve_meta_sidebar":"","neve_meta_container":"","neve_meta_enable_content_width":"","neve_meta_content_width":0,"neve_meta_title_alignment":"","neve_meta_author_avatar":"","neve_post_elements_order":"","neve_meta_disable_header":"","neve_meta_disable_footer":"","neve_meta_disable_title":"","episode_type":"","audio_file":"","podmotor_file_id":"","podmotor_episode_id":"","cover_image":"","cover_image_id":"","duration":"","filesize":"","filesize_raw":"","date_recorded":"","explicit":"","block":"","footnotes":""},"class_list":["post-23447","page","type-page","status-publish","has-post-thumbnail","hentry"],"_links":{"self":[{"href":"https:\/\/quecartucho.es\/blog\/wp-json\/wp\/v2\/pages\/23447","targetHints":{"allow":["GET"]}}],"collection":[{"href":"https:\/\/quecartucho.es\/blog\/wp-json\/wp\/v2\/pages"}],"about":[{"href":"https:\/\/quecartucho.es\/blog\/wp-json\/wp\/v2\/types\/page"}],"author":[{"embeddable":true,"href":"https:\/\/quecartucho.es\/blog\/wp-json\/wp\/v2\/users\/1"}],"replies":[{"embeddable":true,"href":"https:\/\/quecartucho.es\/blog\/wp-json\/wp\/v2\/comments?post=23447"}],"version-history":[{"count":2,"href":"https:\/\/quecartucho.es\/blog\/wp-json\/wp\/v2\/pages\/23447\/revisions"}],"predecessor-version":[{"id":23452,"href":"https:\/\/quecartucho.es\/blog\/wp-json\/wp\/v2\/pages\/23447\/revisions\/23452"}],"wp:featuredmedia":[{"embeddable":true,"href":"https:\/\/quecartucho.es\/blog\/wp-json\/wp\/v2\/media\/23455"}],"wp:attachment":[{"href":"https:\/\/quecartucho.es\/blog\/wp-json\/wp\/v2\/media?parent=23447"}],"curies":[{"name":"wp","href":"https:\/\/api.w.org\/{rel}","templated":true}]}}