{"id":23467,"date":"2025-05-29T09:36:32","date_gmt":"2025-05-29T07:36:32","guid":{"rendered":"https:\/\/quecartucho.es\/blog\/?page_id=23467"},"modified":"2025-05-29T09:41:16","modified_gmt":"2025-05-29T07:41:16","slug":"como-establecer-una-impresora-como-predeterminada-y-dejar-de-vivir-al-limite","status":"publish","type":"page","link":"https:\/\/quecartucho.es\/blog\/como-establecer-una-impresora-como-predeterminada-y-dejar-de-vivir-al-limite\/","title":{"rendered":"C\u00f3mo establecer una impresora como predeterminada (y dejar de vivir al l\u00edmite)"},"content":{"rendered":"\n<p>Hay cosas que deber\u00edan ser f\u00e1ciles: encontrar calcetines \ud83e\udde6 que combinen, saber si un d\u00eda laborable en un puente es laborable o festivo\u2026 \ud83d\udda8\ufe0f y <strong>establecer tu impresora como<\/strong> <strong>predeterminada<\/strong>.<\/p>\n\n\n\n<p>Pero, por si se trata de una tarea que se te hace bola, y como en Quecartucho queremos que tu vida sea (casi) un camino de rosas, aqu\u00ed tienes una gu\u00eda r\u00e1pida y sencilla sobre <strong>c\u00f3mo establecer una impresora como predeterminada<\/strong>, y dejar de preguntar a los astros por d\u00f3nde saldr\u00e1 el informe esta vez.<\/p>\n\n\n\n<h2 class=\"wp-block-heading\"><a><\/a> \u00bfQu\u00e9 significa \u201cimpresora predeterminada\u201d?<\/h2>\n\n\n\n<p>B\u00e1sicamente, es la impresora que tu ordenador elige por defecto cada vez que le das a \u201cImprimir\u201d. Si no la configuras, el sistema se pone creativo y elige la que le apetece: una que ya no tienes, una de red que no funciona o la que est\u00e1 en casa de tu cu\u00f1ado.<\/p>\n\n\n\n<h2 class=\"wp-block-heading\"><a><\/a> C\u00f3mo establecer una impresora como predeterminada en Windows<\/h2>\n\n\n\n<ol class=\"wp-block-list\">\n<li>Haz clic en el bot\u00f3n de inicio y escribe \u201cImpresoras y esc\u00e1neres\u201d.<\/li>\n\n\n\n<li>Abre el men\u00fa correspondiente.<\/li>\n\n\n\n<li>Ver\u00e1s la lista de todas las impresoras conectadas. Haz clic en la que quieras usar siempre.<\/li>\n\n\n\n<li>Pulsa en \u201cAdministrar\u201d y luego en \u201cEstablecer como predeterminada\u201d.<br><\/li>\n<\/ol>\n\n\n\n<p>Listo. Esa ser\u00e1 la impresora a la que ir\u00e1n todos tus PDFs, hojas de Excel e invitaciones de cumplea\u00f1os dise\u00f1adas con mucho arte en Canva.<\/p>\n\n\n\n<div class=\"wp-block-columns is-layout-flex wp-container-core-columns-is-layout-9d6595d7 wp-block-columns-is-layout-flex\">\n<div class=\"wp-block-column is-layout-flow wp-block-column-is-layout-flow\">\n<figure class=\"wp-block-embed is-type-video is-provider-youtube wp-block-embed-youtube wp-embed-aspect-16-9 wp-has-aspect-ratio\"><div class=\"wp-block-embed__wrapper\">\n<div class=\"nv-iframe-embed\"><iframe loading=\"lazy\" title=\"Como poner Impresora Predeterminada en Windows 11 | predeterminar impresora windows 11\" width=\"1200\" height=\"675\" src=\"https:\/\/www.youtube.com\/embed\/ohXHtvbZdTw?feature=oembed\" frameborder=\"0\" allow=\"accelerometer; autoplay; clipboard-write; encrypted-media; gyroscope; picture-in-picture; web-share\" referrerpolicy=\"strict-origin-when-cross-origin\" allowfullscreen><\/iframe><\/div>\n<\/div><\/figure>\n<\/div>\n\n\n\n<div class=\"wp-block-column is-layout-flow wp-block-column-is-layout-flow\">\n<figure class=\"wp-block-embed is-type-video is-provider-youtube wp-block-embed-youtube wp-embed-aspect-16-9 wp-has-aspect-ratio\"><div class=\"wp-block-embed__wrapper\">\n<div class=\"nv-iframe-embed\"><iframe loading=\"lazy\" title=\"C\u00f3mo Configurar y Establecer una Impresora como Predeterminada en Windows 10\" width=\"1200\" height=\"675\" src=\"https:\/\/www.youtube.com\/embed\/j7dNYrs6CgU?feature=oembed\" frameborder=\"0\" allow=\"accelerometer; autoplay; clipboard-write; encrypted-media; gyroscope; picture-in-picture; web-share\" referrerpolicy=\"strict-origin-when-cross-origin\" allowfullscreen><\/iframe><\/div>\n<\/div><\/figure>\n<\/div>\n<\/div>\n\n\n\n<h2 class=\"wp-block-heading\"><a><\/a> C\u00f3mo establecer una impresora como predeterminada en Mac<\/h2>\n\n\n\n<p>Si eres del <em>team <\/em>manzanita \ud83c\udf4e mordida, aqu\u00ed van los pasos:<\/p>\n\n\n\n<ol class=\"wp-block-list\">\n<li>Ve a \u201cPreferencias del sistema\u201d y haz clic en \u201cImpresoras y esc\u00e1neres\u201d.<\/li>\n\n\n\n<li>En la parte inferior del panel, donde dice \u201cImpresora predeterminada\u201d, selecciona la tuya.<\/li>\n\n\n\n<li>Si no sale, respira hondo, aseg\u00farate de que est\u00e1 conectada y encendida\u2026 y prueba de nuevo.<br><br><br><\/li>\n<\/ol>\n\n\n\n<h2 class=\"wp-block-heading\"><a><\/a> Consejo de oro \u2728<\/h2>\n\n\n\n<p>Si tienes varias impresoras instaladas (por ejemplo, una en casa y otra en la oficina), puedes dejar marcada la opci\u00f3n \u201cImpresora usada recientemente\u201d como predeterminada. As\u00ed el sistema ir\u00e1 eligiendo seg\u00fan la que uses m\u00e1s. Ideal si no te gusta comprometerte con ninguna.<\/p>\n\n\n\n<h2 class=\"wp-block-heading\"><a><\/a> Y ya que hablamos de impresoras\u2026<\/h2>\n\n\n\n<p>Aseg\u00farate tambi\u00e9n de que tienes <strong>cartuchos o <a href=\"https:\/\/quecartucho.es\/\">t\u00f3ner compatibles<\/a><\/strong> que no te hagan perder tiempo ni dinero. Y si no sabes d\u00f3nde encontrarlos, m\u00e1s claro el agua, oye:<\/p>\n\n\n\n<p><br>\ud83d\udc49<a href=\"https:\/\/quecartucho.es\/\"> <\/a><a href=\"https:\/\/quecartucho.es\/\"><u>Est\u00e1n aqu\u00ed, en Quecartucho<\/u><\/a>. Te llegan r\u00e1pido, no dan problemas y hacen bien su trabajo. Ya sabes, la felicidad se imprime con Quecartucho.<\/p>\n","protected":false},"excerpt":{"rendered":"<p>Hay cosas que deber\u00edan ser f\u00e1ciles: encontrar calcetines \ud83e\udde6 que combinen, saber si un d\u00eda laborable en un puente es laborable o festivo\u2026 \ud83d\udda8\ufe0f y establecer tu impresora como predeterminada. Pero, por si se trata de una tarea que se te hace bola, y como en Quecartucho queremos que tu vida sea (casi) un camino&hellip;&nbsp;<a href=\"https:\/\/quecartucho.es\/blog\/como-establecer-una-impresora-como-predeterminada-y-dejar-de-vivir-al-limite\/\" rel=\"bookmark\">Leer m\u00e1s &raquo;<span class=\"screen-reader-text\">C\u00f3mo establecer una impresora como predeterminada (y dejar de vivir al l\u00edmite)<\/span><\/a><\/p>\n","protected":false},"author":1,"featured_media":23468,"parent":0,"menu_order":0,"comment_status":"closed","ping_status":"closed","template":"","meta":{"neve_meta_sidebar":"","neve_meta_container":"","neve_meta_enable_content_width":"","neve_meta_content_width":0,"neve_meta_title_alignment":"","neve_meta_author_avatar":"","neve_post_elements_order":"","neve_meta_disable_header":"","neve_meta_disable_footer":"","neve_meta_disable_title":"","episode_type":"","audio_file":"","podmotor_file_id":"","podmotor_episode_id":"","cover_image":"","cover_image_id":"","duration":"","filesize":"","filesize_raw":"","date_recorded":"","explicit":"","block":"","footnotes":""},"class_list":["post-23467","page","type-page","status-publish","has-post-thumbnail","hentry"],"_links":{"self":[{"href":"https:\/\/quecartucho.es\/blog\/wp-json\/wp\/v2\/pages\/23467","targetHints":{"allow":["GET"]}}],"collection":[{"href":"https:\/\/quecartucho.es\/blog\/wp-json\/wp\/v2\/pages"}],"about":[{"href":"https:\/\/quecartucho.es\/blog\/wp-json\/wp\/v2\/types\/page"}],"author":[{"embeddable":true,"href":"https:\/\/quecartucho.es\/blog\/wp-json\/wp\/v2\/users\/1"}],"replies":[{"embeddable":true,"href":"https:\/\/quecartucho.es\/blog\/wp-json\/wp\/v2\/comments?post=23467"}],"version-history":[{"count":2,"href":"https:\/\/quecartucho.es\/blog\/wp-json\/wp\/v2\/pages\/23467\/revisions"}],"predecessor-version":[{"id":23475,"href":"https:\/\/quecartucho.es\/blog\/wp-json\/wp\/v2\/pages\/23467\/revisions\/23475"}],"wp:featuredmedia":[{"embeddable":true,"href":"https:\/\/quecartucho.es\/blog\/wp-json\/wp\/v2\/media\/23468"}],"wp:attachment":[{"href":"https:\/\/quecartucho.es\/blog\/wp-json\/wp\/v2\/media?parent=23467"}],"curies":[{"name":"wp","href":"https:\/\/api.w.org\/{rel}","templated":true}]}}