{"id":23476,"date":"2025-06-19T10:29:38","date_gmt":"2025-06-19T08:29:38","guid":{"rendered":"https:\/\/quecartucho.es\/blog\/?page_id=23476"},"modified":"2025-06-19T10:58:04","modified_gmt":"2025-06-19T08:58:04","slug":"23476-2","status":"publish","type":"page","link":"https:\/\/quecartucho.es\/blog\/23476-2\/","title":{"rendered":"C\u00f3mo ajustar los m\u00e1rgenes para imprimir"},"content":{"rendered":"\n<p>\u00bfVas a imprimir un documento y te sale con m\u00e1s m\u00e1rgenes que una libreta de Primaria? \u00bfTe corta los bordes y parece que la impresora haya hecho lo que le ha dado la gana? Bienvenido\/a al maravilloso y emocionante mundo de <strong>ajustar m\u00e1rgenes<\/strong>.<\/p>\n\n\n\n<p>Puede que la frase \u201cajustar los m\u00e1rgenes de la impresora\u201d te suene a \u201cescribir el manual de instrucciones de un cohete interestelar\u201d, al tiempo que te recorre una extra\u00f1a sensaci\u00f3n de \u201cpor favor, no\u201d por todo el cuerpo.<\/p>\n\n\n\n<p>Pero, en realidad, no es que ajustar los m\u00e1rgenes de la impresora sea algo especialmente dif\u00edcil. Aunque s\u00ed, tiene su <em>truquillo.<\/em><\/p>\n\n\n\n<p>Y aqu\u00ed lo vas a aprender. \u00bfEmpezamos?<\/p>\n\n\n\n<h2 class=\"wp-block-heading\"><a><\/a> \u00bfQu\u00e9 son los m\u00e1rgenes al imprimir?<\/h2>\n\n\n\n<p>Los m\u00e1rgenes son esos espacios en blanco que quedan entre el borde de la hoja y el texto. Sirven para que lo impreso no se coma el papel. Si te pasas, queda m\u00e1s blanco que letra. Si te quedas corto, muchas frases quedar\u00e1n cortadas, y eso no mola a no ser que quieras jugar a los acertijos.<\/p>\n\n\n\n<h2 class=\"wp-block-heading\"><a><\/a> C\u00f3mo ajustar m\u00e1rgenes paso a paso<\/h2>\n\n\n\n<p><strong>1. Abre el documento<\/strong><\/p>\n\n\n\n<p>Ya, es una obviedad, pero bueno, te lo decimos por si las \ud83e\udeb0.<\/p>\n\n\n\n<p><strong>2. Ve a la configuraci\u00f3n de m\u00e1rgenes<\/strong><\/p>\n\n\n\n<p>&#8211; \u00bfY eso d\u00f3nde recorchos est\u00e1? &#8211; estar\u00e1s pensando.<\/p>\n\n\n\n<p>Tranqui:<\/p>\n\n\n\n<p>\ud83d\udd38 En Word:<br>Pesta\u00f1a \u00abDisposici\u00f3n\u00bb \u2192 \u00abM\u00e1rgenes\u00bb<br>Ah\u00ed puedes elegir entre m\u00e1rgenes predefinidos o darle a \u201cM\u00e1rgenes personalizados\u201d.<br><br><\/p>\n\n\n<div class=\"wp-block-image\">\n<figure class=\"aligncenter size-full\"><img loading=\"lazy\" decoding=\"async\" width=\"686\" height=\"386\" src=\"https:\/\/quecartucho.es\/blog\/wp-content\/uploads\/2025\/06\/Como-ajustar-margenes-paso-a-paso-En-Word.jpg\" alt=\"C\u00f3mo ajustar m\u00e1rgenes paso a paso En Word\" class=\"wp-image-23479\" title=\"\" srcset=\"https:\/\/quecartucho.es\/blog\/wp-content\/uploads\/2025\/06\/Como-ajustar-margenes-paso-a-paso-En-Word.jpg 686w, https:\/\/quecartucho.es\/blog\/wp-content\/uploads\/2025\/06\/Como-ajustar-margenes-paso-a-paso-En-Word-300x169.jpg 300w\" sizes=\"auto, (max-width: 686px) 100vw, 686px\" \/><\/figure>\n<\/div>\n\n\n<p>\ud83d\udd38 En Google Docs:<br>Archivo \u2192 Configuraci\u00f3n de p\u00e1gina<\/p>\n\n\n\n<p>\ud83d\udd38En otros programas, busca algo que diga \u201cconfigurar p\u00e1gina\u201d o \u201cm\u00e1rgenes\u201d. Suelen estar bien escondidos, as\u00ed que un poco de paciencia (y de tila) no estar\u00e1 de m\u00e1s.<\/p>\n\n\n\n<p><strong>3. Ajusta los m\u00e1rgenes como te d\u00e9 la gana (pero con cabeza si quieres un documento decente)<\/strong><\/p>\n\n\n\n<p>Un margen normal suele estar entre 1,5 y 2,5 cm por lado.<br><br><\/p>\n\n\n\n<p>Si est\u00e1s imprimiendo algo oficial, mejor no experimentes mucho. Si es para uso interno tuyo, no te comas el tarro, pero ten en cuenta que con 0 cm de margen, imprimir\u00e1s solo frases a medias.<\/p>\n\n\n\n<p><strong>4. Vista previa (\u00a1por tu salud mental!)<\/strong><\/p>\n\n\n\n<p>Antes de darle a imprimir, dale a \u201cVista previa de impresi\u00f3n\u201d para hacerte una idea de c\u00f3mo quedar\u00e1 tu documento o imagen. As\u00ed no malgastas papel ni <strong><a href=\"https:\/\/quecartucho.es\/16394-tintas-compatibles-cartuchos\">tinta<\/a><\/strong>, y mucho menos paciencia.<\/p>\n\n\n\n<p><strong>5. Prueba con una hoja<\/strong><\/p>\n\n\n\n<p>No imprimas 24 copias sin saber si te ha quedado bien. Prueba con una, y si todo cuadra, entonces s\u00ed: fuego a discreci\u00f3n.<\/p>\n\n\n<div class=\"wp-block-image\">\n<figure class=\"aligncenter size-large\"><img loading=\"lazy\" decoding=\"async\" width=\"1024\" height=\"444\" src=\"https:\/\/quecartucho.es\/blog\/wp-content\/uploads\/2025\/06\/538_como-ajustar-los-margenes-para-imprimir_es-1024x444.webp\" alt=\"\" class=\"wp-image-23477\" title=\"\" srcset=\"https:\/\/quecartucho.es\/blog\/wp-content\/uploads\/2025\/06\/538_como-ajustar-los-margenes-para-imprimir_es-1024x444.webp 1024w, https:\/\/quecartucho.es\/blog\/wp-content\/uploads\/2025\/06\/538_como-ajustar-los-margenes-para-imprimir_es-300x130.webp 300w, https:\/\/quecartucho.es\/blog\/wp-content\/uploads\/2025\/06\/538_como-ajustar-los-margenes-para-imprimir_es-768x333.webp 768w, https:\/\/quecartucho.es\/blog\/wp-content\/uploads\/2025\/06\/538_como-ajustar-los-margenes-para-imprimir_es.webp 1104w\" sizes=\"auto, (max-width: 1024px) 100vw, 1024px\" \/><\/figure>\n<\/div>\n\n\n<h2 class=\"wp-block-heading\"><a><\/a> El tip extra de Quecartucho: cada impresora es un mundo<\/h2>\n\n\n\n<p>Si est\u00e1s usando una impresora de empresa, port\u00e1til, de gran formato o una que heredaste de tu t\u00edo en 2007, el resultado puede variar. Algunas recortan m\u00e1s, otras menos. Por eso lo de probar primero\u2026 <em>you know <\/em>\ud83d\ude44<\/p>\n\n\n\n<p>Y si cuando ya tienes tus m\u00e1rgenes ajustados con la precisi\u00f3n de un ingeniero de puertos, caminos y canales\u2026 te das cuenta de que te has quedado sin tinta, en <a href=\"http:\/\/quecartucho.es\/\"><u>Quecartucho<\/u><\/a> tienes cartuchos compatibles (baratos, duraderos y que te llegan volando) para que puedas seguir imprimiendo con m\u00e1rgenes perfectos.<\/p>\n","protected":false},"excerpt":{"rendered":"<p>\u00bfVas a imprimir un documento y te sale con m\u00e1s m\u00e1rgenes que una libreta de Primaria? \u00bfTe corta los bordes y parece que la impresora haya hecho lo que le ha dado la gana? Bienvenido\/a al maravilloso y emocionante mundo de ajustar m\u00e1rgenes. Puede que la frase \u201cajustar los m\u00e1rgenes de la impresora\u201d te suene&hellip;&nbsp;<a href=\"https:\/\/quecartucho.es\/blog\/23476-2\/\" rel=\"bookmark\">Leer m\u00e1s &raquo;<span class=\"screen-reader-text\">C\u00f3mo ajustar los m\u00e1rgenes para imprimir<\/span><\/a><\/p>\n","protected":false},"author":1,"featured_media":23481,"parent":0,"menu_order":0,"comment_status":"closed","ping_status":"closed","template":"","meta":{"neve_meta_sidebar":"","neve_meta_container":"","neve_meta_enable_content_width":"","neve_meta_content_width":0,"neve_meta_title_alignment":"","neve_meta_author_avatar":"","neve_post_elements_order":"","neve_meta_disable_header":"","neve_meta_disable_footer":"","neve_meta_disable_title":"","episode_type":"","audio_file":"","podmotor_file_id":"","podmotor_episode_id":"","cover_image":"","cover_image_id":"","duration":"","filesize":"","filesize_raw":"","date_recorded":"","explicit":"","block":"","footnotes":""},"class_list":["post-23476","page","type-page","status-publish","has-post-thumbnail","hentry"],"_links":{"self":[{"href":"https:\/\/quecartucho.es\/blog\/wp-json\/wp\/v2\/pages\/23476","targetHints":{"allow":["GET"]}}],"collection":[{"href":"https:\/\/quecartucho.es\/blog\/wp-json\/wp\/v2\/pages"}],"about":[{"href":"https:\/\/quecartucho.es\/blog\/wp-json\/wp\/v2\/types\/page"}],"author":[{"embeddable":true,"href":"https:\/\/quecartucho.es\/blog\/wp-json\/wp\/v2\/users\/1"}],"replies":[{"embeddable":true,"href":"https:\/\/quecartucho.es\/blog\/wp-json\/wp\/v2\/comments?post=23476"}],"version-history":[{"count":3,"href":"https:\/\/quecartucho.es\/blog\/wp-json\/wp\/v2\/pages\/23476\/revisions"}],"predecessor-version":[{"id":23484,"href":"https:\/\/quecartucho.es\/blog\/wp-json\/wp\/v2\/pages\/23476\/revisions\/23484"}],"wp:featuredmedia":[{"embeddable":true,"href":"https:\/\/quecartucho.es\/blog\/wp-json\/wp\/v2\/media\/23481"}],"wp:attachment":[{"href":"https:\/\/quecartucho.es\/blog\/wp-json\/wp\/v2\/media?parent=23476"}],"curies":[{"name":"wp","href":"https:\/\/api.w.org\/{rel}","templated":true}]}}