{"id":23555,"date":"2025-09-18T10:41:02","date_gmt":"2025-09-18T08:41:02","guid":{"rendered":"https:\/\/quecartucho.es\/blog\/?page_id=23555"},"modified":"2025-09-18T10:41:03","modified_gmt":"2025-09-18T08:41:03","slug":"como-almacenar-el-papel-termico-de-tu-tienda-para-no-acabar-con-tickets-invisibles","status":"publish","type":"page","link":"https:\/\/quecartucho.es\/blog\/como-almacenar-el-papel-termico-de-tu-tienda-para-no-acabar-con-tickets-invisibles\/","title":{"rendered":"C\u00f3mo almacenar el papel t\u00e9rmico de tu tienda para no acabar con tickets invisibles"},"content":{"rendered":"\n<p>Ese compa\u00f1ero incansable de tu tienda en el que d\u00eda tras d\u00eda imprimes tus tickets\u2026 Rollo tras <a href=\"https:\/\/quecartucho.es\/16386-rollos-de-papel\"><strong>rollo de papel t\u00e9rmico<\/strong><\/a>, dale que dale\u2026 hasta que un d\u00eda le das a un cliente un ticket que parece que lo ha lamido un gato. Borroso, gris\u00e1ceo o directamente blanco nuclear. \u00bfTe suena?<\/p>\n\n\n\n<p>No, no es que la tienda de enfrente te haya hecho un embrujo. Es que <strong>el papel t\u00e9rmico<\/strong> es delicado cual mayonesa en verano. As\u00ed que vamos all\u00e1 con unos buenos consejos. No, para conservar la mayonesa no, para <strong>almacenar el papel t\u00e9rmico <\/strong>y que tus rollos aguanten lo indecible (o casi).<\/p>\n\n\n\n<h2 class=\"wp-block-heading\"><a><\/a> 1. Al\u00e9jalo del calor<\/h2>\n\n\n\n<p>El papel t\u00e9rmico es fotosensible y termosensible y <em>todosensible<\/em>. Vamos, que si lo dejas cerca del router, del sol o del microondas, se te va a quedar rollo Blancanieves. Guarda los rollos en un lugar fresco y seco (ya, suena a lo que pone en los paquetes de galletas \ud83d\ude01, pero es as\u00ed). Nada de dejarlos encima de la TPV al solazo de julio.<\/p>\n\n\n\n<h2 class=\"wp-block-heading\"><a><\/a> 2. Cuidado con la humedad<\/h2>\n\n\n\n<p>La humedad es como ese cliente que pregunta si puede pagar con c\u00e9ntimos porque \u201cAs\u00ed me quito la calderilla y te la doy a ti, que seguro te va de f\u00e1bula para el cambio\u201d \ud83d\ude44: nadie la quiere cerca. Evita almacenar los rollos en trastiendas h\u00famedas, s\u00f3tanos sacados de una peli de Dr\u00e1cula o cajas abiertas al aire. Un caj\u00f3n cerrado y seco es tu nuevo mejor amigo.<\/p>\n\n\n<div class=\"wp-block-image\">\n<figure class=\"aligncenter size-full\"><img loading=\"lazy\" decoding=\"async\" width=\"630\" height=\"180\" src=\"https:\/\/quecartucho.es\/blog\/wp-content\/uploads\/2025\/09\/almacenar-el-papel-termico-Cuidado-con-la-humedad-1.jpg\" alt=\"almacenar el papel t\u00e9rmico - Cuidado con la humedad\" class=\"wp-image-23558\" title=\"\" srcset=\"https:\/\/quecartucho.es\/blog\/wp-content\/uploads\/2025\/09\/almacenar-el-papel-termico-Cuidado-con-la-humedad-1.jpg 630w, https:\/\/quecartucho.es\/blog\/wp-content\/uploads\/2025\/09\/almacenar-el-papel-termico-Cuidado-con-la-humedad-1-300x86.jpg 300w\" sizes=\"auto, (max-width: 630px) 100vw, 630px\" \/><\/figure>\n<\/div>\n\n\n<h2 class=\"wp-block-heading\"><a><\/a> 3. Evita la luz directa<\/h2>\n\n\n\n<p>Si tu almac\u00e9n parece un plat\u00f3 de televisi\u00f3n, mejor mueve los rollos a un sitio menos&#8230; iluminado. La luz directa deteriora el recubrimiento t\u00e9rmico del papel. Y luego pasa lo que pasa: imprime como si lo hiciera sobre un bloque de mantequilla.<\/p>\n\n\n\n<h2 class=\"wp-block-heading\"><a><\/a> 4. No los aplastes<\/h2>\n\n\n\n<p>A ver, son rollos de papel t\u00e9rmico, vale, pero tambi\u00e9n tienen su dignidad. No los metas en una caja con 87 cosas encima. La presi\u00f3n puede estropear el recubrimiento o deformar el rollo.<\/p>\n\n\n\n<h2 class=\"wp-block-heading\"><a><\/a> 5. Organ\u00edzalos por fecha<\/h2>\n\n\n\n<p>No hace falta montar una central log\u00edstica, pero un poquito de orden ayuda. Usa primero los rollos m\u00e1s antiguos y deja los nuevos para m\u00e1s tarde. As\u00ed te aseguras de que no se queden criando polvo y, cuando tengan que entrar en acci\u00f3n, hagan huelga de brazos ca\u00eddos.<\/p>\n\n\n\n<p>Y hasta aqu\u00ed nuestros estupendos y maravillosos <strong>consejos para almacenar el papel t\u00e9rmico para que no se deteriore<\/strong><\/p>\n\n\n\n<p>\u00bfResultado? Tickets que se leen, clientes contentos y t\u00fa ahorr\u00e1ndote disgustos.<\/p>\n\n\n\n<p>Y si tu impresora ya va pidiendo un cambio de rollo\u2026 ya sabes d\u00f3nde comprar papel t\u00e9rmico de buena calidad, bien almacenado y que llega volando:<\/p>\n\n\n\n<p>\ud83d\udc49<a href=\"https:\/\/quecartucho.es\/\"> <\/a><a href=\"https:\/\/quecartucho.es\/\"><u>Visita nuestra tienda online y haz acopio como un pro<\/u><\/a><\/p>\n\n\n\n<p><\/p>\n","protected":false},"excerpt":{"rendered":"<p>Ese compa\u00f1ero incansable de tu tienda en el que d\u00eda tras d\u00eda imprimes tus tickets\u2026 Rollo tras rollo de papel t\u00e9rmico, dale que dale\u2026 hasta que un d\u00eda le das a un cliente un ticket que parece que lo ha lamido un gato. Borroso, gris\u00e1ceo o directamente blanco nuclear. \u00bfTe suena? No, no es que&hellip;&nbsp;<a href=\"https:\/\/quecartucho.es\/blog\/como-almacenar-el-papel-termico-de-tu-tienda-para-no-acabar-con-tickets-invisibles\/\" rel=\"bookmark\">Leer m\u00e1s &raquo;<span class=\"screen-reader-text\">C\u00f3mo almacenar el papel t\u00e9rmico de tu tienda para no acabar con tickets invisibles<\/span><\/a><\/p>\n","protected":false},"author":1,"featured_media":23556,"parent":0,"menu_order":0,"comment_status":"closed","ping_status":"closed","template":"","meta":{"neve_meta_sidebar":"","neve_meta_container":"","neve_meta_enable_content_width":"","neve_meta_content_width":0,"neve_meta_title_alignment":"","neve_meta_author_avatar":"","neve_post_elements_order":"","neve_meta_disable_header":"","neve_meta_disable_footer":"","neve_meta_disable_title":"","episode_type":"","audio_file":"","podmotor_file_id":"","podmotor_episode_id":"","cover_image":"","cover_image_id":"","duration":"","filesize":"","filesize_raw":"","date_recorded":"","explicit":"","block":"","footnotes":""},"class_list":["post-23555","page","type-page","status-publish","has-post-thumbnail","hentry"],"_links":{"self":[{"href":"https:\/\/quecartucho.es\/blog\/wp-json\/wp\/v2\/pages\/23555","targetHints":{"allow":["GET"]}}],"collection":[{"href":"https:\/\/quecartucho.es\/blog\/wp-json\/wp\/v2\/pages"}],"about":[{"href":"https:\/\/quecartucho.es\/blog\/wp-json\/wp\/v2\/types\/page"}],"author":[{"embeddable":true,"href":"https:\/\/quecartucho.es\/blog\/wp-json\/wp\/v2\/users\/1"}],"replies":[{"embeddable":true,"href":"https:\/\/quecartucho.es\/blog\/wp-json\/wp\/v2\/comments?post=23555"}],"version-history":[{"count":2,"href":"https:\/\/quecartucho.es\/blog\/wp-json\/wp\/v2\/pages\/23555\/revisions"}],"predecessor-version":[{"id":23561,"href":"https:\/\/quecartucho.es\/blog\/wp-json\/wp\/v2\/pages\/23555\/revisions\/23561"}],"wp:featuredmedia":[{"embeddable":true,"href":"https:\/\/quecartucho.es\/blog\/wp-json\/wp\/v2\/media\/23556"}],"wp:attachment":[{"href":"https:\/\/quecartucho.es\/blog\/wp-json\/wp\/v2\/media?parent=23555"}],"curies":[{"name":"wp","href":"https:\/\/api.w.org\/{rel}","templated":true}]}}