{"id":23646,"date":"2025-12-17T17:49:25","date_gmt":"2025-12-17T15:49:25","guid":{"rendered":"https:\/\/quecartucho.es\/blog\/?page_id=23646"},"modified":"2025-12-17T17:49:25","modified_gmt":"2025-12-17T15:49:25","slug":"como-elegir-rollo-tpv","status":"publish","type":"page","link":"https:\/\/quecartucho.es\/blog\/como-elegir-rollo-tpv\/","title":{"rendered":"C\u00f3mo elegir rollo TPV"},"content":{"rendered":"\n<h1 class=\"wp-block-heading\">C\u00f3mo elegir el rollo de papel t\u00e9rmico perfecto para tu impresora TPV<\/h1>\n\n\n\n<p><strong>Elegir un <a href=\"https:\/\/quecartucho.es\/blog\/papel-termico-el-rollo-casi-milagroso-que-imprime-con-calor\/\">rollo de papel t\u00e9rmico<\/a> para TPV <\/strong>parece una tonter\u00eda\u2026 hasta que el TPV empieza a protestar. Y claro, cuando esto pasa, todo el mundo mira al rollo como si tuviera la culpa. Para evitar malos rollos y, sobre todo, quebraderos de cabeza, te conviene saber qu\u00e9 diferencia a un rollo \u00fatil de uno que solo ocupa espacio en tu caj\u00f3n.<\/p>\n\n\n\n<div class=\"wp-block-columns are-vertically-aligned-center is-layout-flex wp-container-core-columns-is-layout-9d6595d7 wp-block-columns-is-layout-flex\">\n<div class=\"wp-block-column is-vertically-aligned-center is-layout-flow wp-block-column-is-layout-flow\">\n<h2 class=\"wp-block-heading\">No todos los rollos de papel t\u00e9rmico valen, aunque lo parezcan<\/h2>\n\n\n\n<p><\/p>\n\n\n\n<p>Cuando hablamos de <strong><a href=\"https:\/\/quecartucho.es\/16387-rollos-de-papel-termico\">papel t\u00e9rmico para TPV<\/a><\/strong>, parece que todos los rollos son iguales: blancos, en forma de cilindro y con vocaci\u00f3n de ticket. Pero si eliges el primero que ves, lo m\u00e1s probable es que tu impresora te lo haga saber de formas m\u00e1s o menos sutiles, o sea, desde haciendo alg\u00fan ruidito raro hasta una completa huelga de brazos ca\u00eddos.<\/p>\n\n\n\n<p><\/p>\n\n\n\n<p>Ahora que ya te hemos servido la tragedia en bandeja\u2026 \u00bfC\u00f3mo elegir bien tu <a href=\"https:\/\/quecartucho.es\/16386-rollos-de-papel\">rollo de papel<\/a> t\u00e9rmico para TPV y evitar la cat\u00e1strofe?<\/p>\n<\/div>\n\n\n\n<div class=\"wp-block-column is-vertically-aligned-center is-layout-flow wp-block-column-is-layout-flow\">\n<figure class=\"wp-block-image size-large\"><a href=\"https:\/\/quecartucho.es\/16387-rollos-de-papel-termico\"><img loading=\"lazy\" decoding=\"async\" width=\"1024\" height=\"1024\" src=\"https:\/\/quecartucho.es\/blog\/wp-content\/uploads\/2025\/12\/Como-elegir-rollo-para-distintas-cajas-registradoras-e-impresoras-tpv-1024x1024.jpg\" alt=\"Rollo Papel T\u00e9rmico para Sumadora Impresora TPV\" class=\"wp-image-23649\" title=\"\" srcset=\"https:\/\/quecartucho.es\/blog\/wp-content\/uploads\/2025\/12\/Como-elegir-rollo-para-distintas-cajas-registradoras-e-impresoras-tpv-1024x1024.jpg 1024w, https:\/\/quecartucho.es\/blog\/wp-content\/uploads\/2025\/12\/Como-elegir-rollo-para-distintas-cajas-registradoras-e-impresoras-tpv-300x300.jpg 300w, https:\/\/quecartucho.es\/blog\/wp-content\/uploads\/2025\/12\/Como-elegir-rollo-para-distintas-cajas-registradoras-e-impresoras-tpv-150x150.jpg 150w, https:\/\/quecartucho.es\/blog\/wp-content\/uploads\/2025\/12\/Como-elegir-rollo-para-distintas-cajas-registradoras-e-impresoras-tpv-768x768.jpg 768w, https:\/\/quecartucho.es\/blog\/wp-content\/uploads\/2025\/12\/Como-elegir-rollo-para-distintas-cajas-registradoras-e-impresoras-tpv-120x120.jpg 120w, https:\/\/quecartucho.es\/blog\/wp-content\/uploads\/2025\/12\/Como-elegir-rollo-para-distintas-cajas-registradoras-e-impresoras-tpv.jpg 1500w\" sizes=\"auto, (max-width: 1024px) 100vw, 1024px\" \/><\/a><\/figure>\n<\/div>\n<\/div>\n\n\n\n<h2 class=\"wp-block-heading\"><a><\/a> Paso 1: mide antes de comprar<\/h2>\n\n\n\n<p>No, no es un consejo de IKEA.<\/p>\n\n\n\n<p><strong>Las impresoras TPV tienen tama\u00f1os espec\u00edficos<\/strong>. El ancho del papel t\u00e9rmico es lo primero que debes comprobar. Los m\u00e1s comunes son:<\/p>\n\n\n\n<ul class=\"wp-block-list\">\n<li>80 mm: el cl\u00e1sico de la mayor\u00eda de TPV modernos.<\/li>\n\n\n\n<li>57 mm: el favorito de dat\u00e1fonos y terminales compactos.<\/li>\n<\/ul>\n\n\n\n<p>Mide la ranura o revisa el manual. Si te equivocas, el rollo puede no encajar o atascarse a mitad de impresi\u00f3n, con la consiguiente frustraci\u00f3n (en verso y todo).<\/p>\n\n\n\n<h2 class=\"wp-block-heading\"><a><\/a> Paso 2: revisa el di\u00e1metro del rollo<\/h2>\n\n\n\n<p>El tama\u00f1o importa a veces \ud83e\udd2d<\/p>\n\n\n\n<p>Ya sabes el acho, vale.<\/p>\n\n\n\n<p>Pero tambi\u00e9n necesitas conocer el <strong>di\u00e1metro del rollo<\/strong>. Cuanto mayor sea, m\u00e1s papel incluye, obvio. Y hasta aqu\u00ed podr\u00edas decir aquello de \u201cburro grande ande o no ande\u201d. Pero ojo: no todas las impresoras tienen espacio para uno gigante. Un rollo demasiado grande no cerrar\u00e1 la tapa de tu impresora y te dejar\u00e1 con cara de \u201cse me ocurren unas ideas\u2026\u201d.<\/p>\n\n\n\n<p>Los di\u00e1metros m\u00e1s habituales son:<\/p>\n\n\n\n<ul class=\"wp-block-list\">\n<li>40 mm (compactos).<\/li>\n\n\n\n<li>60 mm (est\u00e1ndar).<\/li>\n\n\n\n<li>80 mm (larga duraci\u00f3n).<br><br><br><\/li>\n<\/ul>\n\n\n\n<h2 class=\"wp-block-heading\"><a><\/a> Paso 3: f\u00edjate en la calidad del papel<\/h2>\n\n\n\n<p>Lo barato sale\u2026 \u00a1borroso!<\/p>\n\n\n\n<p>No todos los papeles t\u00e9rmicos reaccionan igual al calor. Los de baja calidad pueden:<\/p>\n\n\n\n<ul class=\"wp-block-list\">\n<li>Aparecer con impresi\u00f3n gris\u00e1cea o poco n\u00edtida.<\/li>\n\n\n\n<li>Dejar residuos en el cabezal de impresi\u00f3n.<\/li>\n\n\n\n<li>Perder legibilidad en pocos d\u00edas.<\/li>\n<\/ul>\n\n\n\n<p>Busca papeles con <strong>recubrimiento protector<\/strong> y buena densidad. As\u00ed evitas que el cabezal sufra y que los tickets acabe pareciendo que se imprimieron con tinta invisible apenas pasado un mes.<\/p>\n\n\n\n<h2 class=\"wp-block-heading\"><a><\/a> Paso 4: valora el tipo de uso<\/h2>\n\n\n\n<p>\u00bfUsas tu TPV para imprimir tickets <em>non stop <\/em>o solo de vez en cuando? Si trabajas en hosteler\u00eda, supermercados o tiendas con mucho ajetreo, opta por un <strong>rollo de alta capacidad<\/strong> y buena resistencia t\u00e9rmica. Si el uso es m\u00e1s ocasional, puedes priorizar la ligereza y la compatibilidad.<\/p>\n\n\n\n<h2 class=\"wp-block-heading\"><a><\/a> Paso 5: cuida el almacenamiento<\/h2>\n\n\n\n<p>Aunque se llame <strong><a href=\"https:\/\/quecartucho.es\/3915-4419-rollo-de-papel-termico-compatible.html\">papel t\u00e9rmico<\/a>, <\/strong>lo cierto es que este tipo de papel no es muy fan de los ambientes tropicales. As\u00ed que <a href=\"https:\/\/quecartucho.es\/blog\/como-almacenar-el-papel-termico-de-tu-tienda-para-no-acabar-con-tickets-invisibles\/\">gu\u00e1rdalo como si fuera un paquete de galletas: en un lugar fresco y seco, lejos del sol y de cualquier fuente de calor<\/a>. Si lo dejas al lado del horno del pan o de un escaparate a pleno sol, tendr\u00e1s rollos grises antes de que llegue el pedido siguiente.<\/p>\n\n\n\n<p>Como has podido comprobar, esto de <strong>elegir el rollo de papel t\u00e9rmico perfecto para tu TPV<\/strong> es cuesti\u00f3n de medidas, calidad y sentido com\u00fan. No hace falta que te saques un doctorado en Harvard, pero tampoco te vale aquello de \u201cel primero que pille\u201d. Un rollo bien elegido evita atascos, mejora la impresi\u00f3n y genera buen rollo (\u00a1juas! \ud83d\ude02).<\/p>\n\n\n\n<p>Y hablando de buen rollo, si necesitas rollos de papel t\u00e9rmico que funcionen a la primera y no te hagan perder tiempo, p\u00e1sate por nuestra tienda online y elige el que har\u00e1 feliz a tu TPV, a ti y a tus clientes.<\/p>\n","protected":false},"excerpt":{"rendered":"<p>C\u00f3mo elegir el rollo de papel t\u00e9rmico perfecto para tu impresora TPV Elegir un rollo de papel t\u00e9rmico para TPV parece una tonter\u00eda\u2026 hasta que el TPV empieza a protestar. Y claro, cuando esto pasa, todo el mundo mira al rollo como si tuviera la culpa. Para evitar malos rollos y, sobre todo, quebraderos de&hellip;&nbsp;<a href=\"https:\/\/quecartucho.es\/blog\/como-elegir-rollo-tpv\/\" rel=\"bookmark\">Leer m\u00e1s &raquo;<span class=\"screen-reader-text\">C\u00f3mo elegir rollo TPV<\/span><\/a><\/p>\n","protected":false},"author":1,"featured_media":23648,"parent":0,"menu_order":0,"comment_status":"closed","ping_status":"closed","template":"","meta":{"neve_meta_sidebar":"","neve_meta_container":"","neve_meta_enable_content_width":"","neve_meta_content_width":0,"neve_meta_title_alignment":"","neve_meta_author_avatar":"","neve_post_elements_order":"","neve_meta_disable_header":"","neve_meta_disable_footer":"","neve_meta_disable_title":"","episode_type":"","audio_file":"","podmotor_file_id":"","podmotor_episode_id":"","cover_image":"","cover_image_id":"","duration":"","filesize":"","filesize_raw":"","date_recorded":"","explicit":"","block":"","footnotes":""},"class_list":["post-23646","page","type-page","status-publish","has-post-thumbnail","hentry"],"_links":{"self":[{"href":"https:\/\/quecartucho.es\/blog\/wp-json\/wp\/v2\/pages\/23646","targetHints":{"allow":["GET"]}}],"collection":[{"href":"https:\/\/quecartucho.es\/blog\/wp-json\/wp\/v2\/pages"}],"about":[{"href":"https:\/\/quecartucho.es\/blog\/wp-json\/wp\/v2\/types\/page"}],"author":[{"embeddable":true,"href":"https:\/\/quecartucho.es\/blog\/wp-json\/wp\/v2\/users\/1"}],"replies":[{"embeddable":true,"href":"https:\/\/quecartucho.es\/blog\/wp-json\/wp\/v2\/comments?post=23646"}],"version-history":[{"count":3,"href":"https:\/\/quecartucho.es\/blog\/wp-json\/wp\/v2\/pages\/23646\/revisions"}],"predecessor-version":[{"id":23651,"href":"https:\/\/quecartucho.es\/blog\/wp-json\/wp\/v2\/pages\/23646\/revisions\/23651"}],"wp:featuredmedia":[{"embeddable":true,"href":"https:\/\/quecartucho.es\/blog\/wp-json\/wp\/v2\/media\/23648"}],"wp:attachment":[{"href":"https:\/\/quecartucho.es\/blog\/wp-json\/wp\/v2\/media?parent=23646"}],"curies":[{"name":"wp","href":"https:\/\/api.w.org\/{rel}","templated":true}]}}