{"id":23696,"date":"2026-05-11T12:38:46","date_gmt":"2026-05-11T10:38:46","guid":{"rendered":"https:\/\/quecartucho.es\/blog\/?page_id=23696"},"modified":"2026-05-11T12:50:29","modified_gmt":"2026-05-11T10:50:29","slug":"etiquetas-brother-originales-vs-compatibles-realmente-hay-diferencia","status":"publish","type":"page","link":"https:\/\/quecartucho.es\/blog\/etiquetas-brother-originales-vs-compatibles-realmente-hay-diferencia\/","title":{"rendered":"Etiquetas Brother originales vs compatibles: \u00bfrealmente hay diferencia?"},"content":{"rendered":"\n<div class=\"wp-block-columns is-layout-flex wp-container-core-columns-is-layout-9d6595d7 wp-block-columns-is-layout-flex\">\n<div class=\"wp-block-column is-layout-flow wp-block-column-is-layout-flow\">\n<p><strong>\u00bfComprar <a href=\"https:\/\/quecartucho.es\/9504-etiquetas-brother\">etiquetas Brother<\/a>? <\/strong>S\u00ed, claro\u2026 es una decisi\u00f3n sencilla.<\/p>\n\n\n\n<p>Bueno\u2026 lo es hasta que aparece la diferencia de precio. Ah\u00ed es cuando el cerebro entra en modo \u201cesto tiene truco seguro\u201d y empiezas a preguntarte si ser\u00e1 que las originales est\u00e1n hechas con polvo de oro o si, por el contrario, las compatibles vienen con letra peque\u00f1a invisible.<\/p>\n\n\n\n<p>As\u00ed que\u2026 no: elegir entre <strong>etiquetas Brother originales vs compatibles <\/strong>no es tan sencillo. Y a la pregunta \u00bfhay diferencia?, la respuesta corta es: s\u00ed, haberla, hayla (como las meigas, oye). Siempre se van a encontrar diferencias. El <em>quid<\/em> de la cuesti\u00f3n es\u2026 \u00bfqu\u00e9 es lo que realmente compensa? Y para dejar de sonar tan enigm\u00e1ticos, te lo vamos a explicar ahora mismito.<\/p>\n<\/div>\n\n\n\n<div class=\"wp-block-column is-layout-flow wp-block-column-is-layout-flow\">\n<figure class=\"wp-block-image size-large\"><img loading=\"lazy\" decoding=\"async\" width=\"1024\" height=\"559\" src=\"https:\/\/quecartucho.es\/blog\/wp-content\/uploads\/2026\/05\/Etiquetas-Brother-originales-vs-compatibles-realmente-hay-diferencia-1024x559.png\" alt=\"Etiquetas Brother originales vs compatibles realmente hay diferencia\" class=\"wp-image-23697\" title=\"\" srcset=\"https:\/\/quecartucho.es\/blog\/wp-content\/uploads\/2026\/05\/Etiquetas-Brother-originales-vs-compatibles-realmente-hay-diferencia-1024x559.png 1024w, https:\/\/quecartucho.es\/blog\/wp-content\/uploads\/2026\/05\/Etiquetas-Brother-originales-vs-compatibles-realmente-hay-diferencia-300x164.png 300w, https:\/\/quecartucho.es\/blog\/wp-content\/uploads\/2026\/05\/Etiquetas-Brother-originales-vs-compatibles-realmente-hay-diferencia-768x419.png 768w, https:\/\/quecartucho.es\/blog\/wp-content\/uploads\/2026\/05\/Etiquetas-Brother-originales-vs-compatibles-realmente-hay-diferencia-1536x838.png 1536w, https:\/\/quecartucho.es\/blog\/wp-content\/uploads\/2026\/05\/Etiquetas-Brother-originales-vs-compatibles-realmente-hay-diferencia-2048x1118.png 2048w\" sizes=\"auto, (max-width: 1024px) 100vw, 1024px\" \/><\/figure>\n<\/div>\n<\/div>\n\n\n\n<p><\/p>\n\n\n\n<h2 class=\"wp-block-heading\"><a><\/a> Calidad de impresi\u00f3n: cuando todo parece igual\u2026 hasta que lo miras mucho<\/h2>\n\n\n\n<p>Las etiquetas originales Brother imprimen de forma muy consistente. Texto limpio, contraste estable y resultados muy uniformes. No te vamos a decir que son malas, porque no lo son.<\/p>\n\n\n\n<p>Ahora bien, las <strong><a href=\"https:\/\/quecartucho.es\/16246-etiquetas\">etiquetas compatibles de calidad<\/a><\/strong> (ojo, y aqu\u00ed est\u00e1 el matiz importante: <em><strong>de calidad<\/strong><\/em>) hacen pr\u00e1cticamente lo mismo en el uso real. De hecho, en el d\u00eda a d\u00eda, nadie est\u00e1 comparando etiquetas como quien hace una cata de vino. Se imprimen, se pegan y que la vida siga.<\/p>\n\n\n\n<p>Si tienes que acercarte demasiado para ver la diferencia, probablemente no sea un problema usar <strong>etiquetas compatibles para Brother<\/strong>.<\/p>\n\n\n\n<h2 class=\"wp-block-heading\"><a><\/a> Adhesivo: la parte que decide si te acuerdas del tema o no<\/h2>\n\n\n\n<p>Las etiquetas originales tienen una adhesi\u00f3n muy estable (vamos, que pegan que da gusto).<\/p>\n\n\n\n<p>Las etiquetas compatibles (buenas) tambi\u00e9n.<\/p>\n\n\n\n<p>Y aqu\u00ed viene lo interesante: cuando una etiqueta se usa para archivar, identificar o enviar productos, lo que m\u00e1s importa es que siga donde la pusiste y no le d\u00e9 por viajar al paquete de al lado.<\/p>\n\n\n\n<figure class=\"wp-block-image size-large\"><img loading=\"lazy\" decoding=\"async\" width=\"1024\" height=\"559\" src=\"https:\/\/quecartucho.es\/blog\/wp-content\/uploads\/2026\/05\/Adhesivo-la-parte-que-decide-si-te-acuerdas-del-tema-o-no-1024x559.png\" alt=\"Adhesivo la parte que decide si te acuerdas del tema o no\" class=\"wp-image-23699\" title=\"\" srcset=\"https:\/\/quecartucho.es\/blog\/wp-content\/uploads\/2026\/05\/Adhesivo-la-parte-que-decide-si-te-acuerdas-del-tema-o-no-1024x559.png 1024w, https:\/\/quecartucho.es\/blog\/wp-content\/uploads\/2026\/05\/Adhesivo-la-parte-que-decide-si-te-acuerdas-del-tema-o-no-300x164.png 300w, https:\/\/quecartucho.es\/blog\/wp-content\/uploads\/2026\/05\/Adhesivo-la-parte-que-decide-si-te-acuerdas-del-tema-o-no-768x419.png 768w, https:\/\/quecartucho.es\/blog\/wp-content\/uploads\/2026\/05\/Adhesivo-la-parte-que-decide-si-te-acuerdas-del-tema-o-no-1536x838.png 1536w, https:\/\/quecartucho.es\/blog\/wp-content\/uploads\/2026\/05\/Adhesivo-la-parte-que-decide-si-te-acuerdas-del-tema-o-no-2048x1118.png 2048w\" sizes=\"auto, (max-width: 1024px) 100vw, 1024px\" \/><\/figure>\n\n\n\n<h2 class=\"wp-block-heading\"><a><\/a> Compatibilidad: la impresora y su momento de duda<\/h2>\n\n\n\n<p>Las etiquetas Brother originales entran en la impresora como si fueran de la casa (bueno, es que en realidad lo son).<\/p>\n\n\n\n<p>Las <strong>etiquetas compatibles de calidad<\/strong> entran igual, y aunque a veces la impresora hace ese peque\u00f1o \u201chmm\u2026\u201d interno antes de seguir, le dura un segundo la desconfianza y, al final, hace su trabajo sin rechistar.<\/p>\n\n\n\n<h2 class=\"wp-block-heading\"><a><\/a> Y lo que m\u00e1s nos interesa: el ahorro<\/h2>\n\n\n\n<p>Porque as\u00ed son las cosas, el dinerito manda, y aqu\u00ed no hay debate emocional posible.<\/p>\n\n\n\n<p><strong>Las etiquetas compatibles pueden costar menos de la mitad. <\/strong>Y en cuanto el volumen de compra sube, ese ahorro deja de ser teor\u00eda y se convierte en una suma nada despreciable de dinero que se queda en tu bolsillito, en vez de desaparecer en consumibles.<\/p>\n\n\n\n<p>Ni tan mal, \u00bfno?<\/p>\n\n\n\n<h2 class=\"wp-block-heading\"><a><\/a> Visto lo visto\u2026 \u00bfqu\u00e9 tiene sentido?<\/h2>\n\n\n\n<p>Que las etiquetas Brother originales encajan perfectamente en el sistema.<\/p>\n\n\n\n<p>Y que las <strong>etiquetas compatibles para Brother <\/strong>de calidad, como las que puedes encontrar en tu <a href=\"https:\/\/quecartucho.es\"><u>tienda online de consumibles compatibles<\/u><\/a>, encajan m\u00e1s que perfectamente con el trabajo diario\u2026 y adem\u00e1s te dejan mucho margen en el presupuesto.<\/p>\n\n\n\n<p><strong>En la tienda online de QueCartucho tienes etiquetas Brother compatibles de alta calidad para que imprimas lo que necesites sin pagar de m\u00e1s en cada rollo. \u00bfTe pasas a echar un vistazo?<\/strong><\/p>\n\n\n\n<figure class=\"wp-block-image size-full\"><a href=\"https:\/\/quecartucho.es\/9504-etiquetas-brother\"><img loading=\"lazy\" decoding=\"async\" width=\"1024\" height=\"559\" src=\"https:\/\/quecartucho.es\/blog\/wp-content\/uploads\/2026\/05\/etiquetas-compatibles-para-Brother.jpg\" alt=\"etiquetas compatibles para Brother\" class=\"wp-image-23703\" title=\"\" srcset=\"https:\/\/quecartucho.es\/blog\/wp-content\/uploads\/2026\/05\/etiquetas-compatibles-para-Brother.jpg 1024w, https:\/\/quecartucho.es\/blog\/wp-content\/uploads\/2026\/05\/etiquetas-compatibles-para-Brother-300x164.jpg 300w, https:\/\/quecartucho.es\/blog\/wp-content\/uploads\/2026\/05\/etiquetas-compatibles-para-Brother-768x419.jpg 768w\" sizes=\"auto, (max-width: 1024px) 100vw, 1024px\" \/><\/a><\/figure>\n","protected":false},"excerpt":{"rendered":"<p>\u00bfComprar etiquetas Brother? S\u00ed, claro\u2026 es una decisi\u00f3n sencilla. Bueno\u2026 lo es hasta que aparece la diferencia de precio. Ah\u00ed es cuando el cerebro entra en modo \u201cesto tiene truco seguro\u201d y empiezas a preguntarte si ser\u00e1 que las originales est\u00e1n hechas con polvo de oro o si, por el contrario, las compatibles vienen con&hellip;&nbsp;<a href=\"https:\/\/quecartucho.es\/blog\/etiquetas-brother-originales-vs-compatibles-realmente-hay-diferencia\/\" rel=\"bookmark\">Leer m\u00e1s &raquo;<span class=\"screen-reader-text\">Etiquetas Brother originales vs compatibles: \u00bfrealmente hay diferencia?<\/span><\/a><\/p>\n","protected":false},"author":1,"featured_media":23706,"parent":0,"menu_order":0,"comment_status":"closed","ping_status":"closed","template":"","meta":{"neve_meta_sidebar":"","neve_meta_container":"","neve_meta_enable_content_width":"","neve_meta_content_width":0,"neve_meta_title_alignment":"","neve_meta_author_avatar":"","neve_post_elements_order":"","neve_meta_disable_header":"","neve_meta_disable_footer":"","neve_meta_disable_title":"","episode_type":"","audio_file":"","podmotor_file_id":"","podmotor_episode_id":"","cover_image":"","cover_image_id":"","duration":"","filesize":"","filesize_raw":"","date_recorded":"","explicit":"","block":"","footnotes":""},"class_list":["post-23696","page","type-page","status-publish","has-post-thumbnail","hentry"],"_links":{"self":[{"href":"https:\/\/quecartucho.es\/blog\/wp-json\/wp\/v2\/pages\/23696","targetHints":{"allow":["GET"]}}],"collection":[{"href":"https:\/\/quecartucho.es\/blog\/wp-json\/wp\/v2\/pages"}],"about":[{"href":"https:\/\/quecartucho.es\/blog\/wp-json\/wp\/v2\/types\/page"}],"author":[{"embeddable":true,"href":"https:\/\/quecartucho.es\/blog\/wp-json\/wp\/v2\/users\/1"}],"replies":[{"embeddable":true,"href":"https:\/\/quecartucho.es\/blog\/wp-json\/wp\/v2\/comments?post=23696"}],"version-history":[{"count":4,"href":"https:\/\/quecartucho.es\/blog\/wp-json\/wp\/v2\/pages\/23696\/revisions"}],"predecessor-version":[{"id":23707,"href":"https:\/\/quecartucho.es\/blog\/wp-json\/wp\/v2\/pages\/23696\/revisions\/23707"}],"wp:featuredmedia":[{"embeddable":true,"href":"https:\/\/quecartucho.es\/blog\/wp-json\/wp\/v2\/media\/23706"}],"wp:attachment":[{"href":"https:\/\/quecartucho.es\/blog\/wp-json\/wp\/v2\/media?parent=23696"}],"curies":[{"name":"wp","href":"https:\/\/api.w.org\/{rel}","templated":true}]}}