{"id":3451,"date":"2019-02-21T14:45:35","date_gmt":"2019-02-21T12:45:35","guid":{"rendered":"https:\/\/quecartucho.es\/blog\/?page_id=3451"},"modified":"2024-01-05T11:59:14","modified_gmt":"2024-01-05T09:59:14","slug":"tambor","status":"publish","type":"page","link":"https:\/\/quecartucho.es\/blog\/tambor\/","title":{"rendered":"Tambor"},"content":{"rendered":"\n<h2 class=\"wp-block-heading\"><strong>\u00bfQu\u00e9 es un tambor de impresora y c\u00f3mo funciona? <\/strong><\/h2>\n\n\n\n<p>Los usuarios de impresoras suelen pensar que los \u00fanicos consumibles \nque necesitan son los t\u00f3neres de tinta o los cartuchos, seg\u00fan el tipo \nque utilicen, pero en realidad estos dispositivos deben realizar sus \noperaciones con un componente fundamental, que es el tambor de la \nimpresora. Es completamente necesario para que todo trabaje \ncorrectamente y debemos estar al tanto de c\u00f3mo funciona.<\/p>\n\n\n\n\n\n<p>Clic aqu\u00ed si lo que estas buscando es <strong><a href=\"https:\/\/quecartucho.es\/17091-tambores\">comprar un tambor l\u00e1ser compatible<\/a><\/strong>.<br><\/p>\n\n\n\n<h2 class=\"wp-block-heading\"><strong>\u00bfQu\u00e9 es el tambor de impresora?<\/strong><\/h2>\n\n\n\n<p>Esta es una pieza fundamental, especialmente en la impresi\u00f3n l\u00e1ser.  Su funcionamiento se basa en girar sobre s\u00ed mismo, recibiendo varios  impactos de l\u00e1ser a medida que va imprimiendo, para as\u00ed dibujar la  imagen sobre el papel con peque\u00f1as unidades llamadas puntos  electropositivos.<\/p>\n\n\n\n<p>El tambor funciona con electricidad electroest\u00e1tica, en conjunto con  el t\u00f3ner que est\u00e1 cargado electronegativamente, de manera que el tambor  vaya girando y pasando sobre el polvo de t\u00f3ner, atrayendo part\u00edculas  hacia los puntos espec\u00edficos que se\u00f1ale el l\u00e1ser.<\/p>\n\n\n\n<p>As\u00ed es como la imagen se va transfiriendo al papel, con cargas  electropositivas provenientes del tambor, atrayendo part\u00edculas negativas  desde el t\u00f3ner.<\/p>\n\n\n<div class=\"wp-block-image\">\n<figure class=\"aligncenter\"><img loading=\"lazy\" decoding=\"async\" width=\"225\" height=\"225\" src=\"https:\/\/quecartucho.es\/blog\/wp-content\/uploads\/2019\/02\/tambores-de-impresora.jpeg\" alt=\"\" class=\"wp-image-3458\" title=\"\" srcset=\"https:\/\/quecartucho.es\/blog\/wp-content\/uploads\/2019\/02\/tambores-de-impresora.jpeg 225w, https:\/\/quecartucho.es\/blog\/wp-content\/uploads\/2019\/02\/tambores-de-impresora-150x150.jpeg 150w\" sizes=\"auto, (max-width: 225px) 100vw, 225px\" \/><\/figure>\n<\/div>\n\n\n<h2 class=\"wp-block-heading\"><strong>\u00bfC\u00f3mo funciona el tambor de una impresora?<\/strong><\/h2>\n\n\n\n<p>Ahora que te hemos dado una breve explicaci\u00f3n de su funcionamiento, \nvamos a proceder a detallarla un poco m\u00e1s para conocer la importancia de\n esta pieza.<\/p>\n\n\n\n<p>El tambor est\u00e1 dentro del dispositivo pr\u00e1cticamente para recoger el polvo que  viene del t\u00f3ner en ciertos puntos y pasarlo al papel de forma limpia y  ordenada. Cuando este elemento de la impresora recibe los rayos l\u00e1ser,  se est\u00e1 cargando positivamente en los puntos donde tu ordenador le ha  indicado que va a realizar la impresi\u00f3n.<\/p>\n\n\n\n<p>Luego, el polvo del t\u00f3ner, que est\u00e1 lleno de carga negativa, \nconseguir\u00e1 que las part\u00edculas de polvo de tinta se peguen a los puntos \nindicados, llenos de carga positiva. A partir de este momento, la imagen\n que deseas imprimir estar\u00e1 creada y cargada a lo largo del dispositivo.\n As\u00ed es como tus documentos quedar\u00e1n fijos y plasmados justo como t\u00fa lo \nhas ordenado desde el equipo principal.<\/p>\n\n\n\n<p>Al principio de la impresi\u00f3n, el tambor estar\u00eda recibiendo una carga \nelectroest\u00e1tica de alto nivel. As\u00ed que cuando la luz del l\u00e1ser se \nencuentra con esta carga, esta misma se elimina. Por eso es que los \ntambores en impresoras l\u00e1ser trabajan con un principio negativo, porque \nesas zonas que no tienen carga son las que atraen el polvo para darnos \nla imagen impresa.<\/p>\n\n\n\n<p>Cuando tenemos el t\u00f3ner ya adherido al tambor, listo para \ntransferirse al papel, en realidad el papel tambi\u00e9n est\u00e1 recibiendo una \ncarga electroest\u00e1tica. Solo as\u00ed es como se puede transferir el polvo en \nuna posici\u00f3n exacta. El \u00faltimo proceso de la impresi\u00f3n l\u00e1ser es una \nbanda de limpieza retirando cualquier exceso de t\u00f3ner que haya encima \ndel tambor, para que est\u00e9 preparado a la hora de recibir otro documento y\n no tener errores de acabado.<\/p>\n\n\n\n<h2 class=\"wp-block-heading\"><strong>\u00bfQu\u00e9 tipos de tambor de impresora existen?<\/strong><\/h2>\n\n\n\n<p>Actualmente podemos ver en el mercado dos tipos de tambor para \ndistintos modelos de impresora: los que vienen integrados en el cartucho\n de t\u00f3ner y los que son independientes. Aqu\u00ed te explicaremos cu\u00e1l es la \ndiferencia entre ambos para que decidas cu\u00e1l te conviene m\u00e1s a la hora \nde adquirir una nueva impresora.<\/p>\n\n\n\n<h3 class=\"wp-block-heading\"> Tambor integrado <\/h3>\n\n\n\n<p>Estos generalmente los vemos en los cartuchos de marcas como Canon y \nHP. En este caso, cada cambio que hagamos del t\u00f3ner, estar\u00edamos \ncambiando tambi\u00e9n el tambor. Por eso es importante para muchos usuarios \ntenerlo en cuenta como parte de los consumibles.<\/p>\n\n\n\n<h3 class=\"wp-block-heading\"> Tambor independiente <\/h3>\n\n\n\n<p>Este caso lo ver\u00edamos en otras marcas como Lexmark, Oki y Brother. \nAqu\u00ed tambi\u00e9n ser\u00eda un consumible, pero recuerda que funciona de forma \napartada al cartucho, as\u00ed que como usuarios debemos estar atentos a los \nn\u00fameros de cambios de t\u00f3ner establecidos por el manual del dispositivo, \npara realizar el cambio de tambor en un momento indicado.<\/p>\n\n\n\n<h2 class=\"wp-block-heading\"><strong>\u00bfCu\u00e1l es el mejor entre estos dos tipos de tambor?<\/strong><\/h2>\n\n\n\n<p>Por supuesto, todo depender\u00e1 de tus necesidades como usuario y la frecuencia de uso que le vayas a dar a la impresora.<\/p>\n\n\n\n<p>Sabemos que hay dos tipos, donde el tambor est\u00e1 integrado con el  t\u00f3ner y donde ambas son piezas distintas, que tienen una separaci\u00f3n  marcada seg\u00fan las marcas.<\/p>\n\n\n\n<p>Hasta ahora puedes haber pensado en algunas ventajas y desventajas \nbastante obvias en cada caso. Por ejemplo, en el integrado cada vez que \nquieras cambiar tu t\u00f3ner, autom\u00e1ticamente tambi\u00e9n tendr\u00edas que hacerle \ncambio al cilindro que est\u00e1 asociado a \u00e9l, lo que hace todo m\u00e1s simple \nporque ser\u00eda una misma acci\u00f3n para dos sustituciones, pero podr\u00eda \ngenerar gastos relativamente altos. Porque si te quedas sin polvo de \ntinta, posiblemente al tambor a\u00fan le quede vida \u00fatil e igual tendr\u00e1s que\n cambiarlo.<\/p>\n\n\n\n<p>Recuerda que las impresoras tienen elementos fotoconductores que se \nagotan con el tiempo, por eso tienen una vida \u00fatil que llega hasta \ncierto tiempo seg\u00fan la cantidad de impresiones que generemos. Si son \nmuchas, se gastan m\u00e1s r\u00e1pido, dependiendo de la marca, modelo y calidad \ndel producto.<\/p>\n\n\n\n<p>Ahora, en el caso de los integrados podr\u00e1s hacer estos cambios de \nforma separada, ser\u00e1 m\u00e1s costoso en cuanto a tiempo, porque ser\u00e1 un \nproceso mucho m\u00e1s tedioso. Debes adquirir dos piezas por separado y \ncuando se realiza de esta manera, dependiendo de la marca, podr\u00eda \nrequerir m\u00e1s dinero. Sin embargo, con esta operaci\u00f3n estar\u00edas gastando \nmenos dinero en un largo plazo, porque cada elemento se cambia a su \ndebido tiempo.<\/p>\n\n\n\n<p>Si eres un usuario de pocas impresiones, seguramente te conviene \nadquirir una impresora de tambor independiente al cartucho de t\u00f3ner, \nporque as\u00ed obtendr\u00e1s t\u00f3ner a precios m\u00e1s econ\u00f3micos y no debes cambiar \nel cilindro cada vez que te quedes sin polvo de tinta.<\/p>\n\n\n\n<p>En el otro caso, si mantienes una alta frecuencia de impresi\u00f3n,  probablemente sea mejor comprometerte a comprar el t\u00f3ner junto con el  tambor integrado para evitarte problemas. Posiblemente, el cilindro tenga  muchos residuos de tinta despu\u00e9s de haber hecho tantas impresiones,  haciendo que con poco tiempo, se ponga en mal estado tras tantos cambios  de t\u00f3ner, resultando en documentos con rayas, manchas y acabados no  deseados. Adem\u00e1s, te estar\u00edas ahorrando la duplicidad de los repuestos.<\/p>\n\n\n\n<h2 class=\"wp-block-heading\"><strong>\u00bfC\u00f3mo saber cu\u00e1ndo cambiar el tambor de la <a href=\"https:\/\/quecartucho.es\/blog\/impresoras\/laser\/\">impresora l\u00e1ser<\/a>?<\/strong><\/h2>\n\n\n\n<p>Debes fijarte en los siguientes detalles:<\/p>\n\n\n\n<ul class=\"wp-block-list\">\n<li>Empiezas a ver l\u00edneas verticales en tus impresiones. Eso es una se\u00f1al clara de desgaste.<\/li>\n\n\n\n<li>Cuando tienes manchas verticales irregulares, eso puede significar que el tambor tiene mucha suciedad acumulada<\/li>\n\n\n\n<li>Si has impreso textos a color, pero aparecen en negro. Como  tambi\u00e9n si imprimes documentos en monocromo y aparecen blancos o con  tonalidades claras. Ah\u00ed sabr\u00e1s que el tambor no est\u00e1 respondiendo de la  manera correcta.<\/li>\n\n\n\n<li>Por supuesto, si tu impresora puede enviarte mensajes a trav\u00e9s del  panel de control o la pantalla LED. Debes estar siempre atento a lo que  te indique.<\/li>\n<\/ul>\n\n\n\n<p>Aparte de estas se\u00f1ales, recuerda siempre retirar cualquier polvo \nacumulado que haya en el tambor para que esta pieza dure un poco m\u00e1s de \ntiempo y tus impresiones no se vean afectadas porque el dispositivo \ntenga mucho uso.<\/p>\n\n\n\n<h2 class=\"wp-block-heading\"><strong>\u00bfCu\u00e1l es la relaci\u00f3n entre duraci\u00f3n y uso para un tambor de impresora l\u00e1ser?<\/strong><\/h2>\n\n\n\n<p>En el mundo de las impresoras y de todos los dispositivos \ninform\u00e1ticos en general, el producto que vayas a usar siempre depender\u00e1 \ndel uso final que le vayas a dar y la frecuencia con la que obtengas \nresultados de \u00e9l. Por ejemplo, si compras un equipo de \u00faltimo modelo, \ncon lo m\u00e1ximo de tarjeta gr\u00e1fica y capacidad de RAM, pero lo vas a \nutilizar muy poco o solo para ejecutar programas de nivel moderado, no \ntendr\u00eda mucho sentido.<\/p>\n\n\n\n<p>Es lo mismo con las impresoras l\u00e1ser. Si est\u00e1s decidiendo entre un \nmodelo y otro seg\u00fan el tipo de tambor o cilindro que tenga, antes debes \nhacer una comparaci\u00f3n entre las ventajas y desventajas previamente \nexplicadas. Tambi\u00e9n pensar si tu impresora ser\u00e1 de uso dom\u00e9stico, de \noficina, para una peque\u00f1a empresa, etc.<\/p>\n\n\n\n<p>As\u00ed que ya sabes, si tienes una oficina y tienes pensado imprimir muy\n a menudo, busca un tambor integrado. Ser\u00e1 m\u00e1s caro a largo plazo, pero \nmucho m\u00e1s productivo y te garantizar\u00e1 impresiones perfectas cada vez que\n as\u00ed lo desees. Ahora, si tu caso es el contrario y el n\u00famero de \nimpresiones que vas a enviar es bajo o moderado, b\u00fascate un modelo que \ntraiga el cilindro y el t\u00f3ner separados, para tener que hacer este gasto\n en un lapso m\u00e1s largo de tiempo sin tener que afectar negativamente la \ncalidad de tus documentos.<\/p>\n\n\n\n<p>Puede que tambi\u00e9n te interese: <\/p>\n\n\n\n<p><a href=\"https:\/\/quecartucho.es\/blog\/diferencias-entre-toner-y-tambor\/\">Diferencias entre t\u00f3ner y tambor<\/a><\/p>\n\n\n<div id=\"rank-math-faq\" class=\"rank-math-block\">\n<div class=\"rank-math-list \">\n<div id=\"faq-question-1669371566261\" class=\"rank-math-list-item\">\n<h2 class=\"rank-math-question \">\u00bfQu\u00e9 pasa si no se cambi\u00f3 el tambor de mi impresora?<\/h2>\n<div class=\"rank-math-answer \">\n\n<p>Que cae fuego \ud83d\udd25 del cielo, la tierra se abre en dos \u26a1 y salen dragones de siete cabezas de detr\u00e1s de las esquinas \ud83d\udc09. Eso pasa\u2026<\/p>\n<p>Bueno, quiz\u00e1s hemos exagerado un poco (demasiadas pelis de cat\u00e1strofes \ud83d\ude48).<br \/>No es el fin del mundo. Pero si la impresora te pidi\u00f3 cambio de tambor, t\u00fa pasaste ol\u00edmpicamente de ella, y ahora te salen las impresiones con l\u00edneas, o has pedido imprimir en color y te sale en negro, o peor a\u00fan \ud83d\ude31: te sale la hoja tan blanquita como entr\u00f3\u2026 \u00a1No te quejes! Que la impre ya te estaba avisando.<\/p>\n<p>El tambor es necesario para qu\u00e9 la tinta en polvo del t\u00f3ner pase al papel. Y aunque no se gasta de un d\u00eda para otro, as\u00ed en plan chimpum, cuando la impresora te pide cambio, hay que hacer un pensamiento y comprar un tambor nuevo.<\/p>\n<p>Puedes seguir leyendo en <a href=\"https:\/\/quecartucho.es\/2075-tambor-brother-compatible\">Tambor Brother<\/a> compatible<\/p>\n\n<\/div>\n<\/div>\n<\/div>\n<\/div>\n\n\n<p><\/p>\n","protected":false},"excerpt":{"rendered":"<p>\u00bfQu\u00e9 es un tambor de impresora y c\u00f3mo funciona? Los usuarios de impresoras suelen pensar que los \u00fanicos consumibles que necesitan son los t\u00f3neres de tinta o los cartuchos, seg\u00fan el tipo que utilicen, pero en realidad estos dispositivos deben realizar sus operaciones con un componente fundamental, que es el tambor de la impresora. Es&hellip;&nbsp;<a href=\"https:\/\/quecartucho.es\/blog\/tambor\/\" rel=\"bookmark\">Leer m\u00e1s &raquo;<span class=\"screen-reader-text\">Tambor<\/span><\/a><\/p>\n","protected":false},"author":1,"featured_media":3457,"parent":0,"menu_order":0,"comment_status":"closed","ping_status":"closed","template":"","meta":{"neve_meta_sidebar":"","neve_meta_container":"","neve_meta_enable_content_width":"","neve_meta_content_width":0,"neve_meta_title_alignment":"","neve_meta_author_avatar":"","neve_post_elements_order":"","neve_meta_disable_header":"","neve_meta_disable_footer":"","neve_meta_disable_title":"","episode_type":"","audio_file":"","podmotor_file_id":"","podmotor_episode_id":"","cover_image":"","cover_image_id":"","duration":"","filesize":"","filesize_raw":"","date_recorded":"","explicit":"","block":"","footnotes":""},"class_list":["post-3451","page","type-page","status-publish","has-post-thumbnail","hentry"],"_links":{"self":[{"href":"https:\/\/quecartucho.es\/blog\/wp-json\/wp\/v2\/pages\/3451","targetHints":{"allow":["GET"]}}],"collection":[{"href":"https:\/\/quecartucho.es\/blog\/wp-json\/wp\/v2\/pages"}],"about":[{"href":"https:\/\/quecartucho.es\/blog\/wp-json\/wp\/v2\/types\/page"}],"author":[{"embeddable":true,"href":"https:\/\/quecartucho.es\/blog\/wp-json\/wp\/v2\/users\/1"}],"replies":[{"embeddable":true,"href":"https:\/\/quecartucho.es\/blog\/wp-json\/wp\/v2\/comments?post=3451"}],"version-history":[{"count":12,"href":"https:\/\/quecartucho.es\/blog\/wp-json\/wp\/v2\/pages\/3451\/revisions"}],"predecessor-version":[{"id":21583,"href":"https:\/\/quecartucho.es\/blog\/wp-json\/wp\/v2\/pages\/3451\/revisions\/21583"}],"wp:featuredmedia":[{"embeddable":true,"href":"https:\/\/quecartucho.es\/blog\/wp-json\/wp\/v2\/media\/3457"}],"wp:attachment":[{"href":"https:\/\/quecartucho.es\/blog\/wp-json\/wp\/v2\/media?parent=3451"}],"curies":[{"name":"wp","href":"https:\/\/api.w.org\/{rel}","templated":true}]}}