{"id":3465,"date":"2019-03-07T11:22:43","date_gmt":"2019-03-07T09:22:43","guid":{"rendered":"https:\/\/quecartucho.es\/blog\/?page_id=3465"},"modified":"2021-12-28T13:29:59","modified_gmt":"2021-12-28T11:29:59","slug":"como-limpiar-el-toner-de-una-impresora","status":"publish","type":"page","link":"https:\/\/quecartucho.es\/blog\/como-limpiar-el-toner-de-una-impresora\/","title":{"rendered":"C\u00f3mo limpiar el t\u00f3ner de una impresora"},"content":{"rendered":"\n<p>Es normal que las <a href=\"https:\/\/quecartucho.es\/blog\/impresoras\/multifuncion\/\">impresoras multifuncionales<\/a>, despu\u00e9s de largas sesiones de uso, acumulen suciedad en los cabezales y terminen imprimiendo con algunas fallas, que notar\u00edas en la nitidez de los colores o el acabado de los detalles.<\/p>\n\n\n\n<p>Lo mejor que puedes hacer para solucionar este problema es hacer varias limpiezas con las opciones que te da la impresora. Lo primero es lo m\u00e1s simple: haz una limpieza desde el bot\u00f3n de gesti\u00f3n de tinta, haz una impresi\u00f3n de prueba y as\u00ed puedes ir viendo si ha mejorado o contin\u00faa con el mismo problema en los colores o el acabado.<\/p>\n\n\n\n<p>Si ves que esta soluci\u00f3n no te resulta y la impresora contin\u00faa con estos inconvenientes, es hora de pasar a una limpieza m\u00e1s profunda y cuidadosa. Por supuesto, lo primero es empezar limpiando convencionalmente, porque hacer una limpieza a fondo puede consumir una buena parte del cartucho de t\u00f3ner.<\/p>\n\n\n\n<p><a href=\"https:\/\/quecartucho.es\/4--brother\">Las impresoras l\u00e1ser de la marca Brother suelen utilizar tambores de imagen separados del cartucho de t\u00f3ner<\/a>. A pesar de esto, trabajan en conjunto para producir las im\u00e1genes y los textos en los documentos que imprimimos. Luego de cumplir con cierta frecuencia de uso, podr\u00edan empezar a aparecer manchas negras o blancas, o puntos donde la tinta se ha corrido indebidamente.<\/p>\n\n\n\n<figure class=\"wp-block-image\"><img loading=\"lazy\" decoding=\"async\" width=\"341\" height=\"148\" src=\"https:\/\/quecartucho.es\/blog\/wp-content\/uploads\/2019\/03\/limpiar-tambor.jpeg\" alt=\"\" class=\"wp-image-3471\" title=\"\" srcset=\"https:\/\/quecartucho.es\/blog\/wp-content\/uploads\/2019\/03\/limpiar-tambor.jpeg 341w, https:\/\/quecartucho.es\/blog\/wp-content\/uploads\/2019\/03\/limpiar-tambor-300x130.jpeg 300w\" sizes=\"auto, (max-width: 341px) 100vw, 341px\" \/><\/figure>\n\n\n\n<p>Cuando vemos esto, el problema seguramente viene desde el tambor de la impresora, que siempre ha estado en contacto con el t\u00f3ner, as\u00ed que limpiarlo puede resolver todo. Sin embargo, si esto tampoco te funciona, significa que ya es hora de reemplazarlo.<\/p>\n\n\n\n<h2 class=\"wp-block-heading\"><strong>Soluciones con impresiones de prueba<\/strong><\/h2>\n\n\n\n<p>Generalmente, las part\u00edculas sueltas del t\u00f3ner se acumulan entre las piezas internas de la impresora, sobre todo en el tambor y el cilindro de im\u00e1genes. Este es el principal causante de las manchas, tintas corridas y puntos negros en las p\u00e1ginas, porque la transferencia de estas part\u00edculas de t\u00f3ner no se est\u00e1 ejecutando correctamente.<\/p>\n\n\n\n<p>Imprimir algunas p\u00e1ginas dem\u00e1s podr\u00eda eliminar estas part\u00edculas extra que se han desprendido del t\u00f3ner, haciendo que los pr\u00f3ximos documentos salgan limpios y normales. As\u00ed que la primera soluci\u00f3n que deber\u00edas intentar es imprimir un par de p\u00e1ginas de prueba hasta que el polvo de t\u00f3ner sobrante se desprenda completamente del tambor.<\/p>\n\n\n\n<h2 class=\"wp-block-heading\"><strong>Limpieza con algod\u00f3n<\/strong><\/h2>\n\n\n\n<p>Recuerda que algunas piezas de las impresoras Brother traen etiquetas en la pieza que vienen pegadas al t\u00f3ner o al tambor. Luego de haber hecho muchas impresiones, existe la posibilidad de que el pegamento de estas etiquetas se pase hacia el cilindro, cuando esto sucede, los documentos salen con manchas blancas o negras que cumplen un patr\u00f3n regular, generalmente de unos 9 cent\u00edmetros entre cada uno.<\/p>\n\n\n\n<figure class=\"wp-block-gallery columns-1 is-cropped wp-block-gallery-2 is-layout-flex wp-block-gallery-is-layout-flex\"><ul class=\"blocks-gallery-grid\"><li class=\"blocks-gallery-item\"><figure><img loading=\"lazy\" decoding=\"async\" width=\"315\" height=\"285\" src=\"https:\/\/quecartucho.es\/blog\/wp-content\/uploads\/2019\/03\/como-limpiar-impresora-algodon-y-alcohol.jpg\" alt=\"\" data-id=\"3472\" data-link=\"https:\/\/quecartucho.es\/blog\/como-limpiar-el-toner-de-una-impresora\/como-limpiar-impresora-algodon-y-alcohol\/\" class=\"wp-image-3472\" title=\"\" srcset=\"https:\/\/quecartucho.es\/blog\/wp-content\/uploads\/2019\/03\/como-limpiar-impresora-algodon-y-alcohol.jpg 315w, https:\/\/quecartucho.es\/blog\/wp-content\/uploads\/2019\/03\/como-limpiar-impresora-algodon-y-alcohol-300x271.jpg 300w\" sizes=\"auto, (max-width: 315px) 100vw, 315px\" \/><\/figure><\/li><\/ul><\/figure>\n\n\n\n<p>Si este es tu caso, lo que debes hacer es retirar el cartucho de t\u00f3ner y el tambor de imagen de la impresora, ponerlo sobre alguna superficie completamente limpia para que no se contin\u00fae ensuciando, preferiblemente plana y con el tambor viendo hacia arriba. Con tus dedos, gira el engranaje de la unidad del cilindro y f\u00edjate con mucho cuidado hasta que encuentres la mancha de pegamento que est\u00e1 afectando los documentos.<\/p>\n\n\n\n<p>Una vez que la encuentres, quitarla con un hisopo de algod\u00f3n. Aseg\u00farate de que quede totalmente removida y que el tambor se vea todo limpio. Inserta nuevamente ambas piezas en tu impresora Brother e imprime un nuevo documento de prueba para comprobar que ya funciona con normalidad.<\/p>\n\n\n\n<h3 class=\"wp-block-heading\"><strong>Precauciones a la hora de limpiar<\/strong><\/h3>\n\n\n\n<p>Muchos usuarios despu\u00e9s de hacer una limpieza a fondo, contin\u00faan viendo manchas o posiblemente ven que empeoran los detalles irregulares en sus documentos. Esto podr\u00eda deberse que el tambor sufri\u00f3 un da\u00f1o mientras fue intervenido, lo que puede causar mala calidad en las impresiones, o peor a\u00fan, imposibilidad para imprimir.<\/p>\n\n\n\n<p>Debes tener mucho cuidado al hacer una limpieza avanzada de tu cartucho de t\u00f3ner, porque podr\u00eda sufrir da\u00f1os permanentes. Si utilizas cualquier producto adicional que tenga una composici\u00f3n muy fuerte o alg\u00fan objeto que emplee una fuerza m\u00e1s all\u00e1 de una leve presi\u00f3n, tienes altas probabilidades de causar alg\u00fan da\u00f1o importante.<\/p>\n\n\n\n<p>Evita utilizar objetos punzantes como clips, bol\u00edgrafos y otros que suelen ser usados para sacar la suciedad con precisi\u00f3n. Podr\u00edas hacerle alguna raya innecesaria a la superficie del tambor, afectando negativamente tus impresiones. Lo mismo con toallas de papel que tengan alg\u00fan relieve o un trapo de material abrasivo, porque podr\u00eda causar el mismo efecto que los objetos punzantes.<\/p>\n\n\n\n<p>Al\u00e9jate de las sustancias inflamables, es decir, nada de aerosol o l\u00edquidos disolventes que contengan amoniaco o alcohol a la hora de limpiar tanto el interior, como el exterior de tu impresora Brother. Podr\u00edas estar aumentando las probabilidades de una descarga el\u00e9ctrica.<\/p>\n\n\n\n<h3 class=\"wp-block-heading\"><strong>Medidas de prevenci\u00f3n<\/strong><\/h3>\n\n\n\n<p>Si quieres ponerle alguna protecci\u00f3n a tu cartucho de t\u00f3ner y tambor Brother, puedes tomar algunas medidas. Por ejemplo, siempre saca con regularidad el polvo adicional, as\u00ed estar\u00edas evitando que este y otros desechos se vayan hacia otras piezas de la impresora.<\/p>\n\n\n\n<p>Tambi\u00e9n puedes limpiar estos elementos internos de la impresora de forma superficial. Un buen momento para hacerlo es cuando quieras cambiar o recargar el cartucho de t\u00f3ner. Recuerda que siempre la suciedad acumulada deja a tu m\u00e1quina propensa a entregar malos resultados.<\/p>\n\n\n\n<p>Cada vez que vayas a hacer un cambio de t\u00f3ner, ten mucho cuidado a la hora de hacerlo. Mant\u00e9n los dedos alejados de la superficie para no tocar la grasa y manchar otras partes de la impresora por accidente.<\/p>\n\n\n\n<h2 class=\"wp-block-heading\"><strong>\u00bfC\u00f3mo limpiar el polvo de t\u00f3ner de la unidad de <a href=\"https:\/\/quecartucho.es\/blog\/tambor\/\">tambor<\/a>?<\/strong><\/h2>\n\n\n\n<p>A continuaci\u00f3n te daremos dos formas de hacer esta limpieza paso a paso. Empecemos con la primera, que es la ideal para cuando observas peque\u00f1os puntos en los resultados de tus impresiones.<\/p>\n\n\n\n<ol class=\"wp-block-list\"><li>Abre la tapa de la ranura de alimentaci\u00f3n manual<\/li><li>Con ambas manos, desliza las gu\u00edas de la ranura hasta que quede del ancho del papel que vas a utilizar<\/li><li>Inserta la hoja de papel blanco de tu pr\u00f3xima impresi\u00f3n en la bandeja, rod\u00e1ndola hasta que el borde delantero del papel calce con el rodillo de alimentaci\u00f3n. Espera a que la m\u00e1quina tome el papel autom\u00e1ticamente y cuando sientas el respectivo tir\u00f3n por parte de la impresora, suelta la hoja.El papel debe siempre estar recto y alineado con la ranura de alimentaci\u00f3n, de no ser as\u00ed, la impresora no reconocer\u00e1 el papel y seguramente terminar\u00e1 en un atasco.<\/li><\/ol>\n\n\n\n<p>Recuerda no colocar m\u00e1s de una hoja solo en esta ocasi\u00f3n, adem\u00e1s, si la pones antes de que el equipo indique que est\u00e9 listo para imprimir, te podr\u00eda indicar un error y la impresi\u00f3n se detendr\u00e1.<\/p>\n\n\n\n<ol class=\"wp-block-list\"><li>Aseg\u00farate de que la impresora Brother est\u00e9 en modo \u201cLista\u201d<\/li><li>Presiona Menu \u2013 Impresora \u2013 Limpieza del tambor<\/li><li>Pulsa Mono o Colour para blanco y negro o a color. La impresora tomar\u00e1 el papel y empezar\u00e1 a limpiar la unidad de tambor<\/li><li>Si tu impresora Brother tiene pantalla LCD, una vez que termine, te marcar\u00e1 \u201cCompleted\u201d y ah\u00ed debes presionar Detener\/Salir<\/li><li>Repite los pasos de 3 a 7 un par de veces m\u00e1s para garantizar una limpieza completa, si contin\u00faa, acude a una limpieza a fondo o comun\u00edcate con el Servicio al Cliente de Brother.<\/li><\/ol>\n\n\n\n<p>Vamos con el segundo m\u00e9todo de limpieza de tambor para remover el polvo de t\u00f3ner. Este es especialmente para oficinas, negocios y empresas que han adquirido modelos de Brother de gran escala y tienen grandes manchas en sus documentos:<\/p>\n\n\n\n<ol class=\"wp-block-list\"><li>Apaga la m\u00e1quina y desconecta sus cables, incluyendo el de corriente principal<\/li><li>Abre la cubierta superior levantando el asa (recuerda que no puedes hacerlo mientras tengas el esc\u00e1ner abierto)<\/li><li>Saca la unidad de tambor y los cartuchos de t\u00f3ner con el color que te est\u00e9n ocasionando inconvenientes<\/li><li>Empuja la palanca de bloqueo (color verde) hacia abajo y saca el cartucho de t\u00f3ner correspondiente<\/li><li>Coloca la hoja para la muestra de impresi\u00f3n frente a la unidad de tambor y busca si encaja exactamente con la zona donde suelen salir las manchas o deficiencias<\/li><li>Una vez que encuentres d\u00f3nde coincide la mancha en la muestra, limpia la superficie del tambor con un hisopo de algod\u00f3n hasta que el polvo de t\u00f3ner se despegue<\/li><li>Ingresa el cartucho de t\u00f3ner nuevamente a la unidad. Aseg\u00farate de escuchar el sonido cuando encaje para que no se separe del tambor accidentalmente. Tambi\u00e9n busca que coincidan todos los colores con sus respectivas etiquetas<\/li><li>Cierra la cubierta superior y conecta todos los cables de<\/li><\/ol>\n","protected":false},"excerpt":{"rendered":"<p>Es normal que las impresoras multifuncionales, despu\u00e9s de largas sesiones de uso, acumulen suciedad en los cabezales y terminen imprimiendo con algunas fallas, que notar\u00edas en la nitidez de los colores o el acabado de los detalles. Lo mejor que puedes hacer para solucionar este problema es hacer varias limpiezas con las opciones que te&hellip;&nbsp;<a href=\"https:\/\/quecartucho.es\/blog\/como-limpiar-el-toner-de-una-impresora\/\" rel=\"bookmark\">Leer m\u00e1s &raquo;<span class=\"screen-reader-text\">C\u00f3mo limpiar el t\u00f3ner de una impresora<\/span><\/a><\/p>\n","protected":false},"author":1,"featured_media":3469,"parent":0,"menu_order":0,"comment_status":"closed","ping_status":"closed","template":"","meta":{"neve_meta_sidebar":"","neve_meta_container":"","neve_meta_enable_content_width":"","neve_meta_content_width":0,"neve_meta_title_alignment":"","neve_meta_author_avatar":"","neve_post_elements_order":"","neve_meta_disable_header":"","neve_meta_disable_footer":"","neve_meta_disable_title":"","episode_type":"","audio_file":"","podmotor_file_id":"","podmotor_episode_id":"","cover_image":"","cover_image_id":"","duration":"","filesize":"","filesize_raw":"","date_recorded":"","explicit":"","block":"","footnotes":""},"class_list":["post-3465","page","type-page","status-publish","has-post-thumbnail","hentry"],"_links":{"self":[{"href":"https:\/\/quecartucho.es\/blog\/wp-json\/wp\/v2\/pages\/3465","targetHints":{"allow":["GET"]}}],"collection":[{"href":"https:\/\/quecartucho.es\/blog\/wp-json\/wp\/v2\/pages"}],"about":[{"href":"https:\/\/quecartucho.es\/blog\/wp-json\/wp\/v2\/types\/page"}],"author":[{"embeddable":true,"href":"https:\/\/quecartucho.es\/blog\/wp-json\/wp\/v2\/users\/1"}],"replies":[{"embeddable":true,"href":"https:\/\/quecartucho.es\/blog\/wp-json\/wp\/v2\/comments?post=3465"}],"version-history":[{"count":3,"href":"https:\/\/quecartucho.es\/blog\/wp-json\/wp\/v2\/pages\/3465\/revisions"}],"predecessor-version":[{"id":14679,"href":"https:\/\/quecartucho.es\/blog\/wp-json\/wp\/v2\/pages\/3465\/revisions\/14679"}],"wp:featuredmedia":[{"embeddable":true,"href":"https:\/\/quecartucho.es\/blog\/wp-json\/wp\/v2\/media\/3469"}],"wp:attachment":[{"href":"https:\/\/quecartucho.es\/blog\/wp-json\/wp\/v2\/media?parent=3465"}],"curies":[{"name":"wp","href":"https:\/\/api.w.org\/{rel}","templated":true}]}}