{"id":3477,"date":"2019-03-07T17:56:59","date_gmt":"2019-03-07T15:56:59","guid":{"rendered":"https:\/\/quecartucho.es\/blog\/?page_id=3477"},"modified":"2024-02-16T13:21:27","modified_gmt":"2024-02-16T11:21:27","slug":"diferencia-entre-cartuchos-de-tinta-oem-cartuchos-compatibles-y-cartuchos-reciclados","status":"publish","type":"page","link":"https:\/\/quecartucho.es\/blog\/cartuchos\/diferencia-entre-cartuchos-de-tinta-oem-cartuchos-compatibles-y-cartuchos-reciclados\/","title":{"rendered":"Diferencia entre cartuchos de tinta OEM, cartuchos compatibles y cartuchos reciclados"},"content":{"rendered":"\n<figure class=\"wp-block-gallery has-nested-images columns-default is-cropped wp-block-gallery-2 is-layout-flex wp-block-gallery-is-layout-flex\">\n<figure class=\"wp-block-image\"><img loading=\"lazy\" decoding=\"async\" width=\"817\" height=\"388\" data-id=\"3481\" src=\"https:\/\/quecartucho.es\/blog\/wp-content\/uploads\/2019\/03\/cartuchos-de-tinta-OEM-cartuchos-compatibles-y-cartuchos-reciclados.png\" alt=\"\" class=\"wp-image-3481\" title=\"\" srcset=\"https:\/\/quecartucho.es\/blog\/wp-content\/uploads\/2019\/03\/cartuchos-de-tinta-OEM-cartuchos-compatibles-y-cartuchos-reciclados.png 817w, https:\/\/quecartucho.es\/blog\/wp-content\/uploads\/2019\/03\/cartuchos-de-tinta-OEM-cartuchos-compatibles-y-cartuchos-reciclados-300x142.png 300w, https:\/\/quecartucho.es\/blog\/wp-content\/uploads\/2019\/03\/cartuchos-de-tinta-OEM-cartuchos-compatibles-y-cartuchos-reciclados-768x365.png 768w\" sizes=\"auto, (max-width: 817px) 100vw, 817px\" \/><\/figure>\n<\/figure>\n\n\n\n<figure class=\"wp-block-audio\"><audio controls src=\"https:\/\/quecartucho.es\/blog\/wp-content\/uploads\/2023\/03\/\u00bfCual-es-la-diferencia-entre-los-cartuchos-de-impresora-de-marca-y-los-compatibles.mp3\"><\/audio><figcaption class=\"wp-element-caption\">Episodio 12 de nuestro <a href=\"https:\/\/quecartucho.es\/blog\/podcast\/\">podcast<\/a> <a href=\"https:\/\/quecartucho.es\/blog\/podcast\/12-cual-es-la-diferencia-entre-los-cartuchos-de-impresora-de-marca-y-los-compatibles\/\">\u00bfCu\u00e1l es la diferencia entre los cartuchos de impresora de marca y los compatibles?<\/a><\/figcaption><\/figure>\n\n\n\n<p><strong>No pagues exorbitantes cantidades de dinero, hay opciones seguras que no son solos los originales<\/strong><\/p>\n\n\n\n<p>El cartucho o mejor conocido como la sangre de unicornio por sus precios en ocasiones exorbitantes, muchos se inclina hacia la compra de  consumibles originales temiendo el desempe\u00f1o de los cartuchos  compatibles y\/o tambi\u00e9n de los cartuchos reciclados. En el post de hoy  hablaremos un poco acerca de los mitos que envuelve los <a href=\"https:\/\/quecartucho.es\/blog\/cartuchos\/\">cartuchos compatibles y reciclados<\/a>, ahondando en las diferencias que tienen uno de otros.<\/p>\n\n\n\n<h3 class=\"wp-block-heading\">Los fabricantes de las impresoras se niegan a aceptar el mercado prol\u00edfero de cartuchos reciclados y compatibles<\/h3>\n\n\n\n<p>B\u00e1sicamente, las empresas fabricantes de impresoras se  lo han puesto realmente dif\u00edcil a los fabricantes externos de <a href=\"https:\/\/quecartucho.es\/16394-cartuchos-de-tinta\"><strong>cartuchos de tinta compatibles<\/strong><\/a> y reciclados, sin hablar de su odio irracional hacia la  recarga de cartuchos. \u00bfPor qu\u00e9 ocurre esto? Simple, las empresas como  Hp, Epson, Canon y otras ven su mayor ganancia en el consumible, no en la  impresora.<\/p>\n\n\n\n<p>La oferta de estos fabricantes consiste en vender  impresoras extremadamente econ\u00f3micas, para luego sorprender  negativamente al consumidor con cartuchos tan costosos que sientes que  est\u00e1s comprando m\u00e1gica sangre de unicornio que te har\u00e1 inmortal.<\/p>\n\n\n\n<p>Es  ins\u00f3lito y en muchos casos fabricantes como Hp se esfuerzan en colocar  chip, software y otras artima\u00f1as para evitar que el cliente pueda elegir  otra opci\u00f3n que no sea sus cartuchos costosos.<\/p>\n\n\n\n<div class=\"wp-block-columns is-layout-flex wp-container-core-columns-is-layout-9d6595d7 wp-block-columns-is-layout-flex\">\n<div class=\"wp-block-column is-vertically-aligned-center has-background is-layout-flow wp-block-column-is-layout-flow\" style=\"background-color:#bfff94\">\n<p><\/p>\n\n\n\n<p class=\"has-text-align-center\">CARTUCHO ORIGINAL VS CARTUCHO COMPATIBLE COLOR PREMIUM <br>\u00bfJugamos a encontrar las 5 diferencias?&nbsp;\ud83d\udd75\ufe0f\u200d\u2642\ufe0f <\/p>\n\n\n\n<p class=\"has-text-align-center\">F\u00edjate bien\u2026 \ud83d\udd0d<\/p>\n\n\n\n<p class=\"has-text-align-center\">En la foto, la hoja de la izquierda, el texto est\u00e1 impreso con nuestros cartuchos compatibles&nbsp;<a href=\"https:\/\/quecartucho.es\/3601-hp-305xl-cartucho-de-tinta-compatible.html\">HP 305XL<\/a>. \ud83d\udfe2<\/p>\n\n\n\n<p class=\"has-text-align-center\">En la foto la copia de la derecha, el mismo texto, impreso con unos cartuchos originales HP 305. \ud83d\udd34<br><\/p>\n\n\n\n<p class=\"has-text-align-center\">\u00ab<strong><a href=\"https:\/\/quecartucho.es\/content\/21-original-vs-compatible\">Ver aqu\u00ed la soluci\u00f3n a las 5 diferencias<\/a><\/strong>\u00ab<\/p>\n\n\n\n<p><\/p>\n<\/div>\n\n\n\n<div class=\"wp-block-column is-vertically-aligned-center has-background is-layout-flow wp-block-column-is-layout-flow\" style=\"background-color:#bfff94\">\n<figure class=\"wp-block-image size-large\"><a href=\"https:\/\/quecartucho.es\/content\/21-original-vs-compatible\"><img loading=\"lazy\" decoding=\"async\" width=\"1024\" height=\"768\" src=\"https:\/\/quecartucho.es\/blog\/wp-content\/uploads\/2024\/02\/Prueba-de-cartuchos-hp-305-original-vs-HP-305xl-compatible-1-1024x768.jpg\" alt=\"Prueba de cartuchos hp 305 original vs HP 305xl compatible\" class=\"wp-image-21916\" title=\"\" srcset=\"https:\/\/quecartucho.es\/blog\/wp-content\/uploads\/2024\/02\/Prueba-de-cartuchos-hp-305-original-vs-HP-305xl-compatible-1-1024x768.jpg 1024w, https:\/\/quecartucho.es\/blog\/wp-content\/uploads\/2024\/02\/Prueba-de-cartuchos-hp-305-original-vs-HP-305xl-compatible-1-300x225.jpg 300w, https:\/\/quecartucho.es\/blog\/wp-content\/uploads\/2024\/02\/Prueba-de-cartuchos-hp-305-original-vs-HP-305xl-compatible-1-768x576.jpg 768w, https:\/\/quecartucho.es\/blog\/wp-content\/uploads\/2024\/02\/Prueba-de-cartuchos-hp-305-original-vs-HP-305xl-compatible-1.jpg 1500w\" sizes=\"auto, (max-width: 1024px) 100vw, 1024px\" \/><\/a><\/figure>\n<\/div>\n<\/div>\n\n\n\n<p><\/p>\n\n\n\n<p><br><\/p>\n\n\n\n<h1 class=\"wp-block-heading\">En realidad, si pagas menos en consumibles tambi\u00e9n puedes obtener calidad<\/h1>\n\n\n\n<p>Un mito que se ha vuelto una creencia popular \u201csi no  compras cartuchos originales se da\u00f1a tu impresora\u201d esto es falso; si  eliges el modelo adecuado no tiene que da\u00f1arse tu impresora.<\/p>\n\n\n\n<p>Otra leyenda urbana \u201clos cartuchos compatibles y  reciclados son malos\u201d nada est\u00e1 m\u00e1s alejado de la realidad, si bien hay  cartuchos buenos y malos, hay algunos que dan una excelente relaci\u00f3n  precio-calidad y obtienes impresiones de calidad alta y no es como te  indica el fabricante de tu impresora que son una p\u00e9rdida de dinero.<\/p>\n\n\n\n<p>Si sabes elegir y te inclinas por las opciones brindadas por quecartucho.es encontrar\u00e1s que los cartuchos reciclados y los compatibles pueden ser de muy alta calidad, que funcionaran igual que los originales sin tener que pagar un precio similar a una receta m\u00e1gica para la inmortalidad.<\/p>\n\n\n\n<p>Estos cartuchos son exhaustivamente probados para \ngarantizar que no halla problemas en el armado, fallas a la hora de \nimprimir o fugas.<\/p>\n\n\n\n<p>Tienen la garant\u00eda establecida que le coloque el \nfabricante, y normalmente si alguno da problema es reemplazado en menos \nde una hora.<\/p>\n\n\n\n<p><strong>Cartucho OEM:<\/strong> este es el costoso original, es  el hecho por el mismo fabricante de tu impresora y, por lo tanto, est\u00e1  garantizada la calidad del mismo. Los cartuchos originales si tienen  ventaja sobre los dem\u00e1s obviamente las pagas caras, pero no es la \u00fanica  opci\u00f3n viable como te quiere hacer creer el fabricante.<\/p>\n\n\n\n<p>Estos est\u00e1n hechos bajo rigurosos controles de  calidad, sin embargo, tambi\u00e9n pueden tener defectos de f\u00e1bricas, hace muy  poco Hp tuvo problema con una cantidad de consumibles que no eran  aceptados por las impresoras generando dolores de cabeza en usuarios, y  hasta en la f\u00e1brica.<\/p>\n\n\n\n<p>La garant\u00eda de esto tarda mucho m\u00e1s de lo que \ndeber\u00eda, normalmente son gestionadas en un lapso no mayor de un mes y es\n directamente por las oficinas del fabricante.<\/p>\n\n\n\n<p><strong>Cartucho Compatible o Gen\u00e9rico:<\/strong> el mal hablado\n consumible gen\u00e9rico, este es sin duda el que se lleva la peor parte de \nlas calumnias de los fabricantes de impresoras. Seg\u00fan marcas como Epson y\n Hp te pueden da\u00f1ar tu impresora, jam\u00e1s te dar\u00e1n la calidad de un \noriginal y dem\u00e1s blasfemia en su contra.<\/p>\n\n\n\n<p>Es simple si sabes elegir, no tendr\u00e1s problemas con tu  cartucho compatible, hay excelentes opciones en el mercado como los  comerciados a trav\u00e9s de nuestra p\u00e1gina que te otorgan una excelente  relaci\u00f3n costo-calidad. Es m\u00e1s, nuestras impresoras lo usan y nunca hemos  tenido problemas, adicional si lo deseas pueden ser recargados.<\/p>\n\n\n\n<p>Los cartuchos gen\u00e9ricos son consumibles, fabricados  por empresas que no tienen que ver nada con el fabricante de tu  impresora, ellos los hacen para todo tipo de impresoras. Los cartuchos  compatibles tienen las mismas especificaciones de los originales, unos con  mayor calidad que otro, aqu\u00ed la gran ventaja radica en el precio que es  mucho menor al del consumible original.<\/p>\n\n\n\n<p>Si est\u00e1s buscando cartuchos compatibles de excelente calidad recuerda somos tu mejor opci\u00f3n\u2026<\/p>\n","protected":false},"excerpt":{"rendered":"<p>No pagues exorbitantes cantidades de dinero, hay opciones seguras que no son solos los originales El cartucho o mejor conocido como la sangre de unicornio por sus precios en ocasiones exorbitantes, muchos se inclina hacia la compra de consumibles originales temiendo el desempe\u00f1o de los cartuchos compatibles y\/o tambi\u00e9n de los cartuchos reciclados. En el&hellip;&nbsp;<a href=\"https:\/\/quecartucho.es\/blog\/cartuchos\/diferencia-entre-cartuchos-de-tinta-oem-cartuchos-compatibles-y-cartuchos-reciclados\/\" rel=\"bookmark\">Leer m\u00e1s &raquo;<span class=\"screen-reader-text\">Diferencia entre cartuchos de tinta OEM, cartuchos compatibles y cartuchos reciclados<\/span><\/a><\/p>\n","protected":false},"author":1,"featured_media":3481,"parent":461,"menu_order":0,"comment_status":"closed","ping_status":"closed","template":"","meta":{"neve_meta_sidebar":"","neve_meta_container":"","neve_meta_enable_content_width":"","neve_meta_content_width":0,"neve_meta_title_alignment":"","neve_meta_author_avatar":"","neve_post_elements_order":"","neve_meta_disable_header":"","neve_meta_disable_footer":"","neve_meta_disable_title":"","episode_type":"","audio_file":"","podmotor_file_id":"","podmotor_episode_id":"","cover_image":"","cover_image_id":"","duration":"","filesize":"","filesize_raw":"","date_recorded":"","explicit":"","block":"","footnotes":""},"class_list":["post-3477","page","type-page","status-publish","has-post-thumbnail","hentry"],"_links":{"self":[{"href":"https:\/\/quecartucho.es\/blog\/wp-json\/wp\/v2\/pages\/3477","targetHints":{"allow":["GET"]}}],"collection":[{"href":"https:\/\/quecartucho.es\/blog\/wp-json\/wp\/v2\/pages"}],"about":[{"href":"https:\/\/quecartucho.es\/blog\/wp-json\/wp\/v2\/types\/page"}],"author":[{"embeddable":true,"href":"https:\/\/quecartucho.es\/blog\/wp-json\/wp\/v2\/users\/1"}],"replies":[{"embeddable":true,"href":"https:\/\/quecartucho.es\/blog\/wp-json\/wp\/v2\/comments?post=3477"}],"version-history":[{"count":10,"href":"https:\/\/quecartucho.es\/blog\/wp-json\/wp\/v2\/pages\/3477\/revisions"}],"predecessor-version":[{"id":21915,"href":"https:\/\/quecartucho.es\/blog\/wp-json\/wp\/v2\/pages\/3477\/revisions\/21915"}],"up":[{"embeddable":true,"href":"https:\/\/quecartucho.es\/blog\/wp-json\/wp\/v2\/pages\/461"}],"wp:featuredmedia":[{"embeddable":true,"href":"https:\/\/quecartucho.es\/blog\/wp-json\/wp\/v2\/media\/3481"}],"wp:attachment":[{"href":"https:\/\/quecartucho.es\/blog\/wp-json\/wp\/v2\/media?parent=3477"}],"curies":[{"name":"wp","href":"https:\/\/api.w.org\/{rel}","templated":true}]}}