{"id":3590,"date":"2019-05-22T09:21:30","date_gmt":"2019-05-22T07:21:30","guid":{"rendered":"https:\/\/quecartucho.es\/blog\/?page_id=3590"},"modified":"2019-05-22T09:45:21","modified_gmt":"2019-05-22T07:45:21","slug":"tipos-de-impresoras-segun-su-conectividad","status":"publish","type":"page","link":"https:\/\/quecartucho.es\/blog\/impresoras\/tipos-de-impresoras-segun-su-conectividad\/","title":{"rendered":"Tipos de impresoras seg\u00fan su conectividad"},"content":{"rendered":"\n<p><em>Conoce todas las opciones de conectividad y, cuales son las mejores para ti<\/em><\/p>\n\n\n\n<figure class=\"wp-block-image\"><img loading=\"lazy\" decoding=\"async\" width=\"1024\" height=\"576\" src=\"https:\/\/quecartucho.es\/blog\/wp-content\/uploads\/2019\/05\/Tipos-de-impresoras-seg\u00fan-su-conectividad-1024x576.jpg\" alt=\"\" class=\"wp-image-3594\" title=\"\" srcset=\"https:\/\/quecartucho.es\/blog\/wp-content\/uploads\/2019\/05\/Tipos-de-impresoras-seg\u00fan-su-conectividad-1024x576.jpg 1024w, https:\/\/quecartucho.es\/blog\/wp-content\/uploads\/2019\/05\/Tipos-de-impresoras-seg\u00fan-su-conectividad-300x169.jpg 300w, https:\/\/quecartucho.es\/blog\/wp-content\/uploads\/2019\/05\/Tipos-de-impresoras-seg\u00fan-su-conectividad-768x432.jpg 768w, https:\/\/quecartucho.es\/blog\/wp-content\/uploads\/2019\/05\/Tipos-de-impresoras-seg\u00fan-su-conectividad-777x437.jpg 777w, https:\/\/quecartucho.es\/blog\/wp-content\/uploads\/2019\/05\/Tipos-de-impresoras-seg\u00fan-su-conectividad-260x146.jpg 260w, https:\/\/quecartucho.es\/blog\/wp-content\/uploads\/2019\/05\/Tipos-de-impresoras-seg\u00fan-su-conectividad-120x67.jpg 120w, https:\/\/quecartucho.es\/blog\/wp-content\/uploads\/2019\/05\/Tipos-de-impresoras-seg\u00fan-su-conectividad.jpg 1152w\" sizes=\"auto, (max-width: 1024px) 100vw, 1024px\" \/><\/figure>\n\n\n\n<p>Normalmente se suelen calificar las <strong>impresoras por el tipo de tecnolog\u00eda<\/strong> que usan para lograr la impresi\u00f3n de caracteres, los tipos m\u00e1s comunes son: las impresoras de matriz de puntos, las <a href=\"https:\/\/quecartucho.es\/blog\/impresoras\/inyeccion-de-tinta\/\">impresoras de inyecci\u00f3n de tinta<\/a> y las <a href=\"https:\/\/quecartucho.es\/blog\/impresoras\/laser\/\">impresoras l\u00e1ser<\/a>. Sin embargo, este tipo de dispositivos se pueden clasificar de diferentes formas, en el post de hoy hablaremos del <em><strong>tipo de impresora seg\u00fan su conectividad<\/strong><\/em>.<\/p>\n\n\n\n<p>La conectividad es una caracter\u00edstica muy importante actualmente, la era de los cables y las complicaciones ha quedado en el pasado. Hoy en d\u00eda se venden impresoras que te permiten <a href=\"https:\/\/quecartucho.es\/blog\/conoce-las-maneras-conectar-impresora-wifi-exitosamente\/\">la impresi\u00f3n a trav\u00e9s de Wifi<\/a>, desde dispositivos tan usuales como los tel\u00e9fonos moviles.  <\/p>\n\n\n\n<p><a href=\"https:\/\/quecartucho.es\/blog\/impresoras\/saber-comprar-una-impresora\/\">\u00bfQuieres comprar una impresora? Debes conocer todo acerca de las opciones de conectividad<\/a>, aunque no lo creas una impresora con Wifi Direct puede ahorrarte minutos valiosos, que puedes invertir siendo m\u00e1s productivo.<\/p>\n\n\n\n<p>Sin m\u00e1s pre\u00e1mbulos\nconozcamos los tipos de impresoras que existen seg\u00fan su\nconectividad.<\/p>\n\n\n\n<h1 class=\"wp-block-heading\">Tipos de impresora seg\u00fan su\nconectividad<\/h1>\n\n\n\n<p>Hoy en d\u00eda las\nimpresoras suelen tener varios tipos de conectividad; no s\u00f3lo se\nlimitan al enlace a trav\u00e9s de cables, sino a opciones m\u00e1s\navanzadas, como: Wifi y Bluetooth.<\/p>\n\n\n\n<p>Esencialmente existen\ntres tipos de impresoras seg\u00fan su conectividad:<\/p>\n\n\n\n<ul class=\"wp-block-list\"><li>Las impresoras por\n\tcable o al\u00e1mbricas \n\t\n\t<\/li><li>Las impresoras WiFi\n\t<\/li><li>Las impresoras\n\tBluetooth\n<\/li><\/ul>\n\n\n\n<p>En ocasiones hay impresoras que suelen contar con los tres tipos de conectividad, (por medio de Bluetooth, WiFi o al\u00e1mbrica).  <\/p>\n\n\n\n<figure class=\"wp-block-image\"><img loading=\"lazy\" decoding=\"async\" width=\"1024\" height=\"576\" src=\"https:\/\/quecartucho.es\/blog\/wp-content\/uploads\/2019\/05\/tipos-de-conectividad-1024x576.jpg\" alt=\"\" class=\"wp-image-3595\" title=\"\" srcset=\"https:\/\/quecartucho.es\/blog\/wp-content\/uploads\/2019\/05\/tipos-de-conectividad-1024x576.jpg 1024w, https:\/\/quecartucho.es\/blog\/wp-content\/uploads\/2019\/05\/tipos-de-conectividad-300x169.jpg 300w, https:\/\/quecartucho.es\/blog\/wp-content\/uploads\/2019\/05\/tipos-de-conectividad-768x432.jpg 768w, https:\/\/quecartucho.es\/blog\/wp-content\/uploads\/2019\/05\/tipos-de-conectividad-777x437.jpg 777w, https:\/\/quecartucho.es\/blog\/wp-content\/uploads\/2019\/05\/tipos-de-conectividad-260x146.jpg 260w, https:\/\/quecartucho.es\/blog\/wp-content\/uploads\/2019\/05\/tipos-de-conectividad-120x67.jpg 120w, https:\/\/quecartucho.es\/blog\/wp-content\/uploads\/2019\/05\/tipos-de-conectividad.jpg 1152w\" sizes=\"auto, (max-width: 1024px) 100vw, 1024px\" \/><\/figure>\n\n\n\n<h2 class=\"wp-block-heading\">Impresoras por cable<\/h2>\n\n\n\n<p>Casi todas las impresoras\nsuelen tener opciones de conexi\u00f3n al\u00e1mbrica o por medio de cables.\nB\u00e1sicamente, nos referimos al cable que conecta la impresora a tu\npc. En este particular existen varios puertos de conexiones, tales\ncomo:<\/p>\n\n\n\n<h3 class=\"wp-block-heading\">La interfaz en serie, puerto COM o\ntambi\u00e9n conocido como RS-232<\/h3>\n\n\n\n<p>Este es el puerto m\u00e1s\npredominante en las primeras impresoras, casi todas las impresoras\ndel tipo matriz de puntos gozan de este. Sin embargo, en la\nactualidad ha sido sustituido por el mundialmente famoso puerto USB. \n<\/p>\n\n\n\n<p>Fundamentalmente este\npuerto permit\u00eda la conexi\u00f3n de la impresora al computador, a trav\u00e9s\nde un cable con dos conectores con peque\u00f1os pines, normalmente unos\n9 pines.<\/p>\n\n\n\n<p>Hoy en d\u00eda es muy raro conseguir computadores con este tipo de puerto y, tampoco se fabrican impresoras con esta conexi\u00f3n.<\/p>\n\n\n\n<h3 class=\"wp-block-heading\">La interfaz de puerto paralelo o\nmejor conocido, como: el conector Centronics<\/h3>\n\n\n\n<p>El conector Centronics\nera una conexi\u00f3n un poco m\u00e1s avanzada que la anterior, pero\nactualmente no se usa. Esta permit\u00eda una mayor transferencia de\ndatos entre la impresora y la computadora.<\/p>\n\n\n\n<p>A pesar de superar al\npuerto COM en trasmisi\u00f3n de datos, es muy dif\u00edcil conseguir el\nconector Centronics en impresoras o computadoras.<\/p>\n\n\n\n<p>B\u00e1sicamente los dos puertos mencionados anteriormente se usaban en tiempo donde no exist\u00edan tel\u00e9fonos m\u00f3viles, ni puertos tan est\u00e1ndar como el USB. Por lo anterior, estos dos han quedado relegados y ahora s\u00f3lo forman parte de la curiosa historia de la tecnolog\u00eda.<\/p>\n\n\n\n<ul class=\"wp-block-gallery columns-1 is-cropped wp-block-gallery-2 is-layout-flex wp-block-gallery-is-layout-flex\"><li class=\"blocks-gallery-item\"><figure><img loading=\"lazy\" decoding=\"async\" width=\"1024\" height=\"576\" src=\"https:\/\/quecartucho.es\/blog\/wp-content\/uploads\/2019\/05\/concectar-impresora-mediante-Centronics-o-puerto-paralelo-1024x576.jpg\" alt=\"\" data-id=\"3596\" data-link=\"https:\/\/quecartucho.es\/blog\/impresoras\/tipos-de-impresoras-segun-su-conectividad\/concectar-impresora-mediante-centronics-o-puerto-paralelo\/\" class=\"wp-image-3596\" title=\"\" srcset=\"https:\/\/quecartucho.es\/blog\/wp-content\/uploads\/2019\/05\/concectar-impresora-mediante-Centronics-o-puerto-paralelo-1024x576.jpg 1024w, https:\/\/quecartucho.es\/blog\/wp-content\/uploads\/2019\/05\/concectar-impresora-mediante-Centronics-o-puerto-paralelo-300x169.jpg 300w, https:\/\/quecartucho.es\/blog\/wp-content\/uploads\/2019\/05\/concectar-impresora-mediante-Centronics-o-puerto-paralelo-768x432.jpg 768w, https:\/\/quecartucho.es\/blog\/wp-content\/uploads\/2019\/05\/concectar-impresora-mediante-Centronics-o-puerto-paralelo-777x437.jpg 777w, https:\/\/quecartucho.es\/blog\/wp-content\/uploads\/2019\/05\/concectar-impresora-mediante-Centronics-o-puerto-paralelo-260x146.jpg 260w, https:\/\/quecartucho.es\/blog\/wp-content\/uploads\/2019\/05\/concectar-impresora-mediante-Centronics-o-puerto-paralelo-120x67.jpg 120w, https:\/\/quecartucho.es\/blog\/wp-content\/uploads\/2019\/05\/concectar-impresora-mediante-Centronics-o-puerto-paralelo.jpg 1152w\" sizes=\"auto, (max-width: 1024px) 100vw, 1024px\" \/><\/figure><\/li><\/ul>\n\n\n\n<h3 class=\"wp-block-heading\">El popular y reconocido puerto USB<\/h3>\n\n\n\n<p>Puerto USB; todos lo\nconocen y tienen, aunque sea un dispositivo en casa que lo usa.\nActualmente este se utiliza de manera masiva, en todo el mundo para\nconectar impresoras a computadoras.<\/p>\n\n\n\n<p>Lo que muchos desconocen\nacerca del puerto USB o el bus universal en serie es que, este\ninvento novedoso se ide\u00f3 para unificar las conexiones; para que\nhubiera un conector est\u00e1ndar y, varias compa\u00f1\u00edas de tecnolog\u00edas\nafamadas (Microsoft, IBM, COMPAQ, Intel, DEC, NEC y Nortel) se\nunieron para hacer realidad este nuevo conector. \n<\/p>\n\n\n\n<p>El puerto USB vio luz en\nel a\u00f1o 1996. No obstante, su uso se masifico luego de dos a\u00f1os, en\nel 1998. Sin duda alguna, el puerto USB fue un invento de genios que\nle facilita la vida a muchos, es r\u00e1pido y permite gran transferencia\nde datos; un gran acierto en el mundillo de la tecnolog\u00eda.<\/p>\n\n\n\n<p>Hoy en d\u00eda el puerto USB\nha evolucionado, es muy distinto al creado en el a\u00f1o 1996. Hay\nvariantes de este puerto; no en su estructura f\u00edsica, la cual se ha\nmantenido a trav\u00e9s de los a\u00f1os, pero si en sus cualidades\nintangibles, como la rapidez. Se habla de puertos USB 2.0 que son m\u00e1s\nveloces y otros similares.<\/p>\n\n\n\n<p>Actualmente es s\u00faper com\u00fan que tu impresora se conecte mediante cables con este conector. Asimismo, estos dispositivos pueden traer ranuras USB que te permiten imprimir desde pendrive o memorias USB de manera directa. Esta es una ventaja si no quieres encender tu computadora y descargar la informaci\u00f3n para imprimir, es s\u00f3lo insertar el l\u00e1piz de memoria y a trav\u00e9s de la pantalla de control de tu impresora seleccionar el archivo e imprimir; r\u00e1pido, f\u00e1cil, intuitivo y accesible.<\/p>\n\n\n\n<ul class=\"wp-block-gallery columns-1 is-cropped wp-block-gallery-3 is-layout-flex wp-block-gallery-is-layout-flex\"><li class=\"blocks-gallery-item\"><figure><img loading=\"lazy\" decoding=\"async\" width=\"1024\" height=\"576\" src=\"https:\/\/quecartucho.es\/blog\/wp-content\/uploads\/2019\/05\/Interfaz-Ethernet-una-funci\u00f3n-fundamental-en-una-impresora-1024x576.png\" alt=\"\" data-id=\"3598\" data-link=\"https:\/\/quecartucho.es\/blog\/impresoras\/tipos-de-impresoras-segun-su-conectividad\/interfaz-ethernet-una-funcion-fundamental-en-una-impresora\/\" class=\"wp-image-3598\" title=\"\" srcset=\"https:\/\/quecartucho.es\/blog\/wp-content\/uploads\/2019\/05\/Interfaz-Ethernet-una-funci\u00f3n-fundamental-en-una-impresora-1024x576.png 1024w, https:\/\/quecartucho.es\/blog\/wp-content\/uploads\/2019\/05\/Interfaz-Ethernet-una-funci\u00f3n-fundamental-en-una-impresora-300x169.png 300w, https:\/\/quecartucho.es\/blog\/wp-content\/uploads\/2019\/05\/Interfaz-Ethernet-una-funci\u00f3n-fundamental-en-una-impresora-768x432.png 768w, https:\/\/quecartucho.es\/blog\/wp-content\/uploads\/2019\/05\/Interfaz-Ethernet-una-funci\u00f3n-fundamental-en-una-impresora-777x437.png 777w, https:\/\/quecartucho.es\/blog\/wp-content\/uploads\/2019\/05\/Interfaz-Ethernet-una-funci\u00f3n-fundamental-en-una-impresora-260x146.png 260w, https:\/\/quecartucho.es\/blog\/wp-content\/uploads\/2019\/05\/Interfaz-Ethernet-una-funci\u00f3n-fundamental-en-una-impresora-120x67.png 120w, https:\/\/quecartucho.es\/blog\/wp-content\/uploads\/2019\/05\/Interfaz-Ethernet-una-funci\u00f3n-fundamental-en-una-impresora.png 1152w\" sizes=\"auto, (max-width: 1024px) 100vw, 1024px\" \/><\/figure><\/li><\/ul>\n\n\n\n<h3 class=\"wp-block-heading\">Interfaz Ethernet una funci\u00f3n\nfundamental en una impresora, quiz\u00e1s m\u00e1s importante que el popular\nWiFi<\/h3>\n\n\n\n<p>Seguramente este\nsubtitulo te ha dejado un poco confundido, \u00bfethernet mejor que WiFi?\nPues si\u2026 \n<\/p>\n\n\n\n<p>Antes de aclarar la\nanterior afirmaci\u00f3n ahondemos en el puerto ethernet. B\u00e1sicamente\neste es un puerto que se utiliza para conectarse a internet, al igual\nque los anteriores requiere de cables para hacer el enlace.\nNormalmente el cable se conecta al puerto ethernet de la impresora y\na un modem o un router que provee el internet.<\/p>\n\n\n\n<p>No todas las <a href=\"https:\/\/quecartucho.es\/blog\/impresoras\/\">impresoras <\/a>tienen conexi\u00f3n ethernet.<\/p>\n\n\n\n<p>\u00bfPor qu\u00e9 es mejor la\nconexi\u00f3n al\u00e1mbrica a internet que el mism\u00edsimo WiFi? Pues simple\nhay menor interferencia y se aprovecha la rapidez del ancho de la\nbanda. Asimismo, la informaci\u00f3n llega m\u00e1s r\u00e1pido a los\ndispositivos involucrados. \n<\/p>\n\n\n\n<p>Si bien la conexi\u00f3n WiFi\nes muy ventajosa, pues no requiere cables, la rapidez y estabilidad\nno es la misma que en una conexi\u00f3n ethernet. Este es un punto a\nrecordar a la hora de comprar impresoras; el ethernet es m\u00e1s r\u00e1pido\ny estable.<\/p>\n\n\n\n<p>Hasta aqu\u00ed llegamos con las conexiones al\u00e1mbricas o por cables de una impresora, ahora hablemos de la conectividad intangible; a trav\u00e9s de WiFi y Bluetooth.<\/p>\n\n\n\n<ul class=\"wp-block-gallery columns-1 is-cropped wp-block-gallery-4 is-layout-flex wp-block-gallery-is-layout-flex\"><li class=\"blocks-gallery-item\"><figure><img loading=\"lazy\" decoding=\"async\" width=\"1024\" height=\"640\" src=\"https:\/\/quecartucho.es\/blog\/wp-content\/uploads\/2019\/05\/conectar-la-impresora-mediante-bluetooth-1024x640.png\" alt=\"\" data-id=\"3599\" data-link=\"https:\/\/quecartucho.es\/blog\/impresoras\/tipos-de-impresoras-segun-su-conectividad\/conectar-la-impresora-mediante-bluetooth\/\" class=\"wp-image-3599\" title=\"\" srcset=\"https:\/\/quecartucho.es\/blog\/wp-content\/uploads\/2019\/05\/conectar-la-impresora-mediante-bluetooth-1024x640.png 1024w, https:\/\/quecartucho.es\/blog\/wp-content\/uploads\/2019\/05\/conectar-la-impresora-mediante-bluetooth-300x188.png 300w, https:\/\/quecartucho.es\/blog\/wp-content\/uploads\/2019\/05\/conectar-la-impresora-mediante-bluetooth-768x480.png 768w, https:\/\/quecartucho.es\/blog\/wp-content\/uploads\/2019\/05\/conectar-la-impresora-mediante-bluetooth.png 1152w\" sizes=\"auto, (max-width: 1024px) 100vw, 1024px\" \/><\/figure><\/li><\/ul>\n\n\n\n<h2 class=\"wp-block-heading\">Impresoras con Bluetooth<\/h2>\n\n\n\n<p>Primero que todos vamos\nhablar acerca del Bluetooth, luego ahondaremos en su funcionamiento\nen impresoras y, sobre todo, si es conveniente para ti.<\/p>\n\n\n\n<h3 class=\"wp-block-heading\">\u00bfQu\u00e9 es el Bluetooth?<\/h3>\n\n\n\n<p>El Bluetooth es una\ninterfaz inal\u00e1mbrica, es decir, sin cables que permite la\ntransmisi\u00f3n de datos entre diferentes dispositivos. Puedes enlazar\ntel\u00e9fonos, computadoras, auriculares y dem\u00e1s artefactos\ntecnol\u00f3gicos a trav\u00e9s de esta interfaz.<\/p>\n\n\n\n<p>Un dato curioso del Bluetooth es que, su nombre nada tiene que ver con el color azul o los dientes como podr\u00eda concluirse (blue significa azul en ingl\u00e9s y tooth dientes, aqu\u00ed hasta te ense\u00f1amos ingles a que mola \u00bfno?). Este curioso nombre hace referencia al rey dan\u00e9s-noruego Harald Bl\u00e5tand.<\/p>\n\n\n\n<figure class=\"wp-block-image\"><img loading=\"lazy\" decoding=\"async\" width=\"1024\" height=\"576\" src=\"https:\/\/quecartucho.es\/blog\/wp-content\/uploads\/2019\/05\/Harald-Bl\u00e5tand-1024x576.png\" alt=\"\" class=\"wp-image-3600\" title=\"\" srcset=\"https:\/\/quecartucho.es\/blog\/wp-content\/uploads\/2019\/05\/Harald-Bl\u00e5tand-1024x576.png 1024w, https:\/\/quecartucho.es\/blog\/wp-content\/uploads\/2019\/05\/Harald-Bl\u00e5tand-300x169.png 300w, https:\/\/quecartucho.es\/blog\/wp-content\/uploads\/2019\/05\/Harald-Bl\u00e5tand-768x432.png 768w, https:\/\/quecartucho.es\/blog\/wp-content\/uploads\/2019\/05\/Harald-Bl\u00e5tand-777x437.png 777w, https:\/\/quecartucho.es\/blog\/wp-content\/uploads\/2019\/05\/Harald-Bl\u00e5tand-260x146.png 260w, https:\/\/quecartucho.es\/blog\/wp-content\/uploads\/2019\/05\/Harald-Bl\u00e5tand-120x67.png 120w, https:\/\/quecartucho.es\/blog\/wp-content\/uploads\/2019\/05\/Harald-Bl\u00e5tand.png 1152w\" sizes=\"auto, (max-width: 1024px) 100vw, 1024px\" \/><\/figure>\n\n\n\n<p>\u00bfQui\u00e9n fue? Pues este\nmonarca unific\u00f3 tribus noruegas, danesas y suecas convirti\u00e9ndolas\nal cristianismo. B\u00e1sicamente hizo que todas hablar\u00e1n un mismo\nlenguaje, lo mismo que se logr\u00f3 con el Bluetooth; comunicarse entre\ndiferentes dispositivos.<\/p>\n\n\n\n<p>La palabra Bl\u00e5tand se\nalter\u00f3 en la traducci\u00f3n al ingl\u00e9s y, al hacer referencia a este\nrey se dec\u00eda Harald Bluetooth.<\/p>\n\n\n\n<p>Los s\u00edmbolos caracter\u00edsticos de Bluetooth tambi\u00e9n tienen un curioso origen, es la combinaci\u00f3n de dos runas celticas: Hagall y Berkana. Las cuales hacen referencia a las iniciales del rey Harald Bl\u00e5tand.  <\/p>\n\n\n\n<ul class=\"wp-block-gallery columns-1 is-cropped wp-block-gallery-5 is-layout-flex wp-block-gallery-is-layout-flex\"><li class=\"blocks-gallery-item\"><figure><img loading=\"lazy\" decoding=\"async\" width=\"1024\" height=\"640\" src=\"https:\/\/quecartucho.es\/blog\/wp-content\/uploads\/2019\/05\/bluetooth-1024x640.png\" alt=\"\" data-id=\"3601\" data-link=\"https:\/\/quecartucho.es\/blog\/impresoras\/tipos-de-impresoras-segun-su-conectividad\/bluetooth\/\" class=\"wp-image-3601\" title=\"\" srcset=\"https:\/\/quecartucho.es\/blog\/wp-content\/uploads\/2019\/05\/bluetooth-1024x640.png 1024w, https:\/\/quecartucho.es\/blog\/wp-content\/uploads\/2019\/05\/bluetooth-300x188.png 300w, https:\/\/quecartucho.es\/blog\/wp-content\/uploads\/2019\/05\/bluetooth-768x480.png 768w, https:\/\/quecartucho.es\/blog\/wp-content\/uploads\/2019\/05\/bluetooth.png 1152w\" sizes=\"auto, (max-width: 1024px) 100vw, 1024px\" \/><\/figure><\/li><\/ul>\n\n\n\n<p>Jim Kardach fue quien\npropuso el nombre, ya que este sistema permitir\u00eda que los tel\u00e9fonos\ny computadoras se comunicar\u00e1n, logrando unificar diferentes tipos de\ntecnolog\u00edas. Y, lo que podr\u00edamos traducir como diente azul, no es\nm\u00e1s que un tributo a un rey que logro la comunicaci\u00f3n entre\ndiferentes tribus.<\/p>\n\n\n\n<h3 class=\"wp-block-heading\">\u00bfC\u00f3mo funcionan las impresoras\nBluetooth?<\/h3>\n\n\n\n<p>Una impresora con\nconectividad Bluetooth s\u00f3lo debes enlazarla con el dispositivo\ndeseado, puede ser un tel\u00e9fono m\u00f3vil. En ocasiones se utiliza una\nclave de emparejamiento y listo. Sin embargo, es importante saber que\nel Bluetooth no funciona en distancias muy amplias, normalmente se\ntiene que estar a treinta pasos entre dispositivos.<\/p>\n\n\n\n<p>La conectividad por\nBluetooth en impresoras ha quedado un poco rezagada, debido a la\nllegada del WiFi que se posiciona como una opci\u00f3n m\u00e1s r\u00e1pida y con\nmayor alcance. Hoy en d\u00eda casi todas las impresoras fabricadas\ntienen conexi\u00f3n WiFi, pero escasean con conexi\u00f3n Bluetooth.<\/p>\n\n\n\n<p>A continuaci\u00f3n, ahondemos en las impresoras WiFi y descubramos porque se posicionan como mejor opci\u00f3n que las Bluetooth.<\/p>\n\n\n\n<figure class=\"wp-block-image\"><img loading=\"lazy\" decoding=\"async\" width=\"1024\" height=\"614\" src=\"https:\/\/quecartucho.es\/blog\/wp-content\/uploads\/2019\/05\/conetar-una-impresora-mediante-wifi-1024x614.png\" alt=\"\" class=\"wp-image-3602\" title=\"\" srcset=\"https:\/\/quecartucho.es\/blog\/wp-content\/uploads\/2019\/05\/conetar-una-impresora-mediante-wifi-1024x614.png 1024w, https:\/\/quecartucho.es\/blog\/wp-content\/uploads\/2019\/05\/conetar-una-impresora-mediante-wifi-300x180.png 300w, https:\/\/quecartucho.es\/blog\/wp-content\/uploads\/2019\/05\/conetar-una-impresora-mediante-wifi-768x461.png 768w, https:\/\/quecartucho.es\/blog\/wp-content\/uploads\/2019\/05\/conetar-una-impresora-mediante-wifi.png 1152w\" sizes=\"auto, (max-width: 1024px) 100vw, 1024px\" \/><\/figure>\n\n\n\n<h2 class=\"wp-block-heading\">Impresoras WiFi<\/h2>\n\n\n\n<p>Si algo demuestra la\nevoluci\u00f3n de las impresoras es la incorporaci\u00f3n de distintas\nopciones de conectividad, m\u00e1s accesibles, intuitivas y r\u00e1pidas,\ncomo: el WiFi. \n<\/p>\n\n\n\n<p>Con el WiFi puedes decir\nadi\u00f3s a los cables, las computadoras y los enredos, s\u00f3lo necesitas\ntu tel\u00e9fono m\u00f3vil y listo puedes imprimir.<\/p>\n\n\n\n<h3 class=\"wp-block-heading\">Ventajas de las impresoras WiFi<\/h3>\n\n\n\n<p>La conectividad WiFi te\npuede traer muchas m\u00e1s ventajas de las que crees, entre estas se\ncuentan:<\/p>\n\n\n\n<ul class=\"wp-block-list\"><li>Adi\u00f3s a los cables,\n\tcero enredos.\n\t<\/li><li>Te permite imprimir\n\tdesde tu tel\u00e9fono o tablet, sin necesidad de encender tu\n\tcomputadora o necesitar u dispositivo intermediario.\n\t<\/li><li>Puedes colocar la\n\timpresora lejos del ordenador o usarla con tu laptop desde\n\tdistancias lejanas, b\u00e1sicamente puedes estar a cientos de metros y\n\tpoder usarla.\n<\/li><\/ul>\n\n\n\n<h3 class=\"wp-block-heading\">\u00bfEs mejor Bluetooth o WiFi?<\/h3>\n\n\n\n<p>Sin duda alguna, la impresora victoriosa es la WiFi, ya que: puedes imprimir sin tener que estar a treinta pasos de ella. Adem\u00e1s, es m\u00e1s r\u00e1pida y estable la conexi\u00f3n.<\/p>\n\n\n\n<ul class=\"wp-block-gallery columns-1 is-cropped wp-block-gallery-6 is-layout-flex wp-block-gallery-is-layout-flex\"><li class=\"blocks-gallery-item\"><figure><img loading=\"lazy\" decoding=\"async\" width=\"1024\" height=\"640\" src=\"https:\/\/quecartucho.es\/blog\/wp-content\/uploads\/2019\/05\/impresora-wifi-1024x640.png\" alt=\"\" data-id=\"3603\" data-link=\"https:\/\/quecartucho.es\/blog\/impresoras\/tipos-de-impresoras-segun-su-conectividad\/impresora-wifi\/\" class=\"wp-image-3603\" title=\"\" srcset=\"https:\/\/quecartucho.es\/blog\/wp-content\/uploads\/2019\/05\/impresora-wifi-1024x640.png 1024w, https:\/\/quecartucho.es\/blog\/wp-content\/uploads\/2019\/05\/impresora-wifi-300x188.png 300w, https:\/\/quecartucho.es\/blog\/wp-content\/uploads\/2019\/05\/impresora-wifi-768x480.png 768w, https:\/\/quecartucho.es\/blog\/wp-content\/uploads\/2019\/05\/impresora-wifi.png 1152w\" sizes=\"auto, (max-width: 1024px) 100vw, 1024px\" \/><\/figure><\/li><\/ul>\n\n\n\n<h3 class=\"wp-block-heading\">\u00bfQu\u00e9 diferencia hay entre WiFi y\nWiFi Direct?<\/h3>\n\n\n\n<p>Probablemente leyendo\nrese\u00f1as o investigando acerca de impresoras te has encontrados con\nlos t\u00e9rminos:<\/p>\n\n\n\n<ul class=\"wp-block-list\"><li>WiFi\n\t<\/li><li>WiFi Direct\n<\/li><\/ul>\n\n\n\n<p>B\u00e1sicamente el termino\nWiFi Direct hace referencia a una forma de conectividad WiFi un poco\nm\u00e1s avanzada e inteligente. Esta no necesita un punto de acceso para\nque se controle la conexi\u00f3n o trasmisi\u00f3n de los datos, el WiFi\nDirect env\u00eda directamente al dispositivo vinculado la informaci\u00f3n y\nlo hace diez veces m\u00e1s r\u00e1pido que por medio de Bluetooth.<\/p>\n\n\n\n<p>\nPese a lo anterior, la conexi\u00f3n ethernet es mucho m\u00e1s estable y\nr\u00e1pida en contraposici\u00f3n con el famoso WiFi.<\/p>\n\n\n\n<p>\nTu puedes hallar impresoras que traigan estos tres tipos de\nconectividad y, adem\u00e1s, contengan puertos USB para leer pendrives o\nmemorias USB. Hoy en d\u00eda hay una amplia variedad de impresoras con\nconexiones m\u00e1s intuitivas y accesibles. En <em><strong>quecartucho.es<\/strong><\/em>\npodemos asesorarte en la elecci\u00f3n de la impresora perfecta para ti y\ndarte los mejores consumibles compatibles, inf\u00f3rmate AQU\u00cd.<\/p>\n","protected":false},"excerpt":{"rendered":"<p>Conoce todas las opciones de conectividad y, cuales son las mejores para ti Normalmente se suelen calificar las impresoras por el tipo de tecnolog\u00eda que usan para lograr la impresi\u00f3n de caracteres, los tipos m\u00e1s comunes son: las impresoras de matriz de puntos, las impresoras de inyecci\u00f3n de tinta y las impresoras l\u00e1ser. Sin embargo,&hellip;&nbsp;<a href=\"https:\/\/quecartucho.es\/blog\/impresoras\/tipos-de-impresoras-segun-su-conectividad\/\" rel=\"bookmark\">Leer m\u00e1s &raquo;<span class=\"screen-reader-text\">Tipos de impresoras seg\u00fan su conectividad<\/span><\/a><\/p>\n","protected":false},"author":1,"featured_media":3599,"parent":1737,"menu_order":0,"comment_status":"closed","ping_status":"closed","template":"","meta":{"neve_meta_sidebar":"","neve_meta_container":"","neve_meta_enable_content_width":"","neve_meta_content_width":0,"neve_meta_title_alignment":"","neve_meta_author_avatar":"","neve_post_elements_order":"","neve_meta_disable_header":"","neve_meta_disable_footer":"","neve_meta_disable_title":"","episode_type":"","audio_file":"","podmotor_file_id":"","podmotor_episode_id":"","cover_image":"","cover_image_id":"","duration":"","filesize":"","filesize_raw":"","date_recorded":"","explicit":"","block":"","footnotes":""},"class_list":["post-3590","page","type-page","status-publish","has-post-thumbnail","hentry"],"_links":{"self":[{"href":"https:\/\/quecartucho.es\/blog\/wp-json\/wp\/v2\/pages\/3590","targetHints":{"allow":["GET"]}}],"collection":[{"href":"https:\/\/quecartucho.es\/blog\/wp-json\/wp\/v2\/pages"}],"about":[{"href":"https:\/\/quecartucho.es\/blog\/wp-json\/wp\/v2\/types\/page"}],"author":[{"embeddable":true,"href":"https:\/\/quecartucho.es\/blog\/wp-json\/wp\/v2\/users\/1"}],"replies":[{"embeddable":true,"href":"https:\/\/quecartucho.es\/blog\/wp-json\/wp\/v2\/comments?post=3590"}],"version-history":[{"count":4,"href":"https:\/\/quecartucho.es\/blog\/wp-json\/wp\/v2\/pages\/3590\/revisions"}],"predecessor-version":[{"id":3615,"href":"https:\/\/quecartucho.es\/blog\/wp-json\/wp\/v2\/pages\/3590\/revisions\/3615"}],"up":[{"embeddable":true,"href":"https:\/\/quecartucho.es\/blog\/wp-json\/wp\/v2\/pages\/1737"}],"wp:featuredmedia":[{"embeddable":true,"href":"https:\/\/quecartucho.es\/blog\/wp-json\/wp\/v2\/media\/3599"}],"wp:attachment":[{"href":"https:\/\/quecartucho.es\/blog\/wp-json\/wp\/v2\/media?parent=3590"}],"curies":[{"name":"wp","href":"https:\/\/api.w.org\/{rel}","templated":true}]}}