{"id":38,"date":"2014-06-27T09:04:03","date_gmt":"2014-06-27T09:04:03","guid":{"rendered":"https:\/\/quecartucho.es\/blog\/?page_id=38"},"modified":"2023-10-10T15:57:18","modified_gmt":"2023-10-10T13:57:18","slug":"servicio-tecnico","status":"publish","type":"page","link":"https:\/\/quecartucho.es\/blog\/servicio-tecnico\/","title":{"rendered":"Servicio T\u00e9cnico"},"content":{"rendered":"\n<p>Si tienes alguna pregunta, alguna duda, o quieres informaci\u00f3n sobre un <strong><a href=\"https:\/\/quecartucho.es\/16393-toners\">t\u00f3ner<\/a><\/strong> o un <strong><a href=\"https:\/\/quecartucho.es\/16394-cartuchos-de-tinta\">cartucho de tinta<\/a><\/strong> en concreto, <a href=\"https:\/\/quecartucho.es\/blog\/\"><strong>impresora<\/strong><\/a> o tienes cualquier tipo de problema con tus <a href=\"https:\/\/quecartucho.es\/2-marcas\"><strong>consumibles<\/strong><\/a> compatibles o con tu \ud83d\udda8\ufe0f, puedes preguntarlo aqu\u00ed \ud83d\udc47 mismo en comentarios y te contestar\u00e9 como profesional lo m\u00e1s r\u00e1pido que me sea posible.<\/p>\n","protected":false},"excerpt":{"rendered":"<p>Si tienes alguna pregunta, alguna duda, o quieres informaci\u00f3n sobre un t\u00f3ner o un cartucho de tinta en concreto, impresora o tienes cualquier tipo de problema con tus consumibles compatibles o con tu \ud83d\udda8\ufe0f, puedes preguntarlo aqu\u00ed \ud83d\udc47 mismo en comentarios y te contestar\u00e9 como profesional lo m\u00e1s r\u00e1pido que me sea posible.<\/p>\n","protected":false},"author":1,"featured_media":0,"parent":0,"menu_order":0,"comment_status":"open","ping_status":"closed","template":"","meta":{"neve_meta_sidebar":"","neve_meta_container":"","neve_meta_enable_content_width":"","neve_meta_content_width":0,"neve_meta_title_alignment":"","neve_meta_author_avatar":"","neve_post_elements_order":"","neve_meta_disable_header":"","neve_meta_disable_footer":"","neve_meta_disable_title":"","episode_type":"","audio_file":"","podmotor_file_id":"","podmotor_episode_id":"","cover_image":"","cover_image_id":"","duration":"","filesize":"","filesize_raw":"","date_recorded":"","explicit":"","block":"","footnotes":""},"class_list":["post-38","page","type-page","status-publish","hentry"],"_links":{"self":[{"href":"https:\/\/quecartucho.es\/blog\/wp-json\/wp\/v2\/pages\/38","targetHints":{"allow":["GET"]}}],"collection":[{"href":"https:\/\/quecartucho.es\/blog\/wp-json\/wp\/v2\/pages"}],"about":[{"href":"https:\/\/quecartucho.es\/blog\/wp-json\/wp\/v2\/types\/page"}],"author":[{"embeddable":true,"href":"https:\/\/quecartucho.es\/blog\/wp-json\/wp\/v2\/users\/1"}],"replies":[{"embeddable":true,"href":"https:\/\/quecartucho.es\/blog\/wp-json\/wp\/v2\/comments?post=38"}],"version-history":[{"count":4,"href":"https:\/\/quecartucho.es\/blog\/wp-json\/wp\/v2\/pages\/38\/revisions"}],"predecessor-version":[{"id":15363,"href":"https:\/\/quecartucho.es\/blog\/wp-json\/wp\/v2\/pages\/38\/revisions\/15363"}],"wp:attachment":[{"href":"https:\/\/quecartucho.es\/blog\/wp-json\/wp\/v2\/media?parent=38"}],"curies":[{"name":"wp","href":"https:\/\/api.w.org\/{rel}","templated":true}]}}