{"id":4520,"date":"2020-07-07T07:34:27","date_gmt":"2020-07-07T05:34:27","guid":{"rendered":"https:\/\/quecartucho.es\/blog\/?page_id=4520"},"modified":"2021-09-06T08:36:53","modified_gmt":"2021-09-06T06:36:53","slug":"paginas-imprime-realmente-un-cartucho","status":"publish","type":"page","link":"https:\/\/quecartucho.es\/blog\/paginas-imprime-realmente-un-cartucho\/","title":{"rendered":"\u00bfCu\u00e1ntas P\u00e1ginas imprime un cartucho?"},"content":{"rendered":"\n<p><strong>\u00bfCu\u00e1ntas p\u00e1ginas imprime realmente un cartucho de tinta o un t\u00f3ner l\u00e1ser?<\/strong><\/p>\n\n\n\n<div class=\"wp-block-image\"><figure class=\"alignright size-large\"><img loading=\"lazy\" decoding=\"async\" width=\"200\" height=\"200\" src=\"https:\/\/quecartucho.es\/blog\/wp-content\/uploads\/2020\/07\/Cu\u00e1ntas-p\u00e1ginas-imprime-realmente-un-cartucho.jpg\" alt=\"Cu\u00e1ntas p\u00e1ginas imprime realmente un cartucho\" class=\"wp-image-4525\" title=\"\" srcset=\"https:\/\/quecartucho.es\/blog\/wp-content\/uploads\/2020\/07\/Cu\u00e1ntas-p\u00e1ginas-imprime-realmente-un-cartucho.jpg 200w, https:\/\/quecartucho.es\/blog\/wp-content\/uploads\/2020\/07\/Cu\u00e1ntas-p\u00e1ginas-imprime-realmente-un-cartucho-150x150.jpg 150w\" sizes=\"auto, (max-width: 200px) 100vw, 200px\" \/><\/figure><\/div>\n\n\n\n<p>Antes de <a href=\"http:\/\/quecartucho.es\/\">comprar un cartucho de tinta<\/a> lo primero que consideramos es <strong>cu\u00e1ntas p\u00e1ginas puede imprimir realmente. <\/strong>Por lo general, la informaci\u00f3n est\u00e1 escrita en la etiqueta del envase seguida de un asterisco (*), pero hoy hablaremos con detalle acerca de este tema que nos interesa, sobre todo para conocer <strong>por qu\u00e9 hay consumibles que tienen mayor capacidad que otros <\/strong>y cu\u00e1les son los m\u00e1s recomendados para un mejor trabajo de impresi\u00f3n.<\/p>\n\n\n\n<p><strong>Elementos a considerar para saber cu\u00e1ntas p\u00e1ginas imprime un cartucho<\/strong><br>Actualmente hay consumibles con una capacidad de impresi\u00f3n de <strong>hasta 3.000 p\u00e1ginas, <\/strong>mientras que otras imprimen much\u00edsimo menos. Pero, \u00bfpor qu\u00e9 la diferencia? Pues para entender hay que tomar en cuenta los siguientes elementos:<\/p>\n\n\n\n<p>Tipo de papel<br>Cobertura<br>Humedad<br>Temperatura<br>Factores ambientales<br>Estados de la impresora<\/p>\n\n\n\n<p><a href=\"https:\/\/quecartucho.es\/blog\/el-5-de-cobertura-que-significa\/\"><strong>La cobertura de 5 % es esencial<\/strong> para saber <strong>cu\u00e1ntas p\u00e1ginas imprime un cartucho de tinta<\/strong><\/a><strong>. <\/strong>Pero este n\u00famero ser\u00e1 tomado en cuanta partiendo de las siguientes <strong>normas de calidad ISO <\/strong>dise\u00f1adas especialmente para medir su rendimiento:<\/p>\n\n\n\n<p><a href=\"https:\/\/www.iso.org\/standard\/34911.html\" rel=\"nofollow noopener\" target=\"_blank\">ISO-IEC-19752:2004<\/a> para medir el rendimiento de impresiones en blanco y negro. (Cobertura 5 %)<br><a href=\"https:\/\/www.iso.org\/standard\/50017.html\" rel=\"nofollow noopener\" target=\"_blank\">ISO-IEC-24712:2007<\/a> para medir el rendimiento en impresiones a color. (Cobertura 5 %)<\/p>\n\n\n\n<p>Las compa\u00f1\u00edas fabricantes est\u00e1n en la obligaci\u00f3n de utilizar el mismo sistema o metodolog\u00eda para la creaci\u00f3n de cartuchos de tinta.<\/p>\n\n\n\n<p>Paginas que imprimen los cartuchos Ricoh<\/p>\n\n\n\n<div data-wp-interactive=\"core\/file\" class=\"wp-block-file\"><object data-wp-bind--hidden=\"!state.hasPdfPreview\" hidden class=\"wp-block-file__embed\" data=\"https:\/\/quecartucho.es\/blog\/wp-content\/uploads\/2021\/09\/informacion-sobre-normas-iso-ricoh.pdf\" type=\"application\/pdf\" style=\"width:100%;height:600px\" aria-label=\"Incrustado de Incrustado de informacion sobre normas iso ricoh..\"><\/object><a href=\"https:\/\/quecartucho.es\/blog\/wp-content\/uploads\/2021\/09\/informacion-sobre-normas-iso-ricoh.pdf\">informacion sobre normas iso ricoh<\/a><a href=\"https:\/\/quecartucho.es\/blog\/wp-content\/uploads\/2021\/09\/informacion-sobre-normas-iso-ricoh.pdf\" class=\"wp-block-file__button\" download>Descarga<\/a><\/div>\n\n\n\n<p><br><a rel=\"noreferrer noopener nofollow\" href=\"https:\/\/www.lexmark.com\/es_xl\/products\/supplies-and-accessories\/iso-page-yields.html\" target=\"_blank\">Rendimiento de los t\u00f3ner Lexmar<\/a><br><a rel=\"noreferrer noopener nofollow\" href=\"http:\/\/download.brother.com\/pub\/com\/iso_yield\/ink_bottle\/declared_page_yield_ink_bottle_es.pdf\" target=\"_blank\">Rendimiento de la tinta Brother<\/a><\/p>\n\n\n\n<p>Pero tambi\u00e9n es importante saber que para lograr un rendimiento mucho m\u00e1s \u00f3ptimo y para que el <a href=\"https:\/\/quecartucho.es\/\">cartucho de tinta<\/a> dure un tiempo m\u00e1s prolongado, el cliente debe estar informado acerca de <strong>c\u00f3mo configurar la impresora, modo ahorrador, escala de grises, solo negro y menor densidad.<\/strong><\/p>\n\n\n\n<p><strong>Rendimiento de cartuchos<\/strong><br><em><a href=\"https:\/\/quecartucho.es\/blog\/impresora-tinta\/\">Impresoras de tinta<\/a><\/em><\/p>\n\n\n\n<p><em><strong>Canon 540 y 545:<\/strong><\/em> 180 p\u00e1ginas.<br><em><strong>HP 301 y 302:<\/strong><\/em> 190 p\u00e1ginas.<br><em><strong>HP 303:<\/strong><\/em> 165 p\u00e1ginas.<br><em><strong>HP 304:<\/strong><\/em> 120 p\u00e1ginas.<br><em><strong>Epson 29: <\/strong><\/em>175 p\u00e1ginas.<\/p>\n\n\n\n<p><em><a href=\"https:\/\/quecartucho.es\/blog\/impresoras\/que-es-una-impresora-de-tipo-monocromo\/\">Impresoras con tecnolog\u00eda l\u00e1ser monocromo<\/a><\/em><\/p>\n\n\n\n<p><em><strong>Samsung 116L: <\/strong><\/em>3000 p\u00e1ginas.<br><a href=\"https:\/\/quecartucho.es\/1502-toner-samsung-d111s-compatible-reemplaza-a-mlt-d111sels.html\">T\u00f3ner <em><strong>Samsung 111S<\/strong><\/em><\/a><em><strong>:<\/strong><\/em> 1000 p\u00e1ginas.<br><em><strong>Brother TN-2320: <\/strong><\/em>2600 p\u00e1ginas.<br><a href=\"https:\/\/quecartucho.es\/3229-toner-tn2410-tn2420-compatible-reemplaza-a-brother-tn-2410-tn-2420.html\">T\u00f3ner <em><strong>Brother TN-2420<\/strong><\/em><\/a><em><strong>: <\/strong><\/em>3000 p\u00e1ginas.<br><em><strong>Brother TN-1050: <\/strong><\/em>1000 p\u00e1ginas.<br><a href=\"https:\/\/quecartucho.es\/3288-toner-cf244a-cf244a-xl-compatible-con-hp-44a.html\">T\u00f3ner <em><strong>HP 44A<\/strong><\/em><\/a><em><strong>: <\/strong><\/em>1000 p\u00e1ginas.<br><em><strong>HP 79A: <\/strong><\/em>1000 p\u00e1ginas.<br><em><strong>HP 94A:<\/strong><\/em> 1200 p\u00e1ginas.<br><em><strong>HP 85A: <\/strong><\/em>1600 p\u00e1ginas.<br><a href=\"https:\/\/quecartucho.es\/3423-toner-compatible-lexmark-b2338-b442-b2546-b2650-mb2338-mb2442-mb2546-mb2650-alternativo-a-lexmark-b232000.html\">T\u00f3ner Lexmark B2338<\/a> : 6000 p\u00e1ginas.<\/p>\n\n\n\n<p><strong>Elige el mejor papel para imprimir y <a href=\"https:\/\/quecartucho.es\/blog\/ahorrar-en-la-tinta-de-la-impresora-en-dos-pasos\/\">ahorra tinta<\/a><\/strong><br>Escoge el papel m\u00e1s adecuado seg\u00fan el tipo de trabajo que necesites hacer y optimiza el uso de la tinta tras cada impresi\u00f3n. \u00bfC\u00f3mo? Sencillo si sigues estos tips:<\/p>\n\n\n\n<p>Eval\u00faa <strong>qu\u00e9 clase de documento <\/strong>vas a imprimir. Si quieres hacer una <strong>copia sencilla <\/strong>por medio de una impresora con tecnolog\u00eda l\u00e1ser, opta por hojas de 80 gramos.<br>Evita las hojas <em>offset <\/em>para la impresi\u00f3n de documentos o im\u00e1genes a full color. Este tipo de trabajo requiere de hojas de mayor calidad y gramaje superior.<br>Si quieres imprimir en digital no uses hojas con gramaje inferior a los <strong>80 gramos.<\/strong><br>Cada vez que vayas a hacer una impresi\u00f3n, utiliza un papel de much\u00edsima calidad para lograr resultados favorables y evitar desperdicios de tinta.<br>Toma en cuenta las medidas, por esa raz\u00f3n es fundamental escoger hojas de <strong>tama\u00f1o est\u00e1ndar <\/strong>como A3 y A4. Estas medidas inciden en un \u00f3ptimo rendimiento.<br>No olvides almacenar las hojas de manera adecuada. Envu\u00e9lvelas y gu\u00e1rdalas en un lugar seco para evitar que la humedad interfiera con la calidad de la impresi\u00f3n.<br>Una de las mejores recomendaciones es <a href=\"https:\/\/quecartucho.es\/blog\/que-papel-elegir-en-la-impresion-para-el-hogar\/\">elegir el papel<\/a> indicado por la compa\u00f1\u00eda fabricante, pues de esa manera estar\u00edas escogiendo la mejor opci\u00f3n para asegurar una impresi\u00f3n de calidad y ahorro sustancial de los recursos.<\/p>\n\n\n\n<p><strong>Las <a href=\"https:\/\/quecartucho.es\/blog\/impresoras\/\">impresoras<\/a><\/strong> son dispositivos indispensables hoy m\u00e1s que nunca para trabajos de oficina o tareas dom\u00e9sticas, por lo que debemos asegurar un uso correcto para prolongar su tiempo de vida \u00fatil y optimizar los recursos como la tinta y el papel.<\/p>\n\n\n\n<p><\/p>\n","protected":false},"excerpt":{"rendered":"<p>\u00bfCu\u00e1ntas p\u00e1ginas imprime realmente un cartucho de tinta o un t\u00f3ner l\u00e1ser? Antes de comprar un cartucho de tinta lo primero que consideramos es cu\u00e1ntas p\u00e1ginas puede imprimir realmente. Por lo general, la informaci\u00f3n est\u00e1 escrita en la etiqueta del envase seguida de un asterisco (*), pero hoy hablaremos con detalle acerca de este tema&hellip;&nbsp;<a href=\"https:\/\/quecartucho.es\/blog\/paginas-imprime-realmente-un-cartucho\/\" rel=\"bookmark\">Leer m\u00e1s &raquo;<span class=\"screen-reader-text\">\u00bfCu\u00e1ntas P\u00e1ginas imprime un cartucho?<\/span><\/a><\/p>\n","protected":false},"author":1,"featured_media":4526,"parent":0,"menu_order":0,"comment_status":"closed","ping_status":"closed","template":"","meta":{"neve_meta_sidebar":"","neve_meta_container":"","neve_meta_enable_content_width":"","neve_meta_content_width":0,"neve_meta_title_alignment":"","neve_meta_author_avatar":"","neve_post_elements_order":"","neve_meta_disable_header":"","neve_meta_disable_footer":"","neve_meta_disable_title":"","episode_type":"","audio_file":"","podmotor_file_id":"","podmotor_episode_id":"","cover_image":"","cover_image_id":"","duration":"","filesize":"","filesize_raw":"","date_recorded":"","explicit":"","block":"","footnotes":""},"class_list":["post-4520","page","type-page","status-publish","has-post-thumbnail","hentry"],"_links":{"self":[{"href":"https:\/\/quecartucho.es\/blog\/wp-json\/wp\/v2\/pages\/4520","targetHints":{"allow":["GET"]}}],"collection":[{"href":"https:\/\/quecartucho.es\/blog\/wp-json\/wp\/v2\/pages"}],"about":[{"href":"https:\/\/quecartucho.es\/blog\/wp-json\/wp\/v2\/types\/page"}],"author":[{"embeddable":true,"href":"https:\/\/quecartucho.es\/blog\/wp-json\/wp\/v2\/users\/1"}],"replies":[{"embeddable":true,"href":"https:\/\/quecartucho.es\/blog\/wp-json\/wp\/v2\/comments?post=4520"}],"version-history":[{"count":7,"href":"https:\/\/quecartucho.es\/blog\/wp-json\/wp\/v2\/pages\/4520\/revisions"}],"predecessor-version":[{"id":13249,"href":"https:\/\/quecartucho.es\/blog\/wp-json\/wp\/v2\/pages\/4520\/revisions\/13249"}],"wp:featuredmedia":[{"embeddable":true,"href":"https:\/\/quecartucho.es\/blog\/wp-json\/wp\/v2\/media\/4526"}],"wp:attachment":[{"href":"https:\/\/quecartucho.es\/blog\/wp-json\/wp\/v2\/media?parent=4520"}],"curies":[{"name":"wp","href":"https:\/\/api.w.org\/{rel}","templated":true}]}}