{"id":4556,"date":"2020-07-09T08:59:35","date_gmt":"2020-07-09T06:59:35","guid":{"rendered":"https:\/\/quecartucho.es\/blog\/?page_id=4556"},"modified":"2020-07-09T09:04:07","modified_gmt":"2020-07-09T07:04:07","slug":"tinta-de-impresion","status":"publish","type":"page","link":"https:\/\/quecartucho.es\/blog\/tinta-de-impresion\/","title":{"rendered":"Tinta de impresi\u00f3n"},"content":{"rendered":"\n<h2 class=\"wp-block-heading\">La tinta de impresi\u00f3n \u00bfQu\u00e9 es? \u00bfDe qu\u00e9 se compone?<\/h2>\n\n\n\n<p>La <strong>tinta de impresi\u00f3n <\/strong>forma parte esencial de una impresora y hoy vamos a hablar de ella. B\u00e1sicamente es un l\u00edquido viscoso pigmentado y lleno de color que com\u00fanmente se le conoce como <strong>ligante, veh\u00edculo o barniz.<\/strong><\/p>\n\n\n\n<p>Su composici\u00f3n var\u00eda de acuerdo a diversos elementos como formas y sistemas de impresi\u00f3n, soporte y clase de m\u00e1quina en la que ser\u00e1 utilizada.<\/p>\n\n\n\n<p>Desde las impresoras m\u00e1s antiguas y convencionales hasta las m\u00e1s modernas y vanguardistas usan <a href=\"https:\/\/quecartucho.es\/blog\/cartuchos\/baratos\/\" class=\"rank-math-link\">cartuchos de tinta<\/a> para llevar a cabo operaciones normales. Y generalmente no prestamos atenci\u00f3n a este elemento tan importante, pero en este art\u00edculo vamos a conocer un poco m\u00e1s sobre la <strong>tinta de impresi\u00f3n, sus principales componentes y c\u00f3mo se utiliza.<\/strong><\/p>\n\n\n\n<h2 class=\"wp-block-heading\"><strong>\u00bfC\u00f3mo est\u00e1 compuesta una tinta de impresi\u00f3n?<\/strong><\/h2>\n\n\n\n<p>La composici\u00f3n de una tinta de impresi\u00f3n consta de <strong>tres factores <\/strong>fundamentales que vamos a mencionar a continuaci\u00f3n:<\/p>\n\n\n\n<ul class=\"wp-block-list\"><li><strong>Veh\u00edculo: <\/strong>Se trata de la primera composici\u00f3n de la <strong>tinta de impresi\u00f3n. <\/strong>Se entiende como veh\u00edculo un barniz realizado a una elevada temperatura durante un tiempo prolongado. Con esto se establece la gama de pinturas que se va a fabricar.<\/li><li><strong>Tonalidad:<\/strong> Surge de la segunda parte de la composici\u00f3n despu\u00e9s de escoger el pigmento. Es aqu\u00ed donde aparece un color determinado.<\/li><li><strong>Aditivos:<\/strong> Pertenece a la tercera parte de la composici\u00f3n de tinta y pueden ser ceras, secantes o silicona. La mezcla de aditivos en cantidades espec\u00edficas determinar\u00e1n brillo, mate, secado, anclaje o resistencia a los roces.<\/li><\/ul>\n\n\n\n<h2 class=\"wp-block-heading\"><strong>\u00bfCu\u00e1les son los tipos de tinta existentes?<\/strong><\/h2>\n\n\n\n<p>Actualmente existen much\u00edsimos <strong>tipos de tinta, <\/strong>pero a continuaci\u00f3n hablaremos de los m\u00e1s comunes:<\/p>\n\n\n\n<ul class=\"wp-block-list\"><li><strong>Grasas tradicionales: <\/strong>Este tipo de tinta de impresi\u00f3n requieren de infrarrojos para lograr un <strong>secado m\u00e1s r\u00e1pido <\/strong>y seguro. Se emplea en offset o tipograf\u00eda.<\/li><li><strong>En base de solventes:<\/strong> Son aquellas capaces de secar gracias a la evaporaci\u00f3n de los distintos disolventes en contacto directo con el aire. Este <strong>tipo de tinta<\/strong> se emplea en <strong>sistemas flexogr\u00e1fico.<\/strong><\/li><li><strong>Ultravioletas: <\/strong>Esta tinta surge de radiaciones ultravioletas emitidos por l\u00e1mparas o emisores UV. Se utilizan principalmente en <strong>flexograf\u00eda, tipograf\u00eda y Offset<\/strong>.<\/li><li><strong>En base de agua: <\/strong>Las tintas en base de agua se emplean en sistemas de flexograf\u00eda y secan producto de oxidaci\u00f3n por contacto directo con el aire. Para secar m\u00e1s r\u00e1pido utiliza emisores de aire caliente.<\/li><\/ul>\n\n\n\n<figure class=\"wp-block-image size-large\"><img loading=\"lazy\" decoding=\"async\" width=\"600\" height=\"450\" src=\"https:\/\/quecartucho.es\/blog\/wp-content\/uploads\/2020\/07\/tipos-de-tintas-de-impresion.jpg\" alt=\"\" class=\"wp-image-4560\" title=\"\" srcset=\"https:\/\/quecartucho.es\/blog\/wp-content\/uploads\/2020\/07\/tipos-de-tintas-de-impresion.jpg 600w, https:\/\/quecartucho.es\/blog\/wp-content\/uploads\/2020\/07\/tipos-de-tintas-de-impresion-300x225.jpg 300w\" sizes=\"auto, (max-width: 600px) 100vw, 600px\" \/><\/figure>\n\n\n\n<h2 class=\"wp-block-heading\"><strong>Sistema de impresi\u00f3n de tinta<\/strong><\/h2>\n\n\n\n<p>Los sistemas de impresi\u00f3n pueden estar divididos en tres grandes grupos y aqu\u00ed te diremos cu\u00e1les son:<\/p>\n\n\n\n<ul class=\"wp-block-list\"><li><strong>Sistema plano de impresi\u00f3n: <\/strong>Se le conoce porque la zona a imprimir se encuentra en el mismo nivel. La impresi\u00f3n se realiza a trav\u00e9s de una plancha que utiliza un caucho como medio para transportar <strong>tinta a un soporte. <\/strong>La plancha es capaz de evitar el agua, a la vez que recibe la tinta. A este sistema se le denomina offset.<\/li><li><strong>Sistema bajo de impresi\u00f3n:<\/strong> La zona a imprimir est\u00e1 por debajo y la tinta entre en el hueco. Luego una especie de cuchilla retira los restos de tinta para proceder con la impresi\u00f3n. Tambi\u00e9n es conocido con el nombre de <strong>huecograbado.<\/strong><\/li><li><strong>Sistema alto de impresi\u00f3n: <\/strong>La parte en la que se imprime se encuentra por encima, garantizando una impresi\u00f3n m\u00e1s directa. Este sistema tambi\u00e9n es conocido como flebograf\u00eda o tipograf\u00eda.<\/li><\/ul>\n\n\n\n<h2 class=\"wp-block-heading\"><strong>\u00bfQu\u00e9 elementos contiene?<\/strong><\/h2>\n\n\n\n<p>La tinta est\u00e1 hecha de algunos elementos qu\u00edmicos que var\u00edan de acuerdo a la marca. No obstante, te diremos los m\u00e1s comunes:<\/p>\n\n\n\n<ul class=\"wp-block-list\"><li><strong>Agua: <\/strong>La tinta de impresi\u00f3n est\u00e1 conformada por m\u00e1s de 90% de agua desionizada.<\/li><li><strong>Butil urea: <\/strong>Este componente ayuda a que la textura de la tinta impresa sea algo rugosa, sobre todo en <a href=\"https:\/\/quecartucho.es\/blog\/impresoras\/inyeccion-de-tinta\/\" class=\"rank-math-link\"><strong>equipos con tecnolog\u00eda de inyecci\u00f3n de tinta<\/strong><\/a>.<\/li><li><strong>Ciclohexonona: <\/strong>Se trata de uno de los componentes o ingredientes m\u00e1s importantes de la tinta, ya que contribuye a la adhesi\u00f3n de los pol\u00edmeros.<\/li><li><strong>Reactivo rojo 23 Dye:<\/strong> Tambi\u00e9n se le considera un componente esencial en la tinta, pero en realidad es color magenta y no rojo.<\/li><li><strong>Directo azul 199 Dye:<\/strong> Es un tinte capaz de dar color a las denominadas <strong>fibras celul\u00f3sicas. <\/strong>Est\u00e1 fabricado en azufre y un elemento conocido como ftalocianina de cobre.<\/li><li><strong>Tartrazina (E-102): <\/strong>Es un aditivo de color amarillo que no solamente se encuentra en las tintas de impresi\u00f3n. Tambi\u00e9n est\u00e1n en algunos alimentos y en golosinas.<\/li><li><strong>Dioles acetil\u00e9nicos etoxilados:<\/strong> Tambi\u00e9n resulta indispensable al momento de fabricar tintas para impresi\u00f3n. Se trata de un surfactante capaz de transformar la tensi\u00f3n entre el tinte y el agua. Cuando la tensi\u00f3n est\u00e1 por debajo de los est\u00e1ndares establecidos, la tinta podr\u00eda salir del cartucho; pero cuando est\u00e1 por encima podr\u00eda generar problemas a la hora de imprimir.<\/li><li><strong>Etilenglicol: <\/strong>Esta sustancia evita que los colorantes se evaporen.<\/li><li><strong>\u00c1cido etilendiaminatetraac\u00e9tico o EDTA: <\/strong>Este componente est\u00e1 en el adhesivo que cuida la boquilla de impresi\u00f3n de un cartucho de tinta. Es capaz de atrapar los agentes contaminantes met\u00e1licos, a fin de reducir cualquier posibilidad de taponear los cabezales del equipo.<\/li><\/ul>\n\n\n\n<h2 class=\"wp-block-heading\"><strong>\u00bfC\u00f3mo se utiliza la tinta en las impresoras con tecnolog\u00eda de inyecci\u00f3n?<\/strong><\/h2>\n\n\n\n<p>Cuando la <strong>impresora<\/strong> cuenta con tecnolog\u00eda de inyecci\u00f3n, son m\u00faltiples los usos que se le da a la tinta. A continuaci\u00f3n, te diremos cu\u00e1les son:<\/p>\n\n\n\n<ul class=\"wp-block-list\"><li><strong>Preparaci\u00f3n de la impresora: <\/strong>Las impresoras llevan a cabo un proceso de calibrado y arranque, y para ello requiere de tinta. De esta manera, se garantiza la calidad del proceso en todo momento. Hay modelos que tambi\u00e9n utilizan cierta cantidad de tinta, a fin de desechar los restos de fluido que est\u00e1n en el cabezal de la impresora.<\/li><li><strong>Mantenimiento de cabezal:<\/strong> El cabezal de impresora requiere mantenimiento contante para evitar que las micropart\u00edculas de polvo y tinta seca lo obstruyan. Los expertos recomiendan pasar por la superficie una especie de limpiador de goma, pero tambi\u00e9n expulsar cierta cantidad de tinta por los inyectores. De esta manera, la impresora estar\u00e1 siempre lista para llevar a cabo un trabajo eficiente y de calidad.<\/li><li><strong>Uso de la tinta negra:<\/strong> Si vas a imprimir un documento sencillo en blanco y negro es esencial el uso de tinta de color negro. La cantidad a utilizar depende de la calidad de la impresi\u00f3n que puedes ajustar en el panel de control. Si eliges \u201cmodo borrador\u201d de seguro utilizar\u00e1s menos tinta y obtendr\u00e1s menor calidad que una impresi\u00f3n en \u201cmodo normal\u201d.<\/li><li><strong>Uso de tinta de color:<\/strong> La tinta de color es indispensable para optimizar la impresi\u00f3n de documentos o gr\u00e1ficos, incluso en negro. La mayor\u00eda de las impresoras con sistema de inyecci\u00f3n agrega un poco de color a las im\u00e1genes en negro para mejorarlas y hacerlas m\u00e1s atractivas a la vista.<\/li><\/ul>\n\n\n\n<h2 class=\"wp-block-heading\"><strong>Conclusi\u00f3n<\/strong><\/h2>\n\n\n\n<p>La <strong>tinta de impresi\u00f3n <\/strong>es un elemento fundamental en una impresora desde hace much\u00edsimo tiempo. Pero eso todos ya todos lo sabemos. Gracias a ella podemos obtener documentos o im\u00e1genes con un nivel \u00f3ptimo a trav\u00e9s de equipos con tecnolog\u00eda diversa.<\/p>\n\n\n\n<p>Por su puesto que hay distintos <a href=\"https:\/\/quecartucho.es\/blog\/tinta-de-impresora\/\" class=\"rank-math-link\"><strong>tipos de tinta<\/strong><\/a> y su uso var\u00eda de acuerdo a la m\u00e1quina. Generalmente una impresora incluye cartuchos de tinta originales que van consumi\u00e9ndose a lo largo del tiempo por el uso.<\/p>\n\n\n\n<p>Cuando est\u00e1n vac\u00edos debes cambiarlos por <a href=\"https:\/\/quecartucho.es\/\" class=\"rank-math-link\"><strong>tinta impresora<\/strong><\/a> compatibles o recargarlo. Cualquiera de las dos modalidades es v\u00e1lida, aunque si escoges la segunda opci\u00f3n consulta a un experto para que recomiende si es factible o no.<\/p>\n","protected":false},"excerpt":{"rendered":"<p>La tinta de impresi\u00f3n \u00bfQu\u00e9 es? \u00bfDe qu\u00e9 se compone? La tinta de impresi\u00f3n forma parte esencial de una impresora y hoy vamos a hablar de ella. B\u00e1sicamente es un l\u00edquido viscoso pigmentado y lleno de color que com\u00fanmente se le conoce como ligante, veh\u00edculo o barniz. Su composici\u00f3n var\u00eda de acuerdo a diversos elementos&hellip;&nbsp;<a href=\"https:\/\/quecartucho.es\/blog\/tinta-de-impresion\/\" rel=\"bookmark\">Leer m\u00e1s &raquo;<span class=\"screen-reader-text\">Tinta de impresi\u00f3n<\/span><\/a><\/p>\n","protected":false},"author":1,"featured_media":4561,"parent":0,"menu_order":0,"comment_status":"closed","ping_status":"closed","template":"","meta":{"neve_meta_sidebar":"","neve_meta_container":"","neve_meta_enable_content_width":"","neve_meta_content_width":0,"neve_meta_title_alignment":"","neve_meta_author_avatar":"","neve_post_elements_order":"","neve_meta_disable_header":"","neve_meta_disable_footer":"","neve_meta_disable_title":"","episode_type":"","audio_file":"","podmotor_file_id":"","podmotor_episode_id":"","cover_image":"","cover_image_id":"","duration":"","filesize":"","filesize_raw":"","date_recorded":"","explicit":"","block":"","footnotes":""},"class_list":["post-4556","page","type-page","status-publish","has-post-thumbnail","hentry"],"_links":{"self":[{"href":"https:\/\/quecartucho.es\/blog\/wp-json\/wp\/v2\/pages\/4556","targetHints":{"allow":["GET"]}}],"collection":[{"href":"https:\/\/quecartucho.es\/blog\/wp-json\/wp\/v2\/pages"}],"about":[{"href":"https:\/\/quecartucho.es\/blog\/wp-json\/wp\/v2\/types\/page"}],"author":[{"embeddable":true,"href":"https:\/\/quecartucho.es\/blog\/wp-json\/wp\/v2\/users\/1"}],"replies":[{"embeddable":true,"href":"https:\/\/quecartucho.es\/blog\/wp-json\/wp\/v2\/comments?post=4556"}],"version-history":[{"count":2,"href":"https:\/\/quecartucho.es\/blog\/wp-json\/wp\/v2\/pages\/4556\/revisions"}],"predecessor-version":[{"id":4564,"href":"https:\/\/quecartucho.es\/blog\/wp-json\/wp\/v2\/pages\/4556\/revisions\/4564"}],"wp:featuredmedia":[{"embeddable":true,"href":"https:\/\/quecartucho.es\/blog\/wp-json\/wp\/v2\/media\/4561"}],"wp:attachment":[{"href":"https:\/\/quecartucho.es\/blog\/wp-json\/wp\/v2\/media?parent=4556"}],"curies":[{"name":"wp","href":"https:\/\/api.w.org\/{rel}","templated":true}]}}