{"id":4574,"date":"2020-07-11T10:32:43","date_gmt":"2020-07-11T08:32:43","guid":{"rendered":"https:\/\/quecartucho.es\/blog\/?page_id=4574"},"modified":"2021-05-13T07:59:50","modified_gmt":"2021-05-13T05:59:50","slug":"precio-de-la-tinta","status":"publish","type":"page","link":"https:\/\/quecartucho.es\/blog\/precio-de-la-tinta\/","title":{"rendered":"Precio de la tinta"},"content":{"rendered":"\n<h2 class=\"wp-block-heading\">Precio de la tinta, \u00bfel l\u00edquido m\u00e1s caro de la Tierra?<\/h2>\n\n\n\n<figure class=\"wp-block-table\"><table><tbody><tr><td>Cartucho<\/td><td>ml<\/td><td>Precio en \u20ac<\/td><td>Precio en \u20ac del litro<\/td><\/tr><tr><td><a href=\"https:\/\/quecartucho.es\/3028-hp304xl-cartucho-de-tinta-compatible-hp-304xl-n9k08ae-n9k06a-n9k07ae-n9k05ae.html\" class=\"rank-math-link\">HP 304<\/a> Original Negro<\/td><td>2 ml<\/td><td>14,99<\/td><td>7.495 \u20ac<\/td><\/tr><tr><td><a href=\"https:\/\/quecartucho.es\/3529-cartucho-de-tinta-epson-t603xl-603xl-compatible-c13t03a14010-c13t03a24010-c13t03a34010-c13t03a44010.html\" class=\"rank-math-link\">Epson 603<\/a> negro<\/td><td>3,4 ml<\/td><td>14,11<\/td><td>4.031 \u20ac<\/td><\/tr><tr><td><a href=\"https:\/\/quecartucho.es\/1878-cartucho-de-tinta-canon-pg545-xl-negro-alternativo-al-canon-pg-545-8286b001-.html\" class=\"rank-math-link\">Canon PG-545<\/a><\/td><td>8 ml<\/td><td>18,49<\/td><td>2.311 \u20ac<\/td><\/tr><tr><td><a href=\"https:\/\/quecartucho.es\/3375-cartucho-de-tinta-brother-lc3211-lc-3211-lc3213-lc-3213-lc-3213-compatible-a-brother.html\" class=\"rank-math-link\">Brother LC3211<\/a> negro<\/td><td>10 ml<\/td><td>12,54<\/td><td>1.254 \u20ac<\/td><\/tr><\/tbody><\/table><\/figure>\n\n\n\n<p>No toda la tinta cuesta igual y hay diferencias muy grandes, por eso antes de comprar una impresora recomendamos calcular el coste por pagina real.<\/p>\n\n\n\n<p>Ni la gasolina, ni los perfumes Channel N\u00b0 5, ni los vinos m\u00e1s famosos y de renombre mundial son tan caros como puede llegar a serlo en la actualidad la <strong>tinta de una impresora, <\/strong>cuyo preico de producci\u00f3n real es hasta ahora un gran enigma para muchos de nosotros, aunque s\u00ed podemos asegurar, y con toda certeza, que se trata del producto l\u00edquido m\u00e1s caro de la Tierra.<\/p>\n\n\n\n<figure class=\"wp-block-image size-large\"><img loading=\"lazy\" decoding=\"async\" width=\"1024\" height=\"597\" src=\"https:\/\/quecartucho.es\/blog\/wp-content\/uploads\/2020\/07\/precio-de-la-tinta-1-1024x597.jpg\" alt=\"precio de la tinta\" class=\"wp-image-4580\" title=\"\" srcset=\"https:\/\/quecartucho.es\/blog\/wp-content\/uploads\/2020\/07\/precio-de-la-tinta-1-1024x597.jpg 1024w, https:\/\/quecartucho.es\/blog\/wp-content\/uploads\/2020\/07\/precio-de-la-tinta-1-300x175.jpg 300w, https:\/\/quecartucho.es\/blog\/wp-content\/uploads\/2020\/07\/precio-de-la-tinta-1-768x448.jpg 768w, https:\/\/quecartucho.es\/blog\/wp-content\/uploads\/2020\/07\/precio-de-la-tinta-1.jpg 1200w\" sizes=\"auto, (max-width: 1024px) 100vw, 1024px\" \/><\/figure>\n\n\n\n<p>S\u00ed, es cierto, <strong><a href=\"https:\/\/quecartucho.es\/blog\/tinta-de-impresora\/\" class=\"rank-math-link\">la tinta de nuestra impresora<\/a><\/strong>, esa que usamos a diario para realizar trabajos de oficina o en casa, es mucho m\u00e1s cara que el combustible para el desplazamiento regular de los coches o que cualquier vino de excelente crianza empleado para satisfacer hasta el paladar m\u00e1s fino.<\/p>\n\n\n\n<p>De hecho, algunos expertos aseguran que comprar un juego de <a href=\"https:\/\/quecartucho.es\/\" class=\"rank-math-link\">cartuchos de tinta<\/a> resultar\u00eda mucho m\u00e1s caro que una impresora de gama alta completamente nueva.<\/p>\n\n\n\n<p>Pero el asunto se complica un poco m\u00e1s al respecto, ya que las diferentes compa\u00f1\u00edas fabricantes lanzan al mercado modelos de cartuchos mucho m\u00e1s peque\u00f1os, incrementando su valor real y haciendo que sea mucho m\u00e1s lo que tengamos que pagar para adquirir este producto cada a\u00f1o.<\/p>\n\n\n\n<h3 class=\"wp-block-heading\"><strong>Tinta de impresora, Channel N\u00b0 5, vinos y gasolina. \u00bfCu\u00e1l cuesta m\u00e1s?<\/strong><\/h3>\n\n\n\n<p>Hay quienes afirman que comparado con otros art\u00edculos de lujo, <strong>el precio de la tinta para impresoras resulta un poco llamativo y hasta ofensivo<\/strong>, sobre todo porque es considerado como un producto esencial y de uso cotidiano.<\/p>\n\n\n\n<p>Las grandes compa\u00f1\u00edas o aut\u00f3nomos invierten gran cantidad de dinero en su adquisici\u00f3n, aun cuando el uso de algunas herramientas de Internet (correo electr\u00f3nico o la nube) han minimizado la cantidad de impresiones mensuales.<\/p>\n\n\n\n<p>Un cartucho de 5 mililitros de tinta puede costar no menos de los <strong>13 euros<\/strong>. Pero el valor puede llegar hasta los 60 euros, seg\u00fan el modelo o la marca de la impresora. Si hacemos un c\u00e1lculo m\u00e1s certero y multiplicamos esa cifra, podemos asegurar que un litro de tinta est\u00e1 en el orden de los <strong>2.600 y 5.000 euros.<\/strong><\/p>\n\n\n\n<p>Ahora, si lo comparamos con otros l\u00edquidos considerados como art\u00edculos de lujo, no nos quedar\u00e1 dudas de que <strong>en realidad la tinta es sumamente cara<\/strong>, aunque pudiera ser dif\u00edcil de creer.<\/p>\n\n\n\n<p>Y es que una botella de vino 750 mililitros puede costar hasta 961 euros, mientras que el litro de Channel N\u00b0 5 tiene un valor en el mercado de 1.200 euros.<\/p>\n\n\n\n<p>Ni hablar de la gasolina, cuyos registros han demostrado que su valor es hasta 1000 veces menor que un consumible para impresora.<\/p>\n\n\n\n<figure class=\"wp-block-image size-large\"><img loading=\"lazy\" decoding=\"async\" width=\"638\" height=\"595\" src=\"https:\/\/quecartucho.es\/blog\/wp-content\/uploads\/2020\/07\/precio_tinta_de_imprimir.jpg\" alt=\"precio tinta de imprimir\" class=\"wp-image-4575\" title=\"\" srcset=\"https:\/\/quecartucho.es\/blog\/wp-content\/uploads\/2020\/07\/precio_tinta_de_imprimir.jpg 638w, https:\/\/quecartucho.es\/blog\/wp-content\/uploads\/2020\/07\/precio_tinta_de_imprimir-300x280.jpg 300w\" sizes=\"auto, (max-width: 638px) 100vw, 638px\" \/><\/figure>\n\n\n\n<h2 class=\"wp-block-heading\"><strong>\u00bfPor qu\u00e9 la tinta de impresora es tan cara?<\/strong><\/h2>\n\n\n\n<p>En realidad no hay nada de excepcional en una <strong><a href=\"https:\/\/quecartucho.es\/blog\/tinta-de-impresion\/\" class=\"rank-math-link\">tinta de impresi\u00f3n<\/a><\/strong>. Es m\u00e1s, es un art\u00edculo tan habitual y tan com\u00fan que podemos conseguirlo en cualquier tienda especializada o en tiendas online.<\/p>\n\n\n\n<p>Pero, \u00bfpor qu\u00e9 es tan cara la tinta para una impresora?<\/p>\n\n\n\n<p>Su valor radica principalmente en todo el procedimiento de desarrollo y de innovaci\u00f3n para potenciar la <strong>tecnolog\u00eda de impresi\u00f3n. <\/strong>Lo que se busca con esto es mejorar la calidad del trabajo, por lo que el procedimiento est\u00e1 sometido a constante investigaci\u00f3n y evoluci\u00f3n.<\/p>\n\n\n\n<p>Por esta raz\u00f3n, la mayor\u00eda de las compa\u00f1\u00edas fabricantes invierten esfuerzo y mucho dinero en lograr una f\u00f3rmula que permita que los consumibles duren m\u00e1s tiempo de lo normal y que proporcionen una <strong><a href=\"https:\/\/quecartucho.es\/blog\/la-resolucion-clave-para-inclinarse-por-una-impresora\/\" class=\"rank-math-link\">calidad de impresi\u00f3n<\/a><\/strong> mucho mayor en documentos.<\/p>\n\n\n\n<p>Los investigadores tambi\u00e9n est\u00e1n enfocados en que las m\u00e1quinas de impresi\u00f3n fallen en menor cantidad y, por consiguiente, incrementar su tiempo de vida \u00fatil.<\/p>\n\n\n\n<p>La creaci\u00f3n de patentes que deben pagar las compa\u00f1\u00edas para incentivar a los cient\u00edficos a seguir trabajando en las f\u00f3rmulas deriva en el precio final del producto. Ahora, si el consumidor paga por un <strong><a href=\"https:\/\/quecartucho.es\/blog\/cartuchos\/\" class=\"rank-math-link\">cartucho compatible<\/a><\/strong> ahorra mucho dinero en consumibles.<\/p>\n\n\n\n<figure class=\"wp-block-embed-youtube wp-block-embed is-type-video is-provider-youtube wp-embed-aspect-16-9 wp-has-aspect-ratio\"><div class=\"wp-block-embed__wrapper\">\n<div class=\"nv-iframe-embed\"><iframe loading=\"lazy\" title=\"Berto Romero Mon\u00f3logo la tinta de impresora\" width=\"1200\" height=\"675\" src=\"https:\/\/www.youtube.com\/embed\/Mifz_peyn3g?feature=oembed\" frameborder=\"0\" allow=\"accelerometer; autoplay; encrypted-media; gyroscope; picture-in-picture\" allowfullscreen><\/iframe><\/div>\n<\/div><\/figure>\n\n\n\n<h2 class=\"wp-block-heading\"><strong>\u00bfCu\u00e1les son las alternativas?<\/strong><\/h2>\n\n\n\n<p>Para luchar contra este fen\u00f3meno y evitar que los <strong>productos compatibles o gen\u00e9ricos <\/strong>saturen el mercado por ser m\u00e1s baratos a simple vista, las grandes compa\u00f1\u00edas han optado por la creaci\u00f3n de productos XL.<\/p>\n\n\n\n<p>Los<a href=\"https:\/\/quecartucho.es\/blog\/cartuchos-tinta-xl-significa\/\" class=\"rank-math-link\"> <strong>cartuchos XL<\/strong><\/a><strong> <\/strong>han ganado popularidad y reputaci\u00f3n positiva, ya que ofrece mayor volumen de tinta, fiabilidad, buen funcionamiento, a un precio mucho menor que un cartucho 100 % original.<\/p>\n\n\n\n<p>Fabricantes como Epson tambi\u00e9n han hecho la apuesta.<\/p>\n\n\n\n<p>Y por su puesto ha dado alternativas a sus clientes. Entre ellas destaca el sistema <strong>Epson WorkFace Pro RIPS, <\/strong>que consiste en proveer al sector empresarial de <strong>bolsas de tinta <\/strong>con una capacidad de hasta 75.000 impresiones.<\/p>\n\n\n\n<p>Para un uso dom\u00e9stico o para empresas con un flujo moderado de trabajo, la marca ha dise\u00f1ado el sistema <strong><a href=\"https:\/\/quecartucho.es\/blog\/ecotank\/\" class=\"rank-math-link\">Ecotank<\/a>, <\/strong>que es b\u00e1sicamente una forma segura de rellenar envases de tinta, disminuyendo hasta 1 c\u00e9ntimo el precio de impresi\u00f3n por cada p\u00e1gina.<\/p>\n\n\n\n<h3 class=\"wp-block-heading\"><strong>Cartuchos con menor capacidad y el uso de Internet<\/strong><\/h3>\n\n\n\n<p>El <em>boom <\/em>de Internet y la llegada de los smartphone y otros dispositivos m\u00f3viles han reducido considerablemente el n\u00famero de impresiones. Actualmente existen muchas modalidades para entregar documentos o trabajos de universidades, sin gastar papel y tinta en grandes cantidades.<\/p>\n\n\n\n<p>De acuerdo a algunos estudios realizados, esta tendencia de reducir el n\u00famero de impresiones, sobre todo en el \u00e1mbito dom\u00e9stico, ha obligado a las compa\u00f1\u00edas a tomar medidas.<\/p>\n\n\n\n<p>Entre ellas destacan la producci\u00f3n de <strong>cartuchos de tinta para impresoras de menor capacidad<\/strong>, aunque con un valor casi similar. Compa\u00f1\u00edas como HP han reducido considerablemente el volumen de los envases de tinta, algunos de 22,5 mil\u00edmetros a 7,5 mil\u00edmetros, por ejemplo.<\/p>\n\n\n\n<p>Otro punto importante es que si bien l<strong>os cartuchos de tinta son mucho m\u00e1s baratos<\/strong> que los de a\u00f1os anteriores, te permiten imprimir en mucho menos cantidad.<\/p>\n\n\n\n<p>En l\u00edneas generales, <strong>el precio de los cartuchos es inferior en cuanto a precio de mercado, pero al tener menos volumen y cantidad de tinta el valor real que perciben los clientes es superior<\/strong>.<\/p>\n\n\n\n<p>La reducci\u00f3n de precio de los nuevos cartuchos, en funci\u00f3n de una menor capacidad y volumen de tinta, tal vez surgi\u00f3 para hacer frente a la gran demanda de cartuchos de tinta <strong>compatibles.<\/strong><\/p>\n\n\n\n<p>Cualquier persona preferir\u00eda pagar 15 euros por un consumible original que 13 euros por un cartucho compatible, evitando poner en peligro el buen funcionamiento de la impresora y ganando calidad en los resultados. Aunque con las tintas premium de Quecartucho.es solo se ahorra el dinero ya que no se pierde calidad ni numero de paginas.<\/p>\n\n\n\n<p><strong>\u00bfPor qu\u00e9 es importante usar cartuchos originales?<\/strong><\/p>\n\n\n\n<p>El uso de cartuchos de tinta de impresora originales deja muchas ventajas, aunque su valor en el mercado sea superior a consumibles compatibles. Conoce alguna de ellas:<\/p>\n\n\n\n<ol class=\"wp-block-list\"><li><em><strong>Mayor tiempo de duraci\u00f3n<\/strong><\/em><\/li><\/ol>\n\n\n\n<p>Los cartuchos originales suponen un mayor tiempo de duraci\u00f3n. Imprimir\u00e1s un 50 % m\u00e1s p\u00e1ginas en comparaci\u00f3n con los cartuchos gen\u00e9ricos. Cuatro envases originales de tinta equivalen a seis compatibles, por lo que, adem\u00e1s, el gasto en dinero es notorio.<\/p>\n\n\n\n<ol class=\"wp-block-list\" start=\"2\"><li><em><strong>Se secan<\/strong><\/em><\/li><\/ol>\n\n\n\n<p>Un cartucho original puede durar hasta <strong>12 <\/strong>semanas sin secarse en caso de que la impresora no est\u00e9 en uso. Los cartuchos compatibles o gen\u00e9ricos duran mucho menos tiempo.<\/p>\n\n\n\n<ol class=\"wp-block-list\" start=\"3\"><li><em><strong>Calidad<\/strong><\/em><\/li><\/ol>\n\n\n\n<p>Es la mayor ventaja que un cartucho de tinta original puede garantizar. La calidad ser\u00e1 igual desde la primera impresi\u00f3n hasta la \u00faltima p\u00e1gina, por lo que es mejor optar por esta opci\u00f3n.<\/p>\n\n\n\n<ol class=\"wp-block-list\" start=\"4\"><li><em><strong>Reduces gasto<\/strong><\/em><\/li><\/ol>\n\n\n\n<p>Si adquieres un cartucho gen\u00e9rico seguramente gastar\u00e1s m\u00e1s dinero en otros recursos. Posiblemente tengas que repetir la impresi\u00f3n el n\u00famero de veces que sea necesario si una p\u00e1gina no sale con la calidad que esperas. Gastas <strong>m\u00e1s papel y tinta <\/strong>durante la reimpresi\u00f3n.<\/p>\n","protected":false},"excerpt":{"rendered":"<p>Precio de la tinta, \u00bfel l\u00edquido m\u00e1s caro de la Tierra? Cartucho ml Precio en \u20ac Precio en \u20ac del litro HP 304 Original Negro 2 ml 14,99 7.495 \u20ac Epson 603 negro 3,4 ml 14,11 4.031 \u20ac Canon PG-545 8 ml 18,49 2.311 \u20ac Brother LC3211 negro 10 ml 12,54 1.254 \u20ac No toda&hellip;&nbsp;<a href=\"https:\/\/quecartucho.es\/blog\/precio-de-la-tinta\/\" rel=\"bookmark\">Leer m\u00e1s &raquo;<span class=\"screen-reader-text\">Precio de la tinta<\/span><\/a><\/p>\n","protected":false},"author":1,"featured_media":4580,"parent":0,"menu_order":0,"comment_status":"closed","ping_status":"closed","template":"","meta":{"neve_meta_sidebar":"","neve_meta_container":"","neve_meta_enable_content_width":"","neve_meta_content_width":0,"neve_meta_title_alignment":"","neve_meta_author_avatar":"","neve_post_elements_order":"","neve_meta_disable_header":"","neve_meta_disable_footer":"","neve_meta_disable_title":"","episode_type":"","audio_file":"","podmotor_file_id":"","podmotor_episode_id":"","cover_image":"","cover_image_id":"","duration":"","filesize":"","filesize_raw":"","date_recorded":"","explicit":"","block":"","footnotes":""},"class_list":["post-4574","page","type-page","status-publish","has-post-thumbnail","hentry"],"_links":{"self":[{"href":"https:\/\/quecartucho.es\/blog\/wp-json\/wp\/v2\/pages\/4574","targetHints":{"allow":["GET"]}}],"collection":[{"href":"https:\/\/quecartucho.es\/blog\/wp-json\/wp\/v2\/pages"}],"about":[{"href":"https:\/\/quecartucho.es\/blog\/wp-json\/wp\/v2\/types\/page"}],"author":[{"embeddable":true,"href":"https:\/\/quecartucho.es\/blog\/wp-json\/wp\/v2\/users\/1"}],"replies":[{"embeddable":true,"href":"https:\/\/quecartucho.es\/blog\/wp-json\/wp\/v2\/comments?post=4574"}],"version-history":[{"count":4,"href":"https:\/\/quecartucho.es\/blog\/wp-json\/wp\/v2\/pages\/4574\/revisions"}],"predecessor-version":[{"id":11847,"href":"https:\/\/quecartucho.es\/blog\/wp-json\/wp\/v2\/pages\/4574\/revisions\/11847"}],"wp:featuredmedia":[{"embeddable":true,"href":"https:\/\/quecartucho.es\/blog\/wp-json\/wp\/v2\/media\/4580"}],"wp:attachment":[{"href":"https:\/\/quecartucho.es\/blog\/wp-json\/wp\/v2\/media?parent=4574"}],"curies":[{"name":"wp","href":"https:\/\/api.w.org\/{rel}","templated":true}]}}