{"id":4702,"date":"2020-07-23T18:01:20","date_gmt":"2020-07-23T16:01:20","guid":{"rendered":"https:\/\/quecartucho.es\/blog\/?page_id=4702"},"modified":"2022-12-14T18:13:11","modified_gmt":"2022-12-14T16:13:11","slug":"que-es-la-alineacion-de-cabezales","status":"publish","type":"page","link":"https:\/\/quecartucho.es\/blog\/que-es-un-cabezal-de-impresion\/que-es-la-alineacion-de-cabezales\/","title":{"rendered":"\u00bfQu\u00e9 es la alineaci\u00f3n de cabezales?"},"content":{"rendered":"\n<p>La <strong>alineaci\u00f3n de cabezales <\/strong>de una impresora es un m\u00e9todo mediante el cual se logra corregir la posici\u00f3n de <strong><a href=\"https:\/\/quecartucho.es\/blog\/que-es-un-cabezal-de-impresion\/\" class=\"rank-math-link\">los cabezales de una impresora<\/a>, <\/strong>reduciendo cualquier posibilidad de desviaci\u00f3n de l\u00edneas y colores.<\/p>\n\n\n\n<p>La mayor\u00eda de los equipos de impresi\u00f3n garantiza al menos dos formas para obtener una alineaci\u00f3n perfecta. Son <strong>alineaci\u00f3n manual y alineaci\u00f3n autom\u00e1tica <\/strong>de cabezales de una impresora.<\/p>\n\n\n\n<p>Normalmente, las unidades pueden hacer por s\u00ed solas las alineaciones de manera autom\u00e1tica. Pero si de esta manera no funciona y necesitas hacer las correcciones a las que haya lugar para asegurar resultados de calidad en el menor tiempo posible, puedes optar por una alineaci\u00f3n manual.<\/p>\n\n\n\n<p>Para lograr el objetivo es indispensable seguir algunos pasos b\u00e1sicos, de los cuales hablaremos con detalle en este art\u00edculo.<\/p>\n\n\n\n<figure class=\"wp-block-image size-large\"><img loading=\"lazy\" decoding=\"async\" width=\"744\" height=\"1024\" src=\"https:\/\/quecartucho.es\/blog\/wp-content\/uploads\/2020\/07\/\u00bfQu\u00e9-es-la-alineaci\u00f3n-de-cabezales-744x1024.jpeg\" alt=\"\u00bfQu\u00e9 es la alineaci\u00f3n de cabezales?\" class=\"wp-image-4703\" title=\"\" srcset=\"https:\/\/quecartucho.es\/blog\/wp-content\/uploads\/2020\/07\/\u00bfQu\u00e9-es-la-alineaci\u00f3n-de-cabezales-744x1024.jpeg 744w, https:\/\/quecartucho.es\/blog\/wp-content\/uploads\/2020\/07\/\u00bfQu\u00e9-es-la-alineaci\u00f3n-de-cabezales-218x300.jpeg 218w, https:\/\/quecartucho.es\/blog\/wp-content\/uploads\/2020\/07\/\u00bfQu\u00e9-es-la-alineaci\u00f3n-de-cabezales-768x1057.jpeg 768w, https:\/\/quecartucho.es\/blog\/wp-content\/uploads\/2020\/07\/\u00bfQu\u00e9-es-la-alineaci\u00f3n-de-cabezales-1116x1536.jpeg 1116w, https:\/\/quecartucho.es\/blog\/wp-content\/uploads\/2020\/07\/\u00bfQu\u00e9-es-la-alineaci\u00f3n-de-cabezales.jpeg 1162w\" sizes=\"auto, (max-width: 744px) 100vw, 744px\" \/><\/figure>\n\n\n\n<h2 class=\"wp-block-heading\"><strong>\u00bfC\u00f3mo hacer una alineaci\u00f3n de cabezales?<\/strong><\/h2>\n\n\n\n<p>Si tienes una impresora que requiere de alineaci\u00f3n de cabezales, presta mucha atenci\u00f3n porque aqu\u00ed te diremos c\u00f3mo hacerlo a trav\u00e9s de sencillos pasos:<\/p>\n\n\n\n<ol class=\"wp-block-list\">\n<li>Lo primero que debes hacer es abrir la ventana de configuraciones que controla la impresora, a trav\u00e9s del ordenador.<\/li>\n\n\n\n<li>Luego haz click en la opci\u00f3n <strong>Alineaci\u00f3n de los cabezales de impresi\u00f3n <\/strong>o <strong>Print Head Alignment, <\/strong>la cual encontrar\u00e1s en la ficha conocida como <strong>Mantenimiento. <\/strong>A continuaci\u00f3n, ver\u00e1s en pantalla un cuadro de di\u00e1logo que indica el inicio de alineaci\u00f3n de cabezales de impresi\u00f3n.<\/li>\n\n\n\n<li>Coloca en la bandeja frontal de la computadora una hoja tama\u00f1o <strong>Carta <\/strong>o <strong>A4. <\/strong>Toma en cuenta que el n\u00famero de hojas que vayas a usar para llevar a cabo la alineaci\u00f3n depender\u00e1 de la opci\u00f3n escogida: autom\u00e1tica o manual.<\/li>\n\n\n\n<li>Cerci\u00f3rate de que el equipo de impresi\u00f3n est\u00e9 encendido. Luego haz click en la opci\u00f3n <strong>Alinear cabezales de impresi\u00f3n <\/strong>o <strong>Align Print Head. <\/strong>De esta manera, tendr\u00e1s impresa el <strong>patr\u00f3n de ajuste <\/strong>como muestra.<\/li>\n\n\n\n<li>Si ya tienes en tus manos el patr\u00f3n de ajuste, checa el mensaje impreso. Ahora coloca el patr\u00f3n en la platina, tal y como dice el mensaje impreso y termina pulsando el bot\u00f3n <strong>Start. <\/strong>Acto seguido, comenzar\u00e1 el proceso de alineaci\u00f3n de cabezales.<\/li>\n<\/ol>\n\n\n\n<h2 class=\"wp-block-heading\">Como hacer una alineaci\u00f3n de cabezales seg\u00fan la marca de tu impresora.<\/h2>\n\n\n<div class=\"pt-cv-wrapper\"><div class=\"pt-cv-view pt-cv-grid pt-cv-colsys\" id=\"pt-cv-view-d49624aurm\"><div data-id=\"pt-cv-page-1\" class=\"pt-cv-page\" data-cvc=\"3\"><div class=\"col-md-4 col-sm-4 col-xs-12 pt-cv-content-item pt-cv-1-col\" ><div class='pt-cv-ifield'><a href=\"https:\/\/quecartucho.es\/blog\/que-es-un-cabezal-de-impresion\/que-es-la-alineacion-de-cabezales\/como-alinear-los-cabezales-de-una-impresora-epson\/\" class=\"_self pt-cv-href-thumbnail pt-cv-thumb-default\" target=\"_self\" ><img loading=\"lazy\" decoding=\"async\" width=\"1024\" height=\"576\" src=\"https:\/\/quecartucho.es\/blog\/wp-content\/uploads\/2022\/11\/\u00bfComo-alinear-los-cabezales-de-una-impresora-Epson-1024x576.jpg\" class=\"pt-cv-thumbnail\" alt=\"\u00bfC\u00f3mo alinear los cabezales de una impresora Epson?\" srcset=\"https:\/\/quecartucho.es\/blog\/wp-content\/uploads\/2022\/11\/\u00bfComo-alinear-los-cabezales-de-una-impresora-Epson-1024x576.jpg 1024w, https:\/\/quecartucho.es\/blog\/wp-content\/uploads\/2022\/11\/\u00bfComo-alinear-los-cabezales-de-una-impresora-Epson-300x169.jpg 300w, https:\/\/quecartucho.es\/blog\/wp-content\/uploads\/2022\/11\/\u00bfComo-alinear-los-cabezales-de-una-impresora-Epson-768x432.jpg 768w, https:\/\/quecartucho.es\/blog\/wp-content\/uploads\/2022\/11\/\u00bfComo-alinear-los-cabezales-de-una-impresora-Epson-150x84.jpg 150w, https:\/\/quecartucho.es\/blog\/wp-content\/uploads\/2022\/11\/\u00bfComo-alinear-los-cabezales-de-una-impresora-Epson.jpg 1200w\" sizes=\"auto, (max-width: 1024px) 100vw, 1024px\" title=\"\"><\/a>\n<h3 class=\"pt-cv-title\"><a href=\"https:\/\/quecartucho.es\/blog\/que-es-un-cabezal-de-impresion\/que-es-la-alineacion-de-cabezales\/como-alinear-los-cabezales-de-una-impresora-epson\/\" class=\"_self\" target=\"_self\" ><strong>\u00bfC\u00f3mo alinear los cabezales de una impresora Epson?<\/strong><\/a><\/h3>\n<div class=\"pt-cv-content\">\u00bfEst\u00e1s intentando hacer una impresi\u00f3n de un documento o imagen y no consigues que tenga la calidad adecuada? Puede que las l\u00edneas aparezcan dobladas o que los colores de la ...<br \/><div class=\"pt-cv-rmwrap\"><a href=\"https:\/\/quecartucho.es\/blog\/que-es-un-cabezal-de-impresion\/que-es-la-alineacion-de-cabezales\/como-alinear-los-cabezales-de-una-impresora-epson\/\" class=\"_self pt-cv-readmore btn btn-success\" target=\"_self\">Leer M\u00e1s<\/a><\/div><\/div><\/div><\/div>\n<div class=\"col-md-4 col-sm-4 col-xs-12 pt-cv-content-item pt-cv-1-col\" ><div class='pt-cv-ifield'><a href=\"https:\/\/quecartucho.es\/blog\/que-es-un-cabezal-de-impresion\/que-es-la-alineacion-de-cabezales\/como-alinear-cabezales-en-una-impresora-canon\/\" class=\"_self pt-cv-href-thumbnail pt-cv-thumb-default\" target=\"_self\" ><img loading=\"lazy\" decoding=\"async\" width=\"1024\" height=\"576\" src=\"https:\/\/quecartucho.es\/blog\/wp-content\/uploads\/2022\/11\/\u00bfComo-alinear-cabezales-en-una-Canon-1024x576.jpg\" class=\"pt-cv-thumbnail\" alt=\"\u00bfC\u00f3mo alinear cabezales en una Canon?\" srcset=\"https:\/\/quecartucho.es\/blog\/wp-content\/uploads\/2022\/11\/\u00bfComo-alinear-cabezales-en-una-Canon-1024x576.jpg 1024w, https:\/\/quecartucho.es\/blog\/wp-content\/uploads\/2022\/11\/\u00bfComo-alinear-cabezales-en-una-Canon-300x169.jpg 300w, https:\/\/quecartucho.es\/blog\/wp-content\/uploads\/2022\/11\/\u00bfComo-alinear-cabezales-en-una-Canon-768x432.jpg 768w, https:\/\/quecartucho.es\/blog\/wp-content\/uploads\/2022\/11\/\u00bfComo-alinear-cabezales-en-una-Canon-150x84.jpg 150w, https:\/\/quecartucho.es\/blog\/wp-content\/uploads\/2022\/11\/\u00bfComo-alinear-cabezales-en-una-Canon.jpg 1200w\" sizes=\"auto, (max-width: 1024px) 100vw, 1024px\" title=\"\"><\/a>\n<h3 class=\"pt-cv-title\"><a href=\"https:\/\/quecartucho.es\/blog\/que-es-un-cabezal-de-impresion\/que-es-la-alineacion-de-cabezales\/como-alinear-cabezales-en-una-impresora-canon\/\" class=\"_self\" target=\"_self\" ><strong>\u00bfC\u00f3mo alinear cabezales en una impresora Canon?<\/strong><\/a><\/h3>\n<div class=\"pt-cv-content\">Al alinear los cabezales de una impresora se consigue que dichos elementos puedan alcanzar una posici\u00f3n adecuada para reducir las posibilidades de que se produzca cualquier tipo de desviaci\u00f3n en ...<br \/><div class=\"pt-cv-rmwrap\"><a href=\"https:\/\/quecartucho.es\/blog\/que-es-un-cabezal-de-impresion\/que-es-la-alineacion-de-cabezales\/como-alinear-cabezales-en-una-impresora-canon\/\" class=\"_self pt-cv-readmore btn btn-success\" target=\"_self\">Leer M\u00e1s<\/a><\/div><\/div><\/div><\/div>\n<div class=\"col-md-4 col-sm-4 col-xs-12 pt-cv-content-item pt-cv-1-col\" ><div class='pt-cv-ifield'><a href=\"https:\/\/quecartucho.es\/blog\/que-es-un-cabezal-de-impresion\/que-es-la-alineacion-de-cabezales\/como-alinear-los-cabezales-de-una-impresora-hp\/\" class=\"_self pt-cv-href-thumbnail pt-cv-thumb-default\" target=\"_self\" ><img loading=\"lazy\" decoding=\"async\" width=\"1024\" height=\"575\" src=\"https:\/\/quecartucho.es\/blog\/wp-content\/uploads\/2022\/11\/\u00bfComo-alinear-los-cabezales-de-una-impresora-HP-1-1024x575.jpg\" class=\"pt-cv-thumbnail\" alt=\"\u00bfC\u00f3mo alinear los cabezales de una impresora HP?\" srcset=\"https:\/\/quecartucho.es\/blog\/wp-content\/uploads\/2022\/11\/\u00bfComo-alinear-los-cabezales-de-una-impresora-HP-1-1024x575.jpg 1024w, https:\/\/quecartucho.es\/blog\/wp-content\/uploads\/2022\/11\/\u00bfComo-alinear-los-cabezales-de-una-impresora-HP-1-300x169.jpg 300w, https:\/\/quecartucho.es\/blog\/wp-content\/uploads\/2022\/11\/\u00bfComo-alinear-los-cabezales-de-una-impresora-HP-1-768x431.jpg 768w, https:\/\/quecartucho.es\/blog\/wp-content\/uploads\/2022\/11\/\u00bfComo-alinear-los-cabezales-de-una-impresora-HP-1-150x84.jpg 150w, https:\/\/quecartucho.es\/blog\/wp-content\/uploads\/2022\/11\/\u00bfComo-alinear-los-cabezales-de-una-impresora-HP-1.jpg 1200w\" sizes=\"auto, (max-width: 1024px) 100vw, 1024px\" title=\"\"><\/a>\n<h3 class=\"pt-cv-title\"><a href=\"https:\/\/quecartucho.es\/blog\/que-es-un-cabezal-de-impresion\/que-es-la-alineacion-de-cabezales\/como-alinear-los-cabezales-de-una-impresora-hp\/\" class=\"_self\" target=\"_self\" >\u00bfC\u00f3mo alinear los cabezales de una impresora HP?<\/a><\/h3>\n<div class=\"pt-cv-content\">C\u00f3mo alinear los cabezales de una impresora HPLas impresoras requieren de un determinado mantenimiento para asegurar una buena calidad de impresi\u00f3n, como puede ser hacer una alineaci\u00f3n de cabezales cada ...<br \/><div class=\"pt-cv-rmwrap\"><a href=\"https:\/\/quecartucho.es\/blog\/que-es-un-cabezal-de-impresion\/que-es-la-alineacion-de-cabezales\/como-alinear-los-cabezales-de-una-impresora-hp\/\" class=\"_self pt-cv-readmore btn btn-success\" target=\"_self\">Leer M\u00e1s<\/a><\/div><\/div><\/div><\/div><\/div><\/div><\/div>\n\n\n\n<h2 class=\"wp-block-heading\"><strong>\u00bfC\u00f3mo funciona la alineaci\u00f3n de cabezales Epson?<\/strong><\/h2>\n\n\n\n<figure class=\"wp-block-embed is-type-video is-provider-youtube wp-block-embed-youtube wp-embed-aspect-16-9 wp-has-aspect-ratio\"><div class=\"wp-block-embed__wrapper\">\n<div class=\"nv-iframe-embed\"><iframe loading=\"lazy\" title=\"WF2850, 603XL Alineaci\u00f3n de cabezales con los cartuchos 603xl\" width=\"1200\" height=\"675\" src=\"https:\/\/www.youtube.com\/embed\/j03g2qC0TD4?feature=oembed\" frameborder=\"0\" allow=\"accelerometer; autoplay; clipboard-write; encrypted-media; gyroscope; picture-in-picture\" allowfullscreen><\/iframe><\/div>\n<\/div><\/figure>\n\n\n\n<p>A diferencia de impresoras que utilizan <strong>cabezales de impresi\u00f3n termales, <\/strong>los equipos Epson disponen de un eficiente sistema <strong>piezoel\u00e9ctrico, <\/strong>que por lo general duran mucho m\u00e1s tiempo. Pero como de igual manera requieren de mantenimientos y alineaci\u00f3n, aqu\u00ed te diremos c\u00f3mo hacerlo.<\/p>\n\n\n\n<p><em>1.- En Windows<\/em><\/p>\n\n\n\n<ul class=\"wp-block-list\">\n<li>Primero que nada, verifica que la computadora e impresora est\u00e9n encendidos.<\/li>\n\n\n\n<li>Verifica que ninguno de los indicadores del sistema est\u00e9 arrojando alg\u00fan error.<\/li>\n\n\n\n<li>Carga la bandeja de entrada con papel tama\u00f1o Carta o A4.<\/li>\n\n\n\n<li>Selecciona la opci\u00f3n <strong>Limpieza de cabezales <\/strong>que est\u00e1 en el \u00edcono de impresora ubicado en la <strong>barra de tareas.<\/strong><\/li>\n\n\n\n<li>Ahora sigue paso a paso las instrucciones que van apareciendo en pantalla.<\/li>\n<\/ul>\n\n\n\n<p><em>2.- En Mac OS X<\/em><\/p>\n\n\n\n<ul class=\"wp-block-list\">\n<li>Enciende la computadora e impresora.<\/li>\n\n\n\n<li>Verifica que el sistema no arroje errores.<\/li>\n\n\n\n<li>Carga papel tama\u00f1o Carta o A4 en bandeja de entrada de la impresora.<\/li>\n\n\n\n<li>Escoge la opci\u00f3n <strong>Epson Printer Utility 3.<\/strong><\/li>\n\n\n\n<li>Aparecer\u00e1 un cuadro de di\u00e1logo en el que escoger\u00e1s la opci\u00f3n <strong>Limpieza de cabezales.<\/strong><\/li>\n\n\n\n<li>Sigue paso a paso las indicaciones que ir\u00e1n apareciendo en pantalla.<\/li>\n<\/ul>\n\n\n\n<p><em>3.- A trav\u00e9s de los botones de la impresora<\/em><\/p>\n\n\n\n<ul class=\"wp-block-list\">\n<li>Verifica que ninguno de los indicadores est\u00e9 arrojando error.<\/li>\n\n\n\n<li>Coloca papel tama\u00f1o Carta o A4 en bandeja de entrada.<\/li>\n\n\n\n<li>Deja pulsado por algunos pocos segundos el bot\u00f3n de mantenimiento que est\u00e1 sobre la impresora.<\/li>\n<\/ul>\n\n\n<div class=\"wp-block-image\">\n<figure class=\"aligncenter size-large\"><img loading=\"lazy\" decoding=\"async\" width=\"600\" height=\"450\" src=\"https:\/\/quecartucho.es\/blog\/wp-content\/uploads\/2020\/07\/test-cabezales-epson.jpg\" alt=\"https:\/\/quecartucho.es\/blog\/que-es-un-cabezal-de-impresion\/que-es-la-alineacion-de-cabezales\/\" class=\"wp-image-4711\" title=\"\" srcset=\"https:\/\/quecartucho.es\/blog\/wp-content\/uploads\/2020\/07\/test-cabezales-epson.jpg 600w, https:\/\/quecartucho.es\/blog\/wp-content\/uploads\/2020\/07\/test-cabezales-epson-300x225.jpg 300w\" sizes=\"auto, (max-width: 600px) 100vw, 600px\" \/><\/figure>\n<\/div>\n\n\n<h2 class=\"wp-block-heading\"><strong>\u00bfC\u00f3mo funciona la alineaci\u00f3n de cabezales Canon?<\/strong><\/h2>\n\n\n\n<p>Si las impresiones de un equipo de la firma Canon no cumplen con las expectativas, tal vez requiere de una limpieza o alineaci\u00f3n de cabezal, as\u00ed que sigue los siguientes pasos para hacer un buen trabajo.<\/p>\n\n\n\n<ul class=\"wp-block-list\">\n<li>El primer paso es abrir la <strong>ventana de configuraci\u00f3n <\/strong>que controla el equipo de impresi\u00f3n.<\/li>\n\n\n\n<li>En la ficha <strong>Mantenimiento <\/strong>escoge la opci\u00f3n <strong>Configuraci\u00f3n personalizada.<\/strong><\/li>\n\n\n\n<li>Ahora tendr\u00e1s que escoger la opci\u00f3n <strong>Alinear cabezales manualmente. <\/strong>Haz click en el bot\u00f3n <strong>OK, <\/strong>luego en <strong>Aceptar <\/strong>cuando aparezca en pantalla un mensaje de confirmaci\u00f3n.<\/li>\n\n\n\n<li>Ver\u00e1s en pantalla un cuadro de di\u00e1logo para <strong>iniciar alineaci\u00f3n de cabezales de impresi\u00f3n.<\/strong><\/li>\n\n\n\n<li>Coloca por lo menos <strong>tres hojas de papel <\/strong>en bandeja de entrada tama\u00f1o Carta o A4.<\/li>\n\n\n\n<li>Escoge la opci\u00f3n <strong>Alinear cabezales de impresi\u00f3n <\/strong>y sigue las instrucciones tal cual como indique el sistema.<\/li>\n\n\n\n<li>Verifica el patr\u00f3n de verificaci\u00f3n y si todo est\u00e1 en orden entonces haz pulsa el bot\u00f3n <strong>OK.<\/strong><\/li>\n<\/ul>\n\n\n\n<figure class=\"wp-block-image size-full\"><img loading=\"lazy\" decoding=\"async\" width=\"304\" height=\"422\" src=\"https:\/\/quecartucho.es\/blog\/wp-content\/uploads\/2020\/07\/alineaci\u00f3n-de-cabezales-Canon.jpg\" alt=\"alineaci\u00f3n de cabezales Canon\" class=\"wp-image-4716\" title=\"\" srcset=\"https:\/\/quecartucho.es\/blog\/wp-content\/uploads\/2020\/07\/alineaci\u00f3n-de-cabezales-Canon.jpg 304w, https:\/\/quecartucho.es\/blog\/wp-content\/uploads\/2020\/07\/alineaci\u00f3n-de-cabezales-Canon-216x300.jpg 216w\" sizes=\"auto, (max-width: 304px) 100vw, 304px\" \/><\/figure>\n\n\n\n<h2 class=\"wp-block-heading\"><strong>\u00bfC\u00f3mo funciona la alineaci\u00f3n de cabezales HP?<\/strong><\/h2>\n\n\n\n<p>Alinear un cabezal de impresi\u00f3n de la firma HP es un procedimiento sencillo. Tambi\u00e9n es necesario para optimizar resultados y ganar calidad. Sigue cada paso de nuestra gu\u00eda y notar\u00e1s los resultados.<\/p>\n\n\n\n<ul class=\"wp-block-list\">\n<li>Coloca papel blanco tama\u00f1o Carta o A4 en la bandeja de entrada de la impresora.<\/li>\n\n\n\n<li>Busca una <strong>flecha que se\u00f1ala a la derecha <\/strong>en el panel de control y haz click sobre ella.<\/li>\n\n\n\n<li>Luego busca y pulsa la opci\u00f3n <strong>Configurar.<\/strong><\/li>\n\n\n\n<li>Por \u00faltimo, escoge la opci\u00f3n de <strong>Herramientas <\/strong>y luego <strong>Alinear cabezal de impresi\u00f3n.<\/strong><\/li>\n<\/ul>\n\n\n\n<p>Tambi\u00e9n est\u00e1 la opci\u00f3n de hacer una limpieza o alineaci\u00f3n a los cabezales de impresi\u00f3n de un equipo HP. Para ello tienes que realizar el siguiente procedimiento:<\/p>\n\n\n\n<ul class=\"wp-block-list\">\n<li>Carga la bandeja de entrada con papel tama\u00f1o Carta o A4.<\/li>\n\n\n\n<li>Busca una <strong>flecha que se\u00f1ala a la derecha <\/strong>en el panel de control y haz click sobre ella.<\/li>\n\n\n\n<li>Ahora escoge la opci\u00f3n <strong>Configurar.<\/strong><\/li>\n\n\n\n<li>Por \u00faltimo, busca la opci\u00f3n <strong>Herramientas <\/strong>y luego <strong>Limpiar el cabezal de impresi\u00f3n.<\/strong><\/li>\n<\/ul>\n\n\n\n<figure class=\"wp-block-image size-large\"><img loading=\"lazy\" decoding=\"async\" width=\"700\" height=\"208\" src=\"https:\/\/quecartucho.es\/blog\/wp-content\/uploads\/2020\/07\/alineaci\u00f3n-de-cabezales-HP.png\" alt=\"alineaci\u00f3n de cabezales HP\" class=\"wp-image-4715\" title=\"\" srcset=\"https:\/\/quecartucho.es\/blog\/wp-content\/uploads\/2020\/07\/alineaci\u00f3n-de-cabezales-HP.png 700w, https:\/\/quecartucho.es\/blog\/wp-content\/uploads\/2020\/07\/alineaci\u00f3n-de-cabezales-HP-300x89.png 300w\" sizes=\"auto, (max-width: 700px) 100vw, 700px\" \/><\/figure>\n\n\n\n<h2 class=\"wp-block-heading\"><strong>Alineaci\u00f3n de cabezales de impresi\u00f3n de equipos Brother<\/strong><\/h2>\n\n\n\n<p>El ajuste de alineaci\u00f3n de una impresora Brother es esencialmente \u00fatil para solventar problemas que conllevan a impresiones borrosas. Para hacerlo, presta atenci\u00f3n a la gu\u00eda para saber c\u00f3mo se hace en algunos modelos como <strong>DCP-T310, DCP-T710W, DCP-T510 W y MFC-T810W.<\/strong><\/p>\n\n\n\n<ul class=\"wp-block-list\">\n<li>El primer paso para alinear el cabezal de impresora de una Brother es seleccionar <strong>Men\u00fa.<\/strong><\/li>\n\n\n\n<li>El sistema te dar\u00e1 tres opciones diferentes como <strong>Mantenimiento, Mejorar calidad y Alineaci\u00f3n. <\/strong>Escoge la \u00faltima opci\u00f3n y pulse el bot\u00f3n <strong>OK.<\/strong><\/li>\n\n\n\n<li>Elige entre <strong>Inicio Color o Inicio Negro. <\/strong>El dispositivo comenzar\u00e1 la impresi\u00f3n de una hoja de comprobaci\u00f3n de alineaci\u00f3n.<\/li>\n\n\n\n<li>Ahora tendr\u00e1s que escoger el n\u00famero de impresi\u00f3n de prueba. Si la alineaci\u00f3n no es la correcta, el texto saldr\u00e1 borroso. Ahora si la alineaci\u00f3n ha quedado perfecta, tendr\u00e1s textos m\u00e1s n\u00edtidos.<\/li>\n\n\n\n<li>Por \u00faltimo, la opci\u00f3n <strong>Detener <\/strong>y <strong>Salir.<\/strong><\/li>\n<\/ul>\n\n\n\n<p>La alineaci\u00f3n de cabezal de impresi\u00f3n de un modelo <strong>MFC-T910DW <\/strong>de HP puede ser de la siguiente manera:<\/p>\n\n\n\n<ul class=\"wp-block-list\">\n<li>Primero haz click en la opci\u00f3n de <strong>Ajustes.<\/strong><\/li>\n\n\n\n<li>Escoge el bot\u00f3n alineaci\u00f3n y luego da a <strong>OK.<\/strong><\/li>\n\n\n\n<li>Pulsa en dos ocasiones la flecha hacia la derecha (<img loading=\"lazy\" decoding=\"async\" src=\"\" width=\"8\" height=\"10\" alt=\"\" title=\"\"> ). Ahora la m\u00e1quina iniciar\u00e1 el proceso de impresi\u00f3n de la hoja de alineaci\u00f3n.<\/li>\n\n\n\n<li>Verifica la hoja de verificaci\u00f3n. Si la alineaci\u00f3n es correcta, las im\u00e1genes o letras ser\u00e1n n\u00edtidas.<\/li>\n\n\n\n<li>Haz click en los botones <strong>Detener <\/strong>y luego a<strong> Salir.<\/strong><\/li>\n<\/ul>\n\n\n\n<figure class=\"wp-block-image size-large\"><img loading=\"lazy\" decoding=\"async\" width=\"347\" height=\"208\" src=\"https:\/\/quecartucho.es\/blog\/wp-content\/uploads\/2020\/07\/alineaci\u00f3n-de-cabezales-brother.gif\" alt=\"alineaci\u00f3n de cabezales brother\" class=\"wp-image-4718\" title=\"\"><\/figure>\n\n\n\n<h3 class=\"wp-block-heading\">Puede que tambi\u00e9n te interese como mejorara la calidad de impresi\u00f3n pobre en impresoras Brother<\/h3>\n\n\n\n<p><a aria-label=\" (opens in a new tab)\" class=\"rank-math-link\" href=\"https:\/\/support.brother.com\/g\/b\/faqend.aspx?c=mx&amp;lang=es&amp;prod=mfcj6720dw_us_eu_as&amp;faqid=faq00000259_022\" target=\"_blank\" rel=\"noreferrer noopener nofollow\">https:\/\/support.brother.com\/g\/b\/faqend.aspx?c=mx&amp;lang=es&amp;prod=mfcj6720dw_us_eu_as&amp;faqid=faq00000259_022<\/a><\/p>\n\n\n<div id=\"rank-math-faq\" class=\"rank-math-block\">\n<div class=\"rank-math-list \">\n<div id=\"faq-question-1671034285043\" class=\"rank-math-list-item\">\n<h2 class=\"rank-math-question \">Tipos de alineaciones de cabezal de una impresora<\/h2>\n<div class=\"rank-math-answer \">\n\n<p>Alineaci\u00f3n vertical<br \/>Alineaci\u00f3n horizontal<\/p>\n\n<\/div>\n<\/div>\n<\/div>\n<\/div>\n\n\n<h2 class=\"wp-block-heading\"><strong>Conclusi\u00f3n<\/strong><\/h2>\n\n\n\n<p><strong>La alineaci\u00f3n de un cabezal de impresi\u00f3n es indispensable para mejorar el rendimiento de la impresora y asegurar resultados favorables<\/strong>. Si tu equipo comienza a presentar algunas fallas y notas que las im\u00e1genes o letras est\u00e1n borrosas, tendr\u00e1s que optar por esta alternativa para buscar mejoras.<\/p>\n","protected":false},"excerpt":{"rendered":"<p>La alineaci\u00f3n de cabezales de una impresora es un m\u00e9todo mediante el cual se logra corregir la posici\u00f3n de los cabezales de una impresora, reduciendo cualquier posibilidad de desviaci\u00f3n de l\u00edneas y colores. La mayor\u00eda de los equipos de impresi\u00f3n garantiza al menos dos formas para obtener una alineaci\u00f3n perfecta. Son alineaci\u00f3n manual y alineaci\u00f3n&hellip;&nbsp;<a href=\"https:\/\/quecartucho.es\/blog\/que-es-un-cabezal-de-impresion\/que-es-la-alineacion-de-cabezales\/\" rel=\"bookmark\">Leer m\u00e1s &raquo;<span class=\"screen-reader-text\">\u00bfQu\u00e9 es la alineaci\u00f3n de cabezales?<\/span><\/a><\/p>\n","protected":false},"author":1,"featured_media":4709,"parent":1725,"menu_order":0,"comment_status":"closed","ping_status":"closed","template":"","meta":{"neve_meta_sidebar":"","neve_meta_container":"","neve_meta_enable_content_width":"","neve_meta_content_width":0,"neve_meta_title_alignment":"","neve_meta_author_avatar":"","neve_post_elements_order":"","neve_meta_disable_header":"","neve_meta_disable_footer":"","neve_meta_disable_title":"","episode_type":"","audio_file":"","podmotor_file_id":"","podmotor_episode_id":"","cover_image":"","cover_image_id":"","duration":"","filesize":"","filesize_raw":"","date_recorded":"","explicit":"","block":"","footnotes":""},"class_list":["post-4702","page","type-page","status-publish","has-post-thumbnail","hentry"],"_links":{"self":[{"href":"https:\/\/quecartucho.es\/blog\/wp-json\/wp\/v2\/pages\/4702","targetHints":{"allow":["GET"]}}],"collection":[{"href":"https:\/\/quecartucho.es\/blog\/wp-json\/wp\/v2\/pages"}],"about":[{"href":"https:\/\/quecartucho.es\/blog\/wp-json\/wp\/v2\/types\/page"}],"author":[{"embeddable":true,"href":"https:\/\/quecartucho.es\/blog\/wp-json\/wp\/v2\/users\/1"}],"replies":[{"embeddable":true,"href":"https:\/\/quecartucho.es\/blog\/wp-json\/wp\/v2\/comments?post=4702"}],"version-history":[{"count":11,"href":"https:\/\/quecartucho.es\/blog\/wp-json\/wp\/v2\/pages\/4702\/revisions"}],"predecessor-version":[{"id":18139,"href":"https:\/\/quecartucho.es\/blog\/wp-json\/wp\/v2\/pages\/4702\/revisions\/18139"}],"up":[{"embeddable":true,"href":"https:\/\/quecartucho.es\/blog\/wp-json\/wp\/v2\/pages\/1725"}],"wp:featuredmedia":[{"embeddable":true,"href":"https:\/\/quecartucho.es\/blog\/wp-json\/wp\/v2\/media\/4709"}],"wp:attachment":[{"href":"https:\/\/quecartucho.es\/blog\/wp-json\/wp\/v2\/media?parent=4702"}],"curies":[{"name":"wp","href":"https:\/\/api.w.org\/{rel}","templated":true}]}}