{"id":4921,"date":"2020-08-14T13:57:43","date_gmt":"2020-08-14T11:57:43","guid":{"rendered":"https:\/\/quecartucho.es\/blog\/?page_id=4921"},"modified":"2020-08-14T13:57:44","modified_gmt":"2020-08-14T11:57:44","slug":"impresora-margarita","status":"publish","type":"page","link":"https:\/\/quecartucho.es\/blog\/impresoras\/impresora-margarita\/","title":{"rendered":"Impresora margarita"},"content":{"rendered":"\n<p>Una impresora de tipo margarita pose\u00eda una matriz de caracteres troquelados que se asemejaban a una margarita y es de all\u00ed precisamente de donde tom\u00f3 su nombre. Su principal objetivo era el de recopilar informaci\u00f3n digital de un ordenador para plasmarla en un recurso f\u00edsico o tangible a trav\u00e9s de un martillo que impactaba en dichos troqueles sobre una cinta de tinta.<\/p>\n\n\n\n<figure class=\"wp-block-image size-large\"><img loading=\"lazy\" decoding=\"async\" width=\"960\" height=\"720\" src=\"https:\/\/quecartucho.es\/blog\/wp-content\/uploads\/2020\/08\/Impresoras-margarita.jpg\" alt=\"Impresoras margarita\" class=\"wp-image-4926\" title=\"\" srcset=\"https:\/\/quecartucho.es\/blog\/wp-content\/uploads\/2020\/08\/Impresoras-margarita.jpg 960w, https:\/\/quecartucho.es\/blog\/wp-content\/uploads\/2020\/08\/Impresoras-margarita-300x225.jpg 300w, https:\/\/quecartucho.es\/blog\/wp-content\/uploads\/2020\/08\/Impresoras-margarita-768x576.jpg 768w\" sizes=\"auto, (max-width: 960px) 100vw, 960px\" \/><\/figure>\n\n\n\n<p>Una impresora de tipo margarita pose\u00eda una matriz de caracteres troquelados que se asemejaban a una margarita y es de all\u00ed precisamente de donde tom\u00f3 su nombre. Su principal objetivo era el de recopilar informaci\u00f3n digital de un ordenador para plasmarla en un recurso f\u00edsico o tangible a trav\u00e9s de un martillo que impactaba en dichos troqueles sobre una cinta de tinta.<\/p>\n\n\n\n<p>Aunque ya no se fabrican, fueron muy famosas en su momento porque la calidad de la impresi\u00f3n era de muy alto nivel, pese a que estas impresoras no permit\u00edan representar gr\u00e1ficos. Eran tan \u00fatiles y eficientes imprimiendo textos que se les lleg\u00f3 a conocer como \u201cimpresoras de calidad de carta\u201d.<\/p>\n\n\n\n<p>Los caracteres troquelados que se asemejaban a la flor de margarita estaban ubicados en el borde de cada una de las partes similares a los \u201cp\u00e9talos\u201d que sobresal\u00edan de su posici\u00f3n mediante el peque\u00f1o macillo que lo golpeaba sobre la cinta para que plasmara las letras en la hoja.<\/p>\n\n\n\n<p>Pese a que se utilizaron mucho durante los a\u00f1os 80 hoy en d\u00eda est\u00e1n fuera de serie, principalmente porque solo reproduc\u00edan textos, dejando a los gr\u00e1ficos totalmente fuera del escenario, \u00bfqu\u00e9 tal?<\/p>\n\n\n\n<p>Adem\u00e1s, otra de sus m\u00e1s grandes limitantes fue que solo permit\u00edan cambiar la fuente si se sustitu\u00eda todo el disco y esto era algo bastante engorroso y molesto para la mayor\u00eda de los usuarios.<\/p>\n\n\n\n<p>Sin embargo, antes de que salieran al mercado unos dispositivos m\u00e1s avanzados era posible superar las limitaciones de estos equipos en algunos casos. As\u00ed mismo, bastaba con configurarlos correctamente para lograr que se generara una imagen punto por punto con una resoluci\u00f3n de hasta 120 puntos por pulgada.<\/p>\n\n\n\n<h2 class=\"wp-block-heading\"><strong>Funcionamiento y curiosidades<\/strong><\/h2>\n\n\n\n<p>Estas impresoras pose\u00edan una rueda con letras impresas en altorrelieve de metal o pl\u00e1stico. El sistema la hac\u00eda girar hasta alinear la letra correspondiente debajo del martillo que golpeaba el papel y oprim\u00eda la cinta impregnada de tinta hasta que finalmente se generaba la impresi\u00f3n deseada.<\/p>\n\n\n\n<p>A ver, la m\u00e1quina recib\u00eda \u00f3rdenes sobre lo que deb\u00eda imprimir directamente desde un computador, luego almacenaba dicha data en una memoria RAM interna que se conoc\u00eda como Buffer y finalmente se activaba el sistema del rodaje, presi\u00f3n e impresi\u00f3n.<\/p>\n\n\n\n<p>B\u00e1sicamente operaban por medio de impacto e imprim\u00edan en un solo color. Algunas personas cre\u00edan que estos modelos eran tan arcaicos que inclusive los asemejaban con m\u00e1quinas de escribir. Adem\u00e1s, el hecho de que su operatividad fuese tan lenta y ruidosa tambi\u00e9n alimentaba esta creencia.<\/p>\n\n\n\n<p>El mayor hito de estas m\u00e1quinas fue el de poder imprimir a negritas. Pareciese tonto en los tiempos que corren, pero lo cierto es que cuando estaban en auge era algo pr\u00e1cticamente impensable.<\/p>\n\n\n\n<p>Los mecanismos para lograr esta haza\u00f1a extraordinaria eran variados. Esto era posible si se duplicaba o triplicaba el impacto ejercido en el car\u00e1cter que se quer\u00eda colocar en negrilla, o si se controlaba el proceso para impactar dos veces y lograr que el car\u00e1cter resultara m\u00e1s ancho y oscuro de lo acostumbrado.<\/p>\n\n\n\n<p>Otra t\u00e1ctica utilizada era la de retornar el carro al inicio de la l\u00ednea y sacarle provecho a la imprecisi\u00f3n del dispositivo al momento de impactar en el mismo sitio, consiguiendo as\u00ed el mismo efecto de la negrita \u00a1Ingenioso!, \u00bfcierto?<\/p>\n\n\n\n<p>Se sabe que las impresoras de m\u00e1s alta gama eran las m\u00e1s demandadas porque eran capaces de imprimir bidireccionalmente. Esto significaba que pod\u00edan aprovechar el movimiento de retorno del carro de la m\u00e1quina para escribir la l\u00ednea siguiente m\u00e1s r\u00e1pidamente.<\/p>\n\n\n\n<p>En s\u00edntesis, su funcionamiento era bastante novedoso para la \u00e9poca en que comenzaron a comercializarse en masa, pero fueron descontinuadas tan pronto se lanzaron las impresoras l\u00e1ser de muy alta calidad, as\u00ed como las de chorro de tinta, casi a principios de la d\u00e9cada de los 90.<\/p>\n\n\n\n<p>No obstante, aun existen aficionados que las usan para imprimir etiquetas adhesivas con alta precisi\u00f3n; cosa que aparentemente no es tan factible si se usan impresoras m\u00e1s avanzadas.<\/p>\n\n\n\n<h2 class=\"wp-block-heading\"><strong>Tipos de impresora de margarita<\/strong><\/h2>\n\n\n\n<h3 class=\"wp-block-heading\"><strong>Libres de impacto<\/strong><\/h3>\n\n\n\n<p>Fueron las impresoras m\u00e1s novedosas de esta serie porque no generaban un golpe contra la hoja ya que los caracteres se imprim\u00edan en la hoja mediante peque\u00f1os chorros de tinta, o a trav\u00e9s del deslizamiento de la hoja debajo de un elemento en forma de cilindro.<\/p>\n\n\n\n<h3 class=\"wp-block-heading\"><strong>De impacto<\/strong><\/h3>\n\n\n\n<p>Este sistema era casi igual al empleado por las m\u00e1quinas de escribir. En teor\u00eda funcionaban a presi\u00f3n y as\u00ed se consegu\u00eda una impresi\u00f3n lo suficientemente buena como para seguir repitiendo el proceso cada vez que se necesitaban plasmar letras o textos sobre una superficie plana.<\/p>\n\n\n\n<div class=\"wp-block-image\"><figure class=\"alignright\"><img loading=\"lazy\" decoding=\"async\" width=\"220\" height=\"225\" src=\"https:\/\/quecartucho.es\/blog\/wp-content\/uploads\/2017\/09\/impresoras-margarita-de-impacto.jpg\" alt=\"\" class=\"wp-image-1761\" title=\"\"><\/figure><\/div>\n\n\n\n<h2 class=\"wp-block-heading\"><strong>\u00bfC\u00f3mo identificarla?<\/strong><\/h2>\n\n\n\n<p>Si alguna vez visitas una tienda de antig\u00fcedades y te topas con una impresora famosa por ser bastante ruidosa y cuya apariencia te remonta a los 80\u2019s, entonces lo m\u00e1s seguro es que est\u00e9s frente a una de tipo margarita.<\/p>\n\n\n\n<p>Otras de sus caracter\u00edsticas m\u00e1s resaltantes comprenden:<\/p>\n\n\n\n<p>Su incapacidad para imprimir gr\u00e1ficos, m\u00e1s all\u00e1 de los esfuerzos de algunos usuarios de forzar esta funci\u00f3n mediante la impresi\u00f3n punto a punto.Eran dispositivos de contacto y por ende emit\u00edan ruidos molestos al funcionar.Su velocidad de impresi\u00f3n oscilaba entre 50 y 200 caracteres por segundo.Su tecnolog\u00eda de impresi\u00f3n era de impacto.Su calidad de impresi\u00f3n era conocida como \u201cde calidad de carta\u201d.Su mayor costo estaba asociado a su \u00fanico consumible: la cinta entintada. En otras palabras eran realmente econ\u00f3micas y por lo tanto llegaron a ser muy usadas en las oficinas u otros espacios comerciales antes de ser reemplazadas por las impresoras de matriz de puntos.<\/p>\n\n\n\n<h2 class=\"wp-block-heading\"><strong>Lo que debes saber<\/strong><\/h2>\n\n\n\n<p>En s\u00edntesis, estos equipos estaban formados por un martillo accionado a trav\u00e9s de un resorte que golpeaba las letras ya grabadas en una placa met\u00e1lica, una cinta entintada que facilitaba la impresi\u00f3n sobre la hoja y finalmente por un eje que giraba mediante un motor que colocaba al car\u00e1cter en frente del martillo para que imprimiera sobre <a href=\"https:\/\/quecartucho.es\/blog\/tinta-de-impresion\/\" class=\"rank-math-link\"><strong>la tinta<\/strong><\/a>.<\/p>\n\n\n\n<p>Siempre fueron menos avanzadas y funcionales que las <strong>impresoras matriciales<\/strong> que eran capaces de imprimir gr\u00e1ficos y varios tipos de letras. Con estos equipos las letras se obten\u00edan mediante un proceso de selecci\u00f3n de puntos desde una matriz que era capaz de generar diversas fuentes y gr\u00e1ficas en general.<\/p>\n\n\n\n<p>Sin embargo, al ser de impacto tambi\u00e9n generaban mucho ruido durante su operatividad; tanto as\u00ed que muchas veces era necesario usar una carcasa o escudo aislante para no molestar o incomodar a los dem\u00e1s.<\/p>\n\n\n\n<h2 class=\"wp-block-heading\"><strong>Cosa del pasado<\/strong><\/h2>\n\n\n\n<p>Las impresoras de matriz de punto demostraron ser un poco m\u00e1s novedosas que las de margarita, pero sus desventajas, como una resoluci\u00f3n de impresi\u00f3n a color bastante limitada, un resultado de poca calidad y un m\u00e9todo de trabajo realmente lento hicieron que perdieran popularidad.<\/p>\n\n\n\n<p>De modo que cuando se inund\u00f3 el mercado con <a href=\"https:\/\/quecartucho.es\/blog\/impresoras\/laser-mejor\/\" class=\"rank-math-link\">impresoras l\u00e1ser<\/a> o de chorro de tinta ambas impresoras quedaron descontinuadas y en desuso total. As\u00ed mismo, estas impresoras no eran del todo pr\u00e1cticas y eso contribuy\u00f3 a que dejaran de fabricarse en un periodo relativamente corto \u2013poco m\u00e1s de una d\u00e9cada-.<\/p>\n\n\n\n<p>Como ver\u00e1s, atr\u00e1s quedaron las impresiones ruidosas, lentas y tediosas como las que se obten\u00edan con estos equipos, y hoy en d\u00eda es impensable verlos en recintos empresariales o dom\u00e9sticos o comerciales.<\/p>\n","protected":false},"excerpt":{"rendered":"<p>Una impresora de tipo margarita pose\u00eda una matriz de caracteres troquelados que se asemejaban a una margarita y es de all\u00ed precisamente de donde tom\u00f3 su nombre. Su principal objetivo era el de recopilar informaci\u00f3n digital de un ordenador para plasmarla en un recurso f\u00edsico o tangible a trav\u00e9s de un martillo que impactaba en&hellip;&nbsp;<a href=\"https:\/\/quecartucho.es\/blog\/impresoras\/impresora-margarita\/\" rel=\"bookmark\">Leer m\u00e1s &raquo;<span class=\"screen-reader-text\">Impresora margarita<\/span><\/a><\/p>\n","protected":false},"author":1,"featured_media":4925,"parent":1737,"menu_order":0,"comment_status":"closed","ping_status":"closed","template":"","meta":{"neve_meta_sidebar":"","neve_meta_container":"","neve_meta_enable_content_width":"","neve_meta_content_width":0,"neve_meta_title_alignment":"","neve_meta_author_avatar":"","neve_post_elements_order":"","neve_meta_disable_header":"","neve_meta_disable_footer":"","neve_meta_disable_title":"","episode_type":"","audio_file":"","podmotor_file_id":"","podmotor_episode_id":"","cover_image":"","cover_image_id":"","duration":"","filesize":"","filesize_raw":"","date_recorded":"","explicit":"","block":"","footnotes":""},"class_list":["post-4921","page","type-page","status-publish","has-post-thumbnail","hentry"],"_links":{"self":[{"href":"https:\/\/quecartucho.es\/blog\/wp-json\/wp\/v2\/pages\/4921","targetHints":{"allow":["GET"]}}],"collection":[{"href":"https:\/\/quecartucho.es\/blog\/wp-json\/wp\/v2\/pages"}],"about":[{"href":"https:\/\/quecartucho.es\/blog\/wp-json\/wp\/v2\/types\/page"}],"author":[{"embeddable":true,"href":"https:\/\/quecartucho.es\/blog\/wp-json\/wp\/v2\/users\/1"}],"replies":[{"embeddable":true,"href":"https:\/\/quecartucho.es\/blog\/wp-json\/wp\/v2\/comments?post=4921"}],"version-history":[{"count":3,"href":"https:\/\/quecartucho.es\/blog\/wp-json\/wp\/v2\/pages\/4921\/revisions"}],"predecessor-version":[{"id":4927,"href":"https:\/\/quecartucho.es\/blog\/wp-json\/wp\/v2\/pages\/4921\/revisions\/4927"}],"up":[{"embeddable":true,"href":"https:\/\/quecartucho.es\/blog\/wp-json\/wp\/v2\/pages\/1737"}],"wp:featuredmedia":[{"embeddable":true,"href":"https:\/\/quecartucho.es\/blog\/wp-json\/wp\/v2\/media\/4925"}],"wp:attachment":[{"href":"https:\/\/quecartucho.es\/blog\/wp-json\/wp\/v2\/media?parent=4921"}],"curies":[{"name":"wp","href":"https:\/\/api.w.org\/{rel}","templated":true}]}}