{"id":5377,"date":"2020-08-20T09:02:04","date_gmt":"2020-08-20T07:02:04","guid":{"rendered":"https:\/\/quecartucho.es\/blog\/?page_id=5377"},"modified":"2020-08-20T09:04:00","modified_gmt":"2020-08-20T07:04:00","slug":"cortafuegos-en-la-impresora","status":"publish","type":"page","link":"https:\/\/quecartucho.es\/blog\/cortafuegos-en-la-impresora\/","title":{"rendered":"Cortafuegos en la impresora, \u00bfQu\u00e9 es y para qu\u00e9 sirve?"},"content":{"rendered":"\n<p><strong>Cortafuegos <\/strong>o <strong>Firewall <\/strong>es un software de seguridad que permite un r\u00e1pido y eficiente bloqueo de amenazas externas en la red. Este dispositivo de seguridad est\u00e1 integrado a los equipos modernos y act\u00faa directamente en las impresoras restringiendo su comunicaci\u00f3n con el resto del sistema.<\/p>\n\n\n\n<p>Muchas <a href=\"https:\/\/quecartucho.es\/blog\/impresoras\/multifuncion\/\" target=\"_blank\" aria-label=\" (opens in a new tab)\" rel=\"noreferrer noopener\" class=\"rank-math-link\"><strong>impresoras multifunci\u00f3n wifi<\/strong><\/a> de gama alta ya llevan integrado un propio firewall de hardware, y se esta convirtiendo un extra a tener muy en cuenta a la hora de <a href=\"https:\/\/quecartucho.es\/blog\/impresoras\/saber-comprar-una-impresora\/\" target=\"_blank\" aria-label=\" (opens in a new tab)\" rel=\"noreferrer noopener\" class=\"rank-math-link\">comprar una nueva impresora<\/a>.<\/p>\n\n\n\n<p>Si el t\u00e9rmino no te es familiar, entonces presta mucha atenci\u00f3n a este art\u00edculo porque aqu\u00ed te diremos qu\u00e9 es, para qu\u00e9 sirve y c\u00f3mo interviene en el desempe\u00f1o de una impresora.<\/p>\n\n\n\n<h2 class=\"wp-block-heading\"><strong>\u00bfQu\u00e9 es cortafuegos o firewall?<\/strong><\/h2>\n\n\n\n<p>B\u00e1sicamente es un sistema de barreras que act\u00faa en resguardo de una impresora, ordenador, tablet o smartphone, ante cualquier amenaza de <strong>malware<\/strong>.<\/p>\n\n\n\n<p>Es posible encontrarlos en software o f\u00edsicos, siendo este \u00faltimo el m\u00e9todo utilizado por las grandes compa\u00f1\u00edas para la protecci\u00f3n de sus servidores. Entre las ventajas m\u00e1s destacadas est\u00e1n:<\/p>\n\n\n\n<ul class=\"wp-block-list\"><li>La protecci\u00f3n de cualquier ordenador de accesos que no se encuentran acreditados por el sistema, evitando la intromisi\u00f3n de hackers.<\/li><li>Hace mucho m\u00e1s segura la experiencia de juegos online de los <em>gamers<\/em>, bloqueando los intentos piratas inform\u00e1ticos y otros problemas relacionados.<\/li><li>Un firewall o cortafuegos perfectamente instalado es capaz de bloquear mensajes, cuyo contenido no es deseado por el usuario.<\/li><li>Bloquea aquellos contenidos no adecuados.<\/li><\/ul>\n\n\n\n<div class=\"wp-block-image\"><figure class=\"aligncenter size-large\"><img loading=\"lazy\" decoding=\"async\" width=\"690\" height=\"355\" src=\"https:\/\/quecartucho.es\/blog\/wp-content\/uploads\/2020\/08\/Cortafuegos-en-una-impresora.jpg\" alt=\"Cortafuegos en una impresora\" class=\"wp-image-5380\" title=\"\" srcset=\"https:\/\/quecartucho.es\/blog\/wp-content\/uploads\/2020\/08\/Cortafuegos-en-una-impresora.jpg 690w, https:\/\/quecartucho.es\/blog\/wp-content\/uploads\/2020\/08\/Cortafuegos-en-una-impresora-300x154.jpg 300w\" sizes=\"auto, (max-width: 690px) 100vw, 690px\" \/><\/figure><\/div>\n\n\n\n<h2 class=\"wp-block-heading\"><strong>Cortafuegos en una impresora<\/strong><\/h2>\n\n\n\n<p>Como ya hemos hecho referencia, el cortafuegos como servidor de seguridad puede interferir en una impresora. Impide la comunicaci\u00f3n entre este equipo y el resto de los sistemas inform\u00e1ticos emparejados.<\/p>\n\n\n\n<p><strong>Si has instalado un firewall, es posible que surjan algunos de estos inconvenientes en tu impresora:<\/strong><\/p>\n\n\n\n<ul class=\"wp-block-list\"><li>Impide la correcta instalaci\u00f3n de software de impresoras.<\/li><li>Notar\u00e1s que algunas de las funciones del equipo est\u00e1n activas, mientras que otras no.<\/li><li>Si tienes \u00e9xito durante la instalaci\u00f3n de la impresora, <strong>es posible que no la encuentres en la red<\/strong>.<\/li><li>La impresora podr\u00eda dejar de funcionar de manera repentina.<\/li><li>Si la impresora est\u00e1 conectada a la red, aparecer\u00e1 en el sistema como <strong>No Conectada. <\/strong>De hecho, ser\u00e1 imposible ver el estado de la impresora desde el ordenador.<\/li><\/ul>\n\n\n\n<h2 class=\"wp-block-heading\"><strong>\u00bfC\u00f3mo solucionar este problema?<\/strong><\/h2>\n\n\n\n<p>Cuando la comunicaci\u00f3n entre la impresora y la PC queda totalmente bloqueada a causa de cortafuegos o firewalls, hay protocolos o reglas que puedes aplicar para solucionar el problema:<\/p>\n\n\n\n<p>Si el cortafuegos de Bitdefender es el origen del inconveniente, lo normal es crear una nueva regla <em>Gravity Zone Control Center; <\/em>a la vez que requiere de la edici\u00f3n de otras configuraciones.<\/p>\n\n\n\n<ul class=\"wp-block-list\"><li>Para iniciar la habilitaci\u00f3n de una impresora al sistema lo primero que debes hacer es iniciar sesi\u00f3n a trav\u00e9s del sistema <em>Gravity Zone Control Center.<\/em><\/li><li>En el apartado de <strong>Pol\u00edticas, <\/strong>clica sobre las pol\u00edticas que son aplicadas a todos aquellos endpoints, a fin de editarlos.<\/li><li>Ir directamente a la opci\u00f3n de <strong>Cortafuego &gt; Configuraci\u00f3n. <\/strong>Luego, en la columna identificada como <strong>Detecci\u00f3n de RED, <\/strong>la cual podr\u00e1s encontrar en el apartado <strong>Adaptadores, <\/strong>selecciona la opci\u00f3n <strong>S\u00cd <\/strong>de todos los adaptadores.<\/li><li>Luego ir directo hasta <strong>Cortafuego &gt; Reglas.<\/strong><\/li><li>Una vez en la opci\u00f3n <strong>Reglas, <\/strong>escoge <strong>A\u00f1adir <\/strong>y selecciona <strong>Aplicaciones. <\/strong>A continuaci\u00f3n, ver\u00e1s en pantalla una ventana de configuraci\u00f3n propia de la regla del firewall.<\/li><li>Ahora corresponde completar la siguiente informaci\u00f3n: <strong>Nombre de regla, ruta aplicaci\u00f3n, direcci\u00f3n local <\/strong>y <strong>direcci\u00f3n remota.<\/strong><\/li><li>Para agregar la regla de firewall tendr\u00e1s que ciclar en la opci\u00f3n <strong>Guardar.<\/strong><\/li><li>Luego en la columna identificada como <strong>Permiso <\/strong>habr\u00e1 que establecer la <strong>Impresi\u00f3n en la Red.<\/strong><\/li><li>Despu\u00e9s de elegir la opci\u00f3n guardar, verifica, ahora s\u00ed, el buen funcionamiento del equipo de impresi\u00f3n.<\/li><\/ul>\n\n\n\n<figure class=\"wp-block-embed-youtube wp-block-embed is-type-video is-provider-youtube wp-embed-aspect-4-3 wp-has-aspect-ratio\"><div class=\"wp-block-embed__wrapper\">\n<div class=\"nv-iframe-embed\"><iframe loading=\"lazy\" title=\"Problemas de Impresora en Red - Firewall\" width=\"1200\" height=\"900\" src=\"https:\/\/www.youtube.com\/embed\/bOpoXF51Zho?feature=oembed\" frameborder=\"0\" allow=\"accelerometer; autoplay; encrypted-media; gyroscope; picture-in-picture\" allowfullscreen><\/iframe><\/div>\n<\/div><\/figure>\n\n\n\n<h3 class=\"wp-block-heading\"><strong>\u00bfQu\u00e9 hacer si el problema se presenta en una impresora HP?<\/strong><\/h3>\n\n\n\n<p>Si tu impresora es de HP y presenta inconvenientes generados por cortafuegos, debes aplicar los siguientes pasos para hallar una soluci\u00f3n:<\/p>\n\n\n\n<ul class=\"wp-block-list\"><li>A trav\u00e9s de la aplicaci\u00f3n <strong>HP Print and Scan Doctor <\/strong>desactiva el cortafuegos de forma temporal.<\/li><li>Clica la opci\u00f3n <strong>RED <\/strong>y luego en <strong>Soluci\u00f3n de problemas de firewall.<\/strong><\/li><li>Ahora clica justo en el nombre de los firewall cuyo estado est\u00e9 <strong>Activado <\/strong>para desactivarlos. Todos los cortafuegos deben estar inhabilitados.<\/li><li>Ahora tendr\u00e1s que instalar el software de la impresora o ponerla en funcionamiento para conocer su comportamiento.<\/li><li>Si escoges <strong>volver a instalar<\/strong>, activa cortafuegos a trav\u00e9s de Print and Scan Doctor despu\u00e9s de que culmine el proceso.<\/li><li>Ahora si elige poner en funcionamiento la m\u00e1quina y esta trabaja sin complicaciones, activa el cortafuegos a trav\u00e9s de la aplicaci\u00f3n Print and Scan Doctor. Despu\u00e9s, ajusta el firewall de tal manera que admita los programas propios de HP.<\/li><\/ul>\n\n\n\n<p>Si con eso no se soluciona puedes consultar la documentaci\u00f3n oficial de hp. <a href=\"https:\/\/support.hp.com\/es-es\/document\/c03458682\" target=\"_blank\" aria-label=\"Impresoras HP - El firewall bloquea la instalaci\u00f3n del controlador o la funcionalidad de la impresora (Windows)  (opens in a new tab)\" rel=\"noreferrer noopener nofollow\" class=\"rank-math-link\">Impresoras HP &#8211; El firewall bloquea la instalaci\u00f3n del controlador o la funcionalidad de la impresora (Windows) <\/a><\/p>\n\n\n\n<h2 class=\"wp-block-heading\"><strong>\u00bfQu\u00e9 debo saber si un equipo tiene firewall o cortafuegos instalados?<\/strong><\/h2>\n\n\n\n<p>Si tu equipo tiene un firewall instalados, hay que tomar en cuenta los siguientes elementos:<\/p>\n\n\n\n<ul class=\"wp-block-list\"><li>Como ya hemos hecho referencia, un cortafuegos o firewall limita o bloquea por completo la comunicaci\u00f3n entre un ordenador y una impresora.<\/li><li>Al momento de configurar una impresora, el sistema pedir\u00e1 activar o desactivar cualquier comunicaci\u00f3n. Nuestra recomendaci\u00f3n es ir por la primera alternativa.<\/li><li>Si est\u00e1s utilizando servidores como IJ Network Tool, pudiera ser que el mismo sistema solicita la activaci\u00f3n o desactivaci\u00f3n de las comunicaciones. Todo depender\u00e1 de las funciones utilizadas por el cortafuegos, pero en cualquier caso escoge la primera opci\u00f3n.<\/li><li>Si es dif\u00edcil la configuraci\u00f3n de la impresora al ordenador, opta por la desactivaci\u00f3n del firewall del sistema operativo donde est\u00e1 instalado.<\/li><li>Actualmente, existe un sinn\u00famero de aplicaciones capaces de sustituir la configuraci\u00f3n del cortafuegos. Verifica que en verdad estas aplicaciones hayan sido instaladas.<\/li><li>Si su impresora funciona mediante la funci\u00f3n <strong>Obtener Direcci\u00f3n IP de forma autom\u00e1tica, <\/strong>la direcci\u00f3n IP ir\u00e1 cambiando toda vez que el equipo de impresi\u00f3n se conecte al ordenador. Siendo este tu caso, la recomendaci\u00f3n es <strong>ajustar el firewall o colocar una Direcci\u00f3n IP fija a la impresora<\/strong>.<\/li><\/ul>\n\n\n\n<p>Tomando en cuenta estos elementos, tendr\u00e1s informaci\u00f3n \u00fatil acerca del comportamiento de tu equipo y podr\u00e1s solventar problemas mucho m\u00e1s r\u00e1pidos para garantizar un buen funcionamiento en todo momento.<\/p>\n\n\n\n<h2 class=\"wp-block-heading\"><strong>Tipos de firewalls o cortafuegos<\/strong><\/h2>\n\n\n\n<p>Actualmente existen dos tipos de firewalls o cortafuegos y aqu\u00ed hablaremos de cada uno de ellos:<\/p>\n\n\n\n<h3 class=\"wp-block-heading\"><em><strong>Por Hardware<\/strong><\/em><\/h3>\n\n\n\n<p>Es un sistema que se instala directamente en los routers que permiten un acceso r\u00e1pido y seguro a Internet. En tal sentido, todos los equipos que funcionan detr\u00e1s de dicho routers estar\u00e1n protegidos por el cortafuegos.<\/p>\n\n\n\n<p>Toma en cuenta que la mayor\u00eda de los routers posee un sistema de firewall instalado. Si decides comprar uno, aseg\u00farate de que disponga de este servidor de seguridad, puesto a que su posterior colocaci\u00f3n es bastante compleja.<\/p>\n\n\n\n<h3 class=\"wp-block-heading\"><em><strong>Por Software<\/strong><\/em><\/h3>\n\n\n\n<p>Se trata de software a los que puedes acceder de forma gratuita. Son servidores sumamente b\u00e1sicos listos para ser instalados en computadoras personales. Los firewalls de este tipo est\u00e1n capacitados para bloquear informaci\u00f3n de red siempre que sea necesario.<\/p>\n\n\n\n<p>Los cortafuegos pagos cumplen con la misma funci\u00f3n, aunque son superiores en cuanto al trabajo de control y protecci\u00f3n de sistemas de red.<\/p>\n\n\n\n<p>Este tipo de servicios son utilizados, sobre todo en peque\u00f1as y medianas empresas para la protecci\u00f3n de su organizaci\u00f3n. Es que los firewalls gratuitos no cuentan con las mismas funcionalidades.<\/p>\n\n\n\n<h2 class=\"wp-block-heading\"><strong>Conclusi\u00f3n<\/strong><\/h2>\n\n\n\n<p>Los firewalls o cortafuegos son servicios de protecci\u00f3n inform\u00e1tica indispensables, instaladas a gran escala a d\u00eda de hoy. Inciden directamente en el desempe\u00f1o de la impresora, por lo que si este equipo presenta problemas a causa de ellos debes buscar la mejor soluci\u00f3n.<\/p>\n","protected":false},"excerpt":{"rendered":"<p>Cortafuegos o Firewall es un software de seguridad que permite un r\u00e1pido y eficiente bloqueo de amenazas externas en la red. Este dispositivo de seguridad est\u00e1 integrado a los equipos modernos y act\u00faa directamente en las impresoras restringiendo su comunicaci\u00f3n con el resto del sistema. Muchas impresoras multifunci\u00f3n wifi de gama alta ya llevan integrado&hellip;&nbsp;<a href=\"https:\/\/quecartucho.es\/blog\/cortafuegos-en-la-impresora\/\" rel=\"bookmark\">Leer m\u00e1s &raquo;<span class=\"screen-reader-text\">Cortafuegos en la impresora, \u00bfQu\u00e9 es y para qu\u00e9 sirve?<\/span><\/a><\/p>\n","protected":false},"author":1,"featured_media":5379,"parent":0,"menu_order":0,"comment_status":"closed","ping_status":"closed","template":"","meta":{"neve_meta_sidebar":"","neve_meta_container":"","neve_meta_enable_content_width":"","neve_meta_content_width":0,"neve_meta_title_alignment":"","neve_meta_author_avatar":"","neve_post_elements_order":"","neve_meta_disable_header":"","neve_meta_disable_footer":"","neve_meta_disable_title":"","episode_type":"","audio_file":"","podmotor_file_id":"","podmotor_episode_id":"","cover_image":"","cover_image_id":"","duration":"","filesize":"","filesize_raw":"","date_recorded":"","explicit":"","block":"","footnotes":""},"class_list":["post-5377","page","type-page","status-publish","has-post-thumbnail","hentry"],"_links":{"self":[{"href":"https:\/\/quecartucho.es\/blog\/wp-json\/wp\/v2\/pages\/5377","targetHints":{"allow":["GET"]}}],"collection":[{"href":"https:\/\/quecartucho.es\/blog\/wp-json\/wp\/v2\/pages"}],"about":[{"href":"https:\/\/quecartucho.es\/blog\/wp-json\/wp\/v2\/types\/page"}],"author":[{"embeddable":true,"href":"https:\/\/quecartucho.es\/blog\/wp-json\/wp\/v2\/users\/1"}],"replies":[{"embeddable":true,"href":"https:\/\/quecartucho.es\/blog\/wp-json\/wp\/v2\/comments?post=5377"}],"version-history":[{"count":4,"href":"https:\/\/quecartucho.es\/blog\/wp-json\/wp\/v2\/pages\/5377\/revisions"}],"predecessor-version":[{"id":5384,"href":"https:\/\/quecartucho.es\/blog\/wp-json\/wp\/v2\/pages\/5377\/revisions\/5384"}],"wp:featuredmedia":[{"embeddable":true,"href":"https:\/\/quecartucho.es\/blog\/wp-json\/wp\/v2\/media\/5379"}],"wp:attachment":[{"href":"https:\/\/quecartucho.es\/blog\/wp-json\/wp\/v2\/media?parent=5377"}],"curies":[{"name":"wp","href":"https:\/\/api.w.org\/{rel}","templated":true}]}}