{"id":6270,"date":"2020-09-16T08:06:57","date_gmt":"2020-09-16T06:06:57","guid":{"rendered":"https:\/\/quecartucho.es\/blog\/?page_id=6270"},"modified":"2020-09-16T08:22:00","modified_gmt":"2020-09-16T06:22:00","slug":"como-escanear-desde-el-movil","status":"publish","type":"page","link":"https:\/\/quecartucho.es\/blog\/como-escanear-desde-el-movil\/","title":{"rendered":"\u00bfC\u00f3mo escanear desde el m\u00f3vil?"},"content":{"rendered":"\n<h2 class=\"wp-block-heading\">Escanear desde el m\u00f3vil<\/h2>\n\n\n\n<p>Muchas veces hemos tenido la necesidad de enviar un documento por correo electr\u00f3nico o sencillamente cargarlo a cualquier plataforma digital, pero una simple fotograf\u00eda no garantiza la calidad que se necesita. Para estos casos y si no tienes una <a href=\"https:\/\/quecartucho.es\/blog\/impresoras\/multifuncion\/\" class=\"rank-math-link\">impresora multinacional<\/a> a mano, lo m\u00e1s recomendable es escanear el archivo<strong>, imagen, documento de identidad o factura a trav\u00e9s de tu tel\u00e9fono m\u00f3vil<\/strong>, a fin de lograr un resultado mucho m\u00e1s optimizado.<\/p>\n\n\n\n<figure class=\"wp-block-embed-youtube wp-block-embed is-type-video is-provider-youtube wp-embed-aspect-16-9 wp-has-aspect-ratio\"><div class=\"wp-block-embed__wrapper\">\n<div class=\"nv-iframe-embed\"><iframe loading=\"lazy\" title=\"C\u00f3mo ESCANEAR documentos con tu M\u00d3VIL (iOS y Android)\" width=\"1200\" height=\"675\" src=\"https:\/\/www.youtube.com\/embed\/d6plJ4hpASk?feature=oembed\" frameborder=\"0\" allow=\"accelerometer; autoplay; clipboard-write; encrypted-media; gyroscope; picture-in-picture\" allowfullscreen><\/iframe><\/div>\n<\/div><\/figure>\n\n\n\n<p>S\u00ed, ahora no tendr\u00e1s que adquirir un aparato especialmente dise\u00f1ado para el cumplimiento de esta importante misi\u00f3n, ya que gracias a tu smartphone podr\u00e1s descargar aplicaciones que garantizan un escaneado m\u00e1s que efectivo sin tener que lidiar con engorrosas impresoras.<\/p>\n\n\n\n<p>Contin\u00faa con nosotros y te revelaremos cu\u00e1les son las APP disponibles para esta funci\u00f3n y c\u00f3mo escanear desde el m\u00f3vil de forma r\u00e1pida, sencilla y gratuita. Si tienes un iPhone ya la tienes instalada, solo has de ir a notas y pulsar la c\u00e1mara si tienes un android presta mucha atenci\u00f3n\u2026<\/p>\n\n\n\n<h2 class=\"wp-block-heading\"><strong>Descarga la aplicaci\u00f3n m\u00f3vil de tu preferencia<\/strong><\/h2>\n\n\n\n<p>Actualmente los smartphone disponen de funciones que por defecto permiten a un usuario escanear cualquier tipo de documentos. Pero tambi\u00e9n puedes descargar aplicaciones especialmente dise\u00f1adas para cumplir con esta funci\u00f3n, ya sea desde APP Store si tienes un iPhone o a trav\u00e9s de Google Play para un Android. Aqu\u00ed te diremos cu\u00e1les son las que a nuestro juicio pueden ser una excelente opci\u00f3n para escanear desde el m\u00f3vil.<\/p>\n\n\n\n<ol class=\"wp-block-list\"><li><em><strong>Google Drive Scanrer<\/strong><\/em><\/li><\/ol>\n\n\n\n<p>El esc\u00e1ner de Google Drive se encuentra incorporado por defecto a esta aplicaci\u00f3n m\u00f3vil. Esto permite un uso mucho m\u00e1s r\u00e1pido, \u00e1gil y f\u00e1cil de esta importante funci\u00f3n.<\/p>\n\n\n\n<p>\u00bfQue c\u00f3mo lo consigo? Sencillo, pues solo debes entrar directamente a la APP y luego pinchar el bot\u00f3n <strong>+. <\/strong>De esta manera estar\u00e1s agregando un nuevo archivo para luego seleccionar la opci\u00f3n de <strong>Escanear.<\/strong><\/p>\n\n\n\n<p>El siguiente paso es la activaci\u00f3n autom\u00e1tica de la c\u00e1mara, lo que indicar\u00e1 que ahora podr\u00e1s encuadrar la imagen o documento seleccionado a trav\u00e9s de una cuadr\u00edcula que ver\u00e1s en pantalla.<\/p>\n\n\n\n<p>Tienes la opci\u00f3n de guardar la imagen. Si te decides por esta alternativa, el documento escaneado quedar\u00e1 almacenado directamente en Google Drive. Esta herramienta est\u00e1 disponible \u00fanicamente para Android y hasta ahora no es posible la edici\u00f3n del material escaneado.<\/p>\n\n\n\n<ol class=\"wp-block-list\" start=\"2\"><li><em><strong>Microsoft Office Lens<\/strong><\/em><\/li><\/ol>\n\n\n\n<p>Se trata de una aplicaci\u00f3n de f\u00e1cil utilizaci\u00f3n que est\u00e1 disponible para sistemas operativos como <strong>Android, iPhone y Windows Phone. <\/strong>Para ponerlo en funcionamiento, lo primero que debes hacer es abrir la APP, activando de manera autom\u00e1tica la c\u00e1mara con la que har\u00e1s scan.<\/p>\n\n\n\n<p>Ver\u00e1s c\u00f3mo el propio sistema rodear\u00e1 la imagen o documento seleccionado y enfocado <strong>con un margen color blanco.<\/strong><\/p>\n\n\n\n<p>Cuando est\u00e9s completamente seguro que el enfoque sea el adecuado, haz captura pinchando el bot\u00f3n en forma de c\u00e1mara. La imagen quedar\u00e1 guardada de forma autom\u00e1tica en <strong>formatos PDF en One Drive y en PNG en la memoria del smartphone.<\/strong><\/p>\n\n\n\n<p>Toma en cuenta que esta aplicaci\u00f3n carece de buenas herramientas para la edici\u00f3n del documento escaneado.<\/p>\n\n\n\n<ol class=\"wp-block-list\" start=\"3\"><li><em><strong>Evernote Scannable<\/strong><\/em><\/li><\/ol>\n\n\n\n<p>Si haz incorporado en tu tel\u00e9fono m\u00f3vil la aplicaci\u00f3n Evernote, tendr\u00e1s a disposici\u00f3n la funci\u00f3n de escaneo desde la misma APP. Despu\u00e9s de llevar a cabo el trabajo, el documento o imagen quedar\u00e1 almacenado en las libretas y notas creadas.<\/p>\n\n\n\n<p>Lo importante es que tendr\u00e1s oportunidad de compartir o descargar en tu celular. Usar es bastante sencillo. S\u00ed, lo primero que debes hacer es abrir la aplicaci\u00f3n y seleccionar la opci\u00f3n de <strong>tomar una fotograf\u00eda.<\/strong><\/p>\n\n\n\n<p>El sistema enfocar\u00e1 el documento y luego har\u00e1 la foto de manera autom\u00e1tica. A continuaci\u00f3n, guarda el resultado, comp\u00e1rtelo o desc\u00e1rgalo.<\/p>\n\n\n\n<ol class=\"wp-block-list\" start=\"4\"><li><em><strong>CamScanner<\/strong><\/em><\/li><\/ol>\n\n\n\n<p>Para muchos, es una de las mejores aplicaciones para escanear documentos. Ponlo en funcionamiento abriendo la APP, luego haz captura del documento enfocado pinchando el s\u00edmbolo de la c\u00e1mara.<\/p>\n\n\n\n<p>El sistema ajustar\u00e1 la imagen de manera autom\u00e1tica para su recorte, pero tambi\u00e9n puedes hacerlo manualmente si crees que puedes mejorarlo por cuenta propia.<\/p>\n\n\n\n<p>Entre las funciones disponibles para la optimizaci\u00f3n de la imagen est\u00e1n: <strong>realce abajo, realce arriba, blanco y negro y escala de grises<\/strong>.<\/p>\n\n\n\n<p>Despu\u00e9s de hacer la edici\u00f3n de la imagen puedes guardar en la memoria de tu celular o compartir a trav\u00e9s de formatos JPG y PDF.<\/p>\n\n\n\n<p>Disponible para sistemas operativos como iOS y Android, CamScanner cuenta con una versi\u00f3n gratuita que dispone de funciones b\u00e1sicas; pero tambi\u00e9n de una versi\u00f3n paga que incluye una herramienta llamada OCR, la cual busca partes puntuales de la imagen escaneada.<\/p>\n\n\n\n<ol class=\"wp-block-list\" start=\"5\"><li><em><strong>Genius Scan<\/strong><\/em><\/li><\/ol>\n\n\n\n<p>Se trata de una opci\u00f3n gratuita que puedes descargar desde Google Play para iOS o Play Store para Android. Genius Scan tambi\u00e9n es f\u00e1cil de usar y garantiza excelentes resultados.<\/p>\n\n\n\n<p>Empieza abriendo la aplicaci\u00f3n y enfocando el documento, factura o imagen que deseas escanear. Despu\u00e9s pincha el s\u00edmbolo de la c\u00e1mara para hacer la captura y edita la imagen a trav\u00e9s de las herramientas disponibles.<\/p>\n\n\n\n<p>Tras culminar el trabajo, el sistema consultar\u00e1 si deseas convertir la imagen en formatos JPEG o PDF.<\/p>\n\n\n\n<p><strong>Genius Scan <\/strong>tambi\u00e9n incluye una poderosa funci\u00f3n de <strong>escaneo masivo <\/strong>perfecto para diferentes documentos o im\u00e1genes. Pero es especialmente valorado porque es capaz de detectar marcos en p\u00e1ginas y grapados, para luego corregir el defecto.<\/p>\n\n\n\n<ol class=\"wp-block-list\" start=\"6\"><li><em><strong>Simple Scan (Android); Easy Scan (iOS)<\/strong><\/em><\/li><\/ol>\n\n\n\n<p>Aplicaciones para distintos sistemas operativos pero con funciones similares, las cuales se han convertido en una de las favoritas de los usuarios para el escaneo eficiente de im\u00e1genes y documentos.<\/p>\n\n\n\n<p>Lo mejor es que puedes editar fondos desde un gris intenso hasta un blanco mucho m\u00e1s neutro.<\/p>\n\n\n\n<p>Un punto a favor es que puedes agregar stickers, enviar por correo electr\u00f3nico o cargar en la nube a trav\u00e9s de aplicaciones como <strong>Google Drive, Dropbox, Box o iCloud.<\/strong><\/p>\n\n\n\n<p>Abre la aplicaci\u00f3n, enfoca la imagen o documento seleccionado para escanear, luego pincha el s\u00edmbolo de imagen y listo.<\/p>\n\n\n\n<p>Despu\u00e9s editas seg\u00fan tus necesidades y requerimientos, y almacena en la memoria del smartphone. Se trata de una de las APP m\u00e1s complejas de nuestra lista.<\/p>\n\n\n\n<h2 class=\"wp-block-heading\"><strong>Ventajas de escanear a trav\u00e9s de un smartphone<\/strong><\/h2>\n\n\n\n<p>Escanear un documento, factura, imagen o cualquier otro elemento a trav\u00e9s de funciones o aplicaciones desde tu tel\u00e9fono celular garantiza una serie de ventajas, las cuales conocer\u00e1s a continuaci\u00f3n:<\/p>\n\n\n\n<ul class=\"wp-block-list\"><li>Ya no tendr\u00e1s que disponer de engorrosos aparatos como impresoras multifuncionales para llevar a cabo el procedimiento.<\/li><li>Escanear a trav\u00e9s del m\u00f3vil es mucho m\u00e1s f\u00e1cil, r\u00e1pido y econ\u00f3mico. Siempre que sean un documento, si vas a tener que escanear mucho o de forma muy frecuente te saldr\u00e1 mejor un escaner ADF, o una <a href=\"https:\/\/quecartucho.es\/blog\/impresoras-review\/escaner-adf\/\" class=\"rank-math-link\">impresora con esc\u00e1ner ADF<\/a>.<\/li><li>Garantiza un ahorro sustancial del espacio.<\/li><li>Es mucho m\u00e1s f\u00e1cil compartir archivos escaneados con tu lista de contacto, ya sea a trav\u00e9s de correo electr\u00f3nico, nube o aplicaciones de mensajer\u00eda instant\u00e1nea.<\/li><li>Puedes editar los documentos escaneados seg\u00fan tus necesidades y requerimientos.<\/li><li>Llevar\u00e1s siempre contigo los documentos, im\u00e1genes y facturas escaneadas, ya que quedar\u00e1n almacenadas en la memoria de tu smartphone.<\/li><li>Puedes descargar la aplicaci\u00f3n que mejor se ajuste a tus necesidades y la que se haga mucho m\u00e1s f\u00e1cil de manipular.<\/li><li>Al no tener que dejar conectado el celular de manera permanente a un toma de corriente, ahorrar\u00e1s mucho m\u00e1s energ\u00eda.<\/li><\/ul>\n\n\n\n<h2 class=\"wp-block-heading\"><strong>Conclusi\u00f3n<\/strong><\/h2>\n\n\n\n<p><strong>Escanear desde un m\u00f3vil es bastante f\u00e1cil y seguro<\/strong>. Lo primero que debes hacer es descargar la aplicaci\u00f3n de tu preferencia o usar las funciones predeterminadas de tu smartphone para lograr buenos resultados.<\/p>\n\n\n\n<p>Puedes seguir las recomendaciones de este post para que el trabajo de escanear a trav\u00e9s de un m\u00f3vil o tablet sea mucho m\u00e1s sencillo y eficiente.<\/p>\n\n\n\n<p>Este procedimiento deja muchas ventajas las cuales debes aprovechar, as\u00ed que si te ves en la obligaci\u00f3n de utilizar el esc\u00e1ner para trabajar documentos o archivos y mejorar su calidad, entonces piensa en la alternativa que acabamos de ofrecer.<\/p>\n","protected":false},"excerpt":{"rendered":"<p>Escanear desde el m\u00f3vil Muchas veces hemos tenido la necesidad de enviar un documento por correo electr\u00f3nico o sencillamente cargarlo a cualquier plataforma digital, pero una simple fotograf\u00eda no garantiza la calidad que se necesita. Para estos casos y si no tienes una impresora multinacional a mano, lo m\u00e1s recomendable es escanear el archivo, imagen,&hellip;&nbsp;<a href=\"https:\/\/quecartucho.es\/blog\/como-escanear-desde-el-movil\/\" rel=\"bookmark\">Leer m\u00e1s &raquo;<span class=\"screen-reader-text\">\u00bfC\u00f3mo escanear desde el m\u00f3vil?<\/span><\/a><\/p>\n","protected":false},"author":1,"featured_media":6271,"parent":0,"menu_order":0,"comment_status":"closed","ping_status":"closed","template":"","meta":{"neve_meta_sidebar":"","neve_meta_container":"","neve_meta_enable_content_width":"","neve_meta_content_width":0,"neve_meta_title_alignment":"","neve_meta_author_avatar":"","neve_post_elements_order":"","neve_meta_disable_header":"","neve_meta_disable_footer":"","neve_meta_disable_title":"","episode_type":"","audio_file":"","podmotor_file_id":"","podmotor_episode_id":"","cover_image":"","cover_image_id":"","duration":"","filesize":"","filesize_raw":"","date_recorded":"","explicit":"","block":"","footnotes":""},"class_list":["post-6270","page","type-page","status-publish","has-post-thumbnail","hentry"],"_links":{"self":[{"href":"https:\/\/quecartucho.es\/blog\/wp-json\/wp\/v2\/pages\/6270","targetHints":{"allow":["GET"]}}],"collection":[{"href":"https:\/\/quecartucho.es\/blog\/wp-json\/wp\/v2\/pages"}],"about":[{"href":"https:\/\/quecartucho.es\/blog\/wp-json\/wp\/v2\/types\/page"}],"author":[{"embeddable":true,"href":"https:\/\/quecartucho.es\/blog\/wp-json\/wp\/v2\/users\/1"}],"replies":[{"embeddable":true,"href":"https:\/\/quecartucho.es\/blog\/wp-json\/wp\/v2\/comments?post=6270"}],"version-history":[{"count":4,"href":"https:\/\/quecartucho.es\/blog\/wp-json\/wp\/v2\/pages\/6270\/revisions"}],"predecessor-version":[{"id":6276,"href":"https:\/\/quecartucho.es\/blog\/wp-json\/wp\/v2\/pages\/6270\/revisions\/6276"}],"wp:featuredmedia":[{"embeddable":true,"href":"https:\/\/quecartucho.es\/blog\/wp-json\/wp\/v2\/media\/6271"}],"wp:attachment":[{"href":"https:\/\/quecartucho.es\/blog\/wp-json\/wp\/v2\/media?parent=6270"}],"curies":[{"name":"wp","href":"https:\/\/api.w.org\/{rel}","templated":true}]}}